{"id":7690,"date":"2024-09-22T20:24:00","date_gmt":"2024-09-22T20:24:00","guid":{"rendered":"https:\/\/edyceramic-shop.ro\/produs\/baterie-stativa-bideu-zaffiro-black-fd1-zfr-6-22\/"},"modified":"2025-08-01T13:32:25","modified_gmt":"2025-08-01T11:32:25","slug":"baterie-stativa-bideu-zaffiro-black-fd1-zfr-6-22","status":"publish","type":"product","link":"https:\/\/edyceramic-shop.ro\/en\/product\/baterie-stativa-bideu-zaffiro-black-fd1-zfr-6-22\/","title":{"rendered":"BATERIE STATIV\u0102 BIDEU ZAFFIRO BLACK FD1-ZFR-6-22"},"content":{"rendered":"<p>\u00cen colec\u021bia de baterii pentru baie ZAFIRRO, tonurile negre sunt vedeta absolut\u0103, conferind un aer elegant \u0219i rafinat oric\u0103rui spa\u021biu. Bateria pentru bideu din aceast\u0103 colec\u021bie este o bijuterie \u00een negru, ce impresioneaz\u0103 prin designul s\u0103u contemporan \u0219i func\u021bionalitatea impecabil\u0103. Forma sa distinctiv\u0103, bazat\u0103 pe contrastul \u00eentre liniile drepte \u0219i cele curbate, este completat\u0103 de finisajul mat care adaug\u0103 un plus de elegan\u021b\u0103 \u0219i rafinament. Dotat\u0103 cu un m\u00e2ner ergonomic \u0219i un aerator mobil, aceast\u0103 baterie de bideu reprezint\u0103 combina\u021bia perfect\u0103 \u00eentre stil \u0219i utilitate. Fiind echipat\u0103 cu un regulator ceramic, ea asigur\u0103 o func\u021bionare fiabil\u0103 \u0219i durabil\u0103, \u00een timp ce sistemul s\u0103u u\u0219or de cur\u0103\u021bat faciliteaz\u0103 men\u021binerea igienic\u0103 a \u00eentregului dispozitiv. Pentru cei care caut\u0103 un element distinctiv pentru baieb o aterie bideu din colec\u021bia ZAFIRRO \u00een negru mat este o alegerea ideal\u0103.<\/p>","protected":false},"excerpt":{"rendered":"<p>\u00cen colec\u021bia de baterii pentru baie ZAFIRRO, tonurile negre sunt vedeta absolut\u0103, conferind un aer elegant \u0219i rafinat oric\u0103rui spa\u021biu.<\/p>","protected":false},"featured_media":18126,"template":"","meta":[],"product_brand":[],"product_cat":[3502,366,370,334],"product_tag":[],"class_list":{"0":"post-7690","1":"product","2":"type-product","3":"status-publish","4":"has-post-thumbnail","6":"product_cat-baterii-fdesign","7":"product_cat-baterii-de-baie","8":"product_cat-baterii-bideu-si-dus-igienic","9":"product_cat-sanitare","10":"pa_colectie-zaffiro-black","11":"pa_culoare-negru-mat","12":"pa_dimensiune-151mm","13":"pa_fabrica-fdesign","14":"pa_garantie-7ani","15":"pa_material-alama","16":"pa_montaj-pe-bideu","18":"first","19":"instock","20":"purchasable","21":"product-type-simple"},"yoast_head":"<!-- This site is optimized with the Yoast SEO Premium plugin v21.6 (Yoast SEO v22.1) - https:\/\/yoast.com\/wordpress\/plugins\/seo\/ -->\n<title>BATERIE STATIV\u0102 BIDEU ZAFFIRO BLACK FD1-ZFR-6-22 - Edyceramic - magazin online<\/title>\n<meta name=\"robots\" content=\"index, follow, max-snippet:-1, max-image-preview:large, max-video-preview:-1\" \/>\n<link rel=\"canonical\" href=\"https:\/\/edyceramic-shop.ro\/en\/product\/baterie-stativa-bideu-zaffiro-black-fd1-zfr-6-22\/\" \/>\n<meta property=\"og:locale\" content=\"en_US\" \/>\n<meta property=\"og:type\" content=\"article\" \/>\n<meta property=\"og:title\" content=\"BATERIE STATIV\u0102 BIDEU ZAFFIRO BLACK FD1-ZFR-6-22\" \/>\n<meta property=\"og:description\" content=\"\u00cen colec\u021bia de baterii pentru baie ZAFIRRO, tonurile negre sunt vedeta absolut\u0103, conferind un aer elegant \u0219i rafinat oric\u0103rui spa\u021biu.\" \/>\n<meta property=\"og:url\" content=\"https:\/\/edyceramic-shop.ro\/en\/product\/baterie-stativa-bideu-zaffiro-black-fd1-zfr-6-22\/\" \/>\n<meta property=\"og:site_name\" content=\"Edyceramic - magazin online\" \/>\n<meta property=\"article:modified_time\" content=\"2025-08-01T11:32:25+00:00\" \/>\n<meta property=\"og:image\" content=\"https:\/\/edyceramic-shop.ro\/wp-content\/uploads\/2024\/09\/FD1-ZFR-6-22.webp\" \/>\n\t<meta property=\"og:image:width\" content=\"1200\" \/>\n\t<meta property=\"og:image:height\" content=\"1302\" \/>\n\t<meta property=\"og:image:type\" content=\"image\/webp\" \/>\n<meta name=\"twitter:card\" content=\"summary_large_image\" \/>\n<meta name=\"twitter:label1\" content=\"Price\" \/>\n\t<meta name=\"twitter:data1\" content=\"670,00&nbsp;lei\" \/>\n\t<meta name=\"twitter:label2\" content=\"Availability\" \/>\n\t<meta name=\"twitter:data2\" content=\"In stock\" \/>\n<script type=\"application\/ld+json\" class=\"yoast-schema-graph\">{\"@context\":\"https:\/\/schema.org\",\"@graph\":[{\"@type\":\"WebPage\",\"@id\":\"https:\/\/edyceramic-shop.ro\/produs\/baterie-stativa-bideu-zaffiro-black-fd1-zfr-6-22\/\",\"url\":\"https:\/\/edyceramic-shop.ro\/produs\/baterie-stativa-bideu-zaffiro-black-fd1-zfr-6-22\/\",\"name\":\"BATERIE STATIV\u0102 BIDEU ZAFFIRO BLACK FD1-ZFR-6-22 - Edyceramic - magazin online\",\"isPartOf\":{\"@id\":\"https:\/\/edyceramic-shop.ro\/ro\/#website\"},\"datePublished\":\"2024-09-22T20:24:00+00:00\",\"dateModified\":\"2025-08-01T11:32:25+00:00\",\"breadcrumb\":{\"@id\":\"https:\/\/edyceramic-shop.ro\/produs\/baterie-stativa-bideu-zaffiro-black-fd1-zfr-6-22\/#breadcrumb\"},\"inLanguage\":\"en-US\",\"potentialAction\":[{\"@type\":\"ReadAction\",\"target\":[\"https:\/\/edyceramic-shop.ro\/produs\/baterie-stativa-bideu-zaffiro-black-fd1-zfr-6-22\/\"]}]},{\"@type\":\"BreadcrumbList\",\"@id\":\"https:\/\/edyceramic-shop.ro\/produs\/baterie-stativa-bideu-zaffiro-black-fd1-zfr-6-22\/#breadcrumb\",\"itemListElement\":[{\"@type\":\"ListItem\",\"position\":1,\"name\":\"Home\",\"item\":\"https:\/\/edyceramic-shop.ro\/\"},{\"@type\":\"ListItem\",\"position\":2,\"name\":\"Shop\",\"item\":\"https:\/\/edyceramic-shop.ro\/ro\/shop\/\"},{\"@type\":\"ListItem\",\"position\":3,\"name\":\"BATERIE STATIV\u0102 BIDEU ZAFFIRO BLACK FD1-ZFR-6-22\"}]},{\"@type\":\"WebSite\",\"@id\":\"https:\/\/edyceramic-shop.ro\/ro\/#website\",\"url\":\"https:\/\/edyceramic-shop.ro\/ro\/\",\"name\":\"edyceramic.ro\",\"description\":\"\",\"publisher\":{\"@id\":\"https:\/\/edyceramic-shop.ro\/ro\/#organization\"},\"potentialAction\":[{\"@type\":\"SearchAction\",\"target\":{\"@type\":\"EntryPoint\",\"urlTemplate\":\"https:\/\/edyceramic-shop.ro\/ro\/?s={search_term_string}\"},\"query-input\":\"required name=search_term_string\"}],\"inLanguage\":\"en-US\"},{\"@type\":\"Organization\",\"@id\":\"https:\/\/edyceramic-shop.ro\/ro\/#organization\",\"name\":\"Edyceramic\",\"url\":\"https:\/\/edyceramic-shop.ro\/ro\/\",\"logo\":{\"@type\":\"ImageObject\",\"inLanguage\":\"en-US\",\"@id\":\"https:\/\/edyceramic-shop.ro\/ro\/#\/schema\/logo\/image\/\",\"url\":\"https:\/\/edyceramic-shop.ro\/wp-content\/uploads\/2024\/02\/Logo-EdyCeramic_2021-lung.png\",\"contentUrl\":\"https:\/\/edyceramic-shop.ro\/wp-content\/uploads\/2024\/02\/Logo-EdyCeramic_2021-lung.png\",\"width\":4491,\"height\":769,\"caption\":\"Edyceramic\"},\"image\":{\"@id\":\"https:\/\/edyceramic-shop.ro\/ro\/#\/schema\/logo\/image\/\"}}]}<\/script>\n<meta property=\"product:price:amount\" content=\"670.00\" \/>\n<meta property=\"product:price:currency\" content=\"RON\" \/>\n<meta property=\"og:availability\" content=\"instock\" \/>\n<meta property=\"product:availability\" content=\"instock\" \/>\n<meta property=\"product:retailer_item_id\" content=\"e35e7861f488\" \/>\n<meta property=\"product:condition\" content=\"new\" \/>\n<!-- \/ Yoast SEO Premium plugin. -->","yoast_head_json":{"title":"BATERIE STATIV\u0102 BIDEU ZAFFIRO BLACK FD1-ZFR-6-22 - Edyceramic - magazin online","robots":{"index":"index","follow":"follow","max-snippet":"max-snippet:-1","max-image-preview":"max-image-preview:large","max-video-preview":"max-video-preview:-1"},"canonical":"https:\/\/edyceramic-shop.ro\/en\/product\/baterie-stativa-bideu-zaffiro-black-fd1-zfr-6-22\/","og_locale":"en_US","og_type":"article","og_title":"BATERIE STATIV\u0102 BIDEU ZAFFIRO BLACK FD1-ZFR-6-22","og_description":"\u00cen colec\u021bia de baterii pentru baie ZAFIRRO, tonurile negre sunt vedeta absolut\u0103, conferind un aer elegant \u0219i rafinat oric\u0103rui spa\u021biu.","og_url":"https:\/\/edyceramic-shop.ro\/en\/product\/baterie-stativa-bideu-zaffiro-black-fd1-zfr-6-22\/","og_site_name":"Edyceramic - magazin online","article_modified_time":"2025-08-01T11:32:25+00:00","og_image":[{"width":1200,"height":1302,"url":"https:\/\/edyceramic-shop.ro\/wp-content\/uploads\/2024\/09\/FD1-ZFR-6-22.webp","type":"image\/webp"}],"twitter_card":"summary_large_image","twitter_misc":{"Price":"670,00&nbsp;lei","Availability":"In stock"},"schema":{"@context":"https:\/\/schema.org","@graph":[{"@type":"WebPage","@id":"https:\/\/edyceramic-shop.ro\/produs\/baterie-stativa-bideu-zaffiro-black-fd1-zfr-6-22\/","url":"https:\/\/edyceramic-shop.ro\/produs\/baterie-stativa-bideu-zaffiro-black-fd1-zfr-6-22\/","name":"BATERIE STATIV\u0102 BIDEU ZAFFIRO BLACK FD1-ZFR-6-22 - Edyceramic - magazin online","isPartOf":{"@id":"https:\/\/edyceramic-shop.ro\/ro\/#website"},"datePublished":"2024-09-22T20:24:00+00:00","dateModified":"2025-08-01T11:32:25+00:00","breadcrumb":{"@id":"https:\/\/edyceramic-shop.ro\/produs\/baterie-stativa-bideu-zaffiro-black-fd1-zfr-6-22\/#breadcrumb"},"inLanguage":"en-US","potentialAction":[{"@type":"ReadAction","target":["https:\/\/edyceramic-shop.ro\/produs\/baterie-stativa-bideu-zaffiro-black-fd1-zfr-6-22\/"]}]},{"@type":"BreadcrumbList","@id":"https:\/\/edyceramic-shop.ro\/produs\/baterie-stativa-bideu-zaffiro-black-fd1-zfr-6-22\/#breadcrumb","itemListElement":[{"@type":"ListItem","position":1,"name":"Home","item":"https:\/\/edyceramic-shop.ro\/"},{"@type":"ListItem","position":2,"name":"Shop","item":"https:\/\/edyceramic-shop.ro\/ro\/shop\/"},{"@type":"ListItem","position":3,"name":"BATERIE STATIV\u0102 BIDEU ZAFFIRO BLACK FD1-ZFR-6-22"}]},{"@type":"WebSite","@id":"https:\/\/edyceramic-shop.ro\/ro\/#website","url":"https:\/\/edyceramic-shop.ro\/ro\/","name":"edyceramic.ro","description":"","publisher":{"@id":"https:\/\/edyceramic-shop.ro\/ro\/#organization"},"potentialAction":[{"@type":"SearchAction","target":{"@type":"EntryPoint","urlTemplate":"https:\/\/edyceramic-shop.ro\/ro\/?s={search_term_string}"},"query-input":"required name=search_term_string"}],"inLanguage":"en-US"},{"@type":"Organization","@id":"https:\/\/edyceramic-shop.ro\/ro\/#organization","name":"Edyceramic","url":"https:\/\/edyceramic-shop.ro\/ro\/","logo":{"@type":"ImageObject","inLanguage":"en-US","@id":"https:\/\/edyceramic-shop.ro\/ro\/#\/schema\/logo\/image\/","url":"https:\/\/edyceramic-shop.ro\/wp-content\/uploads\/2024\/02\/Logo-EdyCeramic_2021-lung.png","contentUrl":"https:\/\/edyceramic-shop.ro\/wp-content\/uploads\/2024\/02\/Logo-EdyCeramic_2021-lung.png","width":4491,"height":769,"caption":"Edyceramic"},"image":{"@id":"https:\/\/edyceramic-shop.ro\/ro\/#\/schema\/logo\/image\/"}}]},"product_price_amount":"670.00","product_price_currency":"RON","og_availability":"instock","product_availability":"instock","product_retailer_item_id":"e35e7861f488","product_condition":"new"},"jetpack_sharing_enabled":true,"_links":{"self":[{"href":"https:\/\/edyceramic-shop.ro\/en\/wp-json\/wp\/v2\/product\/7690","targetHints":{"allow":["GET"]}}],"collection":[{"href":"https:\/\/edyceramic-shop.ro\/en\/wp-json\/wp\/v2\/product"}],"about":[{"href":"https:\/\/edyceramic-shop.ro\/en\/wp-json\/wp\/v2\/types\/product"}],"version-history":[{"count":1,"href":"https:\/\/edyceramic-shop.ro\/en\/wp-json\/wp\/v2\/product\/7690\/revisions"}],"predecessor-version":[{"id":18125,"href":"https:\/\/edyceramic-shop.ro\/en\/wp-json\/wp\/v2\/product\/7690\/revisions\/18125"}],"wp:featuredmedia":[{"embeddable":true,"href":"https:\/\/edyceramic-shop.ro\/en\/wp-json\/wp\/v2\/media\/18126"}],"wp:attachment":[{"href":"https:\/\/edyceramic-shop.ro\/en\/wp-json\/wp\/v2\/media?parent=7690"}],"wp:term":[{"taxonomy":"product_brand","embeddable":true,"href":"https:\/\/edyceramic-shop.ro\/en\/wp-json\/wp\/v2\/product_brand?post=7690"},{"taxonomy":"product_cat","embeddable":true,"href":"https:\/\/edyceramic-shop.ro\/en\/wp-json\/wp\/v2\/product_cat?post=7690"},{"taxonomy":"product_tag","embeddable":true,"href":"https:\/\/edyceramic-shop.ro\/en\/wp-json\/wp\/v2\/product_tag?post=7690"}],"curies":[{"name":"wp","href":"https:\/\/api.w.org\/{rel}","templated":true}]}}