{"id":7688,"date":"2024-09-22T20:24:00","date_gmt":"2024-09-22T20:24:00","guid":{"rendered":"https:\/\/edyceramic-shop.ro\/produs\/baterie-incastrata-lavoar-zaffiro-black-fd1-zfr-3pa-22\/"},"modified":"2025-08-01T13:32:25","modified_gmt":"2025-08-01T11:32:25","slug":"baterie-incastrata-lavoar-zaffiro-black-fd1-zfr-3pa-22","status":"publish","type":"product","link":"https:\/\/edyceramic-shop.ro\/en\/product\/baterie-incastrata-lavoar-zaffiro-black-fd1-zfr-3pa-22\/","title":{"rendered":"BATERIE \u00ceNCASTRAT\u0102 LAVOAR ZAFFIRO BLACK FD1-ZFR-3PA-22"},"content":{"rendered":"<p>Bateria de lavoar \u00eencastrat\u0103 ZAFIRRO \u00een elegantul finisaj black mat cu corp \u00eengropat reprezint\u0103 un adev\u0103rat reper al designului modern \u0219i o op\u021biune incitant\u0103 pentru cei care caut\u0103 solu\u021bii inovatoare. Discret integrat \u00een perete, corpul s\u0103u ofer\u0103 un aspect ordonat \u0219i minimalist. La exterior, se eviden\u021biaz\u0103 o parte vizibil\u0103, ce include o pip\u0103 de scurgere cu o lungime de 22,6 cm, un m\u00e2ner ergonomic \u0219i un comutator dreptunghiular cu linii subtile. Dotat\u0103 cu un regulator ceramic, aceast\u0103 baterie pentru lavoar garanteaz\u0103 fiabilitate \u0219i etan\u0219eitate, \u00een timp ce aeratorul integrat contribuie la economisirea apei. O combina\u021bie remarcabil\u0103 \u00eentre func\u021bionalitate eficient\u0103 \u0219i un design atr\u0103g\u0103tor, aceast\u0103 baterie reprezint\u0103 un element deosebit pentru orice baie modern\u0103, cu un plus pentru economia de ap\u0103.<\/p>","protected":false},"excerpt":{"rendered":"<p>Bateria de lavoar \u00eencastrat\u0103 ZAFIRRO \u00een elegantul finisaj black mat cu corp \u00eengropat reprezint\u0103 un adev\u0103rat reper al designului modern<\/p>","protected":false},"featured_media":18123,"template":"","meta":[],"product_brand":[],"product_cat":[3502,367,366,334],"product_tag":[],"class_list":{"0":"post-7688","1":"product","2":"type-product","3":"status-publish","4":"has-post-thumbnail","6":"product_cat-baterii-fdesign","7":"product_cat-baterii-lavoar","8":"product_cat-baterii-de-baie","9":"product_cat-sanitare","10":"pa_colectie-zaffiro-black","11":"pa_culoare-negru-mat","12":"pa_fabrica-fdesign","13":"pa_garantie-7ani","14":"pa_material-alama","15":"pa_montaj-incastrat","17":"first","18":"instock","19":"purchasable","20":"product-type-simple"},"yoast_head":"<!-- This site is optimized with the Yoast SEO Premium plugin v21.6 (Yoast SEO v22.1) - https:\/\/yoast.com\/wordpress\/plugins\/seo\/ -->\n<title>BATERIE \u00ceNCASTRAT\u0102 LAVOAR ZAFFIRO BLACK FD1-ZFR-3PA-22 - Edyceramic - magazin online<\/title>\n<meta name=\"robots\" content=\"index, follow, max-snippet:-1, max-image-preview:large, max-video-preview:-1\" \/>\n<link rel=\"canonical\" href=\"https:\/\/edyceramic-shop.ro\/en\/product\/baterie-incastrata-lavoar-zaffiro-black-fd1-zfr-3pa-22\/\" \/>\n<meta property=\"og:locale\" content=\"en_US\" \/>\n<meta property=\"og:type\" content=\"article\" \/>\n<meta property=\"og:title\" content=\"BATERIE \u00ceNCASTRAT\u0102 LAVOAR ZAFFIRO BLACK FD1-ZFR-3PA-22\" \/>\n<meta property=\"og:description\" content=\"Bateria de lavoar \u00eencastrat\u0103 ZAFIRRO \u00een elegantul finisaj black mat cu corp \u00eengropat reprezint\u0103 un adev\u0103rat reper al designului modern\" \/>\n<meta property=\"og:url\" content=\"https:\/\/edyceramic-shop.ro\/en\/product\/baterie-incastrata-lavoar-zaffiro-black-fd1-zfr-3pa-22\/\" \/>\n<meta property=\"og:site_name\" content=\"Edyceramic - magazin online\" \/>\n<meta property=\"article:modified_time\" content=\"2025-08-01T11:32:25+00:00\" \/>\n<meta property=\"og:image\" content=\"https:\/\/edyceramic-shop.ro\/wp-content\/uploads\/2024\/09\/FD1-ZFR-3PA-22.webp\" \/>\n\t<meta property=\"og:image:width\" content=\"1200\" \/>\n\t<meta property=\"og:image:height\" content=\"723\" \/>\n\t<meta property=\"og:image:type\" content=\"image\/webp\" \/>\n<meta name=\"twitter:card\" content=\"summary_large_image\" \/>\n<meta name=\"twitter:label1\" content=\"Price\" \/>\n\t<meta name=\"twitter:data1\" content=\"876,00&nbsp;lei\" \/>\n\t<meta name=\"twitter:label2\" content=\"Availability\" \/>\n\t<meta name=\"twitter:data2\" content=\"In stock\" \/>\n<script type=\"application\/ld+json\" class=\"yoast-schema-graph\">{\"@context\":\"https:\/\/schema.org\",\"@graph\":[{\"@type\":\"WebPage\",\"@id\":\"https:\/\/edyceramic-shop.ro\/produs\/baterie-incastrata-lavoar-zaffiro-black-fd1-zfr-3pa-22\/\",\"url\":\"https:\/\/edyceramic-shop.ro\/produs\/baterie-incastrata-lavoar-zaffiro-black-fd1-zfr-3pa-22\/\",\"name\":\"BATERIE \u00ceNCASTRAT\u0102 LAVOAR ZAFFIRO BLACK FD1-ZFR-3PA-22 - Edyceramic - magazin online\",\"isPartOf\":{\"@id\":\"https:\/\/edyceramic-shop.ro\/ro\/#website\"},\"datePublished\":\"2024-09-22T20:24:00+00:00\",\"dateModified\":\"2025-08-01T11:32:25+00:00\",\"breadcrumb\":{\"@id\":\"https:\/\/edyceramic-shop.ro\/produs\/baterie-incastrata-lavoar-zaffiro-black-fd1-zfr-3pa-22\/#breadcrumb\"},\"inLanguage\":\"en-US\",\"potentialAction\":[{\"@type\":\"ReadAction\",\"target\":[\"https:\/\/edyceramic-shop.ro\/produs\/baterie-incastrata-lavoar-zaffiro-black-fd1-zfr-3pa-22\/\"]}]},{\"@type\":\"BreadcrumbList\",\"@id\":\"https:\/\/edyceramic-shop.ro\/produs\/baterie-incastrata-lavoar-zaffiro-black-fd1-zfr-3pa-22\/#breadcrumb\",\"itemListElement\":[{\"@type\":\"ListItem\",\"position\":1,\"name\":\"Home\",\"item\":\"https:\/\/edyceramic-shop.ro\/\"},{\"@type\":\"ListItem\",\"position\":2,\"name\":\"Shop\",\"item\":\"https:\/\/edyceramic-shop.ro\/ro\/shop\/\"},{\"@type\":\"ListItem\",\"position\":3,\"name\":\"BATERIE \u00ceNCASTRAT\u0102 LAVOAR ZAFFIRO BLACK FD1-ZFR-3PA-22\"}]},{\"@type\":\"WebSite\",\"@id\":\"https:\/\/edyceramic-shop.ro\/ro\/#website\",\"url\":\"https:\/\/edyceramic-shop.ro\/ro\/\",\"name\":\"edyceramic.ro\",\"description\":\"\",\"publisher\":{\"@id\":\"https:\/\/edyceramic-shop.ro\/ro\/#organization\"},\"potentialAction\":[{\"@type\":\"SearchAction\",\"target\":{\"@type\":\"EntryPoint\",\"urlTemplate\":\"https:\/\/edyceramic-shop.ro\/ro\/?s={search_term_string}\"},\"query-input\":\"required name=search_term_string\"}],\"inLanguage\":\"en-US\"},{\"@type\":\"Organization\",\"@id\":\"https:\/\/edyceramic-shop.ro\/ro\/#organization\",\"name\":\"Edyceramic\",\"url\":\"https:\/\/edyceramic-shop.ro\/ro\/\",\"logo\":{\"@type\":\"ImageObject\",\"inLanguage\":\"en-US\",\"@id\":\"https:\/\/edyceramic-shop.ro\/ro\/#\/schema\/logo\/image\/\",\"url\":\"https:\/\/edyceramic-shop.ro\/wp-content\/uploads\/2024\/02\/Logo-EdyCeramic_2021-lung.png\",\"contentUrl\":\"https:\/\/edyceramic-shop.ro\/wp-content\/uploads\/2024\/02\/Logo-EdyCeramic_2021-lung.png\",\"width\":4491,\"height\":769,\"caption\":\"Edyceramic\"},\"image\":{\"@id\":\"https:\/\/edyceramic-shop.ro\/ro\/#\/schema\/logo\/image\/\"}}]}<\/script>\n<meta property=\"product:price:amount\" content=\"876.00\" \/>\n<meta property=\"product:price:currency\" content=\"RON\" \/>\n<meta property=\"og:availability\" content=\"instock\" \/>\n<meta property=\"product:availability\" content=\"instock\" \/>\n<meta property=\"product:retailer_item_id\" content=\"6ba0f7a01803\" \/>\n<meta property=\"product:condition\" content=\"new\" \/>\n<!-- \/ Yoast SEO Premium plugin. -->","yoast_head_json":{"title":"BATERIE \u00ceNCASTRAT\u0102 LAVOAR ZAFFIRO BLACK FD1-ZFR-3PA-22 - Edyceramic - magazin online","robots":{"index":"index","follow":"follow","max-snippet":"max-snippet:-1","max-image-preview":"max-image-preview:large","max-video-preview":"max-video-preview:-1"},"canonical":"https:\/\/edyceramic-shop.ro\/en\/product\/baterie-incastrata-lavoar-zaffiro-black-fd1-zfr-3pa-22\/","og_locale":"en_US","og_type":"article","og_title":"BATERIE \u00ceNCASTRAT\u0102 LAVOAR ZAFFIRO BLACK FD1-ZFR-3PA-22","og_description":"Bateria de lavoar \u00eencastrat\u0103 ZAFIRRO \u00een elegantul finisaj black mat cu corp \u00eengropat reprezint\u0103 un adev\u0103rat reper al designului modern","og_url":"https:\/\/edyceramic-shop.ro\/en\/product\/baterie-incastrata-lavoar-zaffiro-black-fd1-zfr-3pa-22\/","og_site_name":"Edyceramic - magazin online","article_modified_time":"2025-08-01T11:32:25+00:00","og_image":[{"width":1200,"height":723,"url":"https:\/\/edyceramic-shop.ro\/wp-content\/uploads\/2024\/09\/FD1-ZFR-3PA-22.webp","type":"image\/webp"}],"twitter_card":"summary_large_image","twitter_misc":{"Price":"876,00&nbsp;lei","Availability":"In stock"},"schema":{"@context":"https:\/\/schema.org","@graph":[{"@type":"WebPage","@id":"https:\/\/edyceramic-shop.ro\/produs\/baterie-incastrata-lavoar-zaffiro-black-fd1-zfr-3pa-22\/","url":"https:\/\/edyceramic-shop.ro\/produs\/baterie-incastrata-lavoar-zaffiro-black-fd1-zfr-3pa-22\/","name":"BATERIE \u00ceNCASTRAT\u0102 LAVOAR ZAFFIRO BLACK FD1-ZFR-3PA-22 - Edyceramic - magazin online","isPartOf":{"@id":"https:\/\/edyceramic-shop.ro\/ro\/#website"},"datePublished":"2024-09-22T20:24:00+00:00","dateModified":"2025-08-01T11:32:25+00:00","breadcrumb":{"@id":"https:\/\/edyceramic-shop.ro\/produs\/baterie-incastrata-lavoar-zaffiro-black-fd1-zfr-3pa-22\/#breadcrumb"},"inLanguage":"en-US","potentialAction":[{"@type":"ReadAction","target":["https:\/\/edyceramic-shop.ro\/produs\/baterie-incastrata-lavoar-zaffiro-black-fd1-zfr-3pa-22\/"]}]},{"@type":"BreadcrumbList","@id":"https:\/\/edyceramic-shop.ro\/produs\/baterie-incastrata-lavoar-zaffiro-black-fd1-zfr-3pa-22\/#breadcrumb","itemListElement":[{"@type":"ListItem","position":1,"name":"Home","item":"https:\/\/edyceramic-shop.ro\/"},{"@type":"ListItem","position":2,"name":"Shop","item":"https:\/\/edyceramic-shop.ro\/ro\/shop\/"},{"@type":"ListItem","position":3,"name":"BATERIE \u00ceNCASTRAT\u0102 LAVOAR ZAFFIRO BLACK FD1-ZFR-3PA-22"}]},{"@type":"WebSite","@id":"https:\/\/edyceramic-shop.ro\/ro\/#website","url":"https:\/\/edyceramic-shop.ro\/ro\/","name":"edyceramic.ro","description":"","publisher":{"@id":"https:\/\/edyceramic-shop.ro\/ro\/#organization"},"potentialAction":[{"@type":"SearchAction","target":{"@type":"EntryPoint","urlTemplate":"https:\/\/edyceramic-shop.ro\/ro\/?s={search_term_string}"},"query-input":"required name=search_term_string"}],"inLanguage":"en-US"},{"@type":"Organization","@id":"https:\/\/edyceramic-shop.ro\/ro\/#organization","name":"Edyceramic","url":"https:\/\/edyceramic-shop.ro\/ro\/","logo":{"@type":"ImageObject","inLanguage":"en-US","@id":"https:\/\/edyceramic-shop.ro\/ro\/#\/schema\/logo\/image\/","url":"https:\/\/edyceramic-shop.ro\/wp-content\/uploads\/2024\/02\/Logo-EdyCeramic_2021-lung.png","contentUrl":"https:\/\/edyceramic-shop.ro\/wp-content\/uploads\/2024\/02\/Logo-EdyCeramic_2021-lung.png","width":4491,"height":769,"caption":"Edyceramic"},"image":{"@id":"https:\/\/edyceramic-shop.ro\/ro\/#\/schema\/logo\/image\/"}}]},"product_price_amount":"876.00","product_price_currency":"RON","og_availability":"instock","product_availability":"instock","product_retailer_item_id":"6ba0f7a01803","product_condition":"new"},"jetpack_sharing_enabled":true,"_links":{"self":[{"href":"https:\/\/edyceramic-shop.ro\/en\/wp-json\/wp\/v2\/product\/7688","targetHints":{"allow":["GET"]}}],"collection":[{"href":"https:\/\/edyceramic-shop.ro\/en\/wp-json\/wp\/v2\/product"}],"about":[{"href":"https:\/\/edyceramic-shop.ro\/en\/wp-json\/wp\/v2\/types\/product"}],"version-history":[{"count":1,"href":"https:\/\/edyceramic-shop.ro\/en\/wp-json\/wp\/v2\/product\/7688\/revisions"}],"predecessor-version":[{"id":18122,"href":"https:\/\/edyceramic-shop.ro\/en\/wp-json\/wp\/v2\/product\/7688\/revisions\/18122"}],"wp:featuredmedia":[{"embeddable":true,"href":"https:\/\/edyceramic-shop.ro\/en\/wp-json\/wp\/v2\/media\/18123"}],"wp:attachment":[{"href":"https:\/\/edyceramic-shop.ro\/en\/wp-json\/wp\/v2\/media?parent=7688"}],"wp:term":[{"taxonomy":"product_brand","embeddable":true,"href":"https:\/\/edyceramic-shop.ro\/en\/wp-json\/wp\/v2\/product_brand?post=7688"},{"taxonomy":"product_cat","embeddable":true,"href":"https:\/\/edyceramic-shop.ro\/en\/wp-json\/wp\/v2\/product_cat?post=7688"},{"taxonomy":"product_tag","embeddable":true,"href":"https:\/\/edyceramic-shop.ro\/en\/wp-json\/wp\/v2\/product_tag?post=7688"}],"curies":[{"name":"wp","href":"https:\/\/api.w.org\/{rel}","templated":true}]}}