{"id":7660,"date":"2024-09-22T20:24:00","date_gmt":"2024-09-22T20:24:00","guid":{"rendered":"https:\/\/edyceramic-shop.ro\/produs\/baterie-incastrata-dus-zaffiro-white-fd1-zfr-7pa-33\/"},"modified":"2025-08-01T13:32:23","modified_gmt":"2025-08-01T11:32:23","slug":"baterie-incastrata-dus-zaffiro-white-fd1-zfr-7pa-33","status":"publish","type":"product","link":"https:\/\/edyceramic-shop.ro\/en\/product\/baterie-incastrata-dus-zaffiro-white-fd1-zfr-7pa-33\/","title":{"rendered":"BATERIE \u00ceNCASTRAT\u0102 DU\u0218 ZAFFIRO WHITE FD1-ZFR-7PA-33"},"content":{"rendered":"<p>\u00cembin\u00e2nd perfec\u021biunea designului cu func\u021bionalitatea de neegalat, aceast\u0103 baterie du\u0219 \u00ee\u0219i g\u0103se\u0219te locul \u00een inima oric\u0103rui spa\u021biu de baie contemporan. Bateria de du\u0219 \u00eencastrat\u0103 ZAFFIRO se remarc\u0103 prin elegan\u021ba sa simpl\u0103 \u0219i prin minimalismul rafinat, fiind o alegere ideal\u0103 pentru cei care apreciaz\u0103 estetica stilului industrial. Forma sa minimalist\u0103 se armonizeaz\u0103 perfect cu suprafe\u021bele din beton, cu pl\u0103cile de c\u0103r\u0103mid\u0103 \u0219i cu elementele albe ale l\u0103mpilor \u0219i accesoriilor pentru baie. Bateria pentru du\u0219 \u00eengropat\u0103 din colec\u021bia ZAFFIRO este compus\u0103 din elemente ascunse, destinate s\u0103 fie integrate \u00een perete, \u0219i o parte vizibil\u0103 montat\u0103 pe suprafa\u021b\u0103 &#8211; un m\u00e2ner practic \u0219i un comutator pentru cad\u0103-du\u0219. Este confortabil de utilizat \u0219i u\u0219or de \u00eentre\u021binut. Finisajul s\u0103u \u00eentr-o nun\u021b\u0103 de alb mat este la mod\u0103 \u0219i confer\u0103 un aspect modern \u0219i elegant bateriei ascunse.<\/p>","protected":false},"excerpt":{"rendered":"<p>\u00cembin\u00e2nd perfec\u021biunea designului cu func\u021bionalitatea de neegalat, aceast\u0103 baterie du\u0219 \u00ee\u0219i g\u0103se\u0219te locul \u00een inima oric\u0103rui spa\u021biu de baie contemporan.<\/p>","protected":false},"featured_media":18082,"template":"","meta":[],"product_brand":[],"product_cat":[3502,366,334,371],"product_tag":[],"class_list":{"0":"post-7660","1":"product","2":"type-product","3":"status-publish","4":"has-post-thumbnail","6":"product_cat-baterii-fdesign","7":"product_cat-baterii-de-baie","8":"product_cat-sanitare","9":"product_cat-baterii-dus","10":"pa_colectie-zaffiro-white","11":"pa_culoare-alb","12":"pa_fabrica-fdesign","13":"pa_garantie-7ani","14":"pa_material-alama","15":"pa_montaj-incastrat","17":"first","18":"instock","19":"purchasable","20":"product-type-simple"},"yoast_head":"<!-- This site is optimized with the Yoast SEO Premium plugin v21.6 (Yoast SEO v22.1) - https:\/\/yoast.com\/wordpress\/plugins\/seo\/ -->\n<title>BATERIE \u00ceNCASTRAT\u0102 DU\u0218 ZAFFIRO WHITE FD1-ZFR-7PA-33 - Edyceramic - magazin online<\/title>\n<meta name=\"robots\" content=\"index, follow, max-snippet:-1, max-image-preview:large, max-video-preview:-1\" \/>\n<link rel=\"canonical\" href=\"https:\/\/edyceramic-shop.ro\/en\/product\/baterie-incastrata-dus-zaffiro-white-fd1-zfr-7pa-33\/\" \/>\n<meta property=\"og:locale\" content=\"en_US\" \/>\n<meta property=\"og:type\" content=\"article\" \/>\n<meta property=\"og:title\" content=\"BATERIE \u00ceNCASTRAT\u0102 DU\u0218 ZAFFIRO WHITE FD1-ZFR-7PA-33\" \/>\n<meta property=\"og:description\" content=\"\u00cembin\u00e2nd perfec\u021biunea designului cu func\u021bionalitatea de neegalat, aceast\u0103 baterie du\u0219 \u00ee\u0219i g\u0103se\u0219te locul \u00een inima oric\u0103rui spa\u021biu de baie contemporan.\" \/>\n<meta property=\"og:url\" content=\"https:\/\/edyceramic-shop.ro\/en\/product\/baterie-incastrata-dus-zaffiro-white-fd1-zfr-7pa-33\/\" \/>\n<meta property=\"og:site_name\" content=\"Edyceramic - magazin online\" \/>\n<meta property=\"article:modified_time\" content=\"2025-08-01T11:32:23+00:00\" \/>\n<meta property=\"og:image\" content=\"https:\/\/edyceramic-shop.ro\/wp-content\/uploads\/2024\/09\/FD1-ZFR-7PA-33.webp\" \/>\n\t<meta property=\"og:image:width\" content=\"1200\" \/>\n\t<meta property=\"og:image:height\" content=\"1803\" \/>\n\t<meta property=\"og:image:type\" content=\"image\/webp\" \/>\n<meta name=\"twitter:card\" content=\"summary_large_image\" \/>\n<meta name=\"twitter:label1\" content=\"Price\" \/>\n\t<meta name=\"twitter:data1\" content=\"618,00&nbsp;lei\" \/>\n\t<meta name=\"twitter:label2\" content=\"Availability\" \/>\n\t<meta name=\"twitter:data2\" content=\"In stock\" \/>\n<script type=\"application\/ld+json\" class=\"yoast-schema-graph\">{\"@context\":\"https:\/\/schema.org\",\"@graph\":[{\"@type\":\"WebPage\",\"@id\":\"https:\/\/edyceramic-shop.ro\/produs\/baterie-incastrata-dus-zaffiro-white-fd1-zfr-7pa-33\/\",\"url\":\"https:\/\/edyceramic-shop.ro\/produs\/baterie-incastrata-dus-zaffiro-white-fd1-zfr-7pa-33\/\",\"name\":\"BATERIE \u00ceNCASTRAT\u0102 DU\u0218 ZAFFIRO WHITE FD1-ZFR-7PA-33 - Edyceramic - magazin online\",\"isPartOf\":{\"@id\":\"https:\/\/edyceramic-shop.ro\/ro\/#website\"},\"datePublished\":\"2024-09-22T20:24:00+00:00\",\"dateModified\":\"2025-08-01T11:32:23+00:00\",\"breadcrumb\":{\"@id\":\"https:\/\/edyceramic-shop.ro\/produs\/baterie-incastrata-dus-zaffiro-white-fd1-zfr-7pa-33\/#breadcrumb\"},\"inLanguage\":\"en-US\",\"potentialAction\":[{\"@type\":\"ReadAction\",\"target\":[\"https:\/\/edyceramic-shop.ro\/produs\/baterie-incastrata-dus-zaffiro-white-fd1-zfr-7pa-33\/\"]}]},{\"@type\":\"BreadcrumbList\",\"@id\":\"https:\/\/edyceramic-shop.ro\/produs\/baterie-incastrata-dus-zaffiro-white-fd1-zfr-7pa-33\/#breadcrumb\",\"itemListElement\":[{\"@type\":\"ListItem\",\"position\":1,\"name\":\"Home\",\"item\":\"https:\/\/edyceramic-shop.ro\/\"},{\"@type\":\"ListItem\",\"position\":2,\"name\":\"Shop\",\"item\":\"https:\/\/edyceramic-shop.ro\/ro\/shop\/\"},{\"@type\":\"ListItem\",\"position\":3,\"name\":\"BATERIE \u00ceNCASTRAT\u0102 DU\u0218 ZAFFIRO WHITE FD1-ZFR-7PA-33\"}]},{\"@type\":\"WebSite\",\"@id\":\"https:\/\/edyceramic-shop.ro\/ro\/#website\",\"url\":\"https:\/\/edyceramic-shop.ro\/ro\/\",\"name\":\"edyceramic.ro\",\"description\":\"\",\"publisher\":{\"@id\":\"https:\/\/edyceramic-shop.ro\/ro\/#organization\"},\"potentialAction\":[{\"@type\":\"SearchAction\",\"target\":{\"@type\":\"EntryPoint\",\"urlTemplate\":\"https:\/\/edyceramic-shop.ro\/ro\/?s={search_term_string}\"},\"query-input\":\"required name=search_term_string\"}],\"inLanguage\":\"en-US\"},{\"@type\":\"Organization\",\"@id\":\"https:\/\/edyceramic-shop.ro\/ro\/#organization\",\"name\":\"Edyceramic\",\"url\":\"https:\/\/edyceramic-shop.ro\/ro\/\",\"logo\":{\"@type\":\"ImageObject\",\"inLanguage\":\"en-US\",\"@id\":\"https:\/\/edyceramic-shop.ro\/ro\/#\/schema\/logo\/image\/\",\"url\":\"https:\/\/edyceramic-shop.ro\/wp-content\/uploads\/2024\/02\/Logo-EdyCeramic_2021-lung.png\",\"contentUrl\":\"https:\/\/edyceramic-shop.ro\/wp-content\/uploads\/2024\/02\/Logo-EdyCeramic_2021-lung.png\",\"width\":4491,\"height\":769,\"caption\":\"Edyceramic\"},\"image\":{\"@id\":\"https:\/\/edyceramic-shop.ro\/ro\/#\/schema\/logo\/image\/\"}}]}<\/script>\n<meta property=\"product:price:amount\" content=\"618.00\" \/>\n<meta property=\"product:price:currency\" content=\"RON\" \/>\n<meta property=\"og:availability\" content=\"instock\" \/>\n<meta property=\"product:availability\" content=\"instock\" \/>\n<meta property=\"product:retailer_item_id\" content=\"67d8c4357203\" \/>\n<meta property=\"product:condition\" content=\"new\" \/>\n<!-- \/ Yoast SEO Premium plugin. -->","yoast_head_json":{"title":"BATERIE \u00ceNCASTRAT\u0102 DU\u0218 ZAFFIRO WHITE FD1-ZFR-7PA-33 - Edyceramic - magazin online","robots":{"index":"index","follow":"follow","max-snippet":"max-snippet:-1","max-image-preview":"max-image-preview:large","max-video-preview":"max-video-preview:-1"},"canonical":"https:\/\/edyceramic-shop.ro\/en\/product\/baterie-incastrata-dus-zaffiro-white-fd1-zfr-7pa-33\/","og_locale":"en_US","og_type":"article","og_title":"BATERIE \u00ceNCASTRAT\u0102 DU\u0218 ZAFFIRO WHITE FD1-ZFR-7PA-33","og_description":"\u00cembin\u00e2nd perfec\u021biunea designului cu func\u021bionalitatea de neegalat, aceast\u0103 baterie du\u0219 \u00ee\u0219i g\u0103se\u0219te locul \u00een inima oric\u0103rui spa\u021biu de baie contemporan.","og_url":"https:\/\/edyceramic-shop.ro\/en\/product\/baterie-incastrata-dus-zaffiro-white-fd1-zfr-7pa-33\/","og_site_name":"Edyceramic - magazin online","article_modified_time":"2025-08-01T11:32:23+00:00","og_image":[{"width":1200,"height":1803,"url":"https:\/\/edyceramic-shop.ro\/wp-content\/uploads\/2024\/09\/FD1-ZFR-7PA-33.webp","type":"image\/webp"}],"twitter_card":"summary_large_image","twitter_misc":{"Price":"618,00&nbsp;lei","Availability":"In stock"},"schema":{"@context":"https:\/\/schema.org","@graph":[{"@type":"WebPage","@id":"https:\/\/edyceramic-shop.ro\/produs\/baterie-incastrata-dus-zaffiro-white-fd1-zfr-7pa-33\/","url":"https:\/\/edyceramic-shop.ro\/produs\/baterie-incastrata-dus-zaffiro-white-fd1-zfr-7pa-33\/","name":"BATERIE \u00ceNCASTRAT\u0102 DU\u0218 ZAFFIRO WHITE FD1-ZFR-7PA-33 - Edyceramic - magazin online","isPartOf":{"@id":"https:\/\/edyceramic-shop.ro\/ro\/#website"},"datePublished":"2024-09-22T20:24:00+00:00","dateModified":"2025-08-01T11:32:23+00:00","breadcrumb":{"@id":"https:\/\/edyceramic-shop.ro\/produs\/baterie-incastrata-dus-zaffiro-white-fd1-zfr-7pa-33\/#breadcrumb"},"inLanguage":"en-US","potentialAction":[{"@type":"ReadAction","target":["https:\/\/edyceramic-shop.ro\/produs\/baterie-incastrata-dus-zaffiro-white-fd1-zfr-7pa-33\/"]}]},{"@type":"BreadcrumbList","@id":"https:\/\/edyceramic-shop.ro\/produs\/baterie-incastrata-dus-zaffiro-white-fd1-zfr-7pa-33\/#breadcrumb","itemListElement":[{"@type":"ListItem","position":1,"name":"Home","item":"https:\/\/edyceramic-shop.ro\/"},{"@type":"ListItem","position":2,"name":"Shop","item":"https:\/\/edyceramic-shop.ro\/ro\/shop\/"},{"@type":"ListItem","position":3,"name":"BATERIE \u00ceNCASTRAT\u0102 DU\u0218 ZAFFIRO WHITE FD1-ZFR-7PA-33"}]},{"@type":"WebSite","@id":"https:\/\/edyceramic-shop.ro\/ro\/#website","url":"https:\/\/edyceramic-shop.ro\/ro\/","name":"edyceramic.ro","description":"","publisher":{"@id":"https:\/\/edyceramic-shop.ro\/ro\/#organization"},"potentialAction":[{"@type":"SearchAction","target":{"@type":"EntryPoint","urlTemplate":"https:\/\/edyceramic-shop.ro\/ro\/?s={search_term_string}"},"query-input":"required name=search_term_string"}],"inLanguage":"en-US"},{"@type":"Organization","@id":"https:\/\/edyceramic-shop.ro\/ro\/#organization","name":"Edyceramic","url":"https:\/\/edyceramic-shop.ro\/ro\/","logo":{"@type":"ImageObject","inLanguage":"en-US","@id":"https:\/\/edyceramic-shop.ro\/ro\/#\/schema\/logo\/image\/","url":"https:\/\/edyceramic-shop.ro\/wp-content\/uploads\/2024\/02\/Logo-EdyCeramic_2021-lung.png","contentUrl":"https:\/\/edyceramic-shop.ro\/wp-content\/uploads\/2024\/02\/Logo-EdyCeramic_2021-lung.png","width":4491,"height":769,"caption":"Edyceramic"},"image":{"@id":"https:\/\/edyceramic-shop.ro\/ro\/#\/schema\/logo\/image\/"}}]},"product_price_amount":"618.00","product_price_currency":"RON","og_availability":"instock","product_availability":"instock","product_retailer_item_id":"67d8c4357203","product_condition":"new"},"jetpack_sharing_enabled":true,"_links":{"self":[{"href":"https:\/\/edyceramic-shop.ro\/en\/wp-json\/wp\/v2\/product\/7660","targetHints":{"allow":["GET"]}}],"collection":[{"href":"https:\/\/edyceramic-shop.ro\/en\/wp-json\/wp\/v2\/product"}],"about":[{"href":"https:\/\/edyceramic-shop.ro\/en\/wp-json\/wp\/v2\/types\/product"}],"version-history":[{"count":1,"href":"https:\/\/edyceramic-shop.ro\/en\/wp-json\/wp\/v2\/product\/7660\/revisions"}],"predecessor-version":[{"id":18081,"href":"https:\/\/edyceramic-shop.ro\/en\/wp-json\/wp\/v2\/product\/7660\/revisions\/18081"}],"wp:featuredmedia":[{"embeddable":true,"href":"https:\/\/edyceramic-shop.ro\/en\/wp-json\/wp\/v2\/media\/18082"}],"wp:attachment":[{"href":"https:\/\/edyceramic-shop.ro\/en\/wp-json\/wp\/v2\/media?parent=7660"}],"wp:term":[{"taxonomy":"product_brand","embeddable":true,"href":"https:\/\/edyceramic-shop.ro\/en\/wp-json\/wp\/v2\/product_brand?post=7660"},{"taxonomy":"product_cat","embeddable":true,"href":"https:\/\/edyceramic-shop.ro\/en\/wp-json\/wp\/v2\/product_cat?post=7660"},{"taxonomy":"product_tag","embeddable":true,"href":"https:\/\/edyceramic-shop.ro\/en\/wp-json\/wp\/v2\/product_tag?post=7660"}],"curies":[{"name":"wp","href":"https:\/\/api.w.org\/{rel}","templated":true}]}}