{"id":7646,"date":"2024-09-22T20:23:13","date_gmt":"2024-09-22T20:23:13","guid":{"rendered":"https:\/\/edyceramic-shop.ro\/produs\/baterie-perete-cada-dus-zaffiro-fd1-zfr-1-25\/"},"modified":"2025-08-01T13:32:22","modified_gmt":"2025-08-01T11:32:22","slug":"baterie-perete-cada-dus-zaffiro-fd1-zfr-1-25","status":"publish","type":"product","link":"https:\/\/edyceramic-shop.ro\/en\/product\/baterie-perete-cada-dus-zaffiro-fd1-zfr-1-25\/","title":{"rendered":"BATERIE PERETE CAD\u0102\/DU\u0218 ZAFFIRO FD1-ZFR-1-25"},"content":{"rendered":"<p>ZAFFIRO te cucere\u0219te cu o colec\u021bie de baterii pentru baie ce eman\u0103 elegan\u021b\u0103 \u0219i originalitate, inspirat\u0103 din geometria designului contemporan. Formele cilindrice sunt accentuate de corpul dreptunghiular \u0219i de leva oval\u0103 decupat\u0103, aduc\u00e2nd un aer de rafinament \u0219i lejeritate \u00een spa\u021biul t\u0103u de baie. Controlul debitului de ap\u0103 devine o pl\u0103cere datorit\u0103 acestui design ingenios, care ofer\u0103 confort \u0219i precizie \u00een acela\u0219i timp. Nu doar forma este remarcabil\u0103! Schema de culori este cu adev\u0103rat intrigant\u0103 &#8211; o combina\u021bie \u00eendr\u0103znea\u021b\u0103 de negru \u0219i roz auriu adaug\u0103 un strop de glamour \u0219i rafinament \u00een baia ta. Fie c\u0103 \u00ee\u021bi plac ambientele moderne sau cele industriale, bateriile cad\u0103-du\u0219 ZAFFIRO sunt echipate cu tehnologii de reducere a apei pentru o baie eco-friendly.<\/p>","protected":false},"excerpt":{"rendered":"<p>ZAFFIRO te cucere\u0219te cu o colec\u021bie de baterii pentru baie ce eman\u0103 elegan\u021b\u0103 \u0219i originalitate, inspirat\u0103 din geometria designului contemporan.<\/p>","protected":false},"featured_media":18061,"template":"","meta":[],"product_brand":[],"product_cat":[3502,368,366,371,334],"product_tag":[],"class_list":{"0":"post-7646","1":"product","2":"type-product","3":"status-publish","4":"has-post-thumbnail","6":"product_cat-baterii-fdesign","7":"product_cat-baterii-cada","8":"product_cat-baterii-de-baie","9":"product_cat-baterii-dus","10":"product_cat-sanitare","11":"pa_colectie-zaffiro","12":"pa_culoare-negru-mat","13":"pa_fabrica-fdesign","14":"pa_garantie-7ani","15":"pa_material-alama","16":"pa_montaj-pe-perete","18":"first","19":"instock","20":"purchasable","21":"product-type-simple"},"yoast_head":"<!-- This site is optimized with the Yoast SEO Premium plugin v21.6 (Yoast SEO v22.1) - https:\/\/yoast.com\/wordpress\/plugins\/seo\/ -->\n<title>BATERIE PERETE CAD\u0102\/DU\u0218 ZAFFIRO FD1-ZFR-1-25 - Edyceramic - magazin online<\/title>\n<meta name=\"robots\" content=\"index, follow, max-snippet:-1, max-image-preview:large, max-video-preview:-1\" \/>\n<link rel=\"canonical\" href=\"https:\/\/edyceramic-shop.ro\/en\/product\/baterie-perete-cada-dus-zaffiro-fd1-zfr-1-25\/\" \/>\n<meta property=\"og:locale\" content=\"en_US\" \/>\n<meta property=\"og:type\" content=\"article\" \/>\n<meta property=\"og:title\" content=\"BATERIE PERETE CAD\u0102\/DU\u0218 ZAFFIRO FD1-ZFR-1-25\" \/>\n<meta property=\"og:description\" content=\"ZAFFIRO te cucere\u0219te cu o colec\u021bie de baterii pentru baie ce eman\u0103 elegan\u021b\u0103 \u0219i originalitate, inspirat\u0103 din geometria designului contemporan.\" \/>\n<meta property=\"og:url\" content=\"https:\/\/edyceramic-shop.ro\/en\/product\/baterie-perete-cada-dus-zaffiro-fd1-zfr-1-25\/\" \/>\n<meta property=\"og:site_name\" content=\"Edyceramic - magazin online\" \/>\n<meta property=\"article:modified_time\" content=\"2025-08-01T11:32:22+00:00\" \/>\n<meta property=\"og:image\" content=\"https:\/\/edyceramic-shop.ro\/wp-content\/uploads\/2024\/09\/FD1-ZFR-1-25.webp\" \/>\n\t<meta property=\"og:image:width\" content=\"1200\" \/>\n\t<meta property=\"og:image:height\" content=\"798\" \/>\n\t<meta property=\"og:image:type\" content=\"image\/webp\" \/>\n<meta name=\"twitter:card\" content=\"summary_large_image\" \/>\n<meta name=\"twitter:label1\" content=\"Price\" \/>\n\t<meta name=\"twitter:data1\" content=\"886,00&nbsp;lei\" \/>\n\t<meta name=\"twitter:label2\" content=\"Availability\" \/>\n\t<meta name=\"twitter:data2\" content=\"In stock\" \/>\n<script type=\"application\/ld+json\" class=\"yoast-schema-graph\">{\"@context\":\"https:\/\/schema.org\",\"@graph\":[{\"@type\":\"WebPage\",\"@id\":\"https:\/\/edyceramic-shop.ro\/produs\/baterie-perete-cada-dus-zaffiro-fd1-zfr-1-25\/\",\"url\":\"https:\/\/edyceramic-shop.ro\/produs\/baterie-perete-cada-dus-zaffiro-fd1-zfr-1-25\/\",\"name\":\"BATERIE PERETE CAD\u0102\/DU\u0218 ZAFFIRO FD1-ZFR-1-25 - Edyceramic - magazin online\",\"isPartOf\":{\"@id\":\"https:\/\/edyceramic-shop.ro\/ro\/#website\"},\"datePublished\":\"2024-09-22T20:23:13+00:00\",\"dateModified\":\"2025-08-01T11:32:22+00:00\",\"breadcrumb\":{\"@id\":\"https:\/\/edyceramic-shop.ro\/produs\/baterie-perete-cada-dus-zaffiro-fd1-zfr-1-25\/#breadcrumb\"},\"inLanguage\":\"en-US\",\"potentialAction\":[{\"@type\":\"ReadAction\",\"target\":[\"https:\/\/edyceramic-shop.ro\/produs\/baterie-perete-cada-dus-zaffiro-fd1-zfr-1-25\/\"]}]},{\"@type\":\"BreadcrumbList\",\"@id\":\"https:\/\/edyceramic-shop.ro\/produs\/baterie-perete-cada-dus-zaffiro-fd1-zfr-1-25\/#breadcrumb\",\"itemListElement\":[{\"@type\":\"ListItem\",\"position\":1,\"name\":\"Home\",\"item\":\"https:\/\/edyceramic-shop.ro\/\"},{\"@type\":\"ListItem\",\"position\":2,\"name\":\"Shop\",\"item\":\"https:\/\/edyceramic-shop.ro\/ro\/shop\/\"},{\"@type\":\"ListItem\",\"position\":3,\"name\":\"BATERIE PERETE CAD\u0102\/DU\u0218 ZAFFIRO FD1-ZFR-1-25\"}]},{\"@type\":\"WebSite\",\"@id\":\"https:\/\/edyceramic-shop.ro\/ro\/#website\",\"url\":\"https:\/\/edyceramic-shop.ro\/ro\/\",\"name\":\"edyceramic.ro\",\"description\":\"\",\"publisher\":{\"@id\":\"https:\/\/edyceramic-shop.ro\/ro\/#organization\"},\"potentialAction\":[{\"@type\":\"SearchAction\",\"target\":{\"@type\":\"EntryPoint\",\"urlTemplate\":\"https:\/\/edyceramic-shop.ro\/ro\/?s={search_term_string}\"},\"query-input\":\"required name=search_term_string\"}],\"inLanguage\":\"en-US\"},{\"@type\":\"Organization\",\"@id\":\"https:\/\/edyceramic-shop.ro\/ro\/#organization\",\"name\":\"Edyceramic\",\"url\":\"https:\/\/edyceramic-shop.ro\/ro\/\",\"logo\":{\"@type\":\"ImageObject\",\"inLanguage\":\"en-US\",\"@id\":\"https:\/\/edyceramic-shop.ro\/ro\/#\/schema\/logo\/image\/\",\"url\":\"https:\/\/edyceramic-shop.ro\/wp-content\/uploads\/2024\/02\/Logo-EdyCeramic_2021-lung.png\",\"contentUrl\":\"https:\/\/edyceramic-shop.ro\/wp-content\/uploads\/2024\/02\/Logo-EdyCeramic_2021-lung.png\",\"width\":4491,\"height\":769,\"caption\":\"Edyceramic\"},\"image\":{\"@id\":\"https:\/\/edyceramic-shop.ro\/ro\/#\/schema\/logo\/image\/\"}}]}<\/script>\n<meta property=\"product:price:amount\" content=\"886.00\" \/>\n<meta property=\"product:price:currency\" content=\"RON\" \/>\n<meta property=\"og:availability\" content=\"instock\" \/>\n<meta property=\"product:availability\" content=\"instock\" \/>\n<meta property=\"product:retailer_item_id\" content=\"ee8e8cbc94c5\" \/>\n<meta property=\"product:condition\" content=\"new\" \/>\n<!-- \/ Yoast SEO Premium plugin. -->","yoast_head_json":{"title":"BATERIE PERETE CAD\u0102\/DU\u0218 ZAFFIRO FD1-ZFR-1-25 - Edyceramic - magazin online","robots":{"index":"index","follow":"follow","max-snippet":"max-snippet:-1","max-image-preview":"max-image-preview:large","max-video-preview":"max-video-preview:-1"},"canonical":"https:\/\/edyceramic-shop.ro\/en\/product\/baterie-perete-cada-dus-zaffiro-fd1-zfr-1-25\/","og_locale":"en_US","og_type":"article","og_title":"BATERIE PERETE CAD\u0102\/DU\u0218 ZAFFIRO FD1-ZFR-1-25","og_description":"ZAFFIRO te cucere\u0219te cu o colec\u021bie de baterii pentru baie ce eman\u0103 elegan\u021b\u0103 \u0219i originalitate, inspirat\u0103 din geometria designului contemporan.","og_url":"https:\/\/edyceramic-shop.ro\/en\/product\/baterie-perete-cada-dus-zaffiro-fd1-zfr-1-25\/","og_site_name":"Edyceramic - magazin online","article_modified_time":"2025-08-01T11:32:22+00:00","og_image":[{"width":1200,"height":798,"url":"https:\/\/edyceramic-shop.ro\/wp-content\/uploads\/2024\/09\/FD1-ZFR-1-25.webp","type":"image\/webp"}],"twitter_card":"summary_large_image","twitter_misc":{"Price":"886,00&nbsp;lei","Availability":"In stock"},"schema":{"@context":"https:\/\/schema.org","@graph":[{"@type":"WebPage","@id":"https:\/\/edyceramic-shop.ro\/produs\/baterie-perete-cada-dus-zaffiro-fd1-zfr-1-25\/","url":"https:\/\/edyceramic-shop.ro\/produs\/baterie-perete-cada-dus-zaffiro-fd1-zfr-1-25\/","name":"BATERIE PERETE CAD\u0102\/DU\u0218 ZAFFIRO FD1-ZFR-1-25 - Edyceramic - magazin online","isPartOf":{"@id":"https:\/\/edyceramic-shop.ro\/ro\/#website"},"datePublished":"2024-09-22T20:23:13+00:00","dateModified":"2025-08-01T11:32:22+00:00","breadcrumb":{"@id":"https:\/\/edyceramic-shop.ro\/produs\/baterie-perete-cada-dus-zaffiro-fd1-zfr-1-25\/#breadcrumb"},"inLanguage":"en-US","potentialAction":[{"@type":"ReadAction","target":["https:\/\/edyceramic-shop.ro\/produs\/baterie-perete-cada-dus-zaffiro-fd1-zfr-1-25\/"]}]},{"@type":"BreadcrumbList","@id":"https:\/\/edyceramic-shop.ro\/produs\/baterie-perete-cada-dus-zaffiro-fd1-zfr-1-25\/#breadcrumb","itemListElement":[{"@type":"ListItem","position":1,"name":"Home","item":"https:\/\/edyceramic-shop.ro\/"},{"@type":"ListItem","position":2,"name":"Shop","item":"https:\/\/edyceramic-shop.ro\/ro\/shop\/"},{"@type":"ListItem","position":3,"name":"BATERIE PERETE CAD\u0102\/DU\u0218 ZAFFIRO FD1-ZFR-1-25"}]},{"@type":"WebSite","@id":"https:\/\/edyceramic-shop.ro\/ro\/#website","url":"https:\/\/edyceramic-shop.ro\/ro\/","name":"edyceramic.ro","description":"","publisher":{"@id":"https:\/\/edyceramic-shop.ro\/ro\/#organization"},"potentialAction":[{"@type":"SearchAction","target":{"@type":"EntryPoint","urlTemplate":"https:\/\/edyceramic-shop.ro\/ro\/?s={search_term_string}"},"query-input":"required name=search_term_string"}],"inLanguage":"en-US"},{"@type":"Organization","@id":"https:\/\/edyceramic-shop.ro\/ro\/#organization","name":"Edyceramic","url":"https:\/\/edyceramic-shop.ro\/ro\/","logo":{"@type":"ImageObject","inLanguage":"en-US","@id":"https:\/\/edyceramic-shop.ro\/ro\/#\/schema\/logo\/image\/","url":"https:\/\/edyceramic-shop.ro\/wp-content\/uploads\/2024\/02\/Logo-EdyCeramic_2021-lung.png","contentUrl":"https:\/\/edyceramic-shop.ro\/wp-content\/uploads\/2024\/02\/Logo-EdyCeramic_2021-lung.png","width":4491,"height":769,"caption":"Edyceramic"},"image":{"@id":"https:\/\/edyceramic-shop.ro\/ro\/#\/schema\/logo\/image\/"}}]},"product_price_amount":"886.00","product_price_currency":"RON","og_availability":"instock","product_availability":"instock","product_retailer_item_id":"ee8e8cbc94c5","product_condition":"new"},"jetpack_sharing_enabled":true,"_links":{"self":[{"href":"https:\/\/edyceramic-shop.ro\/en\/wp-json\/wp\/v2\/product\/7646","targetHints":{"allow":["GET"]}}],"collection":[{"href":"https:\/\/edyceramic-shop.ro\/en\/wp-json\/wp\/v2\/product"}],"about":[{"href":"https:\/\/edyceramic-shop.ro\/en\/wp-json\/wp\/v2\/types\/product"}],"version-history":[{"count":1,"href":"https:\/\/edyceramic-shop.ro\/en\/wp-json\/wp\/v2\/product\/7646\/revisions"}],"predecessor-version":[{"id":18060,"href":"https:\/\/edyceramic-shop.ro\/en\/wp-json\/wp\/v2\/product\/7646\/revisions\/18060"}],"wp:featuredmedia":[{"embeddable":true,"href":"https:\/\/edyceramic-shop.ro\/en\/wp-json\/wp\/v2\/media\/18061"}],"wp:attachment":[{"href":"https:\/\/edyceramic-shop.ro\/en\/wp-json\/wp\/v2\/media?parent=7646"}],"wp:term":[{"taxonomy":"product_brand","embeddable":true,"href":"https:\/\/edyceramic-shop.ro\/en\/wp-json\/wp\/v2\/product_brand?post=7646"},{"taxonomy":"product_cat","embeddable":true,"href":"https:\/\/edyceramic-shop.ro\/en\/wp-json\/wp\/v2\/product_cat?post=7646"},{"taxonomy":"product_tag","embeddable":true,"href":"https:\/\/edyceramic-shop.ro\/en\/wp-json\/wp\/v2\/product_tag?post=7646"}],"curies":[{"name":"wp","href":"https:\/\/api.w.org\/{rel}","templated":true}]}}