{"id":7622,"date":"2024-09-22T20:23:13","date_gmt":"2024-09-22T20:23:13","guid":{"rendered":"https:\/\/edyceramic-shop.ro\/produs\/sistem-dus-6-in-1-ardesia-fd1-ard-7pset1-25\/"},"modified":"2025-08-01T13:32:21","modified_gmt":"2025-08-01T11:32:21","slug":"sistem-dus-6-in-1-ardesia-fd1-ard-7pset1-25","status":"publish","type":"product","link":"https:\/\/edyceramic-shop.ro\/en\/product\/sistem-dus-6-in-1-ardesia-fd1-ard-7pset1-25\/","title":{"rendered":"SISTEM DU\u0218 6 \u00een 1 ARDESIA FD1-ARD-7PSET1-25"},"content":{"rendered":"<p>Sistemul de du\u0219 \u00eencastrat reprezint\u0103 o solu\u021bie elegant\u0103 \u0219i func\u021bional\u0103 pentru orice baie modern\u0103. Cu o montare \u00eengropat\u0103 discret\u0103 \u00een perete, acest sistem ofer\u0103 o estetic\u0103 curat\u0103 \u0219i rafinat\u0103, f\u0103r\u0103 a compromite func\u021bionalitatea. Capul de du\u0219 generos \u0219i m\u00e2nerul ergonomic permit o experien\u021b\u0103 de du\u0219 pl\u0103cut\u0103 \u0219i relaxant\u0103, iar designul s\u0103u minimalist se integreaz\u0103 perfect \u00eentr-o varietate de stiluri de amenajare interioar\u0103. Fabricat din materiale de \u00eenalt\u0103 calitate, sistemul de du\u0219 \u00eencastrat este durabil \u0219i rezistent \u00een timp, asigur\u00e2nd o utilizare \u00eendelungat\u0103 f\u0103r\u0103 probleme. Pentru un du\u0219 modern \u0219i elegant, setul de du\u0219 ascuns este alegerea perfect\u0103. ARDESIA este actorul principal \u00een decorul b\u0103ilor moderne \u0219i \u00ee\u0219i g\u0103se\u0219te locul al\u0103turi de alte piese din aceea\u0219i colec\u021bie, fiind o alegere inedit\u0103 pentru interioarele impun\u0103toare, \u00een stil glamour.<\/p>","protected":false},"excerpt":{"rendered":"<p>Sistemul de du\u0219 \u00eencastrat reprezint\u0103 o solu\u021bie elegant\u0103 \u0219i func\u021bional\u0103 pentru orice baie modern\u0103. Cu o montare \u00eengropat\u0103 discret\u0103 \u00een<\/p>","protected":false},"featured_media":18026,"template":"","meta":[],"product_brand":[],"product_cat":[3502,359,334],"product_tag":[],"class_list":{"0":"post-7622","1":"product","2":"type-product","3":"status-publish","4":"has-post-thumbnail","6":"product_cat-baterii-fdesign","7":"product_cat-sisteme-de-dus","8":"product_cat-sanitare","9":"pa_colectie-ardesia","10":"pa_culoare-negru-mat","11":"pa_fabrica-fdesign","12":"pa_garantie-7ani","13":"pa_material-alama","14":"pa_montaj-pe-perete","16":"first","17":"instock","18":"purchasable","19":"product-type-simple"},"yoast_head":"<!-- This site is optimized with the Yoast SEO Premium plugin v21.6 (Yoast SEO v22.1) - https:\/\/yoast.com\/wordpress\/plugins\/seo\/ -->\n<title>SISTEM DU\u0218 6 \u00een 1 ARDESIA FD1-ARD-7PSET1-25 - Edyceramic - magazin online<\/title>\n<meta name=\"robots\" content=\"index, follow, max-snippet:-1, max-image-preview:large, max-video-preview:-1\" \/>\n<link rel=\"canonical\" href=\"https:\/\/edyceramic-shop.ro\/en\/product\/sistem-dus-6-in-1-ardesia-fd1-ard-7pset1-25\/\" \/>\n<meta property=\"og:locale\" content=\"en_US\" \/>\n<meta property=\"og:type\" content=\"article\" \/>\n<meta property=\"og:title\" content=\"SISTEM DU\u0218 6 \u00een 1 ARDESIA FD1-ARD-7PSET1-25\" \/>\n<meta property=\"og:description\" content=\"Sistemul de du\u0219 \u00eencastrat reprezint\u0103 o solu\u021bie elegant\u0103 \u0219i func\u021bional\u0103 pentru orice baie modern\u0103. Cu o montare \u00eengropat\u0103 discret\u0103 \u00een\" \/>\n<meta property=\"og:url\" content=\"https:\/\/edyceramic-shop.ro\/en\/product\/sistem-dus-6-in-1-ardesia-fd1-ard-7pset1-25\/\" \/>\n<meta property=\"og:site_name\" content=\"Edyceramic - magazin online\" \/>\n<meta property=\"article:modified_time\" content=\"2025-08-01T11:32:21+00:00\" \/>\n<meta property=\"og:image\" content=\"https:\/\/edyceramic-shop.ro\/wp-content\/uploads\/2024\/09\/FD1-ARD-7PSET1-25.webp\" \/>\n\t<meta property=\"og:image:width\" content=\"1200\" \/>\n\t<meta property=\"og:image:height\" content=\"1855\" \/>\n\t<meta property=\"og:image:type\" content=\"image\/webp\" \/>\n<meta name=\"twitter:card\" content=\"summary_large_image\" \/>\n<meta name=\"twitter:label1\" content=\"Price\" \/>\n\t<meta name=\"twitter:data1\" content=\"2.369,00&nbsp;lei\" \/>\n\t<meta name=\"twitter:label2\" content=\"Availability\" \/>\n\t<meta name=\"twitter:data2\" content=\"In stock\" \/>\n<script type=\"application\/ld+json\" class=\"yoast-schema-graph\">{\"@context\":\"https:\/\/schema.org\",\"@graph\":[{\"@type\":\"WebPage\",\"@id\":\"https:\/\/edyceramic-shop.ro\/produs\/sistem-dus-6-in-1-ardesia-fd1-ard-7pset1-25\/\",\"url\":\"https:\/\/edyceramic-shop.ro\/produs\/sistem-dus-6-in-1-ardesia-fd1-ard-7pset1-25\/\",\"name\":\"SISTEM DU\u0218 6 \u00een 1 ARDESIA FD1-ARD-7PSET1-25 - Edyceramic - magazin online\",\"isPartOf\":{\"@id\":\"https:\/\/edyceramic-shop.ro\/ro\/#website\"},\"datePublished\":\"2024-09-22T20:23:13+00:00\",\"dateModified\":\"2025-08-01T11:32:21+00:00\",\"breadcrumb\":{\"@id\":\"https:\/\/edyceramic-shop.ro\/produs\/sistem-dus-6-in-1-ardesia-fd1-ard-7pset1-25\/#breadcrumb\"},\"inLanguage\":\"en-US\",\"potentialAction\":[{\"@type\":\"ReadAction\",\"target\":[\"https:\/\/edyceramic-shop.ro\/produs\/sistem-dus-6-in-1-ardesia-fd1-ard-7pset1-25\/\"]}]},{\"@type\":\"BreadcrumbList\",\"@id\":\"https:\/\/edyceramic-shop.ro\/produs\/sistem-dus-6-in-1-ardesia-fd1-ard-7pset1-25\/#breadcrumb\",\"itemListElement\":[{\"@type\":\"ListItem\",\"position\":1,\"name\":\"Home\",\"item\":\"https:\/\/edyceramic-shop.ro\/\"},{\"@type\":\"ListItem\",\"position\":2,\"name\":\"Shop\",\"item\":\"https:\/\/edyceramic-shop.ro\/ro\/shop\/\"},{\"@type\":\"ListItem\",\"position\":3,\"name\":\"SISTEM DU\u0218 6 \u00een 1 ARDESIA FD1-ARD-7PSET1-25\"}]},{\"@type\":\"WebSite\",\"@id\":\"https:\/\/edyceramic-shop.ro\/ro\/#website\",\"url\":\"https:\/\/edyceramic-shop.ro\/ro\/\",\"name\":\"edyceramic.ro\",\"description\":\"\",\"publisher\":{\"@id\":\"https:\/\/edyceramic-shop.ro\/ro\/#organization\"},\"potentialAction\":[{\"@type\":\"SearchAction\",\"target\":{\"@type\":\"EntryPoint\",\"urlTemplate\":\"https:\/\/edyceramic-shop.ro\/ro\/?s={search_term_string}\"},\"query-input\":\"required name=search_term_string\"}],\"inLanguage\":\"en-US\"},{\"@type\":\"Organization\",\"@id\":\"https:\/\/edyceramic-shop.ro\/ro\/#organization\",\"name\":\"Edyceramic\",\"url\":\"https:\/\/edyceramic-shop.ro\/ro\/\",\"logo\":{\"@type\":\"ImageObject\",\"inLanguage\":\"en-US\",\"@id\":\"https:\/\/edyceramic-shop.ro\/ro\/#\/schema\/logo\/image\/\",\"url\":\"https:\/\/edyceramic-shop.ro\/wp-content\/uploads\/2024\/02\/Logo-EdyCeramic_2021-lung.png\",\"contentUrl\":\"https:\/\/edyceramic-shop.ro\/wp-content\/uploads\/2024\/02\/Logo-EdyCeramic_2021-lung.png\",\"width\":4491,\"height\":769,\"caption\":\"Edyceramic\"},\"image\":{\"@id\":\"https:\/\/edyceramic-shop.ro\/ro\/#\/schema\/logo\/image\/\"}}]}<\/script>\n<meta property=\"product:price:amount\" content=\"2369.00\" \/>\n<meta property=\"product:price:currency\" content=\"RON\" \/>\n<meta property=\"og:availability\" content=\"instock\" \/>\n<meta property=\"product:availability\" content=\"instock\" \/>\n<meta property=\"product:retailer_item_id\" content=\"6208cd0ee03d\" \/>\n<meta property=\"product:condition\" content=\"new\" \/>\n<!-- \/ Yoast SEO Premium plugin. -->","yoast_head_json":{"title":"SISTEM DU\u0218 6 \u00een 1 ARDESIA FD1-ARD-7PSET1-25 - Edyceramic - magazin online","robots":{"index":"index","follow":"follow","max-snippet":"max-snippet:-1","max-image-preview":"max-image-preview:large","max-video-preview":"max-video-preview:-1"},"canonical":"https:\/\/edyceramic-shop.ro\/en\/product\/sistem-dus-6-in-1-ardesia-fd1-ard-7pset1-25\/","og_locale":"en_US","og_type":"article","og_title":"SISTEM DU\u0218 6 \u00een 1 ARDESIA FD1-ARD-7PSET1-25","og_description":"Sistemul de du\u0219 \u00eencastrat reprezint\u0103 o solu\u021bie elegant\u0103 \u0219i func\u021bional\u0103 pentru orice baie modern\u0103. Cu o montare \u00eengropat\u0103 discret\u0103 \u00een","og_url":"https:\/\/edyceramic-shop.ro\/en\/product\/sistem-dus-6-in-1-ardesia-fd1-ard-7pset1-25\/","og_site_name":"Edyceramic - magazin online","article_modified_time":"2025-08-01T11:32:21+00:00","og_image":[{"width":1200,"height":1855,"url":"https:\/\/edyceramic-shop.ro\/wp-content\/uploads\/2024\/09\/FD1-ARD-7PSET1-25.webp","type":"image\/webp"}],"twitter_card":"summary_large_image","twitter_misc":{"Price":"2.369,00&nbsp;lei","Availability":"In stock"},"schema":{"@context":"https:\/\/schema.org","@graph":[{"@type":"WebPage","@id":"https:\/\/edyceramic-shop.ro\/produs\/sistem-dus-6-in-1-ardesia-fd1-ard-7pset1-25\/","url":"https:\/\/edyceramic-shop.ro\/produs\/sistem-dus-6-in-1-ardesia-fd1-ard-7pset1-25\/","name":"SISTEM DU\u0218 6 \u00een 1 ARDESIA FD1-ARD-7PSET1-25 - Edyceramic - magazin online","isPartOf":{"@id":"https:\/\/edyceramic-shop.ro\/ro\/#website"},"datePublished":"2024-09-22T20:23:13+00:00","dateModified":"2025-08-01T11:32:21+00:00","breadcrumb":{"@id":"https:\/\/edyceramic-shop.ro\/produs\/sistem-dus-6-in-1-ardesia-fd1-ard-7pset1-25\/#breadcrumb"},"inLanguage":"en-US","potentialAction":[{"@type":"ReadAction","target":["https:\/\/edyceramic-shop.ro\/produs\/sistem-dus-6-in-1-ardesia-fd1-ard-7pset1-25\/"]}]},{"@type":"BreadcrumbList","@id":"https:\/\/edyceramic-shop.ro\/produs\/sistem-dus-6-in-1-ardesia-fd1-ard-7pset1-25\/#breadcrumb","itemListElement":[{"@type":"ListItem","position":1,"name":"Home","item":"https:\/\/edyceramic-shop.ro\/"},{"@type":"ListItem","position":2,"name":"Shop","item":"https:\/\/edyceramic-shop.ro\/ro\/shop\/"},{"@type":"ListItem","position":3,"name":"SISTEM DU\u0218 6 \u00een 1 ARDESIA FD1-ARD-7PSET1-25"}]},{"@type":"WebSite","@id":"https:\/\/edyceramic-shop.ro\/ro\/#website","url":"https:\/\/edyceramic-shop.ro\/ro\/","name":"edyceramic.ro","description":"","publisher":{"@id":"https:\/\/edyceramic-shop.ro\/ro\/#organization"},"potentialAction":[{"@type":"SearchAction","target":{"@type":"EntryPoint","urlTemplate":"https:\/\/edyceramic-shop.ro\/ro\/?s={search_term_string}"},"query-input":"required name=search_term_string"}],"inLanguage":"en-US"},{"@type":"Organization","@id":"https:\/\/edyceramic-shop.ro\/ro\/#organization","name":"Edyceramic","url":"https:\/\/edyceramic-shop.ro\/ro\/","logo":{"@type":"ImageObject","inLanguage":"en-US","@id":"https:\/\/edyceramic-shop.ro\/ro\/#\/schema\/logo\/image\/","url":"https:\/\/edyceramic-shop.ro\/wp-content\/uploads\/2024\/02\/Logo-EdyCeramic_2021-lung.png","contentUrl":"https:\/\/edyceramic-shop.ro\/wp-content\/uploads\/2024\/02\/Logo-EdyCeramic_2021-lung.png","width":4491,"height":769,"caption":"Edyceramic"},"image":{"@id":"https:\/\/edyceramic-shop.ro\/ro\/#\/schema\/logo\/image\/"}}]},"product_price_amount":"2369.00","product_price_currency":"RON","og_availability":"instock","product_availability":"instock","product_retailer_item_id":"6208cd0ee03d","product_condition":"new"},"jetpack_sharing_enabled":true,"_links":{"self":[{"href":"https:\/\/edyceramic-shop.ro\/en\/wp-json\/wp\/v2\/product\/7622","targetHints":{"allow":["GET"]}}],"collection":[{"href":"https:\/\/edyceramic-shop.ro\/en\/wp-json\/wp\/v2\/product"}],"about":[{"href":"https:\/\/edyceramic-shop.ro\/en\/wp-json\/wp\/v2\/types\/product"}],"version-history":[{"count":1,"href":"https:\/\/edyceramic-shop.ro\/en\/wp-json\/wp\/v2\/product\/7622\/revisions"}],"predecessor-version":[{"id":18025,"href":"https:\/\/edyceramic-shop.ro\/en\/wp-json\/wp\/v2\/product\/7622\/revisions\/18025"}],"wp:featuredmedia":[{"embeddable":true,"href":"https:\/\/edyceramic-shop.ro\/en\/wp-json\/wp\/v2\/media\/18026"}],"wp:attachment":[{"href":"https:\/\/edyceramic-shop.ro\/en\/wp-json\/wp\/v2\/media?parent=7622"}],"wp:term":[{"taxonomy":"product_brand","embeddable":true,"href":"https:\/\/edyceramic-shop.ro\/en\/wp-json\/wp\/v2\/product_brand?post=7622"},{"taxonomy":"product_cat","embeddable":true,"href":"https:\/\/edyceramic-shop.ro\/en\/wp-json\/wp\/v2\/product_cat?post=7622"},{"taxonomy":"product_tag","embeddable":true,"href":"https:\/\/edyceramic-shop.ro\/en\/wp-json\/wp\/v2\/product_tag?post=7622"}],"curies":[{"name":"wp","href":"https:\/\/api.w.org\/{rel}","templated":true}]}}