{"id":4853,"date":"2024-07-29T00:15:16","date_gmt":"2024-07-28T22:15:16","guid":{"rendered":"https:\/\/edyceramic-shop.ro\/produs\/bali-brush\/"},"modified":"2025-08-01T13:32:18","modified_gmt":"2025-08-01T11:32:18","slug":"bali-brush","status":"publish","type":"product","link":"https:\/\/edyceramic-shop.ro\/en\/product\/bali-brush\/","title":{"rendered":"Faian\u021b\u0103 BALI BRUSH 30x90cm"},"content":{"rendered":"<p>Pl\u0103cile BALI BRUSH din colec\u021bia Bali de la Azteca sunt caracterizate de un finisaj mat care adaug\u0103 un aer natural \u0219i contemporan \u00een orice spa\u021biu. Cu dimensiuni de 30&#215;90 cm \u0219i o calitate deosebit\u0103, fiecare cutie con\u021bine 4 pl\u0103ci, acoperind o suprafa\u021b\u0103 total\u0103 de 1.08 m\u00b2. Pl\u0103cile sunt rectificate pentru o montare precis\u0103 \u0219i uniform\u0103, asigur\u00e2nd un aspect continuu \u0219i impecabil. Rezistente la \u00eenghe\u021b, acestea sunt potrivite at\u00e2t pentru utilizare \u00een interior, c\u00e2t \u0219i \u00een exterior, fiind ideale pentru a crea un design rafinat \u0219i durabil \u00een diverse spa\u021bii.<\/p>","protected":false},"excerpt":{"rendered":"<p>Pl\u0103cile BALI BRUSH din colec\u021bia Bali de la Azteca sunt caracterizate de un finisaj mat care adaug\u0103 un aer natural<\/p>","protected":false},"featured_media":0,"template":"","meta":[],"product_brand":[],"product_cat":[467,302],"product_tag":[],"class_list":{"0":"post-4853","1":"product","2":"type-product","3":"status-publish","5":"product_cat-gresie-si-faianta","6":"product_cat-faianta","7":"pa_ambalare-1-08m2-cutie","8":"pa_calitatea-1091","9":"pa_colectie-bali","10":"pa_dimensiune-30x90cm","11":"pa_fabrica-azteca","12":"pa_finisaj-mat","13":"pa_numar-de-placi-in-pachet-1216","14":"pa_rectificat-da","15":"pa_rezistent-la-inghet-nu","17":"first","18":"instock","19":"purchasable","20":"product-type-simple"},"yoast_head":"<!-- This site is optimized with the Yoast SEO Premium plugin v21.6 (Yoast SEO v22.1) - https:\/\/yoast.com\/wordpress\/plugins\/seo\/ -->\n<title>Faian\u021b\u0103 BALI BRUSH 30x90cm - Edyceramic - magazin online<\/title>\n<meta name=\"robots\" content=\"index, follow, max-snippet:-1, max-image-preview:large, max-video-preview:-1\" \/>\n<link rel=\"canonical\" href=\"https:\/\/edyceramic-shop.ro\/en\/product\/bali-brush\/\" \/>\n<meta property=\"og:locale\" content=\"en_US\" \/>\n<meta property=\"og:type\" content=\"article\" \/>\n<meta property=\"og:title\" content=\"Faian\u021b\u0103 BALI BRUSH 30x90cm\" \/>\n<meta property=\"og:description\" content=\"Pl\u0103cile BALI BRUSH din colec\u021bia Bali de la Azteca sunt caracterizate de un finisaj mat care adaug\u0103 un aer natural\" \/>\n<meta property=\"og:url\" content=\"https:\/\/edyceramic-shop.ro\/en\/product\/bali-brush\/\" \/>\n<meta property=\"og:site_name\" content=\"Edyceramic - magazin online\" \/>\n<meta property=\"article:modified_time\" content=\"2025-08-01T11:32:18+00:00\" \/>\n<meta name=\"twitter:card\" content=\"summary_large_image\" \/>\n<meta name=\"twitter:label1\" content=\"Price\" \/>\n\t<meta name=\"twitter:data1\" content=\"211,00&nbsp;lei\" \/>\n\t<meta name=\"twitter:label2\" content=\"Availability\" \/>\n\t<meta name=\"twitter:data2\" content=\"In stock\" \/>\n<script type=\"application\/ld+json\" class=\"yoast-schema-graph\">{\"@context\":\"https:\/\/schema.org\",\"@graph\":[{\"@type\":\"WebPage\",\"@id\":\"https:\/\/edyceramic-shop.ro\/produs\/bali-brush\/\",\"url\":\"https:\/\/edyceramic-shop.ro\/produs\/bali-brush\/\",\"name\":\"Faian\u021b\u0103 BALI BRUSH 30x90cm - Edyceramic - magazin online\",\"isPartOf\":{\"@id\":\"https:\/\/edyceramic-shop.ro\/ro\/#website\"},\"datePublished\":\"2024-07-28T22:15:16+00:00\",\"dateModified\":\"2025-08-01T11:32:18+00:00\",\"breadcrumb\":{\"@id\":\"https:\/\/edyceramic-shop.ro\/produs\/bali-brush\/#breadcrumb\"},\"inLanguage\":\"en-US\",\"potentialAction\":[{\"@type\":\"ReadAction\",\"target\":[\"https:\/\/edyceramic-shop.ro\/produs\/bali-brush\/\"]}]},{\"@type\":\"BreadcrumbList\",\"@id\":\"https:\/\/edyceramic-shop.ro\/produs\/bali-brush\/#breadcrumb\",\"itemListElement\":[{\"@type\":\"ListItem\",\"position\":1,\"name\":\"Home\",\"item\":\"https:\/\/edyceramic-shop.ro\/\"},{\"@type\":\"ListItem\",\"position\":2,\"name\":\"Shop\",\"item\":\"https:\/\/edyceramic-shop.ro\/ro\/shop\/\"},{\"@type\":\"ListItem\",\"position\":3,\"name\":\"Faian\u021b\u0103 BALI BRUSH 30x90cm\"}]},{\"@type\":\"WebSite\",\"@id\":\"https:\/\/edyceramic-shop.ro\/ro\/#website\",\"url\":\"https:\/\/edyceramic-shop.ro\/ro\/\",\"name\":\"edyceramic.ro\",\"description\":\"\",\"publisher\":{\"@id\":\"https:\/\/edyceramic-shop.ro\/ro\/#organization\"},\"potentialAction\":[{\"@type\":\"SearchAction\",\"target\":{\"@type\":\"EntryPoint\",\"urlTemplate\":\"https:\/\/edyceramic-shop.ro\/ro\/?s={search_term_string}\"},\"query-input\":\"required name=search_term_string\"}],\"inLanguage\":\"en-US\"},{\"@type\":\"Organization\",\"@id\":\"https:\/\/edyceramic-shop.ro\/ro\/#organization\",\"name\":\"Edyceramic\",\"url\":\"https:\/\/edyceramic-shop.ro\/ro\/\",\"logo\":{\"@type\":\"ImageObject\",\"inLanguage\":\"en-US\",\"@id\":\"https:\/\/edyceramic-shop.ro\/ro\/#\/schema\/logo\/image\/\",\"url\":\"https:\/\/edyceramic-shop.ro\/wp-content\/uploads\/2024\/02\/Logo-EdyCeramic_2021-lung.png\",\"contentUrl\":\"https:\/\/edyceramic-shop.ro\/wp-content\/uploads\/2024\/02\/Logo-EdyCeramic_2021-lung.png\",\"width\":4491,\"height\":769,\"caption\":\"Edyceramic\"},\"image\":{\"@id\":\"https:\/\/edyceramic-shop.ro\/ro\/#\/schema\/logo\/image\/\"}}]}<\/script>\n<meta property=\"product:price:amount\" content=\"211.00\" \/>\n<meta property=\"product:price:currency\" content=\"RON\" \/>\n<meta property=\"og:availability\" content=\"instock\" \/>\n<meta property=\"product:availability\" content=\"instock\" \/>\n<meta property=\"product:retailer_item_id\" content=\"5a09c6a9bbc0\" \/>\n<meta property=\"product:condition\" content=\"new\" \/>\n<!-- \/ Yoast SEO Premium plugin. -->","yoast_head_json":{"title":"Faian\u021b\u0103 BALI BRUSH 30x90cm - Edyceramic - magazin online","robots":{"index":"index","follow":"follow","max-snippet":"max-snippet:-1","max-image-preview":"max-image-preview:large","max-video-preview":"max-video-preview:-1"},"canonical":"https:\/\/edyceramic-shop.ro\/en\/product\/bali-brush\/","og_locale":"en_US","og_type":"article","og_title":"Faian\u021b\u0103 BALI BRUSH 30x90cm","og_description":"Pl\u0103cile BALI BRUSH din colec\u021bia Bali de la Azteca sunt caracterizate de un finisaj mat care adaug\u0103 un aer natural","og_url":"https:\/\/edyceramic-shop.ro\/en\/product\/bali-brush\/","og_site_name":"Edyceramic - magazin online","article_modified_time":"2025-08-01T11:32:18+00:00","twitter_card":"summary_large_image","twitter_misc":{"Price":"211,00&nbsp;lei","Availability":"In stock"},"schema":{"@context":"https:\/\/schema.org","@graph":[{"@type":"WebPage","@id":"https:\/\/edyceramic-shop.ro\/produs\/bali-brush\/","url":"https:\/\/edyceramic-shop.ro\/produs\/bali-brush\/","name":"Faian\u021b\u0103 BALI BRUSH 30x90cm - Edyceramic - magazin online","isPartOf":{"@id":"https:\/\/edyceramic-shop.ro\/ro\/#website"},"datePublished":"2024-07-28T22:15:16+00:00","dateModified":"2025-08-01T11:32:18+00:00","breadcrumb":{"@id":"https:\/\/edyceramic-shop.ro\/produs\/bali-brush\/#breadcrumb"},"inLanguage":"en-US","potentialAction":[{"@type":"ReadAction","target":["https:\/\/edyceramic-shop.ro\/produs\/bali-brush\/"]}]},{"@type":"BreadcrumbList","@id":"https:\/\/edyceramic-shop.ro\/produs\/bali-brush\/#breadcrumb","itemListElement":[{"@type":"ListItem","position":1,"name":"Home","item":"https:\/\/edyceramic-shop.ro\/"},{"@type":"ListItem","position":2,"name":"Shop","item":"https:\/\/edyceramic-shop.ro\/ro\/shop\/"},{"@type":"ListItem","position":3,"name":"Faian\u021b\u0103 BALI BRUSH 30x90cm"}]},{"@type":"WebSite","@id":"https:\/\/edyceramic-shop.ro\/ro\/#website","url":"https:\/\/edyceramic-shop.ro\/ro\/","name":"edyceramic.ro","description":"","publisher":{"@id":"https:\/\/edyceramic-shop.ro\/ro\/#organization"},"potentialAction":[{"@type":"SearchAction","target":{"@type":"EntryPoint","urlTemplate":"https:\/\/edyceramic-shop.ro\/ro\/?s={search_term_string}"},"query-input":"required name=search_term_string"}],"inLanguage":"en-US"},{"@type":"Organization","@id":"https:\/\/edyceramic-shop.ro\/ro\/#organization","name":"Edyceramic","url":"https:\/\/edyceramic-shop.ro\/ro\/","logo":{"@type":"ImageObject","inLanguage":"en-US","@id":"https:\/\/edyceramic-shop.ro\/ro\/#\/schema\/logo\/image\/","url":"https:\/\/edyceramic-shop.ro\/wp-content\/uploads\/2024\/02\/Logo-EdyCeramic_2021-lung.png","contentUrl":"https:\/\/edyceramic-shop.ro\/wp-content\/uploads\/2024\/02\/Logo-EdyCeramic_2021-lung.png","width":4491,"height":769,"caption":"Edyceramic"},"image":{"@id":"https:\/\/edyceramic-shop.ro\/ro\/#\/schema\/logo\/image\/"}}]},"product_price_amount":"211.00","product_price_currency":"RON","og_availability":"instock","product_availability":"instock","product_retailer_item_id":"5a09c6a9bbc0","product_condition":"new"},"jetpack_sharing_enabled":true,"_links":{"self":[{"href":"https:\/\/edyceramic-shop.ro\/en\/wp-json\/wp\/v2\/product\/4853","targetHints":{"allow":["GET"]}}],"collection":[{"href":"https:\/\/edyceramic-shop.ro\/en\/wp-json\/wp\/v2\/product"}],"about":[{"href":"https:\/\/edyceramic-shop.ro\/en\/wp-json\/wp\/v2\/types\/product"}],"version-history":[{"count":4,"href":"https:\/\/edyceramic-shop.ro\/en\/wp-json\/wp\/v2\/product\/4853\/revisions"}],"predecessor-version":[{"id":23058,"href":"https:\/\/edyceramic-shop.ro\/en\/wp-json\/wp\/v2\/product\/4853\/revisions\/23058"}],"wp:attachment":[{"href":"https:\/\/edyceramic-shop.ro\/en\/wp-json\/wp\/v2\/media?parent=4853"}],"wp:term":[{"taxonomy":"product_brand","embeddable":true,"href":"https:\/\/edyceramic-shop.ro\/en\/wp-json\/wp\/v2\/product_brand?post=4853"},{"taxonomy":"product_cat","embeddable":true,"href":"https:\/\/edyceramic-shop.ro\/en\/wp-json\/wp\/v2\/product_cat?post=4853"},{"taxonomy":"product_tag","embeddable":true,"href":"https:\/\/edyceramic-shop.ro\/en\/wp-json\/wp\/v2\/product_tag?post=4853"}],"curies":[{"name":"wp","href":"https:\/\/api.w.org\/{rel}","templated":true}]}}