{"id":3974,"date":"2024-07-28T21:58:22","date_gmt":"2024-07-28T21:58:22","guid":{"rendered":"https:\/\/edyceramic-shop.ro\/produs\/maxford-ivory-6012a\/"},"modified":"2025-08-01T13:31:55","modified_gmt":"2025-08-01T11:31:55","slug":"maxford-ivory-6012a","status":"publish","type":"product","link":"https:\/\/edyceramic-shop.ro\/en\/product\/maxford-ivory-6012a\/","title":{"rendered":"Gresie MAXFORD IVORY 6012A 60x120cm"},"content":{"rendered":"<p>Pl\u0103cile Maxford Ivory 6012A de la La Platera sunt ideale pentru a aduce un aer rafinat \u0219i sofisticat \u00een orice spa\u021biu, fie interior sau exterior. Cu dimensiuni de 60&#215;120 cm \u0219i un finisaj mat, aceste pl\u0103ci ofer\u0103 un aspect modern \u0219i elegant. Fiecare cutie con\u021bine 2 pl\u0103ci, acoperind o suprafa\u021b\u0103 total\u0103 de 1.44 m\u00b2, potrivit pentru diverse proiecte de amenajare. Pl\u0103cile sunt rectificate, asigur\u00e2nd o montare precis\u0103 \u0219i uniform\u0103, pentru un rezultat final impecabil. Rezistente la \u00eenghe\u021b, acestea sunt durabile \u0219i versatile, potrivite pentru utilizare \u00een diverse condi\u021bii de mediu. Maxford Ivory 6012A din colec\u021bia Maxford de la La Platera adaug\u0103 un plus de elegan\u021b\u0103 \u0219i rafinament oric\u0103rui spa\u021biu.<\/p>","protected":false},"excerpt":{"rendered":"<p>Pl\u0103cile Maxford Ivory 6012A de la La Platera sunt ideale pentru a aduce un aer rafinat \u0219i sofisticat \u00een orice<\/p>","protected":false},"featured_media":21675,"template":"","meta":[],"product_brand":[],"product_cat":[301,467],"product_tag":[],"class_list":{"0":"post-3974","1":"product","2":"type-product","3":"status-publish","4":"has-post-thumbnail","6":"product_cat-gresie","7":"product_cat-gresie-si-faianta","8":"pa_ambalare-1-44m2-cutie","9":"pa_calitatea-1091","10":"pa_colectie-maxford","11":"pa_dimensiune-60x120cm","12":"pa_fabrica-la-platera","13":"pa_finisaj-mat","14":"pa_numar-de-placi-in-pachet-1206","15":"pa_rectificat-da","16":"pa_rezistent-la-inghet-da","17":"pa_utilizare-interior-exterior","19":"first","20":"instock","21":"purchasable","22":"product-type-simple"},"yoast_head":"<!-- This site is optimized with the Yoast SEO Premium plugin v21.6 (Yoast SEO v22.1) - https:\/\/yoast.com\/wordpress\/plugins\/seo\/ -->\n<title>Gresie MAXFORD IVORY 6012A 60x120cm - Edyceramic - magazin online<\/title>\n<meta name=\"robots\" content=\"index, follow, max-snippet:-1, max-image-preview:large, max-video-preview:-1\" \/>\n<link rel=\"canonical\" href=\"https:\/\/edyceramic-shop.ro\/en\/product\/maxford-ivory-6012a\/\" \/>\n<meta property=\"og:locale\" content=\"en_US\" \/>\n<meta property=\"og:type\" content=\"article\" \/>\n<meta property=\"og:title\" content=\"Gresie MAXFORD IVORY 6012A 60x120cm\" \/>\n<meta property=\"og:description\" content=\"Pl\u0103cile Maxford Ivory 6012A de la La Platera sunt ideale pentru a aduce un aer rafinat \u0219i sofisticat \u00een orice\" \/>\n<meta property=\"og:url\" content=\"https:\/\/edyceramic-shop.ro\/en\/product\/maxford-ivory-6012a\/\" \/>\n<meta property=\"og:site_name\" content=\"Edyceramic - magazin online\" \/>\n<meta property=\"article:modified_time\" content=\"2025-08-01T11:31:55+00:00\" \/>\n<meta property=\"og:image\" content=\"https:\/\/edyceramic-shop.ro\/wp-content\/uploads\/2024\/09\/maxford-ivory-60-120.webp\" \/>\n\t<meta property=\"og:image:width\" content=\"600\" \/>\n\t<meta property=\"og:image:height\" content=\"600\" \/>\n\t<meta property=\"og:image:type\" content=\"image\/png\" \/>\n<meta name=\"twitter:card\" content=\"summary_large_image\" \/>\n<meta name=\"twitter:label1\" content=\"Price\" \/>\n\t<meta name=\"twitter:data1\" content=\"167,00&nbsp;lei\" \/>\n\t<meta name=\"twitter:label2\" content=\"Availability\" \/>\n\t<meta name=\"twitter:data2\" content=\"In stock\" \/>\n<script type=\"application\/ld+json\" class=\"yoast-schema-graph\">{\"@context\":\"https:\/\/schema.org\",\"@graph\":[{\"@type\":\"WebPage\",\"@id\":\"https:\/\/edyceramic-shop.ro\/produs\/maxford-ivory-6012a\/\",\"url\":\"https:\/\/edyceramic-shop.ro\/produs\/maxford-ivory-6012a\/\",\"name\":\"Gresie MAXFORD IVORY 6012A 60x120cm - Edyceramic - magazin online\",\"isPartOf\":{\"@id\":\"https:\/\/edyceramic-shop.ro\/ro\/#website\"},\"datePublished\":\"2024-07-28T21:58:22+00:00\",\"dateModified\":\"2025-08-01T11:31:55+00:00\",\"breadcrumb\":{\"@id\":\"https:\/\/edyceramic-shop.ro\/produs\/maxford-ivory-6012a\/#breadcrumb\"},\"inLanguage\":\"en-US\",\"potentialAction\":[{\"@type\":\"ReadAction\",\"target\":[\"https:\/\/edyceramic-shop.ro\/produs\/maxford-ivory-6012a\/\"]}]},{\"@type\":\"BreadcrumbList\",\"@id\":\"https:\/\/edyceramic-shop.ro\/produs\/maxford-ivory-6012a\/#breadcrumb\",\"itemListElement\":[{\"@type\":\"ListItem\",\"position\":1,\"name\":\"Home\",\"item\":\"https:\/\/edyceramic-shop.ro\/\"},{\"@type\":\"ListItem\",\"position\":2,\"name\":\"Shop\",\"item\":\"https:\/\/edyceramic-shop.ro\/ro\/shop\/\"},{\"@type\":\"ListItem\",\"position\":3,\"name\":\"Gresie MAXFORD IVORY 6012A 60x120cm\"}]},{\"@type\":\"WebSite\",\"@id\":\"https:\/\/edyceramic-shop.ro\/ro\/#website\",\"url\":\"https:\/\/edyceramic-shop.ro\/ro\/\",\"name\":\"edyceramic.ro\",\"description\":\"\",\"publisher\":{\"@id\":\"https:\/\/edyceramic-shop.ro\/ro\/#organization\"},\"potentialAction\":[{\"@type\":\"SearchAction\",\"target\":{\"@type\":\"EntryPoint\",\"urlTemplate\":\"https:\/\/edyceramic-shop.ro\/ro\/?s={search_term_string}\"},\"query-input\":\"required name=search_term_string\"}],\"inLanguage\":\"en-US\"},{\"@type\":\"Organization\",\"@id\":\"https:\/\/edyceramic-shop.ro\/ro\/#organization\",\"name\":\"Edyceramic\",\"url\":\"https:\/\/edyceramic-shop.ro\/ro\/\",\"logo\":{\"@type\":\"ImageObject\",\"inLanguage\":\"en-US\",\"@id\":\"https:\/\/edyceramic-shop.ro\/ro\/#\/schema\/logo\/image\/\",\"url\":\"https:\/\/edyceramic-shop.ro\/wp-content\/uploads\/2024\/02\/Logo-EdyCeramic_2021-lung.png\",\"contentUrl\":\"https:\/\/edyceramic-shop.ro\/wp-content\/uploads\/2024\/02\/Logo-EdyCeramic_2021-lung.png\",\"width\":4491,\"height\":769,\"caption\":\"Edyceramic\"},\"image\":{\"@id\":\"https:\/\/edyceramic-shop.ro\/ro\/#\/schema\/logo\/image\/\"}}]}<\/script>\n<meta property=\"product:price:amount\" content=\"167.00\" \/>\n<meta property=\"product:price:currency\" content=\"RON\" \/>\n<meta property=\"og:availability\" content=\"instock\" \/>\n<meta property=\"product:availability\" content=\"instock\" \/>\n<meta property=\"product:retailer_item_id\" content=\"058ee7273620\" \/>\n<meta property=\"product:condition\" content=\"new\" \/>\n<!-- \/ Yoast SEO Premium plugin. -->","yoast_head_json":{"title":"Gresie MAXFORD IVORY 6012A 60x120cm - Edyceramic - magazin online","robots":{"index":"index","follow":"follow","max-snippet":"max-snippet:-1","max-image-preview":"max-image-preview:large","max-video-preview":"max-video-preview:-1"},"canonical":"https:\/\/edyceramic-shop.ro\/en\/product\/maxford-ivory-6012a\/","og_locale":"en_US","og_type":"article","og_title":"Gresie MAXFORD IVORY 6012A 60x120cm","og_description":"Pl\u0103cile Maxford Ivory 6012A de la La Platera sunt ideale pentru a aduce un aer rafinat \u0219i sofisticat \u00een orice","og_url":"https:\/\/edyceramic-shop.ro\/en\/product\/maxford-ivory-6012a\/","og_site_name":"Edyceramic - magazin online","article_modified_time":"2025-08-01T11:31:55+00:00","og_image":[{"width":600,"height":600,"url":"https:\/\/edyceramic-shop.ro\/wp-content\/uploads\/2024\/09\/maxford-ivory-60-120.webp","type":"image\/png"}],"twitter_card":"summary_large_image","twitter_misc":{"Price":"167,00&nbsp;lei","Availability":"In stock"},"schema":{"@context":"https:\/\/schema.org","@graph":[{"@type":"WebPage","@id":"https:\/\/edyceramic-shop.ro\/produs\/maxford-ivory-6012a\/","url":"https:\/\/edyceramic-shop.ro\/produs\/maxford-ivory-6012a\/","name":"Gresie MAXFORD IVORY 6012A 60x120cm - Edyceramic - magazin online","isPartOf":{"@id":"https:\/\/edyceramic-shop.ro\/ro\/#website"},"datePublished":"2024-07-28T21:58:22+00:00","dateModified":"2025-08-01T11:31:55+00:00","breadcrumb":{"@id":"https:\/\/edyceramic-shop.ro\/produs\/maxford-ivory-6012a\/#breadcrumb"},"inLanguage":"en-US","potentialAction":[{"@type":"ReadAction","target":["https:\/\/edyceramic-shop.ro\/produs\/maxford-ivory-6012a\/"]}]},{"@type":"BreadcrumbList","@id":"https:\/\/edyceramic-shop.ro\/produs\/maxford-ivory-6012a\/#breadcrumb","itemListElement":[{"@type":"ListItem","position":1,"name":"Home","item":"https:\/\/edyceramic-shop.ro\/"},{"@type":"ListItem","position":2,"name":"Shop","item":"https:\/\/edyceramic-shop.ro\/ro\/shop\/"},{"@type":"ListItem","position":3,"name":"Gresie MAXFORD IVORY 6012A 60x120cm"}]},{"@type":"WebSite","@id":"https:\/\/edyceramic-shop.ro\/ro\/#website","url":"https:\/\/edyceramic-shop.ro\/ro\/","name":"edyceramic.ro","description":"","publisher":{"@id":"https:\/\/edyceramic-shop.ro\/ro\/#organization"},"potentialAction":[{"@type":"SearchAction","target":{"@type":"EntryPoint","urlTemplate":"https:\/\/edyceramic-shop.ro\/ro\/?s={search_term_string}"},"query-input":"required name=search_term_string"}],"inLanguage":"en-US"},{"@type":"Organization","@id":"https:\/\/edyceramic-shop.ro\/ro\/#organization","name":"Edyceramic","url":"https:\/\/edyceramic-shop.ro\/ro\/","logo":{"@type":"ImageObject","inLanguage":"en-US","@id":"https:\/\/edyceramic-shop.ro\/ro\/#\/schema\/logo\/image\/","url":"https:\/\/edyceramic-shop.ro\/wp-content\/uploads\/2024\/02\/Logo-EdyCeramic_2021-lung.png","contentUrl":"https:\/\/edyceramic-shop.ro\/wp-content\/uploads\/2024\/02\/Logo-EdyCeramic_2021-lung.png","width":4491,"height":769,"caption":"Edyceramic"},"image":{"@id":"https:\/\/edyceramic-shop.ro\/ro\/#\/schema\/logo\/image\/"}}]},"product_price_amount":"167.00","product_price_currency":"RON","og_availability":"instock","product_availability":"instock","product_retailer_item_id":"058ee7273620","product_condition":"new"},"jetpack_sharing_enabled":true,"_links":{"self":[{"href":"https:\/\/edyceramic-shop.ro\/en\/wp-json\/wp\/v2\/product\/3974","targetHints":{"allow":["GET"]}}],"collection":[{"href":"https:\/\/edyceramic-shop.ro\/en\/wp-json\/wp\/v2\/product"}],"about":[{"href":"https:\/\/edyceramic-shop.ro\/en\/wp-json\/wp\/v2\/types\/product"}],"version-history":[{"count":3,"href":"https:\/\/edyceramic-shop.ro\/en\/wp-json\/wp\/v2\/product\/3974\/revisions"}],"predecessor-version":[{"id":23357,"href":"https:\/\/edyceramic-shop.ro\/en\/wp-json\/wp\/v2\/product\/3974\/revisions\/23357"}],"wp:featuredmedia":[{"embeddable":true,"href":"https:\/\/edyceramic-shop.ro\/en\/wp-json\/wp\/v2\/media\/21675"}],"wp:attachment":[{"href":"https:\/\/edyceramic-shop.ro\/en\/wp-json\/wp\/v2\/media?parent=3974"}],"wp:term":[{"taxonomy":"product_brand","embeddable":true,"href":"https:\/\/edyceramic-shop.ro\/en\/wp-json\/wp\/v2\/product_brand?post=3974"},{"taxonomy":"product_cat","embeddable":true,"href":"https:\/\/edyceramic-shop.ro\/en\/wp-json\/wp\/v2\/product_cat?post=3974"},{"taxonomy":"product_tag","embeddable":true,"href":"https:\/\/edyceramic-shop.ro\/en\/wp-json\/wp\/v2\/product_tag?post=3974"}],"curies":[{"name":"wp","href":"https:\/\/api.w.org\/{rel}","templated":true}]}}