{"id":3952,"date":"2024-07-28T21:57:05","date_gmt":"2024-07-28T21:57:05","guid":{"rendered":"https:\/\/edyceramic-shop.ro\/produs\/millstone-black-d-p145\/"},"modified":"2025-08-01T13:31:54","modified_gmt":"2025-08-01T11:31:54","slug":"millstone-black-d-p145","status":"publish","type":"product","link":"https:\/\/edyceramic-shop.ro\/en\/product\/millstone-black-d-p145\/","title":{"rendered":"Gresie MILLSTONE BLACK-D P145 60x120cm"},"content":{"rendered":"<p>Pl\u0103cile Millstone Black-D de la La Platera sunt solu\u021bia perfect\u0103 pentru a aduce un plus de stil \u0219i elegan\u021b\u0103 oric\u0103rui spa\u021biu, fie interior sau exterior. Cu dimensiuni de 60&#215;120 cm \u0219i un finisaj mat, aceste pl\u0103ci ofer\u0103 un aspect modern \u0219i sofisticat. Fiecare cutie con\u021bine 2 pl\u0103ci, acoperind o suprafa\u021b\u0103 total\u0103 de 1.44 m\u00b2, fiind ideale pentru diverse proiecte de amenajare. Pl\u0103cile sunt rectificate, asigur\u00e2nd o montare precis\u0103 \u0219i uniform\u0103, pentru un rezultat continuu \u0219i impecabil. Rezistente la \u00eenghe\u021b, acestea sunt durabile \u0219i versatile, potrivite pentru utilizare \u00een diverse condi\u021bii de mediu. Millstone Black-D din colec\u021bia Millstone de la La Platera este perfect pentru crearea unui design elegant \u0219i contemporan.<\/p>","protected":false},"excerpt":{"rendered":"<p>Pl\u0103cile Millstone Black-D de la La Platera sunt solu\u021bia perfect\u0103 pentru a aduce un plus de stil \u0219i elegan\u021b\u0103 oric\u0103rui<\/p>","protected":false},"featured_media":3954,"template":"","meta":[],"product_brand":[],"product_cat":[301,467],"product_tag":[],"class_list":{"0":"post-3952","1":"product","2":"type-product","3":"status-publish","4":"has-post-thumbnail","6":"product_cat-gresie","7":"product_cat-gresie-si-faianta","8":"pa_ambalare-1-44m2-cutie","9":"pa_calitatea-1091","10":"pa_colectie-millstone","11":"pa_dimensiune-60x120cm","12":"pa_fabrica-la-platera","13":"pa_finisaj-mat","14":"pa_numar-de-placi-in-pachet-1206","15":"pa_rectificat-da","16":"pa_rezistent-la-inghet-da","17":"pa_utilizare-interior-exterior","19":"first","20":"instock","21":"purchasable","22":"product-type-simple"},"yoast_head":"<!-- This site is optimized with the Yoast SEO Premium plugin v21.6 (Yoast SEO v22.1) - https:\/\/yoast.com\/wordpress\/plugins\/seo\/ -->\n<title>Gresie MILLSTONE BLACK-D P145 60x120cm - Edyceramic - magazin online<\/title>\n<meta name=\"robots\" content=\"index, follow, max-snippet:-1, max-image-preview:large, max-video-preview:-1\" \/>\n<link rel=\"canonical\" href=\"https:\/\/edyceramic-shop.ro\/en\/product\/millstone-black-d-p145\/\" \/>\n<meta property=\"og:locale\" content=\"en_US\" \/>\n<meta property=\"og:type\" content=\"article\" \/>\n<meta property=\"og:title\" content=\"Gresie MILLSTONE BLACK-D P145 60x120cm\" \/>\n<meta property=\"og:description\" content=\"Pl\u0103cile Millstone Black-D de la La Platera sunt solu\u021bia perfect\u0103 pentru a aduce un plus de stil \u0219i elegan\u021b\u0103 oric\u0103rui\" \/>\n<meta property=\"og:url\" content=\"https:\/\/edyceramic-shop.ro\/en\/product\/millstone-black-d-p145\/\" \/>\n<meta property=\"og:site_name\" content=\"Edyceramic - magazin online\" \/>\n<meta property=\"article:modified_time\" content=\"2025-08-01T11:31:54+00:00\" \/>\n<meta property=\"og:image\" content=\"https:\/\/edyceramic-shop.ro\/wp-content\/uploads\/2024\/07\/millstone-black-d-1.jpg\" \/>\n\t<meta property=\"og:image:width\" content=\"1024\" \/>\n\t<meta property=\"og:image:height\" content=\"512\" \/>\n\t<meta property=\"og:image:type\" content=\"image\/jpeg\" \/>\n<meta name=\"twitter:card\" content=\"summary_large_image\" \/>\n<meta name=\"twitter:label1\" content=\"Price\" \/>\n\t<meta name=\"twitter:data1\" content=\"216,00&nbsp;lei\" \/>\n\t<meta name=\"twitter:label2\" content=\"Availability\" \/>\n\t<meta name=\"twitter:data2\" content=\"In stock\" \/>\n<script type=\"application\/ld+json\" class=\"yoast-schema-graph\">{\"@context\":\"https:\/\/schema.org\",\"@graph\":[{\"@type\":\"WebPage\",\"@id\":\"https:\/\/edyceramic-shop.ro\/produs\/millstone-black-d-p145\/\",\"url\":\"https:\/\/edyceramic-shop.ro\/produs\/millstone-black-d-p145\/\",\"name\":\"Gresie MILLSTONE BLACK-D P145 60x120cm - Edyceramic - magazin online\",\"isPartOf\":{\"@id\":\"https:\/\/edyceramic-shop.ro\/ro\/#website\"},\"datePublished\":\"2024-07-28T21:57:05+00:00\",\"dateModified\":\"2025-08-01T11:31:54+00:00\",\"breadcrumb\":{\"@id\":\"https:\/\/edyceramic-shop.ro\/produs\/millstone-black-d-p145\/#breadcrumb\"},\"inLanguage\":\"en-US\",\"potentialAction\":[{\"@type\":\"ReadAction\",\"target\":[\"https:\/\/edyceramic-shop.ro\/produs\/millstone-black-d-p145\/\"]}]},{\"@type\":\"BreadcrumbList\",\"@id\":\"https:\/\/edyceramic-shop.ro\/produs\/millstone-black-d-p145\/#breadcrumb\",\"itemListElement\":[{\"@type\":\"ListItem\",\"position\":1,\"name\":\"Home\",\"item\":\"https:\/\/edyceramic-shop.ro\/\"},{\"@type\":\"ListItem\",\"position\":2,\"name\":\"Shop\",\"item\":\"https:\/\/edyceramic-shop.ro\/ro\/shop\/\"},{\"@type\":\"ListItem\",\"position\":3,\"name\":\"Gresie MILLSTONE BLACK-D P145 60x120cm\"}]},{\"@type\":\"WebSite\",\"@id\":\"https:\/\/edyceramic-shop.ro\/ro\/#website\",\"url\":\"https:\/\/edyceramic-shop.ro\/ro\/\",\"name\":\"edyceramic.ro\",\"description\":\"\",\"publisher\":{\"@id\":\"https:\/\/edyceramic-shop.ro\/ro\/#organization\"},\"potentialAction\":[{\"@type\":\"SearchAction\",\"target\":{\"@type\":\"EntryPoint\",\"urlTemplate\":\"https:\/\/edyceramic-shop.ro\/ro\/?s={search_term_string}\"},\"query-input\":\"required name=search_term_string\"}],\"inLanguage\":\"en-US\"},{\"@type\":\"Organization\",\"@id\":\"https:\/\/edyceramic-shop.ro\/ro\/#organization\",\"name\":\"Edyceramic\",\"url\":\"https:\/\/edyceramic-shop.ro\/ro\/\",\"logo\":{\"@type\":\"ImageObject\",\"inLanguage\":\"en-US\",\"@id\":\"https:\/\/edyceramic-shop.ro\/ro\/#\/schema\/logo\/image\/\",\"url\":\"https:\/\/edyceramic-shop.ro\/wp-content\/uploads\/2024\/02\/Logo-EdyCeramic_2021-lung.png\",\"contentUrl\":\"https:\/\/edyceramic-shop.ro\/wp-content\/uploads\/2024\/02\/Logo-EdyCeramic_2021-lung.png\",\"width\":4491,\"height\":769,\"caption\":\"Edyceramic\"},\"image\":{\"@id\":\"https:\/\/edyceramic-shop.ro\/ro\/#\/schema\/logo\/image\/\"}}]}<\/script>\n<meta property=\"product:price:amount\" content=\"216.00\" \/>\n<meta property=\"product:price:currency\" content=\"RON\" \/>\n<meta property=\"og:availability\" content=\"instock\" \/>\n<meta property=\"product:availability\" content=\"instock\" \/>\n<meta property=\"product:retailer_item_id\" content=\"7747c5c682ad\" \/>\n<meta property=\"product:condition\" content=\"new\" \/>\n<!-- \/ Yoast SEO Premium plugin. -->","yoast_head_json":{"title":"Gresie MILLSTONE BLACK-D P145 60x120cm - Edyceramic - magazin online","robots":{"index":"index","follow":"follow","max-snippet":"max-snippet:-1","max-image-preview":"max-image-preview:large","max-video-preview":"max-video-preview:-1"},"canonical":"https:\/\/edyceramic-shop.ro\/en\/product\/millstone-black-d-p145\/","og_locale":"en_US","og_type":"article","og_title":"Gresie MILLSTONE BLACK-D P145 60x120cm","og_description":"Pl\u0103cile Millstone Black-D de la La Platera sunt solu\u021bia perfect\u0103 pentru a aduce un plus de stil \u0219i elegan\u021b\u0103 oric\u0103rui","og_url":"https:\/\/edyceramic-shop.ro\/en\/product\/millstone-black-d-p145\/","og_site_name":"Edyceramic - magazin online","article_modified_time":"2025-08-01T11:31:54+00:00","og_image":[{"width":1024,"height":512,"url":"https:\/\/edyceramic-shop.ro\/wp-content\/uploads\/2024\/07\/millstone-black-d-1.jpg","type":"image\/jpeg"}],"twitter_card":"summary_large_image","twitter_misc":{"Price":"216,00&nbsp;lei","Availability":"In stock"},"schema":{"@context":"https:\/\/schema.org","@graph":[{"@type":"WebPage","@id":"https:\/\/edyceramic-shop.ro\/produs\/millstone-black-d-p145\/","url":"https:\/\/edyceramic-shop.ro\/produs\/millstone-black-d-p145\/","name":"Gresie MILLSTONE BLACK-D P145 60x120cm - Edyceramic - magazin online","isPartOf":{"@id":"https:\/\/edyceramic-shop.ro\/ro\/#website"},"datePublished":"2024-07-28T21:57:05+00:00","dateModified":"2025-08-01T11:31:54+00:00","breadcrumb":{"@id":"https:\/\/edyceramic-shop.ro\/produs\/millstone-black-d-p145\/#breadcrumb"},"inLanguage":"en-US","potentialAction":[{"@type":"ReadAction","target":["https:\/\/edyceramic-shop.ro\/produs\/millstone-black-d-p145\/"]}]},{"@type":"BreadcrumbList","@id":"https:\/\/edyceramic-shop.ro\/produs\/millstone-black-d-p145\/#breadcrumb","itemListElement":[{"@type":"ListItem","position":1,"name":"Home","item":"https:\/\/edyceramic-shop.ro\/"},{"@type":"ListItem","position":2,"name":"Shop","item":"https:\/\/edyceramic-shop.ro\/ro\/shop\/"},{"@type":"ListItem","position":3,"name":"Gresie MILLSTONE BLACK-D P145 60x120cm"}]},{"@type":"WebSite","@id":"https:\/\/edyceramic-shop.ro\/ro\/#website","url":"https:\/\/edyceramic-shop.ro\/ro\/","name":"edyceramic.ro","description":"","publisher":{"@id":"https:\/\/edyceramic-shop.ro\/ro\/#organization"},"potentialAction":[{"@type":"SearchAction","target":{"@type":"EntryPoint","urlTemplate":"https:\/\/edyceramic-shop.ro\/ro\/?s={search_term_string}"},"query-input":"required name=search_term_string"}],"inLanguage":"en-US"},{"@type":"Organization","@id":"https:\/\/edyceramic-shop.ro\/ro\/#organization","name":"Edyceramic","url":"https:\/\/edyceramic-shop.ro\/ro\/","logo":{"@type":"ImageObject","inLanguage":"en-US","@id":"https:\/\/edyceramic-shop.ro\/ro\/#\/schema\/logo\/image\/","url":"https:\/\/edyceramic-shop.ro\/wp-content\/uploads\/2024\/02\/Logo-EdyCeramic_2021-lung.png","contentUrl":"https:\/\/edyceramic-shop.ro\/wp-content\/uploads\/2024\/02\/Logo-EdyCeramic_2021-lung.png","width":4491,"height":769,"caption":"Edyceramic"},"image":{"@id":"https:\/\/edyceramic-shop.ro\/ro\/#\/schema\/logo\/image\/"}}]},"product_price_amount":"216.00","product_price_currency":"RON","og_availability":"instock","product_availability":"instock","product_retailer_item_id":"7747c5c682ad","product_condition":"new"},"jetpack_sharing_enabled":true,"_links":{"self":[{"href":"https:\/\/edyceramic-shop.ro\/en\/wp-json\/wp\/v2\/product\/3952","targetHints":{"allow":["GET"]}}],"collection":[{"href":"https:\/\/edyceramic-shop.ro\/en\/wp-json\/wp\/v2\/product"}],"about":[{"href":"https:\/\/edyceramic-shop.ro\/en\/wp-json\/wp\/v2\/types\/product"}],"version-history":[{"count":3,"href":"https:\/\/edyceramic-shop.ro\/en\/wp-json\/wp\/v2\/product\/3952\/revisions"}],"predecessor-version":[{"id":23367,"href":"https:\/\/edyceramic-shop.ro\/en\/wp-json\/wp\/v2\/product\/3952\/revisions\/23367"}],"wp:featuredmedia":[{"embeddable":true,"href":"https:\/\/edyceramic-shop.ro\/en\/wp-json\/wp\/v2\/media\/3954"}],"wp:attachment":[{"href":"https:\/\/edyceramic-shop.ro\/en\/wp-json\/wp\/v2\/media?parent=3952"}],"wp:term":[{"taxonomy":"product_brand","embeddable":true,"href":"https:\/\/edyceramic-shop.ro\/en\/wp-json\/wp\/v2\/product_brand?post=3952"},{"taxonomy":"product_cat","embeddable":true,"href":"https:\/\/edyceramic-shop.ro\/en\/wp-json\/wp\/v2\/product_cat?post=3952"},{"taxonomy":"product_tag","embeddable":true,"href":"https:\/\/edyceramic-shop.ro\/en\/wp-json\/wp\/v2\/product_tag?post=3952"}],"curies":[{"name":"wp","href":"https:\/\/api.w.org\/{rel}","templated":true}]}}