{"id":3220,"date":"2024-07-28T21:46:13","date_gmt":"2024-07-28T21:46:13","guid":{"rendered":"https:\/\/edyceramic-shop.ro\/produs\/abstract-green-pol\/"},"modified":"2025-08-01T13:31:39","modified_gmt":"2025-08-01T11:31:39","slug":"abstract-green-pol","status":"publish","type":"product","link":"https:\/\/edyceramic-shop.ro\/en\/product\/abstract-green-pol\/","title":{"rendered":"Gresie ABSTRACT GREEN POL 280x120cm"},"content":{"rendered":"<p>Discover the vibrant nature of the \"Abstract Green\" tiles from the Paradyz collection. These striking tiles have generous dimensions of 280\u00d7120 cm and a glossy finish, bringing a contemporary and fresh touch to any interior space.<\/p>\n<p>Each box contains a single tile, enough to cover an area of 3.36 m\u00b2, perfect for large interior design projects. The tiles are ground to ensure a precise and even fit, contributing to a seamless and seamless look throughout the space.<\/p>\n<p>Intended for indoor use only, Abstract Green tiles are not frost-resistant and are recommended for spaces where vibrant design and energetic aesthetics are valued.<\/p>\n<p>Manufactured by Paradyz, a respected brand in the building materials industry, the tiles in the \"Abstract Green\" collection are the ideal choice for those who want to bring a touch of freshness and naturalness to their interior design without compromising on quality and aesthetics.<\/p>","protected":false},"excerpt":{"rendered":"<p>Descoper\u0103 natura vibrant\u0103 a pl\u0103cilor &#8222;Abstract Green&#8221; din colec\u021bia Paradyz. Aceste pl\u0103ci remarcabile au dimensiunile generoase de 280&#215;120 cm \u0219i<\/p>","protected":false},"featured_media":3222,"template":"","meta":[],"product_brand":[],"product_cat":[467,303],"product_tag":[],"class_list":{"0":"post-3220","1":"product","2":"type-product","3":"status-publish","4":"has-post-thumbnail","6":"product_cat-gresie-si-faianta","7":"product_cat-gresie-placi-mari","8":"pa_ambalare-3-36m2-cutie","9":"pa_calitatea-1091","10":"pa_colectie-abstract","11":"pa_dimensiune-280x120cm","12":"pa_fabrica-paradyz","13":"pa_finisaj-lucios","14":"pa_numar-de-placi-in-pachet-1090","15":"pa_rectificat-da","16":"pa_rezistent-la-inghet-nu","17":"pa_utilizare-interior","19":"first","20":"instock","21":"purchasable","22":"product-type-simple"},"yoast_head":"<!-- This site is optimized with the Yoast SEO Premium plugin v21.6 (Yoast SEO v22.1) - https:\/\/yoast.com\/wordpress\/plugins\/seo\/ -->\n<title>Gresie ABSTRACT GREEN POL 280x120cm - Edyceramic - magazin online<\/title>\n<meta name=\"robots\" content=\"index, follow, max-snippet:-1, max-image-preview:large, max-video-preview:-1\" \/>\n<link rel=\"canonical\" href=\"https:\/\/edyceramic-shop.ro\/en\/product\/abstract-green-pol\/\" \/>\n<meta property=\"og:locale\" content=\"en_US\" \/>\n<meta property=\"og:type\" content=\"article\" \/>\n<meta property=\"og:title\" content=\"Gresie ABSTRACT GREEN POL 280x120cm\" \/>\n<meta property=\"og:description\" content=\"Descoper\u0103 natura vibrant\u0103 a pl\u0103cilor &#8222;Abstract Green&#8221; din colec\u021bia Paradyz. Aceste pl\u0103ci remarcabile au dimensiunile generoase de 280&#215;120 cm \u0219i\" \/>\n<meta property=\"og:url\" content=\"https:\/\/edyceramic-shop.ro\/en\/product\/abstract-green-pol\/\" \/>\n<meta property=\"og:site_name\" content=\"Edyceramic - magazin online\" \/>\n<meta property=\"article:modified_time\" content=\"2025-08-01T11:31:39+00:00\" \/>\n<meta property=\"og:image\" content=\"https:\/\/edyceramic-shop.ro\/wp-content\/uploads\/2024\/07\/abstract-green-pol-1.webp\" \/>\n\t<meta property=\"og:image:width\" content=\"214\" \/>\n\t<meta property=\"og:image:height\" content=\"500\" \/>\n\t<meta property=\"og:image:type\" content=\"image\/webp\" \/>\n<meta name=\"twitter:card\" content=\"summary_large_image\" \/>\n<meta name=\"twitter:label1\" content=\"Price\" \/>\n\t<meta name=\"twitter:data1\" content=\"411,00&nbsp;lei\" \/>\n\t<meta name=\"twitter:label2\" content=\"Availability\" \/>\n\t<meta name=\"twitter:data2\" content=\"In stock\" \/>\n<script type=\"application\/ld+json\" class=\"yoast-schema-graph\">{\"@context\":\"https:\/\/schema.org\",\"@graph\":[{\"@type\":\"WebPage\",\"@id\":\"https:\/\/edyceramic-shop.ro\/produs\/abstract-green-pol\/\",\"url\":\"https:\/\/edyceramic-shop.ro\/produs\/abstract-green-pol\/\",\"name\":\"Gresie ABSTRACT GREEN POL 280x120cm - Edyceramic - magazin online\",\"isPartOf\":{\"@id\":\"https:\/\/edyceramic-shop.ro\/ro\/#website\"},\"datePublished\":\"2024-07-28T21:46:13+00:00\",\"dateModified\":\"2025-08-01T11:31:39+00:00\",\"breadcrumb\":{\"@id\":\"https:\/\/edyceramic-shop.ro\/produs\/abstract-green-pol\/#breadcrumb\"},\"inLanguage\":\"en-US\",\"potentialAction\":[{\"@type\":\"ReadAction\",\"target\":[\"https:\/\/edyceramic-shop.ro\/produs\/abstract-green-pol\/\"]}]},{\"@type\":\"BreadcrumbList\",\"@id\":\"https:\/\/edyceramic-shop.ro\/produs\/abstract-green-pol\/#breadcrumb\",\"itemListElement\":[{\"@type\":\"ListItem\",\"position\":1,\"name\":\"Home\",\"item\":\"https:\/\/edyceramic-shop.ro\/\"},{\"@type\":\"ListItem\",\"position\":2,\"name\":\"Shop\",\"item\":\"https:\/\/edyceramic-shop.ro\/ro\/shop\/\"},{\"@type\":\"ListItem\",\"position\":3,\"name\":\"Gresie ABSTRACT GREEN POL 280x120cm\"}]},{\"@type\":\"WebSite\",\"@id\":\"https:\/\/edyceramic-shop.ro\/ro\/#website\",\"url\":\"https:\/\/edyceramic-shop.ro\/ro\/\",\"name\":\"edyceramic.ro\",\"description\":\"\",\"publisher\":{\"@id\":\"https:\/\/edyceramic-shop.ro\/ro\/#organization\"},\"potentialAction\":[{\"@type\":\"SearchAction\",\"target\":{\"@type\":\"EntryPoint\",\"urlTemplate\":\"https:\/\/edyceramic-shop.ro\/ro\/?s={search_term_string}\"},\"query-input\":\"required name=search_term_string\"}],\"inLanguage\":\"en-US\"},{\"@type\":\"Organization\",\"@id\":\"https:\/\/edyceramic-shop.ro\/ro\/#organization\",\"name\":\"Edyceramic\",\"url\":\"https:\/\/edyceramic-shop.ro\/ro\/\",\"logo\":{\"@type\":\"ImageObject\",\"inLanguage\":\"en-US\",\"@id\":\"https:\/\/edyceramic-shop.ro\/ro\/#\/schema\/logo\/image\/\",\"url\":\"https:\/\/edyceramic-shop.ro\/wp-content\/uploads\/2024\/02\/Logo-EdyCeramic_2021-lung.png\",\"contentUrl\":\"https:\/\/edyceramic-shop.ro\/wp-content\/uploads\/2024\/02\/Logo-EdyCeramic_2021-lung.png\",\"width\":4491,\"height\":769,\"caption\":\"Edyceramic\"},\"image\":{\"@id\":\"https:\/\/edyceramic-shop.ro\/ro\/#\/schema\/logo\/image\/\"}}]}<\/script>\n<meta property=\"product:price:amount\" content=\"411.00\" \/>\n<meta property=\"product:price:currency\" content=\"RON\" \/>\n<meta property=\"og:availability\" content=\"instock\" \/>\n<meta property=\"product:availability\" content=\"instock\" \/>\n<meta property=\"product:retailer_item_id\" content=\"6fbcfae9bc9c\" \/>\n<meta property=\"product:condition\" content=\"new\" \/>\n<!-- \/ Yoast SEO Premium plugin. -->","yoast_head_json":{"title":"Gresie ABSTRACT GREEN POL 280x120cm - Edyceramic - magazin online","robots":{"index":"index","follow":"follow","max-snippet":"max-snippet:-1","max-image-preview":"max-image-preview:large","max-video-preview":"max-video-preview:-1"},"canonical":"https:\/\/edyceramic-shop.ro\/en\/product\/abstract-green-pol\/","og_locale":"en_US","og_type":"article","og_title":"Gresie ABSTRACT GREEN POL 280x120cm","og_description":"Descoper\u0103 natura vibrant\u0103 a pl\u0103cilor &#8222;Abstract Green&#8221; din colec\u021bia Paradyz. Aceste pl\u0103ci remarcabile au dimensiunile generoase de 280&#215;120 cm \u0219i","og_url":"https:\/\/edyceramic-shop.ro\/en\/product\/abstract-green-pol\/","og_site_name":"Edyceramic - magazin online","article_modified_time":"2025-08-01T11:31:39+00:00","og_image":[{"width":214,"height":500,"url":"https:\/\/edyceramic-shop.ro\/wp-content\/uploads\/2024\/07\/abstract-green-pol-1.webp","type":"image\/webp"}],"twitter_card":"summary_large_image","twitter_misc":{"Price":"411,00&nbsp;lei","Availability":"In stock"},"schema":{"@context":"https:\/\/schema.org","@graph":[{"@type":"WebPage","@id":"https:\/\/edyceramic-shop.ro\/produs\/abstract-green-pol\/","url":"https:\/\/edyceramic-shop.ro\/produs\/abstract-green-pol\/","name":"Gresie ABSTRACT GREEN POL 280x120cm - Edyceramic - magazin online","isPartOf":{"@id":"https:\/\/edyceramic-shop.ro\/ro\/#website"},"datePublished":"2024-07-28T21:46:13+00:00","dateModified":"2025-08-01T11:31:39+00:00","breadcrumb":{"@id":"https:\/\/edyceramic-shop.ro\/produs\/abstract-green-pol\/#breadcrumb"},"inLanguage":"en-US","potentialAction":[{"@type":"ReadAction","target":["https:\/\/edyceramic-shop.ro\/produs\/abstract-green-pol\/"]}]},{"@type":"BreadcrumbList","@id":"https:\/\/edyceramic-shop.ro\/produs\/abstract-green-pol\/#breadcrumb","itemListElement":[{"@type":"ListItem","position":1,"name":"Home","item":"https:\/\/edyceramic-shop.ro\/"},{"@type":"ListItem","position":2,"name":"Shop","item":"https:\/\/edyceramic-shop.ro\/ro\/shop\/"},{"@type":"ListItem","position":3,"name":"Gresie ABSTRACT GREEN POL 280x120cm"}]},{"@type":"WebSite","@id":"https:\/\/edyceramic-shop.ro\/ro\/#website","url":"https:\/\/edyceramic-shop.ro\/ro\/","name":"edyceramic.ro","description":"","publisher":{"@id":"https:\/\/edyceramic-shop.ro\/ro\/#organization"},"potentialAction":[{"@type":"SearchAction","target":{"@type":"EntryPoint","urlTemplate":"https:\/\/edyceramic-shop.ro\/ro\/?s={search_term_string}"},"query-input":"required name=search_term_string"}],"inLanguage":"en-US"},{"@type":"Organization","@id":"https:\/\/edyceramic-shop.ro\/ro\/#organization","name":"Edyceramic","url":"https:\/\/edyceramic-shop.ro\/ro\/","logo":{"@type":"ImageObject","inLanguage":"en-US","@id":"https:\/\/edyceramic-shop.ro\/ro\/#\/schema\/logo\/image\/","url":"https:\/\/edyceramic-shop.ro\/wp-content\/uploads\/2024\/02\/Logo-EdyCeramic_2021-lung.png","contentUrl":"https:\/\/edyceramic-shop.ro\/wp-content\/uploads\/2024\/02\/Logo-EdyCeramic_2021-lung.png","width":4491,"height":769,"caption":"Edyceramic"},"image":{"@id":"https:\/\/edyceramic-shop.ro\/ro\/#\/schema\/logo\/image\/"}}]},"product_price_amount":"411.00","product_price_currency":"RON","og_availability":"instock","product_availability":"instock","product_retailer_item_id":"6fbcfae9bc9c","product_condition":"new"},"jetpack_sharing_enabled":true,"_links":{"self":[{"href":"https:\/\/edyceramic-shop.ro\/en\/wp-json\/wp\/v2\/product\/3220","targetHints":{"allow":["GET"]}}],"collection":[{"href":"https:\/\/edyceramic-shop.ro\/en\/wp-json\/wp\/v2\/product"}],"about":[{"href":"https:\/\/edyceramic-shop.ro\/en\/wp-json\/wp\/v2\/types\/product"}],"version-history":[{"count":3,"href":"https:\/\/edyceramic-shop.ro\/en\/wp-json\/wp\/v2\/product\/3220\/revisions"}],"predecessor-version":[{"id":23483,"href":"https:\/\/edyceramic-shop.ro\/en\/wp-json\/wp\/v2\/product\/3220\/revisions\/23483"}],"wp:featuredmedia":[{"embeddable":true,"href":"https:\/\/edyceramic-shop.ro\/en\/wp-json\/wp\/v2\/media\/3222"}],"wp:attachment":[{"href":"https:\/\/edyceramic-shop.ro\/en\/wp-json\/wp\/v2\/media?parent=3220"}],"wp:term":[{"taxonomy":"product_brand","embeddable":true,"href":"https:\/\/edyceramic-shop.ro\/en\/wp-json\/wp\/v2\/product_brand?post=3220"},{"taxonomy":"product_cat","embeddable":true,"href":"https:\/\/edyceramic-shop.ro\/en\/wp-json\/wp\/v2\/product_cat?post=3220"},{"taxonomy":"product_tag","embeddable":true,"href":"https:\/\/edyceramic-shop.ro\/en\/wp-json\/wp\/v2\/product_tag?post=3220"}],"curies":[{"name":"wp","href":"https:\/\/api.w.org\/{rel}","templated":true}]}}