{"id":3165,"date":"2024-07-28T21:44:55","date_gmt":"2024-07-28T21:44:55","guid":{"rendered":"https:\/\/edyceramic-shop.ro\/produs\/specchio-carrara-sat\/"},"modified":"2025-08-01T13:31:38","modified_gmt":"2025-08-01T11:31:38","slug":"specchio-carrara-sat","status":"publish","type":"product","link":"https:\/\/edyceramic-shop.ro\/en\/product\/specchio-carrara-sat\/","title":{"rendered":"Gresie SPECCHIO CARRARA SAT 275x120cm"},"content":{"rendered":"<p>Descoper\u0103 elegan\u021ba \u0219i rafinamentul suprem cu pl\u0103cile din colec\u021bia &#8222;Specchio Carrara Sat&#8221; de la Tubadzin. Aceste pl\u0103ci remarcabile, cu dimensiunile lor impresionante de 275&#215;120 cm \u0219i finisajul satinat, adaug\u0103 un aer sofisticat \u0219i contemporan \u00een orice tip de spa\u021biu.<\/p>\n<p>Fiecare cutie con\u021bine o singur\u0103 plac\u0103, suficient\u0103 pentru a acoperi o suprafa\u021b\u0103 de 3.29 m\u00b2, ideal\u0103 pentru proiecte de amenajare interioar\u0103 \u0219i exterioar\u0103. Pl\u0103cile sunt rectificate pentru a asigura o montare precis\u0103 \u0219i uniform\u0103, oferind un aspect impecabil \u0219i continuu \u00een \u00eentregul spa\u021biu.<\/p>\n<p>Fiind rezistente la \u00eenghe\u021b, pl\u0103cile din colec\u021bia &#8222;Specchio Carrara Sat&#8221; sunt durabile \u0219i potrivite pentru utilizare \u00een diverse condi\u021bii de mediu. Fabricate de Tubadzin, un brand recunoscut pentru inova\u021bie \u0219i calitate \u00een industria materialelor de construc\u021bii, aceste pl\u0103ci sunt alegerea perfect\u0103 pentru cei care apreciaz\u0103 designul elegant \u0219i func\u021bionalitatea superioar\u0103 \u00een proiectele lor de amenajare.<\/p>","protected":false},"excerpt":{"rendered":"<p>Descoper\u0103 elegan\u021ba \u0219i rafinamentul suprem cu pl\u0103cile din colec\u021bia &#8222;Specchio Carrara Sat&#8221; de la Tubadzin. Aceste pl\u0103ci remarcabile, cu dimensiunile<\/p>","protected":false},"featured_media":3167,"template":"","meta":[],"product_brand":[],"product_cat":[467,303],"product_tag":[],"class_list":{"0":"post-3165","1":"product","2":"type-product","3":"status-publish","4":"has-post-thumbnail","6":"product_cat-gresie-si-faianta","7":"product_cat-gresie-placi-mari","8":"pa_ambalare-3-29m2-cutie","9":"pa_calitatea-1091","10":"pa_colectie-specchio-carrara","11":"pa_dimensiune-275x120cm","12":"pa_fabrica-tubadzin","13":"pa_finisaj-satin","14":"pa_numar-de-placi-in-pachet-1090","15":"pa_rectificat-da","16":"pa_rezistent-la-inghet-da","17":"pa_utilizare-interior-exterior","19":"first","20":"instock","21":"purchasable","22":"product-type-simple"},"yoast_head":"<!-- This site is optimized with the Yoast SEO Premium plugin v21.6 (Yoast SEO v22.1) - https:\/\/yoast.com\/wordpress\/plugins\/seo\/ -->\n<title>Gresie SPECCHIO CARRARA SAT 275x120cm - Edyceramic - magazin online<\/title>\n<meta name=\"robots\" content=\"index, follow, max-snippet:-1, max-image-preview:large, max-video-preview:-1\" \/>\n<link rel=\"canonical\" href=\"https:\/\/edyceramic-shop.ro\/en\/product\/specchio-carrara-sat\/\" \/>\n<meta property=\"og:locale\" content=\"en_US\" \/>\n<meta property=\"og:type\" content=\"article\" \/>\n<meta property=\"og:title\" content=\"Gresie SPECCHIO CARRARA SAT 275x120cm\" \/>\n<meta property=\"og:description\" content=\"Descoper\u0103 elegan\u021ba \u0219i rafinamentul suprem cu pl\u0103cile din colec\u021bia &#8222;Specchio Carrara Sat&#8221; de la Tubadzin. Aceste pl\u0103ci remarcabile, cu dimensiunile\" \/>\n<meta property=\"og:url\" content=\"https:\/\/edyceramic-shop.ro\/en\/product\/specchio-carrara-sat\/\" \/>\n<meta property=\"og:site_name\" content=\"Edyceramic - magazin online\" \/>\n<meta property=\"article:modified_time\" content=\"2025-08-01T11:31:38+00:00\" \/>\n<meta property=\"og:image\" content=\"https:\/\/edyceramic-shop.ro\/wp-content\/uploads\/2024\/07\/specchio-carrara-sat-1.jpg\" \/>\n\t<meta property=\"og:image:width\" content=\"800\" \/>\n\t<meta property=\"og:image:height\" content=\"400\" \/>\n\t<meta property=\"og:image:type\" content=\"image\/jpeg\" \/>\n<meta name=\"twitter:card\" content=\"summary_large_image\" \/>\n<meta name=\"twitter:label1\" content=\"Price\" \/>\n\t<meta name=\"twitter:data1\" content=\"418,00&nbsp;lei\" \/>\n\t<meta name=\"twitter:label2\" content=\"Availability\" \/>\n\t<meta name=\"twitter:data2\" content=\"In stock\" \/>\n<script type=\"application\/ld+json\" class=\"yoast-schema-graph\">{\"@context\":\"https:\/\/schema.org\",\"@graph\":[{\"@type\":\"WebPage\",\"@id\":\"https:\/\/edyceramic-shop.ro\/produs\/specchio-carrara-sat\/\",\"url\":\"https:\/\/edyceramic-shop.ro\/produs\/specchio-carrara-sat\/\",\"name\":\"Gresie SPECCHIO CARRARA SAT 275x120cm - Edyceramic - magazin online\",\"isPartOf\":{\"@id\":\"https:\/\/edyceramic-shop.ro\/ro\/#website\"},\"datePublished\":\"2024-07-28T21:44:55+00:00\",\"dateModified\":\"2025-08-01T11:31:38+00:00\",\"breadcrumb\":{\"@id\":\"https:\/\/edyceramic-shop.ro\/produs\/specchio-carrara-sat\/#breadcrumb\"},\"inLanguage\":\"en-US\",\"potentialAction\":[{\"@type\":\"ReadAction\",\"target\":[\"https:\/\/edyceramic-shop.ro\/produs\/specchio-carrara-sat\/\"]}]},{\"@type\":\"BreadcrumbList\",\"@id\":\"https:\/\/edyceramic-shop.ro\/produs\/specchio-carrara-sat\/#breadcrumb\",\"itemListElement\":[{\"@type\":\"ListItem\",\"position\":1,\"name\":\"Home\",\"item\":\"https:\/\/edyceramic-shop.ro\/\"},{\"@type\":\"ListItem\",\"position\":2,\"name\":\"Shop\",\"item\":\"https:\/\/edyceramic-shop.ro\/ro\/shop\/\"},{\"@type\":\"ListItem\",\"position\":3,\"name\":\"Gresie SPECCHIO CARRARA SAT 275x120cm\"}]},{\"@type\":\"WebSite\",\"@id\":\"https:\/\/edyceramic-shop.ro\/ro\/#website\",\"url\":\"https:\/\/edyceramic-shop.ro\/ro\/\",\"name\":\"edyceramic.ro\",\"description\":\"\",\"publisher\":{\"@id\":\"https:\/\/edyceramic-shop.ro\/ro\/#organization\"},\"potentialAction\":[{\"@type\":\"SearchAction\",\"target\":{\"@type\":\"EntryPoint\",\"urlTemplate\":\"https:\/\/edyceramic-shop.ro\/ro\/?s={search_term_string}\"},\"query-input\":\"required name=search_term_string\"}],\"inLanguage\":\"en-US\"},{\"@type\":\"Organization\",\"@id\":\"https:\/\/edyceramic-shop.ro\/ro\/#organization\",\"name\":\"Edyceramic\",\"url\":\"https:\/\/edyceramic-shop.ro\/ro\/\",\"logo\":{\"@type\":\"ImageObject\",\"inLanguage\":\"en-US\",\"@id\":\"https:\/\/edyceramic-shop.ro\/ro\/#\/schema\/logo\/image\/\",\"url\":\"https:\/\/edyceramic-shop.ro\/wp-content\/uploads\/2024\/02\/Logo-EdyCeramic_2021-lung.png\",\"contentUrl\":\"https:\/\/edyceramic-shop.ro\/wp-content\/uploads\/2024\/02\/Logo-EdyCeramic_2021-lung.png\",\"width\":4491,\"height\":769,\"caption\":\"Edyceramic\"},\"image\":{\"@id\":\"https:\/\/edyceramic-shop.ro\/ro\/#\/schema\/logo\/image\/\"}}]}<\/script>\n<meta property=\"product:price:amount\" content=\"418.00\" \/>\n<meta property=\"product:price:currency\" content=\"RON\" \/>\n<meta property=\"og:availability\" content=\"instock\" \/>\n<meta property=\"product:availability\" content=\"instock\" \/>\n<meta property=\"product:retailer_item_id\" content=\"7ba31d4939bb\" \/>\n<meta property=\"product:condition\" content=\"new\" \/>\n<!-- \/ Yoast SEO Premium plugin. -->","yoast_head_json":{"title":"Gresie SPECCHIO CARRARA SAT 275x120cm - Edyceramic - magazin online","robots":{"index":"index","follow":"follow","max-snippet":"max-snippet:-1","max-image-preview":"max-image-preview:large","max-video-preview":"max-video-preview:-1"},"canonical":"https:\/\/edyceramic-shop.ro\/en\/product\/specchio-carrara-sat\/","og_locale":"en_US","og_type":"article","og_title":"Gresie SPECCHIO CARRARA SAT 275x120cm","og_description":"Descoper\u0103 elegan\u021ba \u0219i rafinamentul suprem cu pl\u0103cile din colec\u021bia &#8222;Specchio Carrara Sat&#8221; de la Tubadzin. Aceste pl\u0103ci remarcabile, cu dimensiunile","og_url":"https:\/\/edyceramic-shop.ro\/en\/product\/specchio-carrara-sat\/","og_site_name":"Edyceramic - magazin online","article_modified_time":"2025-08-01T11:31:38+00:00","og_image":[{"width":800,"height":400,"url":"https:\/\/edyceramic-shop.ro\/wp-content\/uploads\/2024\/07\/specchio-carrara-sat-1.jpg","type":"image\/jpeg"}],"twitter_card":"summary_large_image","twitter_misc":{"Price":"418,00&nbsp;lei","Availability":"In stock"},"schema":{"@context":"https:\/\/schema.org","@graph":[{"@type":"WebPage","@id":"https:\/\/edyceramic-shop.ro\/produs\/specchio-carrara-sat\/","url":"https:\/\/edyceramic-shop.ro\/produs\/specchio-carrara-sat\/","name":"Gresie SPECCHIO CARRARA SAT 275x120cm - Edyceramic - magazin online","isPartOf":{"@id":"https:\/\/edyceramic-shop.ro\/ro\/#website"},"datePublished":"2024-07-28T21:44:55+00:00","dateModified":"2025-08-01T11:31:38+00:00","breadcrumb":{"@id":"https:\/\/edyceramic-shop.ro\/produs\/specchio-carrara-sat\/#breadcrumb"},"inLanguage":"en-US","potentialAction":[{"@type":"ReadAction","target":["https:\/\/edyceramic-shop.ro\/produs\/specchio-carrara-sat\/"]}]},{"@type":"BreadcrumbList","@id":"https:\/\/edyceramic-shop.ro\/produs\/specchio-carrara-sat\/#breadcrumb","itemListElement":[{"@type":"ListItem","position":1,"name":"Home","item":"https:\/\/edyceramic-shop.ro\/"},{"@type":"ListItem","position":2,"name":"Shop","item":"https:\/\/edyceramic-shop.ro\/ro\/shop\/"},{"@type":"ListItem","position":3,"name":"Gresie SPECCHIO CARRARA SAT 275x120cm"}]},{"@type":"WebSite","@id":"https:\/\/edyceramic-shop.ro\/ro\/#website","url":"https:\/\/edyceramic-shop.ro\/ro\/","name":"edyceramic.ro","description":"","publisher":{"@id":"https:\/\/edyceramic-shop.ro\/ro\/#organization"},"potentialAction":[{"@type":"SearchAction","target":{"@type":"EntryPoint","urlTemplate":"https:\/\/edyceramic-shop.ro\/ro\/?s={search_term_string}"},"query-input":"required name=search_term_string"}],"inLanguage":"en-US"},{"@type":"Organization","@id":"https:\/\/edyceramic-shop.ro\/ro\/#organization","name":"Edyceramic","url":"https:\/\/edyceramic-shop.ro\/ro\/","logo":{"@type":"ImageObject","inLanguage":"en-US","@id":"https:\/\/edyceramic-shop.ro\/ro\/#\/schema\/logo\/image\/","url":"https:\/\/edyceramic-shop.ro\/wp-content\/uploads\/2024\/02\/Logo-EdyCeramic_2021-lung.png","contentUrl":"https:\/\/edyceramic-shop.ro\/wp-content\/uploads\/2024\/02\/Logo-EdyCeramic_2021-lung.png","width":4491,"height":769,"caption":"Edyceramic"},"image":{"@id":"https:\/\/edyceramic-shop.ro\/ro\/#\/schema\/logo\/image\/"}}]},"product_price_amount":"418.00","product_price_currency":"RON","og_availability":"instock","product_availability":"instock","product_retailer_item_id":"7ba31d4939bb","product_condition":"new"},"jetpack_sharing_enabled":true,"_links":{"self":[{"href":"https:\/\/edyceramic-shop.ro\/en\/wp-json\/wp\/v2\/product\/3165","targetHints":{"allow":["GET"]}}],"collection":[{"href":"https:\/\/edyceramic-shop.ro\/en\/wp-json\/wp\/v2\/product"}],"about":[{"href":"https:\/\/edyceramic-shop.ro\/en\/wp-json\/wp\/v2\/types\/product"}],"version-history":[{"count":3,"href":"https:\/\/edyceramic-shop.ro\/en\/wp-json\/wp\/v2\/product\/3165\/revisions"}],"predecessor-version":[{"id":23485,"href":"https:\/\/edyceramic-shop.ro\/en\/wp-json\/wp\/v2\/product\/3165\/revisions\/23485"}],"wp:featuredmedia":[{"embeddable":true,"href":"https:\/\/edyceramic-shop.ro\/en\/wp-json\/wp\/v2\/media\/3167"}],"wp:attachment":[{"href":"https:\/\/edyceramic-shop.ro\/en\/wp-json\/wp\/v2\/media?parent=3165"}],"wp:term":[{"taxonomy":"product_brand","embeddable":true,"href":"https:\/\/edyceramic-shop.ro\/en\/wp-json\/wp\/v2\/product_brand?post=3165"},{"taxonomy":"product_cat","embeddable":true,"href":"https:\/\/edyceramic-shop.ro\/en\/wp-json\/wp\/v2\/product_cat?post=3165"},{"taxonomy":"product_tag","embeddable":true,"href":"https:\/\/edyceramic-shop.ro\/en\/wp-json\/wp\/v2\/product_tag?post=3165"}],"curies":[{"name":"wp","href":"https:\/\/api.w.org\/{rel}","templated":true}]}}