{"id":2914,"date":"2024-06-26T08:27:54","date_gmt":"2024-06-26T08:27:54","guid":{"rendered":"https:\/\/edyceramic-shop.ro\/product\/banda-led-flexibila-smd3528-9-6w-m-cri90-24v-120led-m-rola-5m-alb-cald-neutru-sau-rece\/"},"modified":"2025-08-01T13:31:35","modified_gmt":"2025-08-01T11:31:35","slug":"banda-led-flexibila-smd3528-9-6w-m-cri90-24v-120led-m-rola-5m-alb-cald-neutru-sau-rece","status":"publish","type":"product","link":"https:\/\/edyceramic-shop.ro\/en\/product\/banda-led-flexibila-smd3528-9-6w-m-cri90-24v-120led-m-rola-5m-alb-cald-neutru-sau-rece\/","title":{"rendered":"Band\u0103 LED flexibil\u0103 &#8211; SMD3528 9.6W\/m CRI90 24V 120led\/m rol\u0103 5m alb-cald, neutru sau rece"},"content":{"rendered":"<p>Band\u0103 LED SMD 2216 9W\/m CRI>90  3000 sau 4000 K<\/p>\n<p>Banda Top Led de 9.6 W\/m este o band\u0103 de putere medie,de ultim\u0103 genera\u021bie, are 120 leduri\/metru ceea ce o face ideal\u0103 pentru folosire \u00een aproape toate variantele de profile led cu latimea de minim 8 mm .<\/p>\n<p>SMD 3528  (Surface Mounted Device) sunt  configura\u021bii noi , cu un raport optim pre\u021b-calitate.<\/p>\n<p>Banda se poate comanda \u00een 3 variante de temperatur\u0103 a culorii luminii &#8211; alb cald, alb neutru sau rece .  <\/p>\n<p>Avantajele  SMD 3528 fa\u021b\u0103 de 5050:<\/p>\n<p>\u2022 arhitectura cipului asigur\u0103 o mai bun\u0103 disipare a c\u0103ldurii \u0219i permite curen\u021bi mai mari<br \/>\n\u2022 Design slim cu o \u00een\u0103l\u021bime de doar 1.2 mm<br \/>\n\u2022 Suprafa\u021b\u0103 mare a LED-ului care \u00eembun\u0103t\u0103\u021besc luminozitatea cu p\u00e2n\u0103 la 90%<br \/>\n\u2022 Eficacitate mai mare de 3-4 ori fa\u021b\u0103 de 3528<\/p>\n<p>Caracteristici:<\/p>\n<p>\u2022 Un  CRI ( indicele de redare a culorii ) foarte mare de peste 90 caracteristic benzilor high-quality<\/p>\n<p>\u2022 se poate lipi pe aproape orice suprafa\u021b\u0103, datorit\u0103 benzii autoadezive 3M<\/p>\n<p>\u2022 durat\u0103 de func\u021bionare extrem de mare<\/p>\n<p>Aplica\u021bii:<br \/>\n\u2022 iluminat de contur, arhitectural \u0219i decorativ<br \/>\n\u2022 iluminat scafe de diferite lungimi \u0219i forme<br \/>\n\u2022 reclame sau panouri luminoase, vitrine, rafturi magazine<\/p>\n<p>Informa\u021bii suplimentare:<br \/>\n\u2022 Alimentarea se face la 24V, deci este necesar\u0103 alegerea unei surse de alimentare \u00een func\u021bie de puterea consumat\u0103 a benzii LED. Este recomandat s\u0103 se foloseasc\u0103 aproximativ 80% din puterea sursei de alimentare. De exemplu, pentru o lungime de 5m de band\u0103 LED, ce are o putere total\u0103 de 48W, se recomand\u0103 o sursa de alimentare de minim 60W.<br \/>\n\u2022 Pentru alegerea sursei de alimentare adecvate accesa\u021bi categoria<\/p>","protected":false},"excerpt":{"rendered":"<p>Band\u0103 LED SMD 2216 9W\/m CRI>90 3000 sau 4000 K Banda Top Led de 9.6 W\/m este o band\u0103 de<\/p>","protected":false},"featured_media":2916,"template":"","meta":[],"product_brand":[],"product_cat":[417,419,391],"product_tag":[],"class_list":{"0":"post-2914","1":"product","2":"type-product","3":"status-publish","4":"has-post-thumbnail","6":"product_cat-profile-benzi-led-si-accesorii","7":"product_cat-benzi-led","8":"product_cat-corpuri-de-iluminat","9":"pa_dimensiune-rola-5ml","10":"pa_fabrica-top-led","11":"pa_numar-de-leduri-120-m","12":"pa_putere-9-6w","13":"pa_temperatura-de-culoare-3000k","14":"pa_tip-led-smd2217","16":"first","17":"instock","18":"purchasable","19":"product-type-simple"},"yoast_head":"<!-- This site is optimized with the Yoast SEO Premium plugin v21.6 (Yoast SEO v22.1) - https:\/\/yoast.com\/wordpress\/plugins\/seo\/ -->\n<title>Band\u0103 LED flexibil\u0103 - SMD3528 9.6W\/m CRI90 24V 120led\/m rol\u0103 5m alb-cald, neutru sau rece - Edyceramic - magazin online<\/title>\n<meta name=\"robots\" content=\"index, follow, max-snippet:-1, max-image-preview:large, max-video-preview:-1\" \/>\n<link rel=\"canonical\" href=\"https:\/\/edyceramic-shop.ro\/en\/product\/banda-led-flexibila-smd3528-9-6w-m-cri90-24v-120led-m-rola-5m-alb-cald-neutru-sau-rece\/\" \/>\n<meta property=\"og:locale\" content=\"en_US\" \/>\n<meta property=\"og:type\" content=\"article\" \/>\n<meta property=\"og:title\" content=\"Band\u0103 LED flexibil\u0103 - SMD3528 9.6W\/m CRI90 24V 120led\/m rol\u0103 5m alb-cald, neutru sau rece\" \/>\n<meta property=\"og:description\" content=\"Band\u0103 LED SMD 2216 9W\/m CRI&gt;90 3000 sau 4000 K Banda Top Led de 9.6 W\/m este o band\u0103 de\" \/>\n<meta property=\"og:url\" content=\"https:\/\/edyceramic-shop.ro\/en\/product\/banda-led-flexibila-smd3528-9-6w-m-cri90-24v-120led-m-rola-5m-alb-cald-neutru-sau-rece\/\" \/>\n<meta property=\"og:site_name\" content=\"Edyceramic - magazin online\" \/>\n<meta property=\"article:modified_time\" content=\"2025-08-01T11:31:35+00:00\" \/>\n<meta property=\"og:image\" content=\"https:\/\/edyceramic-shop.ro\/wp-content\/uploads\/2024\/06\/5b53c93f-14a1-46bf-b82a-72d4cff01652.png\" \/>\n\t<meta property=\"og:image:width\" content=\"502\" \/>\n\t<meta property=\"og:image:height\" content=\"351\" \/>\n\t<meta property=\"og:image:type\" content=\"image\/png\" \/>\n<meta name=\"twitter:card\" content=\"summary_large_image\" \/>\n<meta name=\"twitter:label1\" content=\"Price\" \/>\n\t<meta name=\"twitter:data1\" content=\"105,00&nbsp;lei\" \/>\n\t<meta name=\"twitter:label2\" content=\"Availability\" \/>\n\t<meta name=\"twitter:data2\" content=\"In stock\" \/>\n<script type=\"application\/ld+json\" class=\"yoast-schema-graph\">{\"@context\":\"https:\/\/schema.org\",\"@graph\":[{\"@type\":\"WebPage\",\"@id\":\"https:\/\/edyceramic-shop.ro\/produs\/banda-led-flexibila-smd3528-9-6w-m-cri90-24v-120led-m-rola-5m-alb-cald-neutru-sau-rece\/\",\"url\":\"https:\/\/edyceramic-shop.ro\/produs\/banda-led-flexibila-smd3528-9-6w-m-cri90-24v-120led-m-rola-5m-alb-cald-neutru-sau-rece\/\",\"name\":\"Band\u0103 LED flexibil\u0103 - SMD3528 9.6W\/m CRI90 24V 120led\/m rol\u0103 5m alb-cald, neutru sau rece - Edyceramic - magazin online\",\"isPartOf\":{\"@id\":\"https:\/\/edyceramic-shop.ro\/ro\/#website\"},\"datePublished\":\"2024-06-26T08:27:54+00:00\",\"dateModified\":\"2025-08-01T11:31:35+00:00\",\"breadcrumb\":{\"@id\":\"https:\/\/edyceramic-shop.ro\/produs\/banda-led-flexibila-smd3528-9-6w-m-cri90-24v-120led-m-rola-5m-alb-cald-neutru-sau-rece\/#breadcrumb\"},\"inLanguage\":\"en-US\",\"potentialAction\":[{\"@type\":\"ReadAction\",\"target\":[\"https:\/\/edyceramic-shop.ro\/produs\/banda-led-flexibila-smd3528-9-6w-m-cri90-24v-120led-m-rola-5m-alb-cald-neutru-sau-rece\/\"]}]},{\"@type\":\"BreadcrumbList\",\"@id\":\"https:\/\/edyceramic-shop.ro\/produs\/banda-led-flexibila-smd3528-9-6w-m-cri90-24v-120led-m-rola-5m-alb-cald-neutru-sau-rece\/#breadcrumb\",\"itemListElement\":[{\"@type\":\"ListItem\",\"position\":1,\"name\":\"Home\",\"item\":\"https:\/\/edyceramic-shop.ro\/\"},{\"@type\":\"ListItem\",\"position\":2,\"name\":\"Shop\",\"item\":\"https:\/\/edyceramic-shop.ro\/ro\/shop\/\"},{\"@type\":\"ListItem\",\"position\":3,\"name\":\"Band\u0103 LED flexibil\u0103 &#8211; SMD3528 9.6W\/m CRI90 24V 120led\/m rol\u0103 5m alb-cald, neutru sau rece\"}]},{\"@type\":\"WebSite\",\"@id\":\"https:\/\/edyceramic-shop.ro\/ro\/#website\",\"url\":\"https:\/\/edyceramic-shop.ro\/ro\/\",\"name\":\"edyceramic.ro\",\"description\":\"\",\"publisher\":{\"@id\":\"https:\/\/edyceramic-shop.ro\/ro\/#organization\"},\"potentialAction\":[{\"@type\":\"SearchAction\",\"target\":{\"@type\":\"EntryPoint\",\"urlTemplate\":\"https:\/\/edyceramic-shop.ro\/ro\/?s={search_term_string}\"},\"query-input\":\"required name=search_term_string\"}],\"inLanguage\":\"en-US\"},{\"@type\":\"Organization\",\"@id\":\"https:\/\/edyceramic-shop.ro\/ro\/#organization\",\"name\":\"Edyceramic\",\"url\":\"https:\/\/edyceramic-shop.ro\/ro\/\",\"logo\":{\"@type\":\"ImageObject\",\"inLanguage\":\"en-US\",\"@id\":\"https:\/\/edyceramic-shop.ro\/ro\/#\/schema\/logo\/image\/\",\"url\":\"https:\/\/edyceramic-shop.ro\/wp-content\/uploads\/2024\/02\/Logo-EdyCeramic_2021-lung.png\",\"contentUrl\":\"https:\/\/edyceramic-shop.ro\/wp-content\/uploads\/2024\/02\/Logo-EdyCeramic_2021-lung.png\",\"width\":4491,\"height\":769,\"caption\":\"Edyceramic\"},\"image\":{\"@id\":\"https:\/\/edyceramic-shop.ro\/ro\/#\/schema\/logo\/image\/\"}}]}<\/script>\n<meta property=\"product:price:amount\" content=\"105.00\" \/>\n<meta property=\"product:price:currency\" content=\"RON\" \/>\n<meta property=\"og:availability\" content=\"instock\" \/>\n<meta property=\"product:availability\" content=\"instock\" \/>\n<meta property=\"product:retailer_item_id\" content=\"a3e785d1f116\" \/>\n<meta property=\"product:condition\" content=\"new\" \/>\n<!-- \/ Yoast SEO Premium plugin. -->","yoast_head_json":{"title":"Band\u0103 LED flexibil\u0103 - SMD3528 9.6W\/m CRI90 24V 120led\/m rol\u0103 5m alb-cald, neutru sau rece - Edyceramic - magazin online","robots":{"index":"index","follow":"follow","max-snippet":"max-snippet:-1","max-image-preview":"max-image-preview:large","max-video-preview":"max-video-preview:-1"},"canonical":"https:\/\/edyceramic-shop.ro\/en\/product\/banda-led-flexibila-smd3528-9-6w-m-cri90-24v-120led-m-rola-5m-alb-cald-neutru-sau-rece\/","og_locale":"en_US","og_type":"article","og_title":"Band\u0103 LED flexibil\u0103 - SMD3528 9.6W\/m CRI90 24V 120led\/m rol\u0103 5m alb-cald, neutru sau rece","og_description":"Band\u0103 LED SMD 2216 9W\/m CRI>90 3000 sau 4000 K Banda Top Led de 9.6 W\/m este o band\u0103 de","og_url":"https:\/\/edyceramic-shop.ro\/en\/product\/banda-led-flexibila-smd3528-9-6w-m-cri90-24v-120led-m-rola-5m-alb-cald-neutru-sau-rece\/","og_site_name":"Edyceramic - magazin online","article_modified_time":"2025-08-01T11:31:35+00:00","og_image":[{"width":502,"height":351,"url":"https:\/\/edyceramic-shop.ro\/wp-content\/uploads\/2024\/06\/5b53c93f-14a1-46bf-b82a-72d4cff01652.png","type":"image\/png"}],"twitter_card":"summary_large_image","twitter_misc":{"Price":"105,00&nbsp;lei","Availability":"In stock"},"schema":{"@context":"https:\/\/schema.org","@graph":[{"@type":"WebPage","@id":"https:\/\/edyceramic-shop.ro\/produs\/banda-led-flexibila-smd3528-9-6w-m-cri90-24v-120led-m-rola-5m-alb-cald-neutru-sau-rece\/","url":"https:\/\/edyceramic-shop.ro\/produs\/banda-led-flexibila-smd3528-9-6w-m-cri90-24v-120led-m-rola-5m-alb-cald-neutru-sau-rece\/","name":"Band\u0103 LED flexibil\u0103 - SMD3528 9.6W\/m CRI90 24V 120led\/m rol\u0103 5m alb-cald, neutru sau rece - Edyceramic - magazin online","isPartOf":{"@id":"https:\/\/edyceramic-shop.ro\/ro\/#website"},"datePublished":"2024-06-26T08:27:54+00:00","dateModified":"2025-08-01T11:31:35+00:00","breadcrumb":{"@id":"https:\/\/edyceramic-shop.ro\/produs\/banda-led-flexibila-smd3528-9-6w-m-cri90-24v-120led-m-rola-5m-alb-cald-neutru-sau-rece\/#breadcrumb"},"inLanguage":"en-US","potentialAction":[{"@type":"ReadAction","target":["https:\/\/edyceramic-shop.ro\/produs\/banda-led-flexibila-smd3528-9-6w-m-cri90-24v-120led-m-rola-5m-alb-cald-neutru-sau-rece\/"]}]},{"@type":"BreadcrumbList","@id":"https:\/\/edyceramic-shop.ro\/produs\/banda-led-flexibila-smd3528-9-6w-m-cri90-24v-120led-m-rola-5m-alb-cald-neutru-sau-rece\/#breadcrumb","itemListElement":[{"@type":"ListItem","position":1,"name":"Home","item":"https:\/\/edyceramic-shop.ro\/"},{"@type":"ListItem","position":2,"name":"Shop","item":"https:\/\/edyceramic-shop.ro\/ro\/shop\/"},{"@type":"ListItem","position":3,"name":"Band\u0103 LED flexibil\u0103 &#8211; SMD3528 9.6W\/m CRI90 24V 120led\/m rol\u0103 5m alb-cald, neutru sau rece"}]},{"@type":"WebSite","@id":"https:\/\/edyceramic-shop.ro\/ro\/#website","url":"https:\/\/edyceramic-shop.ro\/ro\/","name":"edyceramic.ro","description":"","publisher":{"@id":"https:\/\/edyceramic-shop.ro\/ro\/#organization"},"potentialAction":[{"@type":"SearchAction","target":{"@type":"EntryPoint","urlTemplate":"https:\/\/edyceramic-shop.ro\/ro\/?s={search_term_string}"},"query-input":"required name=search_term_string"}],"inLanguage":"en-US"},{"@type":"Organization","@id":"https:\/\/edyceramic-shop.ro\/ro\/#organization","name":"Edyceramic","url":"https:\/\/edyceramic-shop.ro\/ro\/","logo":{"@type":"ImageObject","inLanguage":"en-US","@id":"https:\/\/edyceramic-shop.ro\/ro\/#\/schema\/logo\/image\/","url":"https:\/\/edyceramic-shop.ro\/wp-content\/uploads\/2024\/02\/Logo-EdyCeramic_2021-lung.png","contentUrl":"https:\/\/edyceramic-shop.ro\/wp-content\/uploads\/2024\/02\/Logo-EdyCeramic_2021-lung.png","width":4491,"height":769,"caption":"Edyceramic"},"image":{"@id":"https:\/\/edyceramic-shop.ro\/ro\/#\/schema\/logo\/image\/"}}]},"product_price_amount":"105.00","product_price_currency":"RON","og_availability":"instock","product_availability":"instock","product_retailer_item_id":"a3e785d1f116","product_condition":"new"},"jetpack_sharing_enabled":true,"_links":{"self":[{"href":"https:\/\/edyceramic-shop.ro\/en\/wp-json\/wp\/v2\/product\/2914","targetHints":{"allow":["GET"]}}],"collection":[{"href":"https:\/\/edyceramic-shop.ro\/en\/wp-json\/wp\/v2\/product"}],"about":[{"href":"https:\/\/edyceramic-shop.ro\/en\/wp-json\/wp\/v2\/types\/product"}],"version-history":[{"count":0,"href":"https:\/\/edyceramic-shop.ro\/en\/wp-json\/wp\/v2\/product\/2914\/revisions"}],"wp:featuredmedia":[{"embeddable":true,"href":"https:\/\/edyceramic-shop.ro\/en\/wp-json\/wp\/v2\/media\/2916"}],"wp:attachment":[{"href":"https:\/\/edyceramic-shop.ro\/en\/wp-json\/wp\/v2\/media?parent=2914"}],"wp:term":[{"taxonomy":"product_brand","embeddable":true,"href":"https:\/\/edyceramic-shop.ro\/en\/wp-json\/wp\/v2\/product_brand?post=2914"},{"taxonomy":"product_cat","embeddable":true,"href":"https:\/\/edyceramic-shop.ro\/en\/wp-json\/wp\/v2\/product_cat?post=2914"},{"taxonomy":"product_tag","embeddable":true,"href":"https:\/\/edyceramic-shop.ro\/en\/wp-json\/wp\/v2\/product_tag?post=2914"}],"curies":[{"name":"wp","href":"https:\/\/api.w.org\/{rel}","templated":true}]}}