{"id":29121,"date":"2025-10-15T12:36:26","date_gmt":"2025-10-15T10:36:26","guid":{"rendered":"https:\/\/edyceramic-shop.ro\/?post_type=product&#038;p=29121"},"modified":"2025-10-15T12:58:08","modified_gmt":"2025-10-15T10:58:08","slug":"oglinda-j105-led-rotunda-cu-functie-dezaburire-si-touch","status":"publish","type":"product","link":"https:\/\/edyceramic-shop.ro\/en\/product\/oglinda-j105-led-rotunda-cu-functie-dezaburire-si-touch\/","title":{"rendered":"OGLINDA J105 LED ROTUNDA CU FUNCTIE DEZABURIRE SI TOUCH"},"content":{"rendered":"<p>Oglinda dispune de un sistem de iluminare cu band\u0103 LED<strong>\u00a0<\/strong>care\u00a0emite trei tipuri de lumini: rece, neutr\u0103 \u0219i cald\u0103, preferate de c\u0103tre cunosc\u0103torii acestui tip de tehnologie, preponderent folosit\u0103 \u00een cadrul corpurilor de iluminat actuale.<\/p>\n<p>Datorit\u0103 func\u021biei\u00a0<strong>TOUCH<\/strong>, oglinda se deosebe\u0219te sim\u021bitor fa\u021b\u0103 de cele clasice. Folosind o atingere delicat\u0103 asupra butonului aflat pe suprafata oglinzii, po\u021bi pune in func\u021biune sau po\u021bi opri LED-urile de pe marginile sale. Totodat\u0103, \u021bin\u00e2nd ap\u0103sat butonul touch, ai posibilitatea \u0219i de a regla intensitatea luminii pe care LED-urile o eman\u0103. Folosind func\u021bia de\u00a0<strong>dezaburire\u00a0<\/strong>po\u021bi uita de condensul care se formeaz\u0103 pe oglinzile clasice, \u0219i s\u0103 te bucuri de o reflexie clar\u0103 tot timpul \u00een oglinda din baia ta.<\/p>\n<h4><\/h4>\n<h4>Specifica\u021bii tehnice:<\/h4>\n<ul>\n<li><strong>Forma:<\/strong>\u00a0Rotund\u0103<\/li>\n<li><strong>Dimensiune:<\/strong>\u00a070 x 70 x 3 cm<\/li>\n<li><strong>Montaj:<\/strong>\u00a0Suspendat, pe perete<\/li>\n<li><strong>Iluminare:<\/strong>\u00a0LED, External Light<\/li>\n<li><strong>Aprindere:<\/strong>\u00a0Prin atingere (touchscreen)<\/li>\n<li><strong>Sistem de dezaburire:<\/strong> Prin atingere (touchscreen)<\/li>\n<\/ul>","protected":false},"excerpt":{"rendered":"<p>Oglinda dispune de un sistem de iluminare cu band\u0103 LED\u00a0care\u00a0emite trei tipuri de lumini: rece, neutr\u0103 \u0219i cald\u0103, preferate de<\/p>","protected":false},"featured_media":29114,"template":"","meta":[],"product_brand":[],"product_cat":[3699,388],"product_tag":[],"class_list":{"0":"post-29121","1":"product","2":"type-product","3":"status-publish","4":"has-post-thumbnail","6":"product_cat-cazi-freestanding-la-oferta-2","7":"product_cat-oglinzi-baie-si-corpuri-de-iluminat","9":"first","10":"instock","11":"sale","12":"shipping-taxable","13":"purchasable","14":"product-type-simple"},"yoast_head":"<!-- This site is optimized with the Yoast SEO Premium plugin v21.6 (Yoast SEO v22.1) - https:\/\/yoast.com\/wordpress\/plugins\/seo\/ -->\n<title>OGLINDA J105 LED ROTUNDA CU FUNCTIE DEZABURIRE SI TOUCH - Edyceramic - magazin online<\/title>\n<meta name=\"robots\" content=\"index, follow, max-snippet:-1, max-image-preview:large, max-video-preview:-1\" \/>\n<link rel=\"canonical\" href=\"https:\/\/edyceramic-shop.ro\/en\/product\/oglinda-j105-led-rotunda-cu-functie-dezaburire-si-touch\/\" \/>\n<meta property=\"og:locale\" content=\"en_US\" \/>\n<meta property=\"og:type\" content=\"article\" \/>\n<meta property=\"og:title\" content=\"OGLINDA J105 LED ROTUNDA CU FUNCTIE DEZABURIRE SI TOUCH\" \/>\n<meta property=\"og:description\" content=\"Oglinda dispune de un sistem de iluminare cu band\u0103 LED\u00a0care\u00a0emite trei tipuri de lumini: rece, neutr\u0103 \u0219i cald\u0103, preferate de\" \/>\n<meta property=\"og:url\" content=\"https:\/\/edyceramic-shop.ro\/en\/product\/oglinda-j105-led-rotunda-cu-functie-dezaburire-si-touch\/\" \/>\n<meta property=\"og:site_name\" content=\"Edyceramic - magazin online\" \/>\n<meta property=\"article:modified_time\" content=\"2025-10-15T10:58:08+00:00\" \/>\n<meta property=\"og:image\" content=\"https:\/\/edyceramic-shop.ro\/wp-content\/uploads\/2025\/10\/J1051.jpeg\" \/>\n\t<meta property=\"og:image:width\" content=\"823\" \/>\n\t<meta property=\"og:image:height\" content=\"823\" \/>\n\t<meta property=\"og:image:type\" content=\"image\/jpeg\" \/>\n<meta name=\"twitter:card\" content=\"summary_large_image\" \/>\n<meta name=\"twitter:label1\" content=\"Price\" \/>\n\t<meta name=\"twitter:data1\" content=\"499,00&nbsp;lei\" \/>\n\t<meta name=\"twitter:label2\" content=\"Availability\" \/>\n\t<meta name=\"twitter:data2\" content=\"In stock\" \/>\n<script type=\"application\/ld+json\" class=\"yoast-schema-graph\">{\"@context\":\"https:\/\/schema.org\",\"@graph\":[{\"@type\":\"WebPage\",\"@id\":\"https:\/\/edyceramic-shop.ro\/produs\/oglinda-j105-led-rotunda-cu-functie-dezaburire-si-touch\/\",\"url\":\"https:\/\/edyceramic-shop.ro\/produs\/oglinda-j105-led-rotunda-cu-functie-dezaburire-si-touch\/\",\"name\":\"OGLINDA J105 LED ROTUNDA CU FUNCTIE DEZABURIRE SI TOUCH - Edyceramic - magazin online\",\"isPartOf\":{\"@id\":\"https:\/\/edyceramic-shop.ro\/ro\/#website\"},\"datePublished\":\"2025-10-15T10:36:26+00:00\",\"dateModified\":\"2025-10-15T10:58:08+00:00\",\"breadcrumb\":{\"@id\":\"https:\/\/edyceramic-shop.ro\/produs\/oglinda-j105-led-rotunda-cu-functie-dezaburire-si-touch\/#breadcrumb\"},\"inLanguage\":\"en-US\",\"potentialAction\":[{\"@type\":\"ReadAction\",\"target\":[\"https:\/\/edyceramic-shop.ro\/produs\/oglinda-j105-led-rotunda-cu-functie-dezaburire-si-touch\/\"]}]},{\"@type\":\"BreadcrumbList\",\"@id\":\"https:\/\/edyceramic-shop.ro\/produs\/oglinda-j105-led-rotunda-cu-functie-dezaburire-si-touch\/#breadcrumb\",\"itemListElement\":[{\"@type\":\"ListItem\",\"position\":1,\"name\":\"Home\",\"item\":\"https:\/\/edyceramic-shop.ro\/\"},{\"@type\":\"ListItem\",\"position\":2,\"name\":\"Shop\",\"item\":\"https:\/\/edyceramic-shop.ro\/ro\/shop\/\"},{\"@type\":\"ListItem\",\"position\":3,\"name\":\"OGLINDA J105 LED ROTUNDA CU FUNCTIE DEZABURIRE SI TOUCH\"}]},{\"@type\":\"WebSite\",\"@id\":\"https:\/\/edyceramic-shop.ro\/ro\/#website\",\"url\":\"https:\/\/edyceramic-shop.ro\/ro\/\",\"name\":\"edyceramic.ro\",\"description\":\"\",\"publisher\":{\"@id\":\"https:\/\/edyceramic-shop.ro\/ro\/#organization\"},\"potentialAction\":[{\"@type\":\"SearchAction\",\"target\":{\"@type\":\"EntryPoint\",\"urlTemplate\":\"https:\/\/edyceramic-shop.ro\/ro\/?s={search_term_string}\"},\"query-input\":\"required name=search_term_string\"}],\"inLanguage\":\"en-US\"},{\"@type\":\"Organization\",\"@id\":\"https:\/\/edyceramic-shop.ro\/ro\/#organization\",\"name\":\"Edyceramic\",\"url\":\"https:\/\/edyceramic-shop.ro\/ro\/\",\"logo\":{\"@type\":\"ImageObject\",\"inLanguage\":\"en-US\",\"@id\":\"https:\/\/edyceramic-shop.ro\/ro\/#\/schema\/logo\/image\/\",\"url\":\"https:\/\/edyceramic-shop.ro\/wp-content\/uploads\/2024\/02\/Logo-EdyCeramic_2021-lung.png\",\"contentUrl\":\"https:\/\/edyceramic-shop.ro\/wp-content\/uploads\/2024\/02\/Logo-EdyCeramic_2021-lung.png\",\"width\":4491,\"height\":769,\"caption\":\"Edyceramic\"},\"image\":{\"@id\":\"https:\/\/edyceramic-shop.ro\/ro\/#\/schema\/logo\/image\/\"}}]}<\/script>\n<meta property=\"product:price:amount\" content=\"499.00\" \/>\n<meta property=\"product:price:currency\" content=\"RON\" \/>\n<meta property=\"og:availability\" content=\"instock\" \/>\n<meta property=\"product:availability\" content=\"instock\" \/>\n<meta property=\"product:condition\" content=\"new\" \/>\n<!-- \/ Yoast SEO Premium plugin. -->","yoast_head_json":{"title":"OGLINDA J105 LED ROTUNDA CU FUNCTIE DEZABURIRE SI TOUCH - Edyceramic - magazin online","robots":{"index":"index","follow":"follow","max-snippet":"max-snippet:-1","max-image-preview":"max-image-preview:large","max-video-preview":"max-video-preview:-1"},"canonical":"https:\/\/edyceramic-shop.ro\/en\/product\/oglinda-j105-led-rotunda-cu-functie-dezaburire-si-touch\/","og_locale":"en_US","og_type":"article","og_title":"OGLINDA J105 LED ROTUNDA CU FUNCTIE DEZABURIRE SI TOUCH","og_description":"Oglinda dispune de un sistem de iluminare cu band\u0103 LED\u00a0care\u00a0emite trei tipuri de lumini: rece, neutr\u0103 \u0219i cald\u0103, preferate de","og_url":"https:\/\/edyceramic-shop.ro\/en\/product\/oglinda-j105-led-rotunda-cu-functie-dezaburire-si-touch\/","og_site_name":"Edyceramic - magazin online","article_modified_time":"2025-10-15T10:58:08+00:00","og_image":[{"width":823,"height":823,"url":"https:\/\/edyceramic-shop.ro\/wp-content\/uploads\/2025\/10\/J1051.jpeg","type":"image\/jpeg"}],"twitter_card":"summary_large_image","twitter_misc":{"Price":"499,00&nbsp;lei","Availability":"In stock"},"schema":{"@context":"https:\/\/schema.org","@graph":[{"@type":"WebPage","@id":"https:\/\/edyceramic-shop.ro\/produs\/oglinda-j105-led-rotunda-cu-functie-dezaburire-si-touch\/","url":"https:\/\/edyceramic-shop.ro\/produs\/oglinda-j105-led-rotunda-cu-functie-dezaburire-si-touch\/","name":"OGLINDA J105 LED ROTUNDA CU FUNCTIE DEZABURIRE SI TOUCH - Edyceramic - magazin online","isPartOf":{"@id":"https:\/\/edyceramic-shop.ro\/ro\/#website"},"datePublished":"2025-10-15T10:36:26+00:00","dateModified":"2025-10-15T10:58:08+00:00","breadcrumb":{"@id":"https:\/\/edyceramic-shop.ro\/produs\/oglinda-j105-led-rotunda-cu-functie-dezaburire-si-touch\/#breadcrumb"},"inLanguage":"en-US","potentialAction":[{"@type":"ReadAction","target":["https:\/\/edyceramic-shop.ro\/produs\/oglinda-j105-led-rotunda-cu-functie-dezaburire-si-touch\/"]}]},{"@type":"BreadcrumbList","@id":"https:\/\/edyceramic-shop.ro\/produs\/oglinda-j105-led-rotunda-cu-functie-dezaburire-si-touch\/#breadcrumb","itemListElement":[{"@type":"ListItem","position":1,"name":"Home","item":"https:\/\/edyceramic-shop.ro\/"},{"@type":"ListItem","position":2,"name":"Shop","item":"https:\/\/edyceramic-shop.ro\/ro\/shop\/"},{"@type":"ListItem","position":3,"name":"OGLINDA J105 LED ROTUNDA CU FUNCTIE DEZABURIRE SI TOUCH"}]},{"@type":"WebSite","@id":"https:\/\/edyceramic-shop.ro\/ro\/#website","url":"https:\/\/edyceramic-shop.ro\/ro\/","name":"edyceramic.ro","description":"","publisher":{"@id":"https:\/\/edyceramic-shop.ro\/ro\/#organization"},"potentialAction":[{"@type":"SearchAction","target":{"@type":"EntryPoint","urlTemplate":"https:\/\/edyceramic-shop.ro\/ro\/?s={search_term_string}"},"query-input":"required name=search_term_string"}],"inLanguage":"en-US"},{"@type":"Organization","@id":"https:\/\/edyceramic-shop.ro\/ro\/#organization","name":"Edyceramic","url":"https:\/\/edyceramic-shop.ro\/ro\/","logo":{"@type":"ImageObject","inLanguage":"en-US","@id":"https:\/\/edyceramic-shop.ro\/ro\/#\/schema\/logo\/image\/","url":"https:\/\/edyceramic-shop.ro\/wp-content\/uploads\/2024\/02\/Logo-EdyCeramic_2021-lung.png","contentUrl":"https:\/\/edyceramic-shop.ro\/wp-content\/uploads\/2024\/02\/Logo-EdyCeramic_2021-lung.png","width":4491,"height":769,"caption":"Edyceramic"},"image":{"@id":"https:\/\/edyceramic-shop.ro\/ro\/#\/schema\/logo\/image\/"}}]},"product_price_amount":"499.00","product_price_currency":"RON","og_availability":"instock","product_availability":"instock","product_condition":"new"},"jetpack_sharing_enabled":true,"_links":{"self":[{"href":"https:\/\/edyceramic-shop.ro\/en\/wp-json\/wp\/v2\/product\/29121","targetHints":{"allow":["GET"]}}],"collection":[{"href":"https:\/\/edyceramic-shop.ro\/en\/wp-json\/wp\/v2\/product"}],"about":[{"href":"https:\/\/edyceramic-shop.ro\/en\/wp-json\/wp\/v2\/types\/product"}],"version-history":[{"count":1,"href":"https:\/\/edyceramic-shop.ro\/en\/wp-json\/wp\/v2\/product\/29121\/revisions"}],"predecessor-version":[{"id":29122,"href":"https:\/\/edyceramic-shop.ro\/en\/wp-json\/wp\/v2\/product\/29121\/revisions\/29122"}],"wp:featuredmedia":[{"embeddable":true,"href":"https:\/\/edyceramic-shop.ro\/en\/wp-json\/wp\/v2\/media\/29114"}],"wp:attachment":[{"href":"https:\/\/edyceramic-shop.ro\/en\/wp-json\/wp\/v2\/media?parent=29121"}],"wp:term":[{"taxonomy":"product_brand","embeddable":true,"href":"https:\/\/edyceramic-shop.ro\/en\/wp-json\/wp\/v2\/product_brand?post=29121"},{"taxonomy":"product_cat","embeddable":true,"href":"https:\/\/edyceramic-shop.ro\/en\/wp-json\/wp\/v2\/product_cat?post=29121"},{"taxonomy":"product_tag","embeddable":true,"href":"https:\/\/edyceramic-shop.ro\/en\/wp-json\/wp\/v2\/product_tag?post=29121"}],"curies":[{"name":"wp","href":"https:\/\/api.w.org\/{rel}","templated":true}]}}