{"id":2887,"date":"2024-06-26T08:27:54","date_gmt":"2024-06-26T08:27:54","guid":{"rendered":"https:\/\/edyceramic-shop.ro\/product\/profil-led-incastrat-begtin-12-aluminiu-neanodizat-lungime-2m\/"},"modified":"2025-08-01T13:31:35","modified_gmt":"2025-08-01T11:31:35","slug":"profil-led-incastrat-begtin-12-aluminiu-neanodizat-lungime-2m","status":"publish","type":"product","link":"https:\/\/edyceramic-shop.ro\/en\/product\/profil-led-incastrat-begtin-12-aluminiu-neanodizat-lungime-2m\/","title":{"rendered":"Profil LED \u00eencastrat BEGTIN 12, aluminiu neanodizat, lungime 2m"},"content":{"rendered":"<p>Pre\u021bul este pentru bar\u0103 de 2m                                               <\/p>\n<p>Pachetul con\u021bine:<br \/>\n&#8211; Profil aluminiu cod C8020000 &#8211; 2m<br \/>\n&#8211; Difuzor alb cod 70330038 &#8211; 2m<br \/>\n&#8211; Capace de cap\u0103t cod C8970040 &#8211; 2 buc.<br \/>\n***Pentru alte configura\u021bii v\u0103 rug\u0103m s\u0103 ne contacta\u021bi. <\/p>\n<p>Accesorii Begtin12<\/p>\n<p>Elemente de cap\u0103t<\/p>\n<p>Cleme de prindere <\/p>\n<p>Caracteristici <\/p>\n<p>&#8211; Profil din aluminiu pentru montaj \u00eencastrat<\/p>\n<p>&#8211; Pentru band\u0103 LED cu l\u0103\u021bime de p\u00e2n\u0103 la 12 mm<\/p>\n<p>&#8211; Culoare: aluminiu neanodizat<\/p>\n<p>&#8211; Dimensiuni: 21,3 x 6,6 mm<\/p>\n<p>Aplica\u021bii<\/p>\n<p>&#8211; mobil\u0103<\/p>\n<p>&#8211; hoteluri, locuin\u021be, birouri<\/p>","protected":false},"excerpt":{"rendered":"<p>Pre\u021bul este pentru bar\u0103 de 2m Pachetul con\u021bine: &#8211; Profil aluminiu cod C8020000 &#8211; 2m &#8211; Difuzor alb cod 70330038<\/p>","protected":false},"featured_media":2889,"template":"","meta":[],"product_brand":[],"product_cat":[417,418,391],"product_tag":[],"class_list":{"0":"post-2887","1":"product","2":"type-product","3":"status-publish","4":"has-post-thumbnail","6":"product_cat-profile-benzi-led-si-accesorii","7":"product_cat-profile-pentru-led","8":"product_cat-corpuri-de-iluminat","9":"pa_culoare-aluminiu-neanodizat","10":"pa_dimensiune-21-3x6-6mm","11":"pa_fabrica-topmet","12":"pa_lungime-2m","14":"first","15":"instock","16":"purchasable","17":"product-type-simple"},"yoast_head":"<!-- This site is optimized with the Yoast SEO Premium plugin v21.6 (Yoast SEO v22.1) - https:\/\/yoast.com\/wordpress\/plugins\/seo\/ -->\n<title>Profil LED \u00eencastrat BEGTIN 12, aluminiu neanodizat, lungime 2m - Edyceramic - magazin online<\/title>\n<meta name=\"robots\" content=\"index, follow, max-snippet:-1, max-image-preview:large, max-video-preview:-1\" \/>\n<link rel=\"canonical\" href=\"https:\/\/edyceramic-shop.ro\/en\/product\/profil-led-incastrat-begtin-12-aluminiu-neanodizat-lungime-2m\/\" \/>\n<meta property=\"og:locale\" content=\"en_US\" \/>\n<meta property=\"og:type\" content=\"article\" \/>\n<meta property=\"og:title\" content=\"Profil LED \u00eencastrat BEGTIN 12, aluminiu neanodizat, lungime 2m\" \/>\n<meta property=\"og:description\" content=\"Pre\u021bul este pentru bar\u0103 de 2m Pachetul con\u021bine: &#8211; Profil aluminiu cod C8020000 &#8211; 2m &#8211; Difuzor alb cod 70330038\" \/>\n<meta property=\"og:url\" content=\"https:\/\/edyceramic-shop.ro\/en\/product\/profil-led-incastrat-begtin-12-aluminiu-neanodizat-lungime-2m\/\" \/>\n<meta property=\"og:site_name\" content=\"Edyceramic - magazin online\" \/>\n<meta property=\"article:modified_time\" content=\"2025-08-01T11:31:35+00:00\" \/>\n<meta property=\"og:image\" content=\"https:\/\/edyceramic-shop.ro\/wp-content\/uploads\/2024\/06\/profil-led-incastrat-begtin-12-aluminiu-neanodizat-lungime-2m41141.webp\" \/>\n\t<meta property=\"og:image:width\" content=\"450\" \/>\n\t<meta property=\"og:image:height\" content=\"401\" \/>\n\t<meta property=\"og:image:type\" content=\"image\/webp\" \/>\n<meta name=\"twitter:card\" content=\"summary_large_image\" \/>\n<meta name=\"twitter:label1\" content=\"Price\" \/>\n\t<meta name=\"twitter:data1\" content=\"25,00&nbsp;lei\" \/>\n\t<meta name=\"twitter:label2\" content=\"Availability\" \/>\n\t<meta name=\"twitter:data2\" content=\"In stock\" \/>\n<script type=\"application\/ld+json\" class=\"yoast-schema-graph\">{\"@context\":\"https:\/\/schema.org\",\"@graph\":[{\"@type\":\"WebPage\",\"@id\":\"https:\/\/edyceramic-shop.ro\/produs\/profil-led-incastrat-begtin-12-aluminiu-neanodizat-lungime-2m\/\",\"url\":\"https:\/\/edyceramic-shop.ro\/produs\/profil-led-incastrat-begtin-12-aluminiu-neanodizat-lungime-2m\/\",\"name\":\"Profil LED \u00eencastrat BEGTIN 12, aluminiu neanodizat, lungime 2m - Edyceramic - magazin online\",\"isPartOf\":{\"@id\":\"https:\/\/edyceramic-shop.ro\/ro\/#website\"},\"datePublished\":\"2024-06-26T08:27:54+00:00\",\"dateModified\":\"2025-08-01T11:31:35+00:00\",\"breadcrumb\":{\"@id\":\"https:\/\/edyceramic-shop.ro\/produs\/profil-led-incastrat-begtin-12-aluminiu-neanodizat-lungime-2m\/#breadcrumb\"},\"inLanguage\":\"en-US\",\"potentialAction\":[{\"@type\":\"ReadAction\",\"target\":[\"https:\/\/edyceramic-shop.ro\/produs\/profil-led-incastrat-begtin-12-aluminiu-neanodizat-lungime-2m\/\"]}]},{\"@type\":\"BreadcrumbList\",\"@id\":\"https:\/\/edyceramic-shop.ro\/produs\/profil-led-incastrat-begtin-12-aluminiu-neanodizat-lungime-2m\/#breadcrumb\",\"itemListElement\":[{\"@type\":\"ListItem\",\"position\":1,\"name\":\"Home\",\"item\":\"https:\/\/edyceramic-shop.ro\/\"},{\"@type\":\"ListItem\",\"position\":2,\"name\":\"Shop\",\"item\":\"https:\/\/edyceramic-shop.ro\/ro\/shop\/\"},{\"@type\":\"ListItem\",\"position\":3,\"name\":\"Profil LED \u00eencastrat BEGTIN 12, aluminiu neanodizat, lungime 2m\"}]},{\"@type\":\"WebSite\",\"@id\":\"https:\/\/edyceramic-shop.ro\/ro\/#website\",\"url\":\"https:\/\/edyceramic-shop.ro\/ro\/\",\"name\":\"edyceramic.ro\",\"description\":\"\",\"publisher\":{\"@id\":\"https:\/\/edyceramic-shop.ro\/ro\/#organization\"},\"potentialAction\":[{\"@type\":\"SearchAction\",\"target\":{\"@type\":\"EntryPoint\",\"urlTemplate\":\"https:\/\/edyceramic-shop.ro\/ro\/?s={search_term_string}\"},\"query-input\":\"required name=search_term_string\"}],\"inLanguage\":\"en-US\"},{\"@type\":\"Organization\",\"@id\":\"https:\/\/edyceramic-shop.ro\/ro\/#organization\",\"name\":\"Edyceramic\",\"url\":\"https:\/\/edyceramic-shop.ro\/ro\/\",\"logo\":{\"@type\":\"ImageObject\",\"inLanguage\":\"en-US\",\"@id\":\"https:\/\/edyceramic-shop.ro\/ro\/#\/schema\/logo\/image\/\",\"url\":\"https:\/\/edyceramic-shop.ro\/wp-content\/uploads\/2024\/02\/Logo-EdyCeramic_2021-lung.png\",\"contentUrl\":\"https:\/\/edyceramic-shop.ro\/wp-content\/uploads\/2024\/02\/Logo-EdyCeramic_2021-lung.png\",\"width\":4491,\"height\":769,\"caption\":\"Edyceramic\"},\"image\":{\"@id\":\"https:\/\/edyceramic-shop.ro\/ro\/#\/schema\/logo\/image\/\"}}]}<\/script>\n<meta property=\"product:price:amount\" content=\"25.00\" \/>\n<meta property=\"product:price:currency\" content=\"RON\" \/>\n<meta property=\"og:availability\" content=\"instock\" \/>\n<meta property=\"product:availability\" content=\"instock\" \/>\n<meta property=\"product:retailer_item_id\" content=\"c65a0071ffa9\" \/>\n<meta property=\"product:condition\" content=\"new\" \/>\n<!-- \/ Yoast SEO Premium plugin. -->","yoast_head_json":{"title":"Profil LED \u00eencastrat BEGTIN 12, aluminiu neanodizat, lungime 2m - Edyceramic - magazin online","robots":{"index":"index","follow":"follow","max-snippet":"max-snippet:-1","max-image-preview":"max-image-preview:large","max-video-preview":"max-video-preview:-1"},"canonical":"https:\/\/edyceramic-shop.ro\/en\/product\/profil-led-incastrat-begtin-12-aluminiu-neanodizat-lungime-2m\/","og_locale":"en_US","og_type":"article","og_title":"Profil LED \u00eencastrat BEGTIN 12, aluminiu neanodizat, lungime 2m","og_description":"Pre\u021bul este pentru bar\u0103 de 2m Pachetul con\u021bine: &#8211; Profil aluminiu cod C8020000 &#8211; 2m &#8211; Difuzor alb cod 70330038","og_url":"https:\/\/edyceramic-shop.ro\/en\/product\/profil-led-incastrat-begtin-12-aluminiu-neanodizat-lungime-2m\/","og_site_name":"Edyceramic - magazin online","article_modified_time":"2025-08-01T11:31:35+00:00","og_image":[{"width":450,"height":401,"url":"https:\/\/edyceramic-shop.ro\/wp-content\/uploads\/2024\/06\/profil-led-incastrat-begtin-12-aluminiu-neanodizat-lungime-2m41141.webp","type":"image\/webp"}],"twitter_card":"summary_large_image","twitter_misc":{"Price":"25,00&nbsp;lei","Availability":"In stock"},"schema":{"@context":"https:\/\/schema.org","@graph":[{"@type":"WebPage","@id":"https:\/\/edyceramic-shop.ro\/produs\/profil-led-incastrat-begtin-12-aluminiu-neanodizat-lungime-2m\/","url":"https:\/\/edyceramic-shop.ro\/produs\/profil-led-incastrat-begtin-12-aluminiu-neanodizat-lungime-2m\/","name":"Profil LED \u00eencastrat BEGTIN 12, aluminiu neanodizat, lungime 2m - Edyceramic - magazin online","isPartOf":{"@id":"https:\/\/edyceramic-shop.ro\/ro\/#website"},"datePublished":"2024-06-26T08:27:54+00:00","dateModified":"2025-08-01T11:31:35+00:00","breadcrumb":{"@id":"https:\/\/edyceramic-shop.ro\/produs\/profil-led-incastrat-begtin-12-aluminiu-neanodizat-lungime-2m\/#breadcrumb"},"inLanguage":"en-US","potentialAction":[{"@type":"ReadAction","target":["https:\/\/edyceramic-shop.ro\/produs\/profil-led-incastrat-begtin-12-aluminiu-neanodizat-lungime-2m\/"]}]},{"@type":"BreadcrumbList","@id":"https:\/\/edyceramic-shop.ro\/produs\/profil-led-incastrat-begtin-12-aluminiu-neanodizat-lungime-2m\/#breadcrumb","itemListElement":[{"@type":"ListItem","position":1,"name":"Home","item":"https:\/\/edyceramic-shop.ro\/"},{"@type":"ListItem","position":2,"name":"Shop","item":"https:\/\/edyceramic-shop.ro\/ro\/shop\/"},{"@type":"ListItem","position":3,"name":"Profil LED \u00eencastrat BEGTIN 12, aluminiu neanodizat, lungime 2m"}]},{"@type":"WebSite","@id":"https:\/\/edyceramic-shop.ro\/ro\/#website","url":"https:\/\/edyceramic-shop.ro\/ro\/","name":"edyceramic.ro","description":"","publisher":{"@id":"https:\/\/edyceramic-shop.ro\/ro\/#organization"},"potentialAction":[{"@type":"SearchAction","target":{"@type":"EntryPoint","urlTemplate":"https:\/\/edyceramic-shop.ro\/ro\/?s={search_term_string}"},"query-input":"required name=search_term_string"}],"inLanguage":"en-US"},{"@type":"Organization","@id":"https:\/\/edyceramic-shop.ro\/ro\/#organization","name":"Edyceramic","url":"https:\/\/edyceramic-shop.ro\/ro\/","logo":{"@type":"ImageObject","inLanguage":"en-US","@id":"https:\/\/edyceramic-shop.ro\/ro\/#\/schema\/logo\/image\/","url":"https:\/\/edyceramic-shop.ro\/wp-content\/uploads\/2024\/02\/Logo-EdyCeramic_2021-lung.png","contentUrl":"https:\/\/edyceramic-shop.ro\/wp-content\/uploads\/2024\/02\/Logo-EdyCeramic_2021-lung.png","width":4491,"height":769,"caption":"Edyceramic"},"image":{"@id":"https:\/\/edyceramic-shop.ro\/ro\/#\/schema\/logo\/image\/"}}]},"product_price_amount":"25.00","product_price_currency":"RON","og_availability":"instock","product_availability":"instock","product_retailer_item_id":"c65a0071ffa9","product_condition":"new"},"jetpack_sharing_enabled":true,"_links":{"self":[{"href":"https:\/\/edyceramic-shop.ro\/en\/wp-json\/wp\/v2\/product\/2887","targetHints":{"allow":["GET"]}}],"collection":[{"href":"https:\/\/edyceramic-shop.ro\/en\/wp-json\/wp\/v2\/product"}],"about":[{"href":"https:\/\/edyceramic-shop.ro\/en\/wp-json\/wp\/v2\/types\/product"}],"version-history":[{"count":0,"href":"https:\/\/edyceramic-shop.ro\/en\/wp-json\/wp\/v2\/product\/2887\/revisions"}],"wp:featuredmedia":[{"embeddable":true,"href":"https:\/\/edyceramic-shop.ro\/en\/wp-json\/wp\/v2\/media\/2889"}],"wp:attachment":[{"href":"https:\/\/edyceramic-shop.ro\/en\/wp-json\/wp\/v2\/media?parent=2887"}],"wp:term":[{"taxonomy":"product_brand","embeddable":true,"href":"https:\/\/edyceramic-shop.ro\/en\/wp-json\/wp\/v2\/product_brand?post=2887"},{"taxonomy":"product_cat","embeddable":true,"href":"https:\/\/edyceramic-shop.ro\/en\/wp-json\/wp\/v2\/product_cat?post=2887"},{"taxonomy":"product_tag","embeddable":true,"href":"https:\/\/edyceramic-shop.ro\/en\/wp-json\/wp\/v2\/product_tag?post=2887"}],"curies":[{"name":"wp","href":"https:\/\/api.w.org\/{rel}","templated":true}]}}