{"id":28821,"date":"2025-08-01T12:06:55","date_gmt":"2025-08-01T10:06:55","guid":{"rendered":"https:\/\/edyceramic-shop.ro\/produs\/baterie-incastrata-de-lavoar-2-treceri-hansgrohe-tecturis-s-crom-73351000\/"},"modified":"2025-08-01T13:38:05","modified_gmt":"2025-08-01T11:38:05","slug":"baterie-incastrata-de-lavoar-2-treceri-hansgrohe-tecturis-s-crom-73351000","status":"publish","type":"product","link":"https:\/\/edyceramic-shop.ro\/en\/product\/baterie-incastrata-de-lavoar-2-treceri-hansgrohe-tecturis-s-crom-73351000\/","title":{"rendered":"BATERIE \u00ceNCASTRAT\u0102 DE LAVOAR, 2 TRECERI HANSGROHE TECTURIS S CROM 73351000"},"content":{"rendered":"<p>Baterie lavoar cu evacuare, monocomand\u0103<\/p>\n<p>culoare crom<br \/>\nlungime pip\u0103 225 mm<br \/>\nlungime total\u0103 235 mm<br \/>\ninstalare \u00eencastrat\u0103<br \/>\ncontrol monocomand\u0103 &#8211; maneta poate fi pe st\u00e2nga sau pe dreapta, \u00een func\u021bie de corpul de montare<br \/>\njet AirPower<br \/>\nEcoSmart+ debit 4 l\/min<br \/>\nrozete de acoperire rotunde, diametru 68 mm<br \/>\ncartu\u0219 ceramic<br \/>\nlimitare reglabil\u0103 a temperaturii<br \/>\ninclusiv ventil de scurgere metalic f\u0103r\u0103 \u00eenchidere<br \/>\npotrivit \u0219i pentru \u00eenc\u0103lzitoare de ap\u0103 instant<br \/>\nTaxonomie UE: max. 6 l\/min &#8211; Contribu\u021bie substan\u021bial\u0103 (SC)<\/p>","protected":false},"excerpt":{"rendered":"<p>Baterie lavoar cu evacuare, monocomand\u0103 culoare crom lungime pip\u0103 225 mm lungime total\u0103 235 mm instalare \u00eencastrat\u0103 control monocomand\u0103 &#8211;<\/p>","protected":false},"featured_media":28594,"template":"","meta":[],"product_brand":[],"product_cat":[367,366,334],"product_tag":[],"class_list":{"0":"post-28821","1":"product","2":"type-product","3":"status-publish","4":"has-post-thumbnail","6":"product_cat-baterii-lavoar","7":"product_cat-baterii-de-baie","8":"product_cat-sanitare","9":"pa_colectia-tecturis-s","10":"pa_culoare-crom","11":"pa_fabrica-hansgrohe","12":"pa_montaj-incastrat","13":"pa_sku-3621","15":"first","16":"instock","17":"sale","18":"purchasable","19":"product-type-simple"},"yoast_head":"<!-- This site is optimized with the Yoast SEO Premium plugin v21.6 (Yoast SEO v22.1) - https:\/\/yoast.com\/wordpress\/plugins\/seo\/ -->\n<title>BATERIE \u00ceNCASTRAT\u0102 DE LAVOAR, 2 TRECERI HANSGROHE TECTURIS S CROM 73351000 - Edyceramic - magazin online<\/title>\n<meta name=\"robots\" content=\"index, follow, max-snippet:-1, max-image-preview:large, max-video-preview:-1\" \/>\n<link rel=\"canonical\" href=\"https:\/\/edyceramic-shop.ro\/en\/product\/baterie-incastrata-de-lavoar-2-treceri-hansgrohe-tecturis-s-crom-73351000\/\" \/>\n<meta property=\"og:locale\" content=\"en_US\" \/>\n<meta property=\"og:type\" content=\"article\" \/>\n<meta property=\"og:title\" content=\"BATERIE \u00ceNCASTRAT\u0102 DE LAVOAR, 2 TRECERI HANSGROHE TECTURIS S CROM 73351000\" \/>\n<meta property=\"og:description\" content=\"Baterie lavoar cu evacuare, monocomand\u0103 culoare crom lungime pip\u0103 225 mm lungime total\u0103 235 mm instalare \u00eencastrat\u0103 control monocomand\u0103 &#8211;\" \/>\n<meta property=\"og:url\" content=\"https:\/\/edyceramic-shop.ro\/en\/product\/baterie-incastrata-de-lavoar-2-treceri-hansgrohe-tecturis-s-crom-73351000\/\" \/>\n<meta property=\"og:site_name\" content=\"Edyceramic - magazin online\" \/>\n<meta property=\"article:modified_time\" content=\"2025-08-01T11:38:05+00:00\" \/>\n<meta property=\"og:image\" content=\"https:\/\/edyceramic-shop.ro\/wp-content\/uploads\/2025\/08\/baterie-incastrata-lavoar-hansgrohe-73351000-1.webp\" \/>\n\t<meta property=\"og:image:width\" content=\"870\" \/>\n\t<meta property=\"og:image:height\" content=\"728\" \/>\n\t<meta property=\"og:image:type\" content=\"image\/webp\" \/>\n<meta name=\"twitter:card\" content=\"summary_large_image\" \/>\n<meta name=\"twitter:label1\" content=\"Price\" \/>\n\t<meta name=\"twitter:data1\" content=\"1.135,00&nbsp;lei\" \/>\n\t<meta name=\"twitter:label2\" content=\"Availability\" \/>\n\t<meta name=\"twitter:data2\" content=\"In stock\" \/>\n<script type=\"application\/ld+json\" class=\"yoast-schema-graph\">{\"@context\":\"https:\/\/schema.org\",\"@graph\":[{\"@type\":\"WebPage\",\"@id\":\"https:\/\/edyceramic-shop.ro\/produs\/baterie-incastrata-de-lavoar-2-treceri-hansgrohe-tecturis-s-crom-73351000\/\",\"url\":\"https:\/\/edyceramic-shop.ro\/produs\/baterie-incastrata-de-lavoar-2-treceri-hansgrohe-tecturis-s-crom-73351000\/\",\"name\":\"BATERIE \u00ceNCASTRAT\u0102 DE LAVOAR, 2 TRECERI HANSGROHE TECTURIS S CROM 73351000 - Edyceramic - magazin online\",\"isPartOf\":{\"@id\":\"https:\/\/edyceramic-shop.ro\/ro\/#website\"},\"datePublished\":\"2025-08-01T10:06:55+00:00\",\"dateModified\":\"2025-08-01T11:38:05+00:00\",\"breadcrumb\":{\"@id\":\"https:\/\/edyceramic-shop.ro\/produs\/baterie-incastrata-de-lavoar-2-treceri-hansgrohe-tecturis-s-crom-73351000\/#breadcrumb\"},\"inLanguage\":\"en-US\",\"potentialAction\":[{\"@type\":\"ReadAction\",\"target\":[\"https:\/\/edyceramic-shop.ro\/produs\/baterie-incastrata-de-lavoar-2-treceri-hansgrohe-tecturis-s-crom-73351000\/\"]}]},{\"@type\":\"BreadcrumbList\",\"@id\":\"https:\/\/edyceramic-shop.ro\/produs\/baterie-incastrata-de-lavoar-2-treceri-hansgrohe-tecturis-s-crom-73351000\/#breadcrumb\",\"itemListElement\":[{\"@type\":\"ListItem\",\"position\":1,\"name\":\"Home\",\"item\":\"https:\/\/edyceramic-shop.ro\/\"},{\"@type\":\"ListItem\",\"position\":2,\"name\":\"Shop\",\"item\":\"https:\/\/edyceramic-shop.ro\/ro\/shop\/\"},{\"@type\":\"ListItem\",\"position\":3,\"name\":\"BATERIE \u00ceNCASTRAT\u0102 DE LAVOAR, 2 TRECERI HANSGROHE TECTURIS S CROM 73351000\"}]},{\"@type\":\"WebSite\",\"@id\":\"https:\/\/edyceramic-shop.ro\/ro\/#website\",\"url\":\"https:\/\/edyceramic-shop.ro\/ro\/\",\"name\":\"edyceramic.ro\",\"description\":\"\",\"publisher\":{\"@id\":\"https:\/\/edyceramic-shop.ro\/ro\/#organization\"},\"potentialAction\":[{\"@type\":\"SearchAction\",\"target\":{\"@type\":\"EntryPoint\",\"urlTemplate\":\"https:\/\/edyceramic-shop.ro\/ro\/?s={search_term_string}\"},\"query-input\":\"required name=search_term_string\"}],\"inLanguage\":\"en-US\"},{\"@type\":\"Organization\",\"@id\":\"https:\/\/edyceramic-shop.ro\/ro\/#organization\",\"name\":\"Edyceramic\",\"url\":\"https:\/\/edyceramic-shop.ro\/ro\/\",\"logo\":{\"@type\":\"ImageObject\",\"inLanguage\":\"en-US\",\"@id\":\"https:\/\/edyceramic-shop.ro\/ro\/#\/schema\/logo\/image\/\",\"url\":\"https:\/\/edyceramic-shop.ro\/wp-content\/uploads\/2024\/02\/Logo-EdyCeramic_2021-lung.png\",\"contentUrl\":\"https:\/\/edyceramic-shop.ro\/wp-content\/uploads\/2024\/02\/Logo-EdyCeramic_2021-lung.png\",\"width\":4491,\"height\":769,\"caption\":\"Edyceramic\"},\"image\":{\"@id\":\"https:\/\/edyceramic-shop.ro\/ro\/#\/schema\/logo\/image\/\"}}]}<\/script>\n<meta property=\"product:price:amount\" content=\"1135.00\" \/>\n<meta property=\"product:price:currency\" content=\"RON\" \/>\n<meta property=\"og:availability\" content=\"instock\" \/>\n<meta property=\"product:availability\" content=\"instock\" \/>\n<meta property=\"product:retailer_item_id\" content=\"73351000\" \/>\n<meta property=\"product:condition\" content=\"new\" \/>\n<!-- \/ Yoast SEO Premium plugin. -->","yoast_head_json":{"title":"BATERIE \u00ceNCASTRAT\u0102 DE LAVOAR, 2 TRECERI HANSGROHE TECTURIS S CROM 73351000 - Edyceramic - magazin online","robots":{"index":"index","follow":"follow","max-snippet":"max-snippet:-1","max-image-preview":"max-image-preview:large","max-video-preview":"max-video-preview:-1"},"canonical":"https:\/\/edyceramic-shop.ro\/en\/product\/baterie-incastrata-de-lavoar-2-treceri-hansgrohe-tecturis-s-crom-73351000\/","og_locale":"en_US","og_type":"article","og_title":"BATERIE \u00ceNCASTRAT\u0102 DE LAVOAR, 2 TRECERI HANSGROHE TECTURIS S CROM 73351000","og_description":"Baterie lavoar cu evacuare, monocomand\u0103 culoare crom lungime pip\u0103 225 mm lungime total\u0103 235 mm instalare \u00eencastrat\u0103 control monocomand\u0103 &#8211;","og_url":"https:\/\/edyceramic-shop.ro\/en\/product\/baterie-incastrata-de-lavoar-2-treceri-hansgrohe-tecturis-s-crom-73351000\/","og_site_name":"Edyceramic - magazin online","article_modified_time":"2025-08-01T11:38:05+00:00","og_image":[{"width":870,"height":728,"url":"https:\/\/edyceramic-shop.ro\/wp-content\/uploads\/2025\/08\/baterie-incastrata-lavoar-hansgrohe-73351000-1.webp","type":"image\/webp"}],"twitter_card":"summary_large_image","twitter_misc":{"Price":"1.135,00&nbsp;lei","Availability":"In stock"},"schema":{"@context":"https:\/\/schema.org","@graph":[{"@type":"WebPage","@id":"https:\/\/edyceramic-shop.ro\/produs\/baterie-incastrata-de-lavoar-2-treceri-hansgrohe-tecturis-s-crom-73351000\/","url":"https:\/\/edyceramic-shop.ro\/produs\/baterie-incastrata-de-lavoar-2-treceri-hansgrohe-tecturis-s-crom-73351000\/","name":"BATERIE \u00ceNCASTRAT\u0102 DE LAVOAR, 2 TRECERI HANSGROHE TECTURIS S CROM 73351000 - Edyceramic - magazin online","isPartOf":{"@id":"https:\/\/edyceramic-shop.ro\/ro\/#website"},"datePublished":"2025-08-01T10:06:55+00:00","dateModified":"2025-08-01T11:38:05+00:00","breadcrumb":{"@id":"https:\/\/edyceramic-shop.ro\/produs\/baterie-incastrata-de-lavoar-2-treceri-hansgrohe-tecturis-s-crom-73351000\/#breadcrumb"},"inLanguage":"en-US","potentialAction":[{"@type":"ReadAction","target":["https:\/\/edyceramic-shop.ro\/produs\/baterie-incastrata-de-lavoar-2-treceri-hansgrohe-tecturis-s-crom-73351000\/"]}]},{"@type":"BreadcrumbList","@id":"https:\/\/edyceramic-shop.ro\/produs\/baterie-incastrata-de-lavoar-2-treceri-hansgrohe-tecturis-s-crom-73351000\/#breadcrumb","itemListElement":[{"@type":"ListItem","position":1,"name":"Home","item":"https:\/\/edyceramic-shop.ro\/"},{"@type":"ListItem","position":2,"name":"Shop","item":"https:\/\/edyceramic-shop.ro\/ro\/shop\/"},{"@type":"ListItem","position":3,"name":"BATERIE \u00ceNCASTRAT\u0102 DE LAVOAR, 2 TRECERI HANSGROHE TECTURIS S CROM 73351000"}]},{"@type":"WebSite","@id":"https:\/\/edyceramic-shop.ro\/ro\/#website","url":"https:\/\/edyceramic-shop.ro\/ro\/","name":"edyceramic.ro","description":"","publisher":{"@id":"https:\/\/edyceramic-shop.ro\/ro\/#organization"},"potentialAction":[{"@type":"SearchAction","target":{"@type":"EntryPoint","urlTemplate":"https:\/\/edyceramic-shop.ro\/ro\/?s={search_term_string}"},"query-input":"required name=search_term_string"}],"inLanguage":"en-US"},{"@type":"Organization","@id":"https:\/\/edyceramic-shop.ro\/ro\/#organization","name":"Edyceramic","url":"https:\/\/edyceramic-shop.ro\/ro\/","logo":{"@type":"ImageObject","inLanguage":"en-US","@id":"https:\/\/edyceramic-shop.ro\/ro\/#\/schema\/logo\/image\/","url":"https:\/\/edyceramic-shop.ro\/wp-content\/uploads\/2024\/02\/Logo-EdyCeramic_2021-lung.png","contentUrl":"https:\/\/edyceramic-shop.ro\/wp-content\/uploads\/2024\/02\/Logo-EdyCeramic_2021-lung.png","width":4491,"height":769,"caption":"Edyceramic"},"image":{"@id":"https:\/\/edyceramic-shop.ro\/ro\/#\/schema\/logo\/image\/"}}]},"product_price_amount":"1135.00","product_price_currency":"RON","og_availability":"instock","product_availability":"instock","product_retailer_item_id":"73351000","product_condition":"new"},"jetpack_sharing_enabled":true,"_links":{"self":[{"href":"https:\/\/edyceramic-shop.ro\/en\/wp-json\/wp\/v2\/product\/28821","targetHints":{"allow":["GET"]}}],"collection":[{"href":"https:\/\/edyceramic-shop.ro\/en\/wp-json\/wp\/v2\/product"}],"about":[{"href":"https:\/\/edyceramic-shop.ro\/en\/wp-json\/wp\/v2\/types\/product"}],"version-history":[{"count":1,"href":"https:\/\/edyceramic-shop.ro\/en\/wp-json\/wp\/v2\/product\/28821\/revisions"}],"predecessor-version":[{"id":28822,"href":"https:\/\/edyceramic-shop.ro\/en\/wp-json\/wp\/v2\/product\/28821\/revisions\/28822"}],"wp:featuredmedia":[{"embeddable":true,"href":"https:\/\/edyceramic-shop.ro\/en\/wp-json\/wp\/v2\/media\/28594"}],"wp:attachment":[{"href":"https:\/\/edyceramic-shop.ro\/en\/wp-json\/wp\/v2\/media?parent=28821"}],"wp:term":[{"taxonomy":"product_brand","embeddable":true,"href":"https:\/\/edyceramic-shop.ro\/en\/wp-json\/wp\/v2\/product_brand?post=28821"},{"taxonomy":"product_cat","embeddable":true,"href":"https:\/\/edyceramic-shop.ro\/en\/wp-json\/wp\/v2\/product_cat?post=28821"},{"taxonomy":"product_tag","embeddable":true,"href":"https:\/\/edyceramic-shop.ro\/en\/wp-json\/wp\/v2\/product_tag?post=28821"}],"curies":[{"name":"wp","href":"https:\/\/api.w.org\/{rel}","templated":true}]}}