{"id":28819,"date":"2025-08-01T12:06:55","date_gmt":"2025-08-01T10:06:55","guid":{"rendered":"https:\/\/edyceramic-shop.ro\/produs\/baterie-inalta-de-lavoar-cu-ventil-cu-tija-hansgrohe-tecturis-s-240-fine-bronz-mat-73372140\/"},"modified":"2025-08-01T13:38:05","modified_gmt":"2025-08-01T11:38:05","slug":"baterie-inalta-de-lavoar-cu-ventil-cu-tija-hansgrohe-tecturis-s-240-fine-bronz-mat-73372140","status":"publish","type":"product","link":"https:\/\/edyceramic-shop.ro\/en\/product\/baterie-inalta-de-lavoar-cu-ventil-cu-tija-hansgrohe-tecturis-s-240-fine-bronz-mat-73372140\/","title":{"rendered":"BATERIE \u00ceNALT\u0102 DE LAVOAR CU VENTIL CU TIJ\u0102 HANSGROHE TECTURIS S 240 FINE BRONZ MAT 73372140"},"content":{"rendered":"<p>Baterie lavoar inalta bronz periat Hansgrohe Tecturis S 240 Fine CoolStart EcoSmart+<br \/>\nLasa-te cucerit de designul acestei colectii: Tecturis S reflecta fluiditatea apei. Designul elegant rotunjit si liniile delicate intruchipeaza relaxarea pura si bunastarea. Aeratorul dispare elegant in gura robinetului \u2013 pentru un design minimalist. Datorita designului subtire si a tehnologiei ComfortZone, beneficiezi, de asemenea, de mai mult spatiu.<\/p>\n<p>Specificatii tehnice Baterie lavoar inalta bronz periat Hansgrohe Tecturis S 240 Fine CoolStart EcoSmart+:<\/p>\n<p>Producator: Hansgrohe<br \/>\nColectie: Tecturis S<br \/>\nCuloare: bronz periat<br \/>\nInaltime baterie 283 mm<br \/>\nLungime pipa 167 mm<br \/>\nZona de confort 237 mm<br \/>\nStativa, montare pe un singur orificiu<br \/>\nTip actionare: monocomanda<br \/>\nEconomisire apa calda CoolStart<br \/>\nJet AirPower<br \/>\nEcoSmart+ debit 4 l\/min<br \/>\nCartus ceramic<br \/>\nCu ventil de scurgere metalic Push-Open<br \/>\nConexiune G 3\/8&#8243;<br \/>\nPotrivit si pentru incalzitoare de apa instant<br \/>\nTaxonomie UE: max. 6 l\/min &#8211; Contributie substantiala (SC)<\/p>","protected":false},"excerpt":{"rendered":"<p>Baterie lavoar inalta bronz periat Hansgrohe Tecturis S 240 Fine CoolStart EcoSmart+ Lasa-te cucerit de designul acestei colectii: Tecturis S<\/p>","protected":false},"featured_media":28667,"template":"","meta":[],"product_brand":[],"product_cat":[367,366,334],"product_tag":[],"class_list":{"0":"post-28819","1":"product","2":"type-product","3":"status-publish","4":"has-post-thumbnail","6":"product_cat-baterii-lavoar","7":"product_cat-baterii-de-baie","8":"product_cat-sanitare","9":"pa_colectia-tecturis-s","10":"pa_culoare-bronz-mat","11":"pa_fabrica-hansgrohe","12":"pa_montaj-pe-lavoar","13":"pa_sku-3620","15":"first","16":"instock","17":"sale","18":"purchasable","19":"product-type-simple"},"yoast_head":"<!-- This site is optimized with the Yoast SEO Premium plugin v21.6 (Yoast SEO v22.1) - https:\/\/yoast.com\/wordpress\/plugins\/seo\/ -->\n<title>BATERIE \u00ceNALT\u0102 DE LAVOAR CU VENTIL CU TIJ\u0102 HANSGROHE TECTURIS S 240 FINE BRONZ MAT 73372140 - Edyceramic - magazin online<\/title>\n<meta name=\"robots\" content=\"index, follow, max-snippet:-1, max-image-preview:large, max-video-preview:-1\" \/>\n<link rel=\"canonical\" href=\"https:\/\/edyceramic-shop.ro\/en\/product\/baterie-inalta-de-lavoar-cu-ventil-cu-tija-hansgrohe-tecturis-s-240-fine-bronz-mat-73372140\/\" \/>\n<meta property=\"og:locale\" content=\"en_US\" \/>\n<meta property=\"og:type\" content=\"article\" \/>\n<meta property=\"og:title\" content=\"BATERIE \u00ceNALT\u0102 DE LAVOAR CU VENTIL CU TIJ\u0102 HANSGROHE TECTURIS S 240 FINE BRONZ MAT 73372140\" \/>\n<meta property=\"og:description\" content=\"Baterie lavoar inalta bronz periat Hansgrohe Tecturis S 240 Fine CoolStart EcoSmart+ Lasa-te cucerit de designul acestei colectii: Tecturis S\" \/>\n<meta property=\"og:url\" content=\"https:\/\/edyceramic-shop.ro\/en\/product\/baterie-inalta-de-lavoar-cu-ventil-cu-tija-hansgrohe-tecturis-s-240-fine-bronz-mat-73372140\/\" \/>\n<meta property=\"og:site_name\" content=\"Edyceramic - magazin online\" \/>\n<meta property=\"article:modified_time\" content=\"2025-08-01T11:38:05+00:00\" \/>\n<meta property=\"og:image\" content=\"https:\/\/edyceramic-shop.ro\/wp-content\/uploads\/2025\/08\/baterie-lavoar-inalta-bronz-periat-hansgrohe-tecturis-s-240-fine-coolstart-ecosmartplus-441457-1.webp\" \/>\n\t<meta property=\"og:image:width\" content=\"1000\" \/>\n\t<meta property=\"og:image:height\" content=\"1000\" \/>\n\t<meta property=\"og:image:type\" content=\"image\/webp\" \/>\n<meta name=\"twitter:card\" content=\"summary_large_image\" \/>\n<meta name=\"twitter:label1\" content=\"Price\" \/>\n\t<meta name=\"twitter:data1\" content=\"1.926,00&nbsp;lei\" \/>\n\t<meta name=\"twitter:label2\" content=\"Availability\" \/>\n\t<meta name=\"twitter:data2\" content=\"In stock\" \/>\n<script type=\"application\/ld+json\" class=\"yoast-schema-graph\">{\"@context\":\"https:\/\/schema.org\",\"@graph\":[{\"@type\":\"WebPage\",\"@id\":\"https:\/\/edyceramic-shop.ro\/produs\/baterie-inalta-de-lavoar-cu-ventil-cu-tija-hansgrohe-tecturis-s-240-fine-bronz-mat-73372140\/\",\"url\":\"https:\/\/edyceramic-shop.ro\/produs\/baterie-inalta-de-lavoar-cu-ventil-cu-tija-hansgrohe-tecturis-s-240-fine-bronz-mat-73372140\/\",\"name\":\"BATERIE \u00ceNALT\u0102 DE LAVOAR CU VENTIL CU TIJ\u0102 HANSGROHE TECTURIS S 240 FINE BRONZ MAT 73372140 - Edyceramic - magazin online\",\"isPartOf\":{\"@id\":\"https:\/\/edyceramic-shop.ro\/ro\/#website\"},\"datePublished\":\"2025-08-01T10:06:55+00:00\",\"dateModified\":\"2025-08-01T11:38:05+00:00\",\"breadcrumb\":{\"@id\":\"https:\/\/edyceramic-shop.ro\/produs\/baterie-inalta-de-lavoar-cu-ventil-cu-tija-hansgrohe-tecturis-s-240-fine-bronz-mat-73372140\/#breadcrumb\"},\"inLanguage\":\"en-US\",\"potentialAction\":[{\"@type\":\"ReadAction\",\"target\":[\"https:\/\/edyceramic-shop.ro\/produs\/baterie-inalta-de-lavoar-cu-ventil-cu-tija-hansgrohe-tecturis-s-240-fine-bronz-mat-73372140\/\"]}]},{\"@type\":\"BreadcrumbList\",\"@id\":\"https:\/\/edyceramic-shop.ro\/produs\/baterie-inalta-de-lavoar-cu-ventil-cu-tija-hansgrohe-tecturis-s-240-fine-bronz-mat-73372140\/#breadcrumb\",\"itemListElement\":[{\"@type\":\"ListItem\",\"position\":1,\"name\":\"Home\",\"item\":\"https:\/\/edyceramic-shop.ro\/\"},{\"@type\":\"ListItem\",\"position\":2,\"name\":\"Shop\",\"item\":\"https:\/\/edyceramic-shop.ro\/ro\/shop\/\"},{\"@type\":\"ListItem\",\"position\":3,\"name\":\"BATERIE \u00ceNALT\u0102 DE LAVOAR CU VENTIL CU TIJ\u0102 HANSGROHE TECTURIS S 240 FINE BRONZ MAT 73372140\"}]},{\"@type\":\"WebSite\",\"@id\":\"https:\/\/edyceramic-shop.ro\/ro\/#website\",\"url\":\"https:\/\/edyceramic-shop.ro\/ro\/\",\"name\":\"edyceramic.ro\",\"description\":\"\",\"publisher\":{\"@id\":\"https:\/\/edyceramic-shop.ro\/ro\/#organization\"},\"potentialAction\":[{\"@type\":\"SearchAction\",\"target\":{\"@type\":\"EntryPoint\",\"urlTemplate\":\"https:\/\/edyceramic-shop.ro\/ro\/?s={search_term_string}\"},\"query-input\":\"required name=search_term_string\"}],\"inLanguage\":\"en-US\"},{\"@type\":\"Organization\",\"@id\":\"https:\/\/edyceramic-shop.ro\/ro\/#organization\",\"name\":\"Edyceramic\",\"url\":\"https:\/\/edyceramic-shop.ro\/ro\/\",\"logo\":{\"@type\":\"ImageObject\",\"inLanguage\":\"en-US\",\"@id\":\"https:\/\/edyceramic-shop.ro\/ro\/#\/schema\/logo\/image\/\",\"url\":\"https:\/\/edyceramic-shop.ro\/wp-content\/uploads\/2024\/02\/Logo-EdyCeramic_2021-lung.png\",\"contentUrl\":\"https:\/\/edyceramic-shop.ro\/wp-content\/uploads\/2024\/02\/Logo-EdyCeramic_2021-lung.png\",\"width\":4491,\"height\":769,\"caption\":\"Edyceramic\"},\"image\":{\"@id\":\"https:\/\/edyceramic-shop.ro\/ro\/#\/schema\/logo\/image\/\"}}]}<\/script>\n<meta property=\"product:price:amount\" content=\"1926.00\" \/>\n<meta property=\"product:price:currency\" content=\"RON\" \/>\n<meta property=\"og:availability\" content=\"instock\" \/>\n<meta property=\"product:availability\" content=\"instock\" \/>\n<meta property=\"product:retailer_item_id\" content=\"73372140\" \/>\n<meta property=\"product:condition\" content=\"new\" \/>\n<!-- \/ Yoast SEO Premium plugin. -->","yoast_head_json":{"title":"BATERIE \u00ceNALT\u0102 DE LAVOAR CU VENTIL CU TIJ\u0102 HANSGROHE TECTURIS S 240 FINE BRONZ MAT 73372140 - Edyceramic - magazin online","robots":{"index":"index","follow":"follow","max-snippet":"max-snippet:-1","max-image-preview":"max-image-preview:large","max-video-preview":"max-video-preview:-1"},"canonical":"https:\/\/edyceramic-shop.ro\/en\/product\/baterie-inalta-de-lavoar-cu-ventil-cu-tija-hansgrohe-tecturis-s-240-fine-bronz-mat-73372140\/","og_locale":"en_US","og_type":"article","og_title":"BATERIE \u00ceNALT\u0102 DE LAVOAR CU VENTIL CU TIJ\u0102 HANSGROHE TECTURIS S 240 FINE BRONZ MAT 73372140","og_description":"Baterie lavoar inalta bronz periat Hansgrohe Tecturis S 240 Fine CoolStart EcoSmart+ Lasa-te cucerit de designul acestei colectii: Tecturis S","og_url":"https:\/\/edyceramic-shop.ro\/en\/product\/baterie-inalta-de-lavoar-cu-ventil-cu-tija-hansgrohe-tecturis-s-240-fine-bronz-mat-73372140\/","og_site_name":"Edyceramic - magazin online","article_modified_time":"2025-08-01T11:38:05+00:00","og_image":[{"width":1000,"height":1000,"url":"https:\/\/edyceramic-shop.ro\/wp-content\/uploads\/2025\/08\/baterie-lavoar-inalta-bronz-periat-hansgrohe-tecturis-s-240-fine-coolstart-ecosmartplus-441457-1.webp","type":"image\/webp"}],"twitter_card":"summary_large_image","twitter_misc":{"Price":"1.926,00&nbsp;lei","Availability":"In stock"},"schema":{"@context":"https:\/\/schema.org","@graph":[{"@type":"WebPage","@id":"https:\/\/edyceramic-shop.ro\/produs\/baterie-inalta-de-lavoar-cu-ventil-cu-tija-hansgrohe-tecturis-s-240-fine-bronz-mat-73372140\/","url":"https:\/\/edyceramic-shop.ro\/produs\/baterie-inalta-de-lavoar-cu-ventil-cu-tija-hansgrohe-tecturis-s-240-fine-bronz-mat-73372140\/","name":"BATERIE \u00ceNALT\u0102 DE LAVOAR CU VENTIL CU TIJ\u0102 HANSGROHE TECTURIS S 240 FINE BRONZ MAT 73372140 - Edyceramic - magazin online","isPartOf":{"@id":"https:\/\/edyceramic-shop.ro\/ro\/#website"},"datePublished":"2025-08-01T10:06:55+00:00","dateModified":"2025-08-01T11:38:05+00:00","breadcrumb":{"@id":"https:\/\/edyceramic-shop.ro\/produs\/baterie-inalta-de-lavoar-cu-ventil-cu-tija-hansgrohe-tecturis-s-240-fine-bronz-mat-73372140\/#breadcrumb"},"inLanguage":"en-US","potentialAction":[{"@type":"ReadAction","target":["https:\/\/edyceramic-shop.ro\/produs\/baterie-inalta-de-lavoar-cu-ventil-cu-tija-hansgrohe-tecturis-s-240-fine-bronz-mat-73372140\/"]}]},{"@type":"BreadcrumbList","@id":"https:\/\/edyceramic-shop.ro\/produs\/baterie-inalta-de-lavoar-cu-ventil-cu-tija-hansgrohe-tecturis-s-240-fine-bronz-mat-73372140\/#breadcrumb","itemListElement":[{"@type":"ListItem","position":1,"name":"Home","item":"https:\/\/edyceramic-shop.ro\/"},{"@type":"ListItem","position":2,"name":"Shop","item":"https:\/\/edyceramic-shop.ro\/ro\/shop\/"},{"@type":"ListItem","position":3,"name":"BATERIE \u00ceNALT\u0102 DE LAVOAR CU VENTIL CU TIJ\u0102 HANSGROHE TECTURIS S 240 FINE BRONZ MAT 73372140"}]},{"@type":"WebSite","@id":"https:\/\/edyceramic-shop.ro\/ro\/#website","url":"https:\/\/edyceramic-shop.ro\/ro\/","name":"edyceramic.ro","description":"","publisher":{"@id":"https:\/\/edyceramic-shop.ro\/ro\/#organization"},"potentialAction":[{"@type":"SearchAction","target":{"@type":"EntryPoint","urlTemplate":"https:\/\/edyceramic-shop.ro\/ro\/?s={search_term_string}"},"query-input":"required name=search_term_string"}],"inLanguage":"en-US"},{"@type":"Organization","@id":"https:\/\/edyceramic-shop.ro\/ro\/#organization","name":"Edyceramic","url":"https:\/\/edyceramic-shop.ro\/ro\/","logo":{"@type":"ImageObject","inLanguage":"en-US","@id":"https:\/\/edyceramic-shop.ro\/ro\/#\/schema\/logo\/image\/","url":"https:\/\/edyceramic-shop.ro\/wp-content\/uploads\/2024\/02\/Logo-EdyCeramic_2021-lung.png","contentUrl":"https:\/\/edyceramic-shop.ro\/wp-content\/uploads\/2024\/02\/Logo-EdyCeramic_2021-lung.png","width":4491,"height":769,"caption":"Edyceramic"},"image":{"@id":"https:\/\/edyceramic-shop.ro\/ro\/#\/schema\/logo\/image\/"}}]},"product_price_amount":"1926.00","product_price_currency":"RON","og_availability":"instock","product_availability":"instock","product_retailer_item_id":"73372140","product_condition":"new"},"jetpack_sharing_enabled":true,"_links":{"self":[{"href":"https:\/\/edyceramic-shop.ro\/en\/wp-json\/wp\/v2\/product\/28819","targetHints":{"allow":["GET"]}}],"collection":[{"href":"https:\/\/edyceramic-shop.ro\/en\/wp-json\/wp\/v2\/product"}],"about":[{"href":"https:\/\/edyceramic-shop.ro\/en\/wp-json\/wp\/v2\/types\/product"}],"version-history":[{"count":1,"href":"https:\/\/edyceramic-shop.ro\/en\/wp-json\/wp\/v2\/product\/28819\/revisions"}],"predecessor-version":[{"id":28820,"href":"https:\/\/edyceramic-shop.ro\/en\/wp-json\/wp\/v2\/product\/28819\/revisions\/28820"}],"wp:featuredmedia":[{"embeddable":true,"href":"https:\/\/edyceramic-shop.ro\/en\/wp-json\/wp\/v2\/media\/28667"}],"wp:attachment":[{"href":"https:\/\/edyceramic-shop.ro\/en\/wp-json\/wp\/v2\/media?parent=28819"}],"wp:term":[{"taxonomy":"product_brand","embeddable":true,"href":"https:\/\/edyceramic-shop.ro\/en\/wp-json\/wp\/v2\/product_brand?post=28819"},{"taxonomy":"product_cat","embeddable":true,"href":"https:\/\/edyceramic-shop.ro\/en\/wp-json\/wp\/v2\/product_cat?post=28819"},{"taxonomy":"product_tag","embeddable":true,"href":"https:\/\/edyceramic-shop.ro\/en\/wp-json\/wp\/v2\/product_tag?post=28819"}],"curies":[{"name":"wp","href":"https:\/\/api.w.org\/{rel}","templated":true}]}}