{"id":28781,"date":"2025-08-01T12:06:23","date_gmt":"2025-08-01T10:06:23","guid":{"rendered":"https:\/\/edyceramic-shop.ro\/produs\/baterie-inalta-de-lavoar-cu-ventil-cu-tija-hansgrohe-talis-e-240-brushed-black-chrome-71716340\/"},"modified":"2025-08-01T13:38:02","modified_gmt":"2025-08-01T11:38:02","slug":"baterie-inalta-de-lavoar-cu-ventil-cu-tija-hansgrohe-talis-e-240-brushed-black-chrome-71716340","status":"publish","type":"product","link":"https:\/\/edyceramic-shop.ro\/en\/product\/baterie-inalta-de-lavoar-cu-ventil-cu-tija-hansgrohe-talis-e-240-brushed-black-chrome-71716340\/","title":{"rendered":"BATERIE \u00ceNALT\u0102 DE LAVOAR CU VENTIL CU TIJ\u0102 HANSGROHE TALIS E 240 BRUSHED BLACK CHROME 71716340"},"content":{"rendered":"<p>Baterie lavoar inalta Hansgrohe Talis E 240 cu ventil Pop-Up negru &#8211; crom periat<br \/>\nTalis include o gama larga de robinete pentru dusuri, cazi de baie, bideuri si lavoare. Este remarcabila din punct de vedere al formei si al functiei sale: Select este numele conceptului revolutionar de operare, il poti folosi pentru a porni si opri apa in mod convenabil, prin simpla apasare a unui buton.<\/p>\n<p>Cu EcoSmart, poti reduce consumul de apa la doar 5 l\/min, in timp ce ComfortZone dispune de o varietate de inaltimi ale gurii de scurgere pentru a se potrivi cu bazinul de spalare.<\/p>\n<p>Robinetele pentru bazin cu un singur maner Talis S au un aspect natural. Gura lor conica, inclinata in jos, curge in setul de baza uniform, in timp ce manerul subtire in forma de tija garanteaza usurinta de utilizare. <\/p>\n<p>Baza usor conica asezata pe robinetul de chiuveta monocomanda Talis E curge printr-o pipa gratioasa cu o suprafata opulenta. Marginile de precizie captusesc gura de scurgere si maneta. <\/p>\n<p>Butonul Select ofera cea mai mare comoditate si ajuta la economisirea apei, deoarece acest tip de operare intuitiva prin simpla apasare a unui buton incurajeaza utilizatorii sa opreasca apa.<\/p>\n<p>Specificatii tehnice Baterie lavoar inalta Hansgrohe Talis E 240 cu ventil Pop-Up negru &#8211; crom periat:<\/p>\n<p>Producator: Hansgrohe<br \/>\nColectia: Talis E<br \/>\nTip produs: baterie lavoar<br \/>\nTip montare: pe blat<br \/>\nTip actionare: monocomanda<br \/>\nCuloare: negru\/crom<br \/>\nFinisaj: periat<br \/>\nComfortZone 240<br \/>\nProiectie pipa: 183 mm<br \/>\nInaltime gura: 234 mm<br \/>\nTip de pulverizare: pulverizare normala<br \/>\nDebit maxim la 3 bar: 5 l\/min<br \/>\nCartus ceramic<br \/>\nLimitare de temperatura reglabila<br \/>\nPotrivit pentru incalzitoare de apa cu debit continuu<br \/>\nSet de deseuri Pop-Up G 1\u00bc<br \/>\nSet de deseuri materiale: metal<br \/>\nTip de conexiune: conexiuni G \u215c<br \/>\nDimensiune racordare: DN15<\/p>","protected":false},"excerpt":{"rendered":"<p>Baterie lavoar inalta Hansgrohe Talis E 240 cu ventil Pop-Up negru &#8211; crom periat Talis include o gama larga de<\/p>","protected":false},"featured_media":28642,"template":"","meta":[],"product_brand":[],"product_cat":[367,366,334],"product_tag":[],"class_list":{"0":"post-28781","1":"product","2":"type-product","3":"status-publish","4":"has-post-thumbnail","6":"product_cat-baterii-lavoar","7":"product_cat-baterii-de-baie","8":"product_cat-sanitare","9":"pa_colectia-talis","10":"pa_culoare-brushed-black-chrome","11":"pa_fabrica-hansgrohe","12":"pa_montaj-pe-lavoar","13":"pa_sku-3600","15":"first","16":"instock","17":"sale","18":"purchasable","19":"product-type-simple"},"yoast_head":"<!-- This site is optimized with the Yoast SEO Premium plugin v21.6 (Yoast SEO v22.1) - https:\/\/yoast.com\/wordpress\/plugins\/seo\/ -->\n<title>BATERIE \u00ceNALT\u0102 DE LAVOAR CU VENTIL CU TIJ\u0102 HANSGROHE TALIS E 240 BRUSHED BLACK CHROME 71716340 - Edyceramic - magazin online<\/title>\n<meta name=\"robots\" content=\"index, follow, max-snippet:-1, max-image-preview:large, max-video-preview:-1\" \/>\n<link rel=\"canonical\" href=\"https:\/\/edyceramic-shop.ro\/en\/product\/baterie-inalta-de-lavoar-cu-ventil-cu-tija-hansgrohe-talis-e-240-brushed-black-chrome-71716340\/\" \/>\n<meta property=\"og:locale\" content=\"en_US\" \/>\n<meta property=\"og:type\" content=\"article\" \/>\n<meta property=\"og:title\" content=\"BATERIE \u00ceNALT\u0102 DE LAVOAR CU VENTIL CU TIJ\u0102 HANSGROHE TALIS E 240 BRUSHED BLACK CHROME 71716340\" \/>\n<meta property=\"og:description\" content=\"Baterie lavoar inalta Hansgrohe Talis E 240 cu ventil Pop-Up negru &#8211; crom periat Talis include o gama larga de\" \/>\n<meta property=\"og:url\" content=\"https:\/\/edyceramic-shop.ro\/en\/product\/baterie-inalta-de-lavoar-cu-ventil-cu-tija-hansgrohe-talis-e-240-brushed-black-chrome-71716340\/\" \/>\n<meta property=\"og:site_name\" content=\"Edyceramic - magazin online\" \/>\n<meta property=\"article:modified_time\" content=\"2025-08-01T11:38:02+00:00\" \/>\n<meta property=\"og:image\" content=\"https:\/\/edyceramic-shop.ro\/wp-content\/uploads\/2025\/08\/baterie-lavoar-hansgrohe-talis-e-240-negru-periat-cu-ventil-21594-1.webp\" \/>\n\t<meta property=\"og:image:width\" content=\"1000\" \/>\n\t<meta property=\"og:image:height\" content=\"1000\" \/>\n\t<meta property=\"og:image:type\" content=\"image\/webp\" \/>\n<meta name=\"twitter:card\" content=\"summary_large_image\" \/>\n<meta name=\"twitter:label1\" content=\"Price\" \/>\n\t<meta name=\"twitter:data1\" content=\"1.840,00&nbsp;lei\" \/>\n\t<meta name=\"twitter:label2\" content=\"Availability\" \/>\n\t<meta name=\"twitter:data2\" content=\"In stock\" \/>\n<script type=\"application\/ld+json\" class=\"yoast-schema-graph\">{\"@context\":\"https:\/\/schema.org\",\"@graph\":[{\"@type\":\"WebPage\",\"@id\":\"https:\/\/edyceramic-shop.ro\/produs\/baterie-inalta-de-lavoar-cu-ventil-cu-tija-hansgrohe-talis-e-240-brushed-black-chrome-71716340\/\",\"url\":\"https:\/\/edyceramic-shop.ro\/produs\/baterie-inalta-de-lavoar-cu-ventil-cu-tija-hansgrohe-talis-e-240-brushed-black-chrome-71716340\/\",\"name\":\"BATERIE \u00ceNALT\u0102 DE LAVOAR CU VENTIL CU TIJ\u0102 HANSGROHE TALIS E 240 BRUSHED BLACK CHROME 71716340 - Edyceramic - magazin online\",\"isPartOf\":{\"@id\":\"https:\/\/edyceramic-shop.ro\/ro\/#website\"},\"datePublished\":\"2025-08-01T10:06:23+00:00\",\"dateModified\":\"2025-08-01T11:38:02+00:00\",\"breadcrumb\":{\"@id\":\"https:\/\/edyceramic-shop.ro\/produs\/baterie-inalta-de-lavoar-cu-ventil-cu-tija-hansgrohe-talis-e-240-brushed-black-chrome-71716340\/#breadcrumb\"},\"inLanguage\":\"en-US\",\"potentialAction\":[{\"@type\":\"ReadAction\",\"target\":[\"https:\/\/edyceramic-shop.ro\/produs\/baterie-inalta-de-lavoar-cu-ventil-cu-tija-hansgrohe-talis-e-240-brushed-black-chrome-71716340\/\"]}]},{\"@type\":\"BreadcrumbList\",\"@id\":\"https:\/\/edyceramic-shop.ro\/produs\/baterie-inalta-de-lavoar-cu-ventil-cu-tija-hansgrohe-talis-e-240-brushed-black-chrome-71716340\/#breadcrumb\",\"itemListElement\":[{\"@type\":\"ListItem\",\"position\":1,\"name\":\"Home\",\"item\":\"https:\/\/edyceramic-shop.ro\/\"},{\"@type\":\"ListItem\",\"position\":2,\"name\":\"Shop\",\"item\":\"https:\/\/edyceramic-shop.ro\/ro\/shop\/\"},{\"@type\":\"ListItem\",\"position\":3,\"name\":\"BATERIE \u00ceNALT\u0102 DE LAVOAR CU VENTIL CU TIJ\u0102 HANSGROHE TALIS E 240 BRUSHED BLACK CHROME 71716340\"}]},{\"@type\":\"WebSite\",\"@id\":\"https:\/\/edyceramic-shop.ro\/ro\/#website\",\"url\":\"https:\/\/edyceramic-shop.ro\/ro\/\",\"name\":\"edyceramic.ro\",\"description\":\"\",\"publisher\":{\"@id\":\"https:\/\/edyceramic-shop.ro\/ro\/#organization\"},\"potentialAction\":[{\"@type\":\"SearchAction\",\"target\":{\"@type\":\"EntryPoint\",\"urlTemplate\":\"https:\/\/edyceramic-shop.ro\/ro\/?s={search_term_string}\"},\"query-input\":\"required name=search_term_string\"}],\"inLanguage\":\"en-US\"},{\"@type\":\"Organization\",\"@id\":\"https:\/\/edyceramic-shop.ro\/ro\/#organization\",\"name\":\"Edyceramic\",\"url\":\"https:\/\/edyceramic-shop.ro\/ro\/\",\"logo\":{\"@type\":\"ImageObject\",\"inLanguage\":\"en-US\",\"@id\":\"https:\/\/edyceramic-shop.ro\/ro\/#\/schema\/logo\/image\/\",\"url\":\"https:\/\/edyceramic-shop.ro\/wp-content\/uploads\/2024\/02\/Logo-EdyCeramic_2021-lung.png\",\"contentUrl\":\"https:\/\/edyceramic-shop.ro\/wp-content\/uploads\/2024\/02\/Logo-EdyCeramic_2021-lung.png\",\"width\":4491,\"height\":769,\"caption\":\"Edyceramic\"},\"image\":{\"@id\":\"https:\/\/edyceramic-shop.ro\/ro\/#\/schema\/logo\/image\/\"}}]}<\/script>\n<meta property=\"product:price:amount\" content=\"1840.00\" \/>\n<meta property=\"product:price:currency\" content=\"RON\" \/>\n<meta property=\"og:availability\" content=\"instock\" \/>\n<meta property=\"product:availability\" content=\"instock\" \/>\n<meta property=\"product:retailer_item_id\" content=\"71716340\" \/>\n<meta property=\"product:condition\" content=\"new\" \/>\n<!-- \/ Yoast SEO Premium plugin. -->","yoast_head_json":{"title":"BATERIE \u00ceNALT\u0102 DE LAVOAR CU VENTIL CU TIJ\u0102 HANSGROHE TALIS E 240 BRUSHED BLACK CHROME 71716340 - Edyceramic - magazin online","robots":{"index":"index","follow":"follow","max-snippet":"max-snippet:-1","max-image-preview":"max-image-preview:large","max-video-preview":"max-video-preview:-1"},"canonical":"https:\/\/edyceramic-shop.ro\/en\/product\/baterie-inalta-de-lavoar-cu-ventil-cu-tija-hansgrohe-talis-e-240-brushed-black-chrome-71716340\/","og_locale":"en_US","og_type":"article","og_title":"BATERIE \u00ceNALT\u0102 DE LAVOAR CU VENTIL CU TIJ\u0102 HANSGROHE TALIS E 240 BRUSHED BLACK CHROME 71716340","og_description":"Baterie lavoar inalta Hansgrohe Talis E 240 cu ventil Pop-Up negru &#8211; crom periat Talis include o gama larga de","og_url":"https:\/\/edyceramic-shop.ro\/en\/product\/baterie-inalta-de-lavoar-cu-ventil-cu-tija-hansgrohe-talis-e-240-brushed-black-chrome-71716340\/","og_site_name":"Edyceramic - magazin online","article_modified_time":"2025-08-01T11:38:02+00:00","og_image":[{"width":1000,"height":1000,"url":"https:\/\/edyceramic-shop.ro\/wp-content\/uploads\/2025\/08\/baterie-lavoar-hansgrohe-talis-e-240-negru-periat-cu-ventil-21594-1.webp","type":"image\/webp"}],"twitter_card":"summary_large_image","twitter_misc":{"Price":"1.840,00&nbsp;lei","Availability":"In stock"},"schema":{"@context":"https:\/\/schema.org","@graph":[{"@type":"WebPage","@id":"https:\/\/edyceramic-shop.ro\/produs\/baterie-inalta-de-lavoar-cu-ventil-cu-tija-hansgrohe-talis-e-240-brushed-black-chrome-71716340\/","url":"https:\/\/edyceramic-shop.ro\/produs\/baterie-inalta-de-lavoar-cu-ventil-cu-tija-hansgrohe-talis-e-240-brushed-black-chrome-71716340\/","name":"BATERIE \u00ceNALT\u0102 DE LAVOAR CU VENTIL CU TIJ\u0102 HANSGROHE TALIS E 240 BRUSHED BLACK CHROME 71716340 - Edyceramic - magazin online","isPartOf":{"@id":"https:\/\/edyceramic-shop.ro\/ro\/#website"},"datePublished":"2025-08-01T10:06:23+00:00","dateModified":"2025-08-01T11:38:02+00:00","breadcrumb":{"@id":"https:\/\/edyceramic-shop.ro\/produs\/baterie-inalta-de-lavoar-cu-ventil-cu-tija-hansgrohe-talis-e-240-brushed-black-chrome-71716340\/#breadcrumb"},"inLanguage":"en-US","potentialAction":[{"@type":"ReadAction","target":["https:\/\/edyceramic-shop.ro\/produs\/baterie-inalta-de-lavoar-cu-ventil-cu-tija-hansgrohe-talis-e-240-brushed-black-chrome-71716340\/"]}]},{"@type":"BreadcrumbList","@id":"https:\/\/edyceramic-shop.ro\/produs\/baterie-inalta-de-lavoar-cu-ventil-cu-tija-hansgrohe-talis-e-240-brushed-black-chrome-71716340\/#breadcrumb","itemListElement":[{"@type":"ListItem","position":1,"name":"Home","item":"https:\/\/edyceramic-shop.ro\/"},{"@type":"ListItem","position":2,"name":"Shop","item":"https:\/\/edyceramic-shop.ro\/ro\/shop\/"},{"@type":"ListItem","position":3,"name":"BATERIE \u00ceNALT\u0102 DE LAVOAR CU VENTIL CU TIJ\u0102 HANSGROHE TALIS E 240 BRUSHED BLACK CHROME 71716340"}]},{"@type":"WebSite","@id":"https:\/\/edyceramic-shop.ro\/ro\/#website","url":"https:\/\/edyceramic-shop.ro\/ro\/","name":"edyceramic.ro","description":"","publisher":{"@id":"https:\/\/edyceramic-shop.ro\/ro\/#organization"},"potentialAction":[{"@type":"SearchAction","target":{"@type":"EntryPoint","urlTemplate":"https:\/\/edyceramic-shop.ro\/ro\/?s={search_term_string}"},"query-input":"required name=search_term_string"}],"inLanguage":"en-US"},{"@type":"Organization","@id":"https:\/\/edyceramic-shop.ro\/ro\/#organization","name":"Edyceramic","url":"https:\/\/edyceramic-shop.ro\/ro\/","logo":{"@type":"ImageObject","inLanguage":"en-US","@id":"https:\/\/edyceramic-shop.ro\/ro\/#\/schema\/logo\/image\/","url":"https:\/\/edyceramic-shop.ro\/wp-content\/uploads\/2024\/02\/Logo-EdyCeramic_2021-lung.png","contentUrl":"https:\/\/edyceramic-shop.ro\/wp-content\/uploads\/2024\/02\/Logo-EdyCeramic_2021-lung.png","width":4491,"height":769,"caption":"Edyceramic"},"image":{"@id":"https:\/\/edyceramic-shop.ro\/ro\/#\/schema\/logo\/image\/"}}]},"product_price_amount":"1840.00","product_price_currency":"RON","og_availability":"instock","product_availability":"instock","product_retailer_item_id":"71716340","product_condition":"new"},"jetpack_sharing_enabled":true,"_links":{"self":[{"href":"https:\/\/edyceramic-shop.ro\/en\/wp-json\/wp\/v2\/product\/28781","targetHints":{"allow":["GET"]}}],"collection":[{"href":"https:\/\/edyceramic-shop.ro\/en\/wp-json\/wp\/v2\/product"}],"about":[{"href":"https:\/\/edyceramic-shop.ro\/en\/wp-json\/wp\/v2\/types\/product"}],"version-history":[{"count":1,"href":"https:\/\/edyceramic-shop.ro\/en\/wp-json\/wp\/v2\/product\/28781\/revisions"}],"predecessor-version":[{"id":28782,"href":"https:\/\/edyceramic-shop.ro\/en\/wp-json\/wp\/v2\/product\/28781\/revisions\/28782"}],"wp:featuredmedia":[{"embeddable":true,"href":"https:\/\/edyceramic-shop.ro\/en\/wp-json\/wp\/v2\/media\/28642"}],"wp:attachment":[{"href":"https:\/\/edyceramic-shop.ro\/en\/wp-json\/wp\/v2\/media?parent=28781"}],"wp:term":[{"taxonomy":"product_brand","embeddable":true,"href":"https:\/\/edyceramic-shop.ro\/en\/wp-json\/wp\/v2\/product_brand?post=28781"},{"taxonomy":"product_cat","embeddable":true,"href":"https:\/\/edyceramic-shop.ro\/en\/wp-json\/wp\/v2\/product_cat?post=28781"},{"taxonomy":"product_tag","embeddable":true,"href":"https:\/\/edyceramic-shop.ro\/en\/wp-json\/wp\/v2\/product_tag?post=28781"}],"curies":[{"name":"wp","href":"https:\/\/api.w.org\/{rel}","templated":true}]}}