{"id":28528,"date":"2025-07-29T14:01:28","date_gmt":"2025-07-29T12:01:28","guid":{"rendered":"https:\/\/edyceramic-shop.ro\/produs\/koru-grey-sat-60x120cm-vitacer\/"},"modified":"2025-08-01T13:38:01","modified_gmt":"2025-08-01T11:38:01","slug":"koru-grey-sat-60x120cm-vitacer","status":"publish","type":"product","link":"https:\/\/edyceramic-shop.ro\/en\/product\/koru-grey-sat-60x120cm-vitacer\/","title":{"rendered":"KORU GREY SAT 60x120cm VITACER"},"content":{"rendered":"<p>Pl\u0103cile ceramice 60\u00d7120 cm de la Vitacer \u00eembin\u0103 perfect estetica modern\u0103 cu performan\u021bele tehnice ridicate, fiind o alegere versatil\u0103 pentru amenaj\u0103ri interioare \u0219i exterioare. Fabricate din gresie por\u021belanat\u0103, calitatea I, aceste pl\u0103ci sunt rectificate, au o suprafa\u021b\u0103 durabil\u0103 \u0219i sunt rezistente la \u00eenghe\u021b \u0219i trafic intens.<\/p>\n<p>Dimensiunea 60\u00d7120 cm ofer\u0103 echilibrul ideal \u00eentre impact vizual \u0219i flexibilitate \u00een montaj, fiind potrivit\u0103 at\u00e2t pentru pardoseli, c\u00e2t \u0219i pentru plac\u0103ri de pere\u021bi \u00een b\u0103i, buc\u0103t\u0103rii, holuri sau spa\u021bii comerciale. Designurile disponibile \u2013 de la imita\u021bii de marmur\u0103 la texturi de ciment sau piatr\u0103 \u2013 permit integrarea u\u0219oar\u0103 \u00een orice stil de amenajare, de la clasic la contemporan.<\/p>","protected":false},"excerpt":{"rendered":"<p>Pl\u0103cile ceramice 60\u00d7120 cm de la Vitacer \u00eembin\u0103 perfect estetica modern\u0103 cu performan\u021bele tehnice ridicate, fiind o alegere versatil\u0103 pentru<\/p>","protected":false},"featured_media":28497,"template":"","meta":[],"product_brand":[],"product_cat":[301,467],"product_tag":[],"class_list":{"0":"post-28528","1":"product","2":"type-product","3":"status-publish","4":"has-post-thumbnail","6":"product_cat-gresie","7":"product_cat-gresie-si-faianta","8":"pa_ambalare-1-43mp-cutie","9":"pa_calitatea-1091","10":"pa_dimensiune-60x120cm","11":"pa_fabrica-vitacer","12":"pa_finisaj-satin","13":"pa_rectificat-da","14":"pa_rezistent-la-inghet-da","15":"pa_utilizare-interior-exterior","17":"first","18":"instock","19":"sale","20":"purchasable","21":"product-type-simple"},"yoast_head":"<!-- This site is optimized with the Yoast SEO Premium plugin v21.6 (Yoast SEO v22.1) - https:\/\/yoast.com\/wordpress\/plugins\/seo\/ -->\n<title>KORU GREY SAT 60x120cm VITACER - Edyceramic - magazin online<\/title>\n<meta name=\"robots\" content=\"index, follow, max-snippet:-1, max-image-preview:large, max-video-preview:-1\" \/>\n<link rel=\"canonical\" href=\"https:\/\/edyceramic-shop.ro\/en\/product\/koru-grey-sat-60x120cm-vitacer\/\" \/>\n<meta property=\"og:locale\" content=\"en_US\" \/>\n<meta property=\"og:type\" content=\"article\" \/>\n<meta property=\"og:title\" content=\"KORU GREY SAT 60x120cm VITACER\" \/>\n<meta property=\"og:description\" content=\"Pl\u0103cile ceramice 60\u00d7120 cm de la Vitacer \u00eembin\u0103 perfect estetica modern\u0103 cu performan\u021bele tehnice ridicate, fiind o alegere versatil\u0103 pentru\" \/>\n<meta property=\"og:url\" content=\"https:\/\/edyceramic-shop.ro\/en\/product\/koru-grey-sat-60x120cm-vitacer\/\" \/>\n<meta property=\"og:site_name\" content=\"Edyceramic - magazin online\" \/>\n<meta property=\"article:modified_time\" content=\"2025-08-01T11:38:01+00:00\" \/>\n<meta property=\"og:image\" content=\"https:\/\/edyceramic-shop.ro\/wp-content\/uploads\/2025\/07\/vitacerkorugrey60120.webp\" \/>\n\t<meta property=\"og:image:width\" content=\"940\" \/>\n\t<meta property=\"og:image:height\" content=\"470\" \/>\n\t<meta property=\"og:image:type\" content=\"image\/webp\" \/>\n<meta name=\"twitter:card\" content=\"summary_large_image\" \/>\n<meta name=\"twitter:label1\" content=\"Price\" \/>\n\t<meta name=\"twitter:data1\" content=\"113,00&nbsp;lei\" \/>\n\t<meta name=\"twitter:label2\" content=\"Availability\" \/>\n\t<meta name=\"twitter:data2\" content=\"In stock\" \/>\n<script type=\"application\/ld+json\" class=\"yoast-schema-graph\">{\"@context\":\"https:\/\/schema.org\",\"@graph\":[{\"@type\":\"WebPage\",\"@id\":\"https:\/\/edyceramic-shop.ro\/produs\/koru-grey-sat-60x120cm-vitacer\/\",\"url\":\"https:\/\/edyceramic-shop.ro\/produs\/koru-grey-sat-60x120cm-vitacer\/\",\"name\":\"KORU GREY SAT 60x120cm VITACER - Edyceramic - magazin online\",\"isPartOf\":{\"@id\":\"https:\/\/edyceramic-shop.ro\/ro\/#website\"},\"datePublished\":\"2025-07-29T12:01:28+00:00\",\"dateModified\":\"2025-08-01T11:38:01+00:00\",\"breadcrumb\":{\"@id\":\"https:\/\/edyceramic-shop.ro\/produs\/koru-grey-sat-60x120cm-vitacer\/#breadcrumb\"},\"inLanguage\":\"en-US\",\"potentialAction\":[{\"@type\":\"ReadAction\",\"target\":[\"https:\/\/edyceramic-shop.ro\/produs\/koru-grey-sat-60x120cm-vitacer\/\"]}]},{\"@type\":\"BreadcrumbList\",\"@id\":\"https:\/\/edyceramic-shop.ro\/produs\/koru-grey-sat-60x120cm-vitacer\/#breadcrumb\",\"itemListElement\":[{\"@type\":\"ListItem\",\"position\":1,\"name\":\"Home\",\"item\":\"https:\/\/edyceramic-shop.ro\/\"},{\"@type\":\"ListItem\",\"position\":2,\"name\":\"Shop\",\"item\":\"https:\/\/edyceramic-shop.ro\/ro\/shop\/\"},{\"@type\":\"ListItem\",\"position\":3,\"name\":\"KORU GREY SAT 60x120cm VITACER\"}]},{\"@type\":\"WebSite\",\"@id\":\"https:\/\/edyceramic-shop.ro\/ro\/#website\",\"url\":\"https:\/\/edyceramic-shop.ro\/ro\/\",\"name\":\"edyceramic.ro\",\"description\":\"\",\"publisher\":{\"@id\":\"https:\/\/edyceramic-shop.ro\/ro\/#organization\"},\"potentialAction\":[{\"@type\":\"SearchAction\",\"target\":{\"@type\":\"EntryPoint\",\"urlTemplate\":\"https:\/\/edyceramic-shop.ro\/ro\/?s={search_term_string}\"},\"query-input\":\"required name=search_term_string\"}],\"inLanguage\":\"en-US\"},{\"@type\":\"Organization\",\"@id\":\"https:\/\/edyceramic-shop.ro\/ro\/#organization\",\"name\":\"Edyceramic\",\"url\":\"https:\/\/edyceramic-shop.ro\/ro\/\",\"logo\":{\"@type\":\"ImageObject\",\"inLanguage\":\"en-US\",\"@id\":\"https:\/\/edyceramic-shop.ro\/ro\/#\/schema\/logo\/image\/\",\"url\":\"https:\/\/edyceramic-shop.ro\/wp-content\/uploads\/2024\/02\/Logo-EdyCeramic_2021-lung.png\",\"contentUrl\":\"https:\/\/edyceramic-shop.ro\/wp-content\/uploads\/2024\/02\/Logo-EdyCeramic_2021-lung.png\",\"width\":4491,\"height\":769,\"caption\":\"Edyceramic\"},\"image\":{\"@id\":\"https:\/\/edyceramic-shop.ro\/ro\/#\/schema\/logo\/image\/\"}}]}<\/script>\n<meta property=\"product:price:amount\" content=\"113.00\" \/>\n<meta property=\"product:price:currency\" content=\"RON\" \/>\n<meta property=\"og:availability\" content=\"instock\" \/>\n<meta property=\"product:availability\" content=\"instock\" \/>\n<meta property=\"product:retailer_item_id\" content=\"ab932b0b6a51\" \/>\n<meta property=\"product:condition\" content=\"new\" \/>\n<!-- \/ Yoast SEO Premium plugin. -->","yoast_head_json":{"title":"KORU GREY SAT 60x120cm VITACER - Edyceramic - magazin online","robots":{"index":"index","follow":"follow","max-snippet":"max-snippet:-1","max-image-preview":"max-image-preview:large","max-video-preview":"max-video-preview:-1"},"canonical":"https:\/\/edyceramic-shop.ro\/en\/product\/koru-grey-sat-60x120cm-vitacer\/","og_locale":"en_US","og_type":"article","og_title":"KORU GREY SAT 60x120cm VITACER","og_description":"Pl\u0103cile ceramice 60\u00d7120 cm de la Vitacer \u00eembin\u0103 perfect estetica modern\u0103 cu performan\u021bele tehnice ridicate, fiind o alegere versatil\u0103 pentru","og_url":"https:\/\/edyceramic-shop.ro\/en\/product\/koru-grey-sat-60x120cm-vitacer\/","og_site_name":"Edyceramic - magazin online","article_modified_time":"2025-08-01T11:38:01+00:00","og_image":[{"width":940,"height":470,"url":"https:\/\/edyceramic-shop.ro\/wp-content\/uploads\/2025\/07\/vitacerkorugrey60120.webp","type":"image\/webp"}],"twitter_card":"summary_large_image","twitter_misc":{"Price":"113,00&nbsp;lei","Availability":"In stock"},"schema":{"@context":"https:\/\/schema.org","@graph":[{"@type":"WebPage","@id":"https:\/\/edyceramic-shop.ro\/produs\/koru-grey-sat-60x120cm-vitacer\/","url":"https:\/\/edyceramic-shop.ro\/produs\/koru-grey-sat-60x120cm-vitacer\/","name":"KORU GREY SAT 60x120cm VITACER - Edyceramic - magazin online","isPartOf":{"@id":"https:\/\/edyceramic-shop.ro\/ro\/#website"},"datePublished":"2025-07-29T12:01:28+00:00","dateModified":"2025-08-01T11:38:01+00:00","breadcrumb":{"@id":"https:\/\/edyceramic-shop.ro\/produs\/koru-grey-sat-60x120cm-vitacer\/#breadcrumb"},"inLanguage":"en-US","potentialAction":[{"@type":"ReadAction","target":["https:\/\/edyceramic-shop.ro\/produs\/koru-grey-sat-60x120cm-vitacer\/"]}]},{"@type":"BreadcrumbList","@id":"https:\/\/edyceramic-shop.ro\/produs\/koru-grey-sat-60x120cm-vitacer\/#breadcrumb","itemListElement":[{"@type":"ListItem","position":1,"name":"Home","item":"https:\/\/edyceramic-shop.ro\/"},{"@type":"ListItem","position":2,"name":"Shop","item":"https:\/\/edyceramic-shop.ro\/ro\/shop\/"},{"@type":"ListItem","position":3,"name":"KORU GREY SAT 60x120cm VITACER"}]},{"@type":"WebSite","@id":"https:\/\/edyceramic-shop.ro\/ro\/#website","url":"https:\/\/edyceramic-shop.ro\/ro\/","name":"edyceramic.ro","description":"","publisher":{"@id":"https:\/\/edyceramic-shop.ro\/ro\/#organization"},"potentialAction":[{"@type":"SearchAction","target":{"@type":"EntryPoint","urlTemplate":"https:\/\/edyceramic-shop.ro\/ro\/?s={search_term_string}"},"query-input":"required name=search_term_string"}],"inLanguage":"en-US"},{"@type":"Organization","@id":"https:\/\/edyceramic-shop.ro\/ro\/#organization","name":"Edyceramic","url":"https:\/\/edyceramic-shop.ro\/ro\/","logo":{"@type":"ImageObject","inLanguage":"en-US","@id":"https:\/\/edyceramic-shop.ro\/ro\/#\/schema\/logo\/image\/","url":"https:\/\/edyceramic-shop.ro\/wp-content\/uploads\/2024\/02\/Logo-EdyCeramic_2021-lung.png","contentUrl":"https:\/\/edyceramic-shop.ro\/wp-content\/uploads\/2024\/02\/Logo-EdyCeramic_2021-lung.png","width":4491,"height":769,"caption":"Edyceramic"},"image":{"@id":"https:\/\/edyceramic-shop.ro\/ro\/#\/schema\/logo\/image\/"}}]},"product_price_amount":"113.00","product_price_currency":"RON","og_availability":"instock","product_availability":"instock","product_retailer_item_id":"ab932b0b6a51","product_condition":"new"},"jetpack_sharing_enabled":true,"_links":{"self":[{"href":"https:\/\/edyceramic-shop.ro\/en\/wp-json\/wp\/v2\/product\/28528","targetHints":{"allow":["GET"]}}],"collection":[{"href":"https:\/\/edyceramic-shop.ro\/en\/wp-json\/wp\/v2\/product"}],"about":[{"href":"https:\/\/edyceramic-shop.ro\/en\/wp-json\/wp\/v2\/types\/product"}],"version-history":[{"count":1,"href":"https:\/\/edyceramic-shop.ro\/en\/wp-json\/wp\/v2\/product\/28528\/revisions"}],"predecessor-version":[{"id":28529,"href":"https:\/\/edyceramic-shop.ro\/en\/wp-json\/wp\/v2\/product\/28528\/revisions\/28529"}],"wp:featuredmedia":[{"embeddable":true,"href":"https:\/\/edyceramic-shop.ro\/en\/wp-json\/wp\/v2\/media\/28497"}],"wp:attachment":[{"href":"https:\/\/edyceramic-shop.ro\/en\/wp-json\/wp\/v2\/media?parent=28528"}],"wp:term":[{"taxonomy":"product_brand","embeddable":true,"href":"https:\/\/edyceramic-shop.ro\/en\/wp-json\/wp\/v2\/product_brand?post=28528"},{"taxonomy":"product_cat","embeddable":true,"href":"https:\/\/edyceramic-shop.ro\/en\/wp-json\/wp\/v2\/product_cat?post=28528"},{"taxonomy":"product_tag","embeddable":true,"href":"https:\/\/edyceramic-shop.ro\/en\/wp-json\/wp\/v2\/product_tag?post=28528"}],"curies":[{"name":"wp","href":"https:\/\/api.w.org\/{rel}","templated":true}]}}