{"id":28520,"date":"2025-07-29T14:01:28","date_gmt":"2025-07-29T12:01:28","guid":{"rendered":"https:\/\/edyceramic-shop.ro\/produs\/ethereal-silver-120x280cm-vitacer\/"},"modified":"2025-08-01T13:38:01","modified_gmt":"2025-08-01T11:38:01","slug":"ethereal-silver-120x280cm-vitacer","status":"publish","type":"product","link":"https:\/\/edyceramic-shop.ro\/en\/product\/ethereal-silver-120x280cm-vitacer\/","title":{"rendered":"ETHEREAL SILVER 120x280cm VITACER"},"content":{"rendered":"<p>Gresia por\u021belanat\u0103 de format mare 120\u00d7280 cm de la Vitacer este alegerea ideal\u0103 pentru proiecte moderne, unde se dore\u0219te un aspect unitar \u0219i elegant, cu rosturi minime. Pl\u0103cile sunt rectificate, calitatea I, \u0219i pot fi montate at\u00e2t la interior, c\u00e2t \u0219i la exterior, fiind rezistente la \u00eenghe\u021b \u0219i la uzur\u0103 intens\u0103.<\/p>\n<p>Prin suprafa\u021ba perfect plan\u0103 \u0219i designurile variate \u2013 de la imita\u021bii de marmur\u0103 la piatr\u0103 sau beton \u2013 aceste pl\u0103ci aduc un plus de stil \u0219i rafinament oric\u0103rui spa\u021biu: livinguri, b\u0103i, holuri, fa\u021bade sau spa\u021bii comerciale. Datorit\u0103 dimensiunilor generoase, reduc vizual fragmentarea suprafe\u021belor \u0219i creeaz\u0103 o atmosfer\u0103 deschis\u0103, curat\u0103 \u0219i contemporan\u0103.<\/p>","protected":false},"excerpt":{"rendered":"<p>Gresia por\u021belanat\u0103 de format mare 120\u00d7280 cm de la Vitacer este alegerea ideal\u0103 pentru proiecte moderne, unde se dore\u0219te un<\/p>","protected":false},"featured_media":28495,"template":"","meta":[],"product_brand":[],"product_cat":[467,303],"product_tag":[],"class_list":{"0":"post-28520","1":"product","2":"type-product","3":"status-publish","4":"has-post-thumbnail","6":"product_cat-gresie-si-faianta","7":"product_cat-gresie-placi-mari","8":"pa_ambalare-3-36mp-cutie","9":"pa_calitatea-1091","10":"pa_dimensiune-120x280cm","11":"pa_fabrica-vitacer","12":"pa_finisaj-lucios","13":"pa_rectificat-da","14":"pa_rezistent-la-inghet-da","15":"pa_utilizare-interior-exterior","17":"first","18":"instock","19":"purchasable","20":"product-type-simple"},"yoast_head":"<!-- This site is optimized with the Yoast SEO Premium plugin v21.6 (Yoast SEO v22.1) - https:\/\/yoast.com\/wordpress\/plugins\/seo\/ -->\n<title>ETHEREAL SILVER 120x280cm VITACER - Edyceramic - magazin online<\/title>\n<meta name=\"robots\" content=\"index, follow, max-snippet:-1, max-image-preview:large, max-video-preview:-1\" \/>\n<link rel=\"canonical\" href=\"https:\/\/edyceramic-shop.ro\/en\/product\/ethereal-silver-120x280cm-vitacer\/\" \/>\n<meta property=\"og:locale\" content=\"en_US\" \/>\n<meta property=\"og:type\" content=\"article\" \/>\n<meta property=\"og:title\" content=\"ETHEREAL SILVER 120x280cm VITACER\" \/>\n<meta property=\"og:description\" content=\"Gresia por\u021belanat\u0103 de format mare 120\u00d7280 cm de la Vitacer este alegerea ideal\u0103 pentru proiecte moderne, unde se dore\u0219te un\" \/>\n<meta property=\"og:url\" content=\"https:\/\/edyceramic-shop.ro\/en\/product\/ethereal-silver-120x280cm-vitacer\/\" \/>\n<meta property=\"og:site_name\" content=\"Edyceramic - magazin online\" \/>\n<meta property=\"article:modified_time\" content=\"2025-08-01T11:38:01+00:00\" \/>\n<meta property=\"og:image\" content=\"https:\/\/edyceramic-shop.ro\/wp-content\/uploads\/2025\/07\/vitaceretherealsilverpul120280.webp\" \/>\n\t<meta property=\"og:image:width\" content=\"940\" \/>\n\t<meta property=\"og:image:height\" content=\"403\" \/>\n\t<meta property=\"og:image:type\" content=\"image\/webp\" \/>\n<meta name=\"twitter:card\" content=\"summary_large_image\" \/>\n<meta name=\"twitter:label1\" content=\"Price\" \/>\n\t<meta name=\"twitter:data1\" content=\"308,00&nbsp;lei\" \/>\n\t<meta name=\"twitter:label2\" content=\"Availability\" \/>\n\t<meta name=\"twitter:data2\" content=\"In stock\" \/>\n<script type=\"application\/ld+json\" class=\"yoast-schema-graph\">{\"@context\":\"https:\/\/schema.org\",\"@graph\":[{\"@type\":\"WebPage\",\"@id\":\"https:\/\/edyceramic-shop.ro\/produs\/ethereal-silver-120x280cm-vitacer\/\",\"url\":\"https:\/\/edyceramic-shop.ro\/produs\/ethereal-silver-120x280cm-vitacer\/\",\"name\":\"ETHEREAL SILVER 120x280cm VITACER - Edyceramic - magazin online\",\"isPartOf\":{\"@id\":\"https:\/\/edyceramic-shop.ro\/ro\/#website\"},\"datePublished\":\"2025-07-29T12:01:28+00:00\",\"dateModified\":\"2025-08-01T11:38:01+00:00\",\"breadcrumb\":{\"@id\":\"https:\/\/edyceramic-shop.ro\/produs\/ethereal-silver-120x280cm-vitacer\/#breadcrumb\"},\"inLanguage\":\"en-US\",\"potentialAction\":[{\"@type\":\"ReadAction\",\"target\":[\"https:\/\/edyceramic-shop.ro\/produs\/ethereal-silver-120x280cm-vitacer\/\"]}]},{\"@type\":\"BreadcrumbList\",\"@id\":\"https:\/\/edyceramic-shop.ro\/produs\/ethereal-silver-120x280cm-vitacer\/#breadcrumb\",\"itemListElement\":[{\"@type\":\"ListItem\",\"position\":1,\"name\":\"Home\",\"item\":\"https:\/\/edyceramic-shop.ro\/\"},{\"@type\":\"ListItem\",\"position\":2,\"name\":\"Shop\",\"item\":\"https:\/\/edyceramic-shop.ro\/ro\/shop\/\"},{\"@type\":\"ListItem\",\"position\":3,\"name\":\"ETHEREAL SILVER 120x280cm VITACER\"}]},{\"@type\":\"WebSite\",\"@id\":\"https:\/\/edyceramic-shop.ro\/ro\/#website\",\"url\":\"https:\/\/edyceramic-shop.ro\/ro\/\",\"name\":\"edyceramic.ro\",\"description\":\"\",\"publisher\":{\"@id\":\"https:\/\/edyceramic-shop.ro\/ro\/#organization\"},\"potentialAction\":[{\"@type\":\"SearchAction\",\"target\":{\"@type\":\"EntryPoint\",\"urlTemplate\":\"https:\/\/edyceramic-shop.ro\/ro\/?s={search_term_string}\"},\"query-input\":\"required name=search_term_string\"}],\"inLanguage\":\"en-US\"},{\"@type\":\"Organization\",\"@id\":\"https:\/\/edyceramic-shop.ro\/ro\/#organization\",\"name\":\"Edyceramic\",\"url\":\"https:\/\/edyceramic-shop.ro\/ro\/\",\"logo\":{\"@type\":\"ImageObject\",\"inLanguage\":\"en-US\",\"@id\":\"https:\/\/edyceramic-shop.ro\/ro\/#\/schema\/logo\/image\/\",\"url\":\"https:\/\/edyceramic-shop.ro\/wp-content\/uploads\/2024\/02\/Logo-EdyCeramic_2021-lung.png\",\"contentUrl\":\"https:\/\/edyceramic-shop.ro\/wp-content\/uploads\/2024\/02\/Logo-EdyCeramic_2021-lung.png\",\"width\":4491,\"height\":769,\"caption\":\"Edyceramic\"},\"image\":{\"@id\":\"https:\/\/edyceramic-shop.ro\/ro\/#\/schema\/logo\/image\/\"}}]}<\/script>\n<meta property=\"product:price:amount\" content=\"308.00\" \/>\n<meta property=\"product:price:currency\" content=\"RON\" \/>\n<meta property=\"og:availability\" content=\"instock\" \/>\n<meta property=\"product:availability\" content=\"instock\" \/>\n<meta property=\"product:retailer_item_id\" content=\"92320dbc123f\" \/>\n<meta property=\"product:condition\" content=\"new\" \/>\n<!-- \/ Yoast SEO Premium plugin. -->","yoast_head_json":{"title":"ETHEREAL SILVER 120x280cm VITACER - Edyceramic - magazin online","robots":{"index":"index","follow":"follow","max-snippet":"max-snippet:-1","max-image-preview":"max-image-preview:large","max-video-preview":"max-video-preview:-1"},"canonical":"https:\/\/edyceramic-shop.ro\/en\/product\/ethereal-silver-120x280cm-vitacer\/","og_locale":"en_US","og_type":"article","og_title":"ETHEREAL SILVER 120x280cm VITACER","og_description":"Gresia por\u021belanat\u0103 de format mare 120\u00d7280 cm de la Vitacer este alegerea ideal\u0103 pentru proiecte moderne, unde se dore\u0219te un","og_url":"https:\/\/edyceramic-shop.ro\/en\/product\/ethereal-silver-120x280cm-vitacer\/","og_site_name":"Edyceramic - magazin online","article_modified_time":"2025-08-01T11:38:01+00:00","og_image":[{"width":940,"height":403,"url":"https:\/\/edyceramic-shop.ro\/wp-content\/uploads\/2025\/07\/vitaceretherealsilverpul120280.webp","type":"image\/webp"}],"twitter_card":"summary_large_image","twitter_misc":{"Price":"308,00&nbsp;lei","Availability":"In stock"},"schema":{"@context":"https:\/\/schema.org","@graph":[{"@type":"WebPage","@id":"https:\/\/edyceramic-shop.ro\/produs\/ethereal-silver-120x280cm-vitacer\/","url":"https:\/\/edyceramic-shop.ro\/produs\/ethereal-silver-120x280cm-vitacer\/","name":"ETHEREAL SILVER 120x280cm VITACER - Edyceramic - magazin online","isPartOf":{"@id":"https:\/\/edyceramic-shop.ro\/ro\/#website"},"datePublished":"2025-07-29T12:01:28+00:00","dateModified":"2025-08-01T11:38:01+00:00","breadcrumb":{"@id":"https:\/\/edyceramic-shop.ro\/produs\/ethereal-silver-120x280cm-vitacer\/#breadcrumb"},"inLanguage":"en-US","potentialAction":[{"@type":"ReadAction","target":["https:\/\/edyceramic-shop.ro\/produs\/ethereal-silver-120x280cm-vitacer\/"]}]},{"@type":"BreadcrumbList","@id":"https:\/\/edyceramic-shop.ro\/produs\/ethereal-silver-120x280cm-vitacer\/#breadcrumb","itemListElement":[{"@type":"ListItem","position":1,"name":"Home","item":"https:\/\/edyceramic-shop.ro\/"},{"@type":"ListItem","position":2,"name":"Shop","item":"https:\/\/edyceramic-shop.ro\/ro\/shop\/"},{"@type":"ListItem","position":3,"name":"ETHEREAL SILVER 120x280cm VITACER"}]},{"@type":"WebSite","@id":"https:\/\/edyceramic-shop.ro\/ro\/#website","url":"https:\/\/edyceramic-shop.ro\/ro\/","name":"edyceramic.ro","description":"","publisher":{"@id":"https:\/\/edyceramic-shop.ro\/ro\/#organization"},"potentialAction":[{"@type":"SearchAction","target":{"@type":"EntryPoint","urlTemplate":"https:\/\/edyceramic-shop.ro\/ro\/?s={search_term_string}"},"query-input":"required name=search_term_string"}],"inLanguage":"en-US"},{"@type":"Organization","@id":"https:\/\/edyceramic-shop.ro\/ro\/#organization","name":"Edyceramic","url":"https:\/\/edyceramic-shop.ro\/ro\/","logo":{"@type":"ImageObject","inLanguage":"en-US","@id":"https:\/\/edyceramic-shop.ro\/ro\/#\/schema\/logo\/image\/","url":"https:\/\/edyceramic-shop.ro\/wp-content\/uploads\/2024\/02\/Logo-EdyCeramic_2021-lung.png","contentUrl":"https:\/\/edyceramic-shop.ro\/wp-content\/uploads\/2024\/02\/Logo-EdyCeramic_2021-lung.png","width":4491,"height":769,"caption":"Edyceramic"},"image":{"@id":"https:\/\/edyceramic-shop.ro\/ro\/#\/schema\/logo\/image\/"}}]},"product_price_amount":"308.00","product_price_currency":"RON","og_availability":"instock","product_availability":"instock","product_retailer_item_id":"92320dbc123f","product_condition":"new"},"jetpack_sharing_enabled":true,"_links":{"self":[{"href":"https:\/\/edyceramic-shop.ro\/en\/wp-json\/wp\/v2\/product\/28520","targetHints":{"allow":["GET"]}}],"collection":[{"href":"https:\/\/edyceramic-shop.ro\/en\/wp-json\/wp\/v2\/product"}],"about":[{"href":"https:\/\/edyceramic-shop.ro\/en\/wp-json\/wp\/v2\/types\/product"}],"version-history":[{"count":1,"href":"https:\/\/edyceramic-shop.ro\/en\/wp-json\/wp\/v2\/product\/28520\/revisions"}],"predecessor-version":[{"id":28521,"href":"https:\/\/edyceramic-shop.ro\/en\/wp-json\/wp\/v2\/product\/28520\/revisions\/28521"}],"wp:featuredmedia":[{"embeddable":true,"href":"https:\/\/edyceramic-shop.ro\/en\/wp-json\/wp\/v2\/media\/28495"}],"wp:attachment":[{"href":"https:\/\/edyceramic-shop.ro\/en\/wp-json\/wp\/v2\/media?parent=28520"}],"wp:term":[{"taxonomy":"product_brand","embeddable":true,"href":"https:\/\/edyceramic-shop.ro\/en\/wp-json\/wp\/v2\/product_brand?post=28520"},{"taxonomy":"product_cat","embeddable":true,"href":"https:\/\/edyceramic-shop.ro\/en\/wp-json\/wp\/v2\/product_cat?post=28520"},{"taxonomy":"product_tag","embeddable":true,"href":"https:\/\/edyceramic-shop.ro\/en\/wp-json\/wp\/v2\/product_tag?post=28520"}],"curies":[{"name":"wp","href":"https:\/\/api.w.org\/{rel}","templated":true}]}}