{"id":28443,"date":"2025-06-24T13:16:07","date_gmt":"2025-06-24T11:16:07","guid":{"rendered":"https:\/\/edyceramic-shop.ro\/produs\/sauna-finlandeza-calidus\/"},"modified":"2025-08-01T13:38:00","modified_gmt":"2025-08-01T11:38:00","slug":"sauna-finlandeza-calidus","status":"publish","type":"product","link":"https:\/\/edyceramic-shop.ro\/en\/product\/sauna-finlandeza-calidus\/","title":{"rendered":"Saun\u0103 finlandez\u0103 Calidus"},"content":{"rendered":"<p>25 599 lei Pre\u021bul ini\u021bial a fost: 25 599 lei.21 759 leiPre\u021bul curent este: 21 759 lei.<\/p>\n<p>saun\u0103 finlandez\u0103 interioar\u0103 pentru 5-6 persoane<\/p>\n<p>Pin canadian cucut\u0103<br \/>\nU\u0219\u0103 \u0219i geamuri laterale din sticl\u0103 securizat\u0103 de 8 mm<br \/>\ngril\u0103 fix\u0103 pentru picioare, protec\u021bie deta\u0219abil\u0103 pentru sob\u0103<br \/>\ncorp de iluminat rezistent la c\u0103ldur\u0103 cu finisaj din lemn<br \/>\ndeschidere de ventila\u021bie<br \/>\nSoba de saun\u0103 finlandez\u0103: 9 kW\/400 V<br \/>\ncontor de c\u0103ldur\u0103 \u0219i abur<br \/>\nlemn cu lingur\u0103<br \/>\nclepsidr\u0103<br \/>\npiatr\u0103 de lav\u0103<\/p>","protected":false},"excerpt":{"rendered":"<p>25 599 lei Pre\u021bul ini\u021bial a fost: 25 599 lei.21 759 leiPre\u021bul curent este: 21 759 lei. saun\u0103 finlandez\u0103 interioar\u0103<\/p>","protected":false},"featured_media":28227,"template":"","meta":[],"product_brand":[],"product_cat":[383,380,334],"product_tag":[],"class_list":{"0":"post-28443","1":"product","2":"type-product","3":"status-publish","4":"has-post-thumbnail","6":"product_cat-saune","7":"product_cat-spa","8":"product_cat-sanitare","9":"pa_dimensiune-200-x-170-x-210-cm","10":"pa_fabrica-wellis","12":"first","13":"instock","14":"sale","15":"purchasable","16":"product-type-simple"},"yoast_head":"<!-- This site is optimized with the Yoast SEO Premium plugin v21.6 (Yoast SEO v22.1) - https:\/\/yoast.com\/wordpress\/plugins\/seo\/ -->\n<title>Saun\u0103 finlandez\u0103 Calidus - Edyceramic - magazin online<\/title>\n<meta name=\"robots\" content=\"index, follow, max-snippet:-1, max-image-preview:large, max-video-preview:-1\" \/>\n<link rel=\"canonical\" href=\"https:\/\/edyceramic-shop.ro\/en\/product\/sauna-finlandeza-calidus\/\" \/>\n<meta property=\"og:locale\" content=\"en_US\" \/>\n<meta property=\"og:type\" content=\"article\" \/>\n<meta property=\"og:title\" content=\"Saun\u0103 finlandez\u0103 Calidus\" \/>\n<meta property=\"og:description\" content=\"25 599 lei Pre\u021bul ini\u021bial a fost: 25 599 lei.21 759 leiPre\u021bul curent este: 21 759 lei. saun\u0103 finlandez\u0103 interioar\u0103\" \/>\n<meta property=\"og:url\" content=\"https:\/\/edyceramic-shop.ro\/en\/product\/sauna-finlandeza-calidus\/\" \/>\n<meta property=\"og:site_name\" content=\"Edyceramic - magazin online\" \/>\n<meta property=\"article:modified_time\" content=\"2025-08-01T11:38:00+00:00\" \/>\n<meta property=\"og:image\" content=\"https:\/\/edyceramic-shop.ro\/wp-content\/uploads\/2025\/06\/serenis-szauna.webp\" \/>\n\t<meta property=\"og:image:width\" content=\"800\" \/>\n\t<meta property=\"og:image:height\" content=\"800\" \/>\n\t<meta property=\"og:image:type\" content=\"image\/webp\" \/>\n<meta name=\"twitter:card\" content=\"summary_large_image\" \/>\n<meta name=\"twitter:label1\" content=\"Price\" \/>\n\t<meta name=\"twitter:data1\" content=\"22.412,00&nbsp;lei\" \/>\n\t<meta name=\"twitter:label2\" content=\"Availability\" \/>\n\t<meta name=\"twitter:data2\" content=\"In stock\" \/>\n<script type=\"application\/ld+json\" class=\"yoast-schema-graph\">{\"@context\":\"https:\/\/schema.org\",\"@graph\":[{\"@type\":\"WebPage\",\"@id\":\"https:\/\/edyceramic-shop.ro\/produs\/sauna-finlandeza-calidus\/\",\"url\":\"https:\/\/edyceramic-shop.ro\/produs\/sauna-finlandeza-calidus\/\",\"name\":\"Saun\u0103 finlandez\u0103 Calidus - Edyceramic - magazin online\",\"isPartOf\":{\"@id\":\"https:\/\/edyceramic-shop.ro\/ro\/#website\"},\"datePublished\":\"2025-06-24T11:16:07+00:00\",\"dateModified\":\"2025-08-01T11:38:00+00:00\",\"breadcrumb\":{\"@id\":\"https:\/\/edyceramic-shop.ro\/produs\/sauna-finlandeza-calidus\/#breadcrumb\"},\"inLanguage\":\"en-US\",\"potentialAction\":[{\"@type\":\"ReadAction\",\"target\":[\"https:\/\/edyceramic-shop.ro\/produs\/sauna-finlandeza-calidus\/\"]}]},{\"@type\":\"BreadcrumbList\",\"@id\":\"https:\/\/edyceramic-shop.ro\/produs\/sauna-finlandeza-calidus\/#breadcrumb\",\"itemListElement\":[{\"@type\":\"ListItem\",\"position\":1,\"name\":\"Home\",\"item\":\"https:\/\/edyceramic-shop.ro\/\"},{\"@type\":\"ListItem\",\"position\":2,\"name\":\"Shop\",\"item\":\"https:\/\/edyceramic-shop.ro\/ro\/shop\/\"},{\"@type\":\"ListItem\",\"position\":3,\"name\":\"Saun\u0103 finlandez\u0103 Calidus\"}]},{\"@type\":\"WebSite\",\"@id\":\"https:\/\/edyceramic-shop.ro\/ro\/#website\",\"url\":\"https:\/\/edyceramic-shop.ro\/ro\/\",\"name\":\"edyceramic.ro\",\"description\":\"\",\"publisher\":{\"@id\":\"https:\/\/edyceramic-shop.ro\/ro\/#organization\"},\"potentialAction\":[{\"@type\":\"SearchAction\",\"target\":{\"@type\":\"EntryPoint\",\"urlTemplate\":\"https:\/\/edyceramic-shop.ro\/ro\/?s={search_term_string}\"},\"query-input\":\"required name=search_term_string\"}],\"inLanguage\":\"en-US\"},{\"@type\":\"Organization\",\"@id\":\"https:\/\/edyceramic-shop.ro\/ro\/#organization\",\"name\":\"Edyceramic\",\"url\":\"https:\/\/edyceramic-shop.ro\/ro\/\",\"logo\":{\"@type\":\"ImageObject\",\"inLanguage\":\"en-US\",\"@id\":\"https:\/\/edyceramic-shop.ro\/ro\/#\/schema\/logo\/image\/\",\"url\":\"https:\/\/edyceramic-shop.ro\/wp-content\/uploads\/2024\/02\/Logo-EdyCeramic_2021-lung.png\",\"contentUrl\":\"https:\/\/edyceramic-shop.ro\/wp-content\/uploads\/2024\/02\/Logo-EdyCeramic_2021-lung.png\",\"width\":4491,\"height\":769,\"caption\":\"Edyceramic\"},\"image\":{\"@id\":\"https:\/\/edyceramic-shop.ro\/ro\/#\/schema\/logo\/image\/\"}}]}<\/script>\n<meta property=\"product:price:amount\" content=\"22412.00\" \/>\n<meta property=\"product:price:currency\" content=\"RON\" \/>\n<meta property=\"og:availability\" content=\"instock\" \/>\n<meta property=\"product:availability\" content=\"instock\" \/>\n<meta property=\"product:retailer_item_id\" content=\"5869f9f3a728\" \/>\n<meta property=\"product:condition\" content=\"new\" \/>\n<!-- \/ Yoast SEO Premium plugin. -->","yoast_head_json":{"title":"Saun\u0103 finlandez\u0103 Calidus - Edyceramic - magazin online","robots":{"index":"index","follow":"follow","max-snippet":"max-snippet:-1","max-image-preview":"max-image-preview:large","max-video-preview":"max-video-preview:-1"},"canonical":"https:\/\/edyceramic-shop.ro\/en\/product\/sauna-finlandeza-calidus\/","og_locale":"en_US","og_type":"article","og_title":"Saun\u0103 finlandez\u0103 Calidus","og_description":"25 599 lei Pre\u021bul ini\u021bial a fost: 25 599 lei.21 759 leiPre\u021bul curent este: 21 759 lei. saun\u0103 finlandez\u0103 interioar\u0103","og_url":"https:\/\/edyceramic-shop.ro\/en\/product\/sauna-finlandeza-calidus\/","og_site_name":"Edyceramic - magazin online","article_modified_time":"2025-08-01T11:38:00+00:00","og_image":[{"width":800,"height":800,"url":"https:\/\/edyceramic-shop.ro\/wp-content\/uploads\/2025\/06\/serenis-szauna.webp","type":"image\/webp"}],"twitter_card":"summary_large_image","twitter_misc":{"Price":"22.412,00&nbsp;lei","Availability":"In stock"},"schema":{"@context":"https:\/\/schema.org","@graph":[{"@type":"WebPage","@id":"https:\/\/edyceramic-shop.ro\/produs\/sauna-finlandeza-calidus\/","url":"https:\/\/edyceramic-shop.ro\/produs\/sauna-finlandeza-calidus\/","name":"Saun\u0103 finlandez\u0103 Calidus - Edyceramic - magazin online","isPartOf":{"@id":"https:\/\/edyceramic-shop.ro\/ro\/#website"},"datePublished":"2025-06-24T11:16:07+00:00","dateModified":"2025-08-01T11:38:00+00:00","breadcrumb":{"@id":"https:\/\/edyceramic-shop.ro\/produs\/sauna-finlandeza-calidus\/#breadcrumb"},"inLanguage":"en-US","potentialAction":[{"@type":"ReadAction","target":["https:\/\/edyceramic-shop.ro\/produs\/sauna-finlandeza-calidus\/"]}]},{"@type":"BreadcrumbList","@id":"https:\/\/edyceramic-shop.ro\/produs\/sauna-finlandeza-calidus\/#breadcrumb","itemListElement":[{"@type":"ListItem","position":1,"name":"Home","item":"https:\/\/edyceramic-shop.ro\/"},{"@type":"ListItem","position":2,"name":"Shop","item":"https:\/\/edyceramic-shop.ro\/ro\/shop\/"},{"@type":"ListItem","position":3,"name":"Saun\u0103 finlandez\u0103 Calidus"}]},{"@type":"WebSite","@id":"https:\/\/edyceramic-shop.ro\/ro\/#website","url":"https:\/\/edyceramic-shop.ro\/ro\/","name":"edyceramic.ro","description":"","publisher":{"@id":"https:\/\/edyceramic-shop.ro\/ro\/#organization"},"potentialAction":[{"@type":"SearchAction","target":{"@type":"EntryPoint","urlTemplate":"https:\/\/edyceramic-shop.ro\/ro\/?s={search_term_string}"},"query-input":"required name=search_term_string"}],"inLanguage":"en-US"},{"@type":"Organization","@id":"https:\/\/edyceramic-shop.ro\/ro\/#organization","name":"Edyceramic","url":"https:\/\/edyceramic-shop.ro\/ro\/","logo":{"@type":"ImageObject","inLanguage":"en-US","@id":"https:\/\/edyceramic-shop.ro\/ro\/#\/schema\/logo\/image\/","url":"https:\/\/edyceramic-shop.ro\/wp-content\/uploads\/2024\/02\/Logo-EdyCeramic_2021-lung.png","contentUrl":"https:\/\/edyceramic-shop.ro\/wp-content\/uploads\/2024\/02\/Logo-EdyCeramic_2021-lung.png","width":4491,"height":769,"caption":"Edyceramic"},"image":{"@id":"https:\/\/edyceramic-shop.ro\/ro\/#\/schema\/logo\/image\/"}}]},"product_price_amount":"22412.00","product_price_currency":"RON","og_availability":"instock","product_availability":"instock","product_retailer_item_id":"5869f9f3a728","product_condition":"new"},"jetpack_sharing_enabled":true,"_links":{"self":[{"href":"https:\/\/edyceramic-shop.ro\/en\/wp-json\/wp\/v2\/product\/28443","targetHints":{"allow":["GET"]}}],"collection":[{"href":"https:\/\/edyceramic-shop.ro\/en\/wp-json\/wp\/v2\/product"}],"about":[{"href":"https:\/\/edyceramic-shop.ro\/en\/wp-json\/wp\/v2\/types\/product"}],"version-history":[{"count":1,"href":"https:\/\/edyceramic-shop.ro\/en\/wp-json\/wp\/v2\/product\/28443\/revisions"}],"predecessor-version":[{"id":28444,"href":"https:\/\/edyceramic-shop.ro\/en\/wp-json\/wp\/v2\/product\/28443\/revisions\/28444"}],"wp:featuredmedia":[{"embeddable":true,"href":"https:\/\/edyceramic-shop.ro\/en\/wp-json\/wp\/v2\/media\/28227"}],"wp:attachment":[{"href":"https:\/\/edyceramic-shop.ro\/en\/wp-json\/wp\/v2\/media?parent=28443"}],"wp:term":[{"taxonomy":"product_brand","embeddable":true,"href":"https:\/\/edyceramic-shop.ro\/en\/wp-json\/wp\/v2\/product_brand?post=28443"},{"taxonomy":"product_cat","embeddable":true,"href":"https:\/\/edyceramic-shop.ro\/en\/wp-json\/wp\/v2\/product_cat?post=28443"},{"taxonomy":"product_tag","embeddable":true,"href":"https:\/\/edyceramic-shop.ro\/en\/wp-json\/wp\/v2\/product_tag?post=28443"}],"curies":[{"name":"wp","href":"https:\/\/api.w.org\/{rel}","templated":true}]}}