{"id":28398,"date":"2025-06-24T13:15:40","date_gmt":"2025-06-24T11:15:40","guid":{"rendered":"https:\/\/edyceramic-shop.ro\/produs\/makalu-life-deluxe\/"},"modified":"2025-08-01T13:37:57","modified_gmt":"2025-08-01T11:37:57","slug":"makalu-life-deluxe","status":"publish","type":"product","link":"https:\/\/edyceramic-shop.ro\/en\/product\/makalu-life-deluxe\/","title":{"rendered":"Makalu Life Deluxe"},"content":{"rendered":"<p>Minipiscina jacuzzi Makalu Life poate g\u0103zdui p\u00e2n\u0103 la 5 persoane \u0219i se potrive\u0219te perfect \u00een spa\u021bii mai mici. Acest jacuzzi dispune de 2 \u0219ezlonguri confortabile, ambele echipate cu masaj complet pentru \u00eentregul corp. Sistemul de iluminare cu cromoterapie creeaz\u0103 o atmosfer\u0103 relaxant\u0103 \u0219i ofer\u0103 un plus de stil locuin\u021bei dumneavoastr\u0103. Cu un consum zilnic de doar 4,6 kWh, aceast\u0103 minipiscin\u0103 jacuzzi este una dintre cele mai eficiente de pe pia\u021b\u0103, raportat la dimensiunea \u0219i capacitatea sa.<\/p>","protected":false},"excerpt":{"rendered":"<p>Minipiscina jacuzzi Makalu Life poate g\u0103zdui p\u00e2n\u0103 la 5 persoane \u0219i se potrive\u0219te perfect \u00een spa\u021bii mai mici. Acest jacuzzi<\/p>","protected":false},"featured_media":28241,"template":"","meta":[],"product_brand":[],"product_cat":[381,380,334],"product_tag":[],"class_list":{"0":"post-28398","1":"product","2":"type-product","3":"status-publish","4":"has-post-thumbnail","6":"product_cat-mini-piscine","7":"product_cat-spa","8":"product_cat-sanitare","9":"pa_cantitate-de-apa-1070l","10":"pa_culoarea-carcasei-gri-maro","11":"pa_dimensiune-236-x-236-x-95-cm","12":"pa_fabrica-wellis","13":"pa_greutate-452kg","15":"first","16":"instock","17":"purchasable","18":"product-type-simple"},"yoast_head":"<!-- This site is optimized with the Yoast SEO Premium plugin v21.6 (Yoast SEO v22.1) - https:\/\/yoast.com\/wordpress\/plugins\/seo\/ -->\n<title>Makalu Life Deluxe - Edyceramic - magazin online<\/title>\n<meta name=\"robots\" content=\"index, follow, max-snippet:-1, max-image-preview:large, max-video-preview:-1\" \/>\n<link rel=\"canonical\" href=\"https:\/\/edyceramic-shop.ro\/en\/product\/makalu-life-deluxe\/\" \/>\n<meta property=\"og:locale\" content=\"en_US\" \/>\n<meta property=\"og:type\" content=\"article\" \/>\n<meta property=\"og:title\" content=\"Makalu Life Deluxe\" \/>\n<meta property=\"og:description\" content=\"Minipiscina jacuzzi Makalu Life poate g\u0103zdui p\u00e2n\u0103 la 5 persoane \u0219i se potrive\u0219te perfect \u00een spa\u021bii mai mici. Acest jacuzzi\" \/>\n<meta property=\"og:url\" content=\"https:\/\/edyceramic-shop.ro\/en\/product\/makalu-life-deluxe\/\" \/>\n<meta property=\"og:site_name\" content=\"Edyceramic - magazin online\" \/>\n<meta property=\"article:modified_time\" content=\"2025-08-01T11:37:57+00:00\" \/>\n<meta property=\"og:image\" content=\"https:\/\/edyceramic-shop.ro\/wp-content\/uploads\/2025\/06\/WELLIS_-_Makalu-LIFE_side_STS-1200x1200-1.webp\" \/>\n\t<meta property=\"og:image:width\" content=\"1200\" \/>\n\t<meta property=\"og:image:height\" content=\"1200\" \/>\n\t<meta property=\"og:image:type\" content=\"image\/webp\" \/>\n<meta name=\"twitter:card\" content=\"summary_large_image\" \/>\n<meta name=\"twitter:label1\" content=\"Price\" \/>\n\t<meta name=\"twitter:data1\" content=\"55.413,00&nbsp;lei\" \/>\n\t<meta name=\"twitter:label2\" content=\"Availability\" \/>\n\t<meta name=\"twitter:data2\" content=\"In stock\" \/>\n<script type=\"application\/ld+json\" class=\"yoast-schema-graph\">{\"@context\":\"https:\/\/schema.org\",\"@graph\":[{\"@type\":\"WebPage\",\"@id\":\"https:\/\/edyceramic-shop.ro\/produs\/makalu-life-deluxe\/\",\"url\":\"https:\/\/edyceramic-shop.ro\/produs\/makalu-life-deluxe\/\",\"name\":\"Makalu Life Deluxe - Edyceramic - magazin online\",\"isPartOf\":{\"@id\":\"https:\/\/edyceramic-shop.ro\/ro\/#website\"},\"datePublished\":\"2025-06-24T11:15:40+00:00\",\"dateModified\":\"2025-08-01T11:37:57+00:00\",\"breadcrumb\":{\"@id\":\"https:\/\/edyceramic-shop.ro\/produs\/makalu-life-deluxe\/#breadcrumb\"},\"inLanguage\":\"en-US\",\"potentialAction\":[{\"@type\":\"ReadAction\",\"target\":[\"https:\/\/edyceramic-shop.ro\/produs\/makalu-life-deluxe\/\"]}]},{\"@type\":\"BreadcrumbList\",\"@id\":\"https:\/\/edyceramic-shop.ro\/produs\/makalu-life-deluxe\/#breadcrumb\",\"itemListElement\":[{\"@type\":\"ListItem\",\"position\":1,\"name\":\"Home\",\"item\":\"https:\/\/edyceramic-shop.ro\/\"},{\"@type\":\"ListItem\",\"position\":2,\"name\":\"Shop\",\"item\":\"https:\/\/edyceramic-shop.ro\/ro\/shop\/\"},{\"@type\":\"ListItem\",\"position\":3,\"name\":\"Makalu Life Deluxe\"}]},{\"@type\":\"WebSite\",\"@id\":\"https:\/\/edyceramic-shop.ro\/ro\/#website\",\"url\":\"https:\/\/edyceramic-shop.ro\/ro\/\",\"name\":\"edyceramic.ro\",\"description\":\"\",\"publisher\":{\"@id\":\"https:\/\/edyceramic-shop.ro\/ro\/#organization\"},\"potentialAction\":[{\"@type\":\"SearchAction\",\"target\":{\"@type\":\"EntryPoint\",\"urlTemplate\":\"https:\/\/edyceramic-shop.ro\/ro\/?s={search_term_string}\"},\"query-input\":\"required name=search_term_string\"}],\"inLanguage\":\"en-US\"},{\"@type\":\"Organization\",\"@id\":\"https:\/\/edyceramic-shop.ro\/ro\/#organization\",\"name\":\"Edyceramic\",\"url\":\"https:\/\/edyceramic-shop.ro\/ro\/\",\"logo\":{\"@type\":\"ImageObject\",\"inLanguage\":\"en-US\",\"@id\":\"https:\/\/edyceramic-shop.ro\/ro\/#\/schema\/logo\/image\/\",\"url\":\"https:\/\/edyceramic-shop.ro\/wp-content\/uploads\/2024\/02\/Logo-EdyCeramic_2021-lung.png\",\"contentUrl\":\"https:\/\/edyceramic-shop.ro\/wp-content\/uploads\/2024\/02\/Logo-EdyCeramic_2021-lung.png\",\"width\":4491,\"height\":769,\"caption\":\"Edyceramic\"},\"image\":{\"@id\":\"https:\/\/edyceramic-shop.ro\/ro\/#\/schema\/logo\/image\/\"}}]}<\/script>\n<meta property=\"product:price:amount\" content=\"55413.00\" \/>\n<meta property=\"product:price:currency\" content=\"RON\" \/>\n<meta property=\"og:availability\" content=\"instock\" \/>\n<meta property=\"product:availability\" content=\"instock\" \/>\n<meta property=\"product:retailer_item_id\" content=\"7d58fdd2df74\" \/>\n<meta property=\"product:condition\" content=\"new\" \/>\n<!-- \/ Yoast SEO Premium plugin. -->","yoast_head_json":{"title":"Makalu Life Deluxe - Edyceramic - magazin online","robots":{"index":"index","follow":"follow","max-snippet":"max-snippet:-1","max-image-preview":"max-image-preview:large","max-video-preview":"max-video-preview:-1"},"canonical":"https:\/\/edyceramic-shop.ro\/en\/product\/makalu-life-deluxe\/","og_locale":"en_US","og_type":"article","og_title":"Makalu Life Deluxe","og_description":"Minipiscina jacuzzi Makalu Life poate g\u0103zdui p\u00e2n\u0103 la 5 persoane \u0219i se potrive\u0219te perfect \u00een spa\u021bii mai mici. Acest jacuzzi","og_url":"https:\/\/edyceramic-shop.ro\/en\/product\/makalu-life-deluxe\/","og_site_name":"Edyceramic - magazin online","article_modified_time":"2025-08-01T11:37:57+00:00","og_image":[{"width":1200,"height":1200,"url":"https:\/\/edyceramic-shop.ro\/wp-content\/uploads\/2025\/06\/WELLIS_-_Makalu-LIFE_side_STS-1200x1200-1.webp","type":"image\/webp"}],"twitter_card":"summary_large_image","twitter_misc":{"Price":"55.413,00&nbsp;lei","Availability":"In stock"},"schema":{"@context":"https:\/\/schema.org","@graph":[{"@type":"WebPage","@id":"https:\/\/edyceramic-shop.ro\/produs\/makalu-life-deluxe\/","url":"https:\/\/edyceramic-shop.ro\/produs\/makalu-life-deluxe\/","name":"Makalu Life Deluxe - Edyceramic - magazin online","isPartOf":{"@id":"https:\/\/edyceramic-shop.ro\/ro\/#website"},"datePublished":"2025-06-24T11:15:40+00:00","dateModified":"2025-08-01T11:37:57+00:00","breadcrumb":{"@id":"https:\/\/edyceramic-shop.ro\/produs\/makalu-life-deluxe\/#breadcrumb"},"inLanguage":"en-US","potentialAction":[{"@type":"ReadAction","target":["https:\/\/edyceramic-shop.ro\/produs\/makalu-life-deluxe\/"]}]},{"@type":"BreadcrumbList","@id":"https:\/\/edyceramic-shop.ro\/produs\/makalu-life-deluxe\/#breadcrumb","itemListElement":[{"@type":"ListItem","position":1,"name":"Home","item":"https:\/\/edyceramic-shop.ro\/"},{"@type":"ListItem","position":2,"name":"Shop","item":"https:\/\/edyceramic-shop.ro\/ro\/shop\/"},{"@type":"ListItem","position":3,"name":"Makalu Life Deluxe"}]},{"@type":"WebSite","@id":"https:\/\/edyceramic-shop.ro\/ro\/#website","url":"https:\/\/edyceramic-shop.ro\/ro\/","name":"edyceramic.ro","description":"","publisher":{"@id":"https:\/\/edyceramic-shop.ro\/ro\/#organization"},"potentialAction":[{"@type":"SearchAction","target":{"@type":"EntryPoint","urlTemplate":"https:\/\/edyceramic-shop.ro\/ro\/?s={search_term_string}"},"query-input":"required name=search_term_string"}],"inLanguage":"en-US"},{"@type":"Organization","@id":"https:\/\/edyceramic-shop.ro\/ro\/#organization","name":"Edyceramic","url":"https:\/\/edyceramic-shop.ro\/ro\/","logo":{"@type":"ImageObject","inLanguage":"en-US","@id":"https:\/\/edyceramic-shop.ro\/ro\/#\/schema\/logo\/image\/","url":"https:\/\/edyceramic-shop.ro\/wp-content\/uploads\/2024\/02\/Logo-EdyCeramic_2021-lung.png","contentUrl":"https:\/\/edyceramic-shop.ro\/wp-content\/uploads\/2024\/02\/Logo-EdyCeramic_2021-lung.png","width":4491,"height":769,"caption":"Edyceramic"},"image":{"@id":"https:\/\/edyceramic-shop.ro\/ro\/#\/schema\/logo\/image\/"}}]},"product_price_amount":"55413.00","product_price_currency":"RON","og_availability":"instock","product_availability":"instock","product_retailer_item_id":"7d58fdd2df74","product_condition":"new"},"jetpack_sharing_enabled":true,"_links":{"self":[{"href":"https:\/\/edyceramic-shop.ro\/en\/wp-json\/wp\/v2\/product\/28398","targetHints":{"allow":["GET"]}}],"collection":[{"href":"https:\/\/edyceramic-shop.ro\/en\/wp-json\/wp\/v2\/product"}],"about":[{"href":"https:\/\/edyceramic-shop.ro\/en\/wp-json\/wp\/v2\/types\/product"}],"version-history":[{"count":2,"href":"https:\/\/edyceramic-shop.ro\/en\/wp-json\/wp\/v2\/product\/28398\/revisions"}],"predecessor-version":[{"id":28402,"href":"https:\/\/edyceramic-shop.ro\/en\/wp-json\/wp\/v2\/product\/28398\/revisions\/28402"}],"wp:featuredmedia":[{"embeddable":true,"href":"https:\/\/edyceramic-shop.ro\/en\/wp-json\/wp\/v2\/media\/28241"}],"wp:attachment":[{"href":"https:\/\/edyceramic-shop.ro\/en\/wp-json\/wp\/v2\/media?parent=28398"}],"wp:term":[{"taxonomy":"product_brand","embeddable":true,"href":"https:\/\/edyceramic-shop.ro\/en\/wp-json\/wp\/v2\/product_brand?post=28398"},{"taxonomy":"product_cat","embeddable":true,"href":"https:\/\/edyceramic-shop.ro\/en\/wp-json\/wp\/v2\/product_cat?post=28398"},{"taxonomy":"product_tag","embeddable":true,"href":"https:\/\/edyceramic-shop.ro\/en\/wp-json\/wp\/v2\/product_tag?post=28398"}],"curies":[{"name":"wp","href":"https:\/\/api.w.org\/{rel}","templated":true}]}}