{"id":28378,"date":"2025-06-24T13:15:11","date_gmt":"2025-06-24T11:15:11","guid":{"rendered":"https:\/\/edyceramic-shop.ro\/produs\/firenze-life-premium\/"},"modified":"2025-08-01T13:37:56","modified_gmt":"2025-08-01T11:37:56","slug":"firenze-life-premium","status":"publish","type":"product","link":"https:\/\/edyceramic-shop.ro\/en\/product\/firenze-life-premium\/","title":{"rendered":"Firenze Life Premium"},"content":{"rendered":"<p>Minipiscina jacuzzi Wellis Firenze Life Premium ofer\u0103 o configura\u021bie unic\u0103 pe pia\u021ba european\u0103, cu dou\u0103 \u0219ezlonguri al\u0103turate \u0219i un loc suplimentar pentru relaxare. Fotoliul ergonomic \u00eenclinabil mySEAT\u2122 elimin\u0103 diferen\u021bele de confort dintre utilizatorii de \u00een\u0103l\u021bimi diferite, asigur\u00e2nd o experien\u021b\u0103 de masaj uniform\u0103 pentru to\u021bi membrii familiei.<\/p>\n<p>Cu o \u00een\u0103l\u021bime de doar 76 cm, aceast\u0103 minipiscin\u0103 jacuzzi se potrive\u0219te perfect \u0219i \u00een apartamente, fiind u\u0219or de introdus \u00een interior, dar ideal\u0103 \u0219i pentru terase sau b\u0103i spa\u021bioase. De\u0219i compact, modelul include 37 de jeturi de masaj pozi\u021bionate strategic, pentru o relaxare complet\u0103.<\/p>\n<p>\u00cen varianta Premium, jacuzzi-ul este echipat standard cu sistemul Smart-In step \u2013 o treapt\u0103 inteligent\u0103 cu pomp\u0103 de c\u0103ldur\u0103 integrat\u0103, care reduce consumul zilnic de energie p\u00e2n\u0103 la doar 2,7 kWh. Astfel, v\u0103 pute\u021bi bucura de un confort termic constant, cu eficien\u021b\u0103 energetic\u0103 ridicat\u0103 \u0219i costuri reduse pe termen lung.<\/p>\n<p>Firenze Life Premium este alegerea ideal\u0103 pentru familii moderne sau cupluri care doresc un jacuzzi minipiscin\u0103 compact, dar complet echipat, ce ofer\u0103 lux, func\u021bionalitate \u0219i sustenabilitate chiar acas\u0103.<\/p>","protected":false},"excerpt":{"rendered":"<p>Minipiscina jacuzzi Wellis Firenze Life Premium ofer\u0103 o configura\u021bie unic\u0103 pe pia\u021ba european\u0103, cu dou\u0103 \u0219ezlonguri al\u0103turate \u0219i un loc<\/p>","protected":false},"featured_media":28290,"template":"","meta":[],"product_brand":[],"product_cat":[381,380,334],"product_tag":[],"class_list":{"0":"post-28378","1":"product","2":"type-product","3":"status-publish","4":"has-post-thumbnail","6":"product_cat-mini-piscine","7":"product_cat-spa","8":"product_cat-sanitare","9":"pa_cantitate-de-apa-685l","10":"pa_culoarea-carcasei-gri","11":"pa_dimensiune-213-x-160-x-75-cm","12":"pa_fabrica-wellis","13":"pa_greutate-245kg","15":"first","16":"instock","17":"purchasable","18":"product-type-simple"},"yoast_head":"<!-- This site is optimized with the Yoast SEO Premium plugin v21.6 (Yoast SEO v22.1) - https:\/\/yoast.com\/wordpress\/plugins\/seo\/ -->\n<title>Firenze Life Premium - Edyceramic - magazin online<\/title>\n<meta name=\"robots\" content=\"index, follow, max-snippet:-1, max-image-preview:large, max-video-preview:-1\" \/>\n<link rel=\"canonical\" href=\"https:\/\/edyceramic-shop.ro\/en\/product\/firenze-life-premium\/\" \/>\n<meta property=\"og:locale\" content=\"en_US\" \/>\n<meta property=\"og:type\" content=\"article\" \/>\n<meta property=\"og:title\" content=\"Firenze Life Premium\" \/>\n<meta property=\"og:description\" content=\"Minipiscina jacuzzi Wellis Firenze Life Premium ofer\u0103 o configura\u021bie unic\u0103 pe pia\u021ba european\u0103, cu dou\u0103 \u0219ezlonguri al\u0103turate \u0219i un loc\" \/>\n<meta property=\"og:url\" content=\"https:\/\/edyceramic-shop.ro\/en\/product\/firenze-life-premium\/\" \/>\n<meta property=\"og:site_name\" content=\"Edyceramic - magazin online\" \/>\n<meta property=\"article:modified_time\" content=\"2025-08-01T11:37:56+00:00\" \/>\n<meta property=\"og:image\" content=\"https:\/\/edyceramic-shop.ro\/wp-content\/uploads\/2025\/06\/WM00552-Firenze-Life_ICEW_1200x1200-01-scale-1.webp\" \/>\n\t<meta property=\"og:image:width\" content=\"2560\" \/>\n\t<meta property=\"og:image:height\" content=\"2560\" \/>\n\t<meta property=\"og:image:type\" content=\"image\/webp\" \/>\n<meta name=\"twitter:card\" content=\"summary_large_image\" \/>\n<meta name=\"twitter:label1\" content=\"Price\" \/>\n\t<meta name=\"twitter:data1\" content=\"38.624,00&nbsp;lei\" \/>\n\t<meta name=\"twitter:label2\" content=\"Availability\" \/>\n\t<meta name=\"twitter:data2\" content=\"In stock\" \/>\n<script type=\"application\/ld+json\" class=\"yoast-schema-graph\">{\"@context\":\"https:\/\/schema.org\",\"@graph\":[{\"@type\":\"WebPage\",\"@id\":\"https:\/\/edyceramic-shop.ro\/produs\/firenze-life-premium\/\",\"url\":\"https:\/\/edyceramic-shop.ro\/produs\/firenze-life-premium\/\",\"name\":\"Firenze Life Premium - Edyceramic - magazin online\",\"isPartOf\":{\"@id\":\"https:\/\/edyceramic-shop.ro\/ro\/#website\"},\"datePublished\":\"2025-06-24T11:15:11+00:00\",\"dateModified\":\"2025-08-01T11:37:56+00:00\",\"breadcrumb\":{\"@id\":\"https:\/\/edyceramic-shop.ro\/produs\/firenze-life-premium\/#breadcrumb\"},\"inLanguage\":\"en-US\",\"potentialAction\":[{\"@type\":\"ReadAction\",\"target\":[\"https:\/\/edyceramic-shop.ro\/produs\/firenze-life-premium\/\"]}]},{\"@type\":\"BreadcrumbList\",\"@id\":\"https:\/\/edyceramic-shop.ro\/produs\/firenze-life-premium\/#breadcrumb\",\"itemListElement\":[{\"@type\":\"ListItem\",\"position\":1,\"name\":\"Home\",\"item\":\"https:\/\/edyceramic-shop.ro\/\"},{\"@type\":\"ListItem\",\"position\":2,\"name\":\"Shop\",\"item\":\"https:\/\/edyceramic-shop.ro\/ro\/shop\/\"},{\"@type\":\"ListItem\",\"position\":3,\"name\":\"Firenze Life Premium\"}]},{\"@type\":\"WebSite\",\"@id\":\"https:\/\/edyceramic-shop.ro\/ro\/#website\",\"url\":\"https:\/\/edyceramic-shop.ro\/ro\/\",\"name\":\"edyceramic.ro\",\"description\":\"\",\"publisher\":{\"@id\":\"https:\/\/edyceramic-shop.ro\/ro\/#organization\"},\"potentialAction\":[{\"@type\":\"SearchAction\",\"target\":{\"@type\":\"EntryPoint\",\"urlTemplate\":\"https:\/\/edyceramic-shop.ro\/ro\/?s={search_term_string}\"},\"query-input\":\"required name=search_term_string\"}],\"inLanguage\":\"en-US\"},{\"@type\":\"Organization\",\"@id\":\"https:\/\/edyceramic-shop.ro\/ro\/#organization\",\"name\":\"Edyceramic\",\"url\":\"https:\/\/edyceramic-shop.ro\/ro\/\",\"logo\":{\"@type\":\"ImageObject\",\"inLanguage\":\"en-US\",\"@id\":\"https:\/\/edyceramic-shop.ro\/ro\/#\/schema\/logo\/image\/\",\"url\":\"https:\/\/edyceramic-shop.ro\/wp-content\/uploads\/2024\/02\/Logo-EdyCeramic_2021-lung.png\",\"contentUrl\":\"https:\/\/edyceramic-shop.ro\/wp-content\/uploads\/2024\/02\/Logo-EdyCeramic_2021-lung.png\",\"width\":4491,\"height\":769,\"caption\":\"Edyceramic\"},\"image\":{\"@id\":\"https:\/\/edyceramic-shop.ro\/ro\/#\/schema\/logo\/image\/\"}}]}<\/script>\n<meta property=\"product:price:amount\" content=\"38624.00\" \/>\n<meta property=\"product:price:currency\" content=\"RON\" \/>\n<meta property=\"og:availability\" content=\"instock\" \/>\n<meta property=\"product:availability\" content=\"instock\" \/>\n<meta property=\"product:retailer_item_id\" content=\"e717c7bd88c9\" \/>\n<meta property=\"product:condition\" content=\"new\" \/>\n<!-- \/ Yoast SEO Premium plugin. -->","yoast_head_json":{"title":"Firenze Life Premium - Edyceramic - magazin online","robots":{"index":"index","follow":"follow","max-snippet":"max-snippet:-1","max-image-preview":"max-image-preview:large","max-video-preview":"max-video-preview:-1"},"canonical":"https:\/\/edyceramic-shop.ro\/en\/product\/firenze-life-premium\/","og_locale":"en_US","og_type":"article","og_title":"Firenze Life Premium","og_description":"Minipiscina jacuzzi Wellis Firenze Life Premium ofer\u0103 o configura\u021bie unic\u0103 pe pia\u021ba european\u0103, cu dou\u0103 \u0219ezlonguri al\u0103turate \u0219i un loc","og_url":"https:\/\/edyceramic-shop.ro\/en\/product\/firenze-life-premium\/","og_site_name":"Edyceramic - magazin online","article_modified_time":"2025-08-01T11:37:56+00:00","og_image":[{"width":2560,"height":2560,"url":"https:\/\/edyceramic-shop.ro\/wp-content\/uploads\/2025\/06\/WM00552-Firenze-Life_ICEW_1200x1200-01-scale-1.webp","type":"image\/webp"}],"twitter_card":"summary_large_image","twitter_misc":{"Price":"38.624,00&nbsp;lei","Availability":"In stock"},"schema":{"@context":"https:\/\/schema.org","@graph":[{"@type":"WebPage","@id":"https:\/\/edyceramic-shop.ro\/produs\/firenze-life-premium\/","url":"https:\/\/edyceramic-shop.ro\/produs\/firenze-life-premium\/","name":"Firenze Life Premium - Edyceramic - magazin online","isPartOf":{"@id":"https:\/\/edyceramic-shop.ro\/ro\/#website"},"datePublished":"2025-06-24T11:15:11+00:00","dateModified":"2025-08-01T11:37:56+00:00","breadcrumb":{"@id":"https:\/\/edyceramic-shop.ro\/produs\/firenze-life-premium\/#breadcrumb"},"inLanguage":"en-US","potentialAction":[{"@type":"ReadAction","target":["https:\/\/edyceramic-shop.ro\/produs\/firenze-life-premium\/"]}]},{"@type":"BreadcrumbList","@id":"https:\/\/edyceramic-shop.ro\/produs\/firenze-life-premium\/#breadcrumb","itemListElement":[{"@type":"ListItem","position":1,"name":"Home","item":"https:\/\/edyceramic-shop.ro\/"},{"@type":"ListItem","position":2,"name":"Shop","item":"https:\/\/edyceramic-shop.ro\/ro\/shop\/"},{"@type":"ListItem","position":3,"name":"Firenze Life Premium"}]},{"@type":"WebSite","@id":"https:\/\/edyceramic-shop.ro\/ro\/#website","url":"https:\/\/edyceramic-shop.ro\/ro\/","name":"edyceramic.ro","description":"","publisher":{"@id":"https:\/\/edyceramic-shop.ro\/ro\/#organization"},"potentialAction":[{"@type":"SearchAction","target":{"@type":"EntryPoint","urlTemplate":"https:\/\/edyceramic-shop.ro\/ro\/?s={search_term_string}"},"query-input":"required name=search_term_string"}],"inLanguage":"en-US"},{"@type":"Organization","@id":"https:\/\/edyceramic-shop.ro\/ro\/#organization","name":"Edyceramic","url":"https:\/\/edyceramic-shop.ro\/ro\/","logo":{"@type":"ImageObject","inLanguage":"en-US","@id":"https:\/\/edyceramic-shop.ro\/ro\/#\/schema\/logo\/image\/","url":"https:\/\/edyceramic-shop.ro\/wp-content\/uploads\/2024\/02\/Logo-EdyCeramic_2021-lung.png","contentUrl":"https:\/\/edyceramic-shop.ro\/wp-content\/uploads\/2024\/02\/Logo-EdyCeramic_2021-lung.png","width":4491,"height":769,"caption":"Edyceramic"},"image":{"@id":"https:\/\/edyceramic-shop.ro\/ro\/#\/schema\/logo\/image\/"}}]},"product_price_amount":"38624.00","product_price_currency":"RON","og_availability":"instock","product_availability":"instock","product_retailer_item_id":"e717c7bd88c9","product_condition":"new"},"jetpack_sharing_enabled":true,"_links":{"self":[{"href":"https:\/\/edyceramic-shop.ro\/en\/wp-json\/wp\/v2\/product\/28378","targetHints":{"allow":["GET"]}}],"collection":[{"href":"https:\/\/edyceramic-shop.ro\/en\/wp-json\/wp\/v2\/product"}],"about":[{"href":"https:\/\/edyceramic-shop.ro\/en\/wp-json\/wp\/v2\/types\/product"}],"version-history":[{"count":1,"href":"https:\/\/edyceramic-shop.ro\/en\/wp-json\/wp\/v2\/product\/28378\/revisions"}],"predecessor-version":[{"id":28379,"href":"https:\/\/edyceramic-shop.ro\/en\/wp-json\/wp\/v2\/product\/28378\/revisions\/28379"}],"wp:featuredmedia":[{"embeddable":true,"href":"https:\/\/edyceramic-shop.ro\/en\/wp-json\/wp\/v2\/media\/28290"}],"wp:attachment":[{"href":"https:\/\/edyceramic-shop.ro\/en\/wp-json\/wp\/v2\/media?parent=28378"}],"wp:term":[{"taxonomy":"product_brand","embeddable":true,"href":"https:\/\/edyceramic-shop.ro\/en\/wp-json\/wp\/v2\/product_brand?post=28378"},{"taxonomy":"product_cat","embeddable":true,"href":"https:\/\/edyceramic-shop.ro\/en\/wp-json\/wp\/v2\/product_cat?post=28378"},{"taxonomy":"product_tag","embeddable":true,"href":"https:\/\/edyceramic-shop.ro\/en\/wp-json\/wp\/v2\/product_tag?post=28378"}],"curies":[{"name":"wp","href":"https:\/\/api.w.org\/{rel}","templated":true}]}}