{"id":28366,"date":"2025-06-24T13:15:11","date_gmt":"2025-06-24T11:15:11","guid":{"rendered":"https:\/\/edyceramic-shop.ro\/produs\/cada-rece-iceland\/"},"modified":"2025-08-01T13:37:55","modified_gmt":"2025-08-01T11:37:55","slug":"cada-rece-iceland","status":"publish","type":"product","link":"https:\/\/edyceramic-shop.ro\/en\/product\/cada-rece-iceland\/","title":{"rendered":"Cad\u0103 rece ICELAND"},"content":{"rendered":"<p>Descoperi\u021bi beneficiile unei cad\u0103 rece cu modelul Wellis Iceland \u2013 experien\u021ba perfect\u0103 de scufundare \u00een ap\u0103 rece (CWI)! Aceast\u0103 cad\u0103 rece v\u0103 permite s\u0103 regla\u021bi temperatura apei \u00eentre 2\u00b0C \u0219i 40\u00b0C, oferindu-v\u0103 at\u00e2t o r\u0103cire profund\u0103, c\u00e2t \u0219i o op\u021biune de relaxare termic\u0103. Designul elegant este completat de lumini LED integrate \u00een interiorul \u0219i pe exteriorul c\u0103zii, pentru o atmosfer\u0103 relaxant\u0103 \u00een orice moment al zilei. Fie c\u0103 dori\u021bi recuperare dup\u0103 efort sau doar o doz\u0103 de energie proasp\u0103t\u0103, cada rece Wellis Iceland este alegerea ideal\u0103.<\/p>\n<p>Instalarea este simpl\u0103 datorit\u0103 sistemului Plug and Play \u2013 doar amplasa\u021bi cada rece la locul dorit, umple\u021bi-o cu ap\u0103, seta\u021bi temperatura dorit\u0103 \u0219i bucura\u021bi-v\u0103 de beneficiile unei scufund\u0103ri revigorante.<\/p>","protected":false},"excerpt":{"rendered":"<p>Descoperi\u021bi beneficiile unei cad\u0103 rece cu modelul Wellis Iceland \u2013 experien\u021ba perfect\u0103 de scufundare \u00een ap\u0103 rece (CWI)! Aceast\u0103 cad\u0103<\/p>","protected":false},"featured_media":28203,"template":"","meta":[],"product_brand":[],"product_cat":[381,380,334],"product_tag":[],"class_list":{"0":"post-28366","1":"product","2":"type-product","3":"status-publish","4":"has-post-thumbnail","6":"product_cat-mini-piscine","7":"product_cat-spa","8":"product_cat-sanitare","9":"pa_cantitate-de-apa-350l","10":"pa_culoarea-carcasei-gri","11":"pa_dimensiune-220-x-109-x-76-cm","12":"pa_fabrica-wellis","13":"pa_greutate-200kg","15":"first","16":"instock","17":"purchasable","18":"product-type-simple"},"yoast_head":"<!-- This site is optimized with the Yoast SEO Premium plugin v21.6 (Yoast SEO v22.1) - https:\/\/yoast.com\/wordpress\/plugins\/seo\/ -->\n<title>Cad\u0103 rece ICELAND - Edyceramic - magazin online<\/title>\n<meta name=\"robots\" content=\"index, follow, max-snippet:-1, max-image-preview:large, max-video-preview:-1\" \/>\n<link rel=\"canonical\" href=\"https:\/\/edyceramic-shop.ro\/en\/product\/cada-rece-iceland\/\" \/>\n<meta property=\"og:locale\" content=\"en_US\" \/>\n<meta property=\"og:type\" content=\"article\" \/>\n<meta property=\"og:title\" content=\"Cad\u0103 rece ICELAND\" \/>\n<meta property=\"og:description\" content=\"Descoperi\u021bi beneficiile unei cad\u0103 rece cu modelul Wellis Iceland \u2013 experien\u021ba perfect\u0103 de scufundare \u00een ap\u0103 rece (CWI)! Aceast\u0103 cad\u0103\" \/>\n<meta property=\"og:url\" content=\"https:\/\/edyceramic-shop.ro\/en\/product\/cada-rece-iceland\/\" \/>\n<meta property=\"og:site_name\" content=\"Edyceramic - magazin online\" \/>\n<meta property=\"article:modified_time\" content=\"2025-08-01T11:37:55+00:00\" \/>\n<meta property=\"og:image\" content=\"https:\/\/edyceramic-shop.ro\/wp-content\/uploads\/2025\/06\/Iceland_cold_plunge-tub_sidevew-1.webp\" \/>\n\t<meta property=\"og:image:width\" content=\"1200\" \/>\n\t<meta property=\"og:image:height\" content=\"1200\" \/>\n\t<meta property=\"og:image:type\" content=\"image\/webp\" \/>\n<meta name=\"twitter:card\" content=\"summary_large_image\" \/>\n<meta name=\"twitter:label1\" content=\"Price\" \/>\n\t<meta name=\"twitter:data1\" content=\"30.899,00&nbsp;lei\" \/>\n\t<meta name=\"twitter:label2\" content=\"Availability\" \/>\n\t<meta name=\"twitter:data2\" content=\"In stock\" \/>\n<script type=\"application\/ld+json\" class=\"yoast-schema-graph\">{\"@context\":\"https:\/\/schema.org\",\"@graph\":[{\"@type\":\"WebPage\",\"@id\":\"https:\/\/edyceramic-shop.ro\/produs\/cada-rece-iceland\/\",\"url\":\"https:\/\/edyceramic-shop.ro\/produs\/cada-rece-iceland\/\",\"name\":\"Cad\u0103 rece ICELAND - Edyceramic - magazin online\",\"isPartOf\":{\"@id\":\"https:\/\/edyceramic-shop.ro\/ro\/#website\"},\"datePublished\":\"2025-06-24T11:15:11+00:00\",\"dateModified\":\"2025-08-01T11:37:55+00:00\",\"breadcrumb\":{\"@id\":\"https:\/\/edyceramic-shop.ro\/produs\/cada-rece-iceland\/#breadcrumb\"},\"inLanguage\":\"en-US\",\"potentialAction\":[{\"@type\":\"ReadAction\",\"target\":[\"https:\/\/edyceramic-shop.ro\/produs\/cada-rece-iceland\/\"]}]},{\"@type\":\"BreadcrumbList\",\"@id\":\"https:\/\/edyceramic-shop.ro\/produs\/cada-rece-iceland\/#breadcrumb\",\"itemListElement\":[{\"@type\":\"ListItem\",\"position\":1,\"name\":\"Home\",\"item\":\"https:\/\/edyceramic-shop.ro\/\"},{\"@type\":\"ListItem\",\"position\":2,\"name\":\"Shop\",\"item\":\"https:\/\/edyceramic-shop.ro\/ro\/shop\/\"},{\"@type\":\"ListItem\",\"position\":3,\"name\":\"Cad\u0103 rece ICELAND\"}]},{\"@type\":\"WebSite\",\"@id\":\"https:\/\/edyceramic-shop.ro\/ro\/#website\",\"url\":\"https:\/\/edyceramic-shop.ro\/ro\/\",\"name\":\"edyceramic.ro\",\"description\":\"\",\"publisher\":{\"@id\":\"https:\/\/edyceramic-shop.ro\/ro\/#organization\"},\"potentialAction\":[{\"@type\":\"SearchAction\",\"target\":{\"@type\":\"EntryPoint\",\"urlTemplate\":\"https:\/\/edyceramic-shop.ro\/ro\/?s={search_term_string}\"},\"query-input\":\"required name=search_term_string\"}],\"inLanguage\":\"en-US\"},{\"@type\":\"Organization\",\"@id\":\"https:\/\/edyceramic-shop.ro\/ro\/#organization\",\"name\":\"Edyceramic\",\"url\":\"https:\/\/edyceramic-shop.ro\/ro\/\",\"logo\":{\"@type\":\"ImageObject\",\"inLanguage\":\"en-US\",\"@id\":\"https:\/\/edyceramic-shop.ro\/ro\/#\/schema\/logo\/image\/\",\"url\":\"https:\/\/edyceramic-shop.ro\/wp-content\/uploads\/2024\/02\/Logo-EdyCeramic_2021-lung.png\",\"contentUrl\":\"https:\/\/edyceramic-shop.ro\/wp-content\/uploads\/2024\/02\/Logo-EdyCeramic_2021-lung.png\",\"width\":4491,\"height\":769,\"caption\":\"Edyceramic\"},\"image\":{\"@id\":\"https:\/\/edyceramic-shop.ro\/ro\/#\/schema\/logo\/image\/\"}}]}<\/script>\n<meta property=\"product:price:amount\" content=\"30899.00\" \/>\n<meta property=\"product:price:currency\" content=\"RON\" \/>\n<meta property=\"og:availability\" content=\"instock\" \/>\n<meta property=\"product:availability\" content=\"instock\" \/>\n<meta property=\"product:retailer_item_id\" content=\"d0c9a6978f0d\" \/>\n<meta property=\"product:condition\" content=\"new\" \/>\n<!-- \/ Yoast SEO Premium plugin. -->","yoast_head_json":{"title":"Cad\u0103 rece ICELAND - Edyceramic - magazin online","robots":{"index":"index","follow":"follow","max-snippet":"max-snippet:-1","max-image-preview":"max-image-preview:large","max-video-preview":"max-video-preview:-1"},"canonical":"https:\/\/edyceramic-shop.ro\/en\/product\/cada-rece-iceland\/","og_locale":"en_US","og_type":"article","og_title":"Cad\u0103 rece ICELAND","og_description":"Descoperi\u021bi beneficiile unei cad\u0103 rece cu modelul Wellis Iceland \u2013 experien\u021ba perfect\u0103 de scufundare \u00een ap\u0103 rece (CWI)! Aceast\u0103 cad\u0103","og_url":"https:\/\/edyceramic-shop.ro\/en\/product\/cada-rece-iceland\/","og_site_name":"Edyceramic - magazin online","article_modified_time":"2025-08-01T11:37:55+00:00","og_image":[{"width":1200,"height":1200,"url":"https:\/\/edyceramic-shop.ro\/wp-content\/uploads\/2025\/06\/Iceland_cold_plunge-tub_sidevew-1.webp","type":"image\/webp"}],"twitter_card":"summary_large_image","twitter_misc":{"Price":"30.899,00&nbsp;lei","Availability":"In stock"},"schema":{"@context":"https:\/\/schema.org","@graph":[{"@type":"WebPage","@id":"https:\/\/edyceramic-shop.ro\/produs\/cada-rece-iceland\/","url":"https:\/\/edyceramic-shop.ro\/produs\/cada-rece-iceland\/","name":"Cad\u0103 rece ICELAND - Edyceramic - magazin online","isPartOf":{"@id":"https:\/\/edyceramic-shop.ro\/ro\/#website"},"datePublished":"2025-06-24T11:15:11+00:00","dateModified":"2025-08-01T11:37:55+00:00","breadcrumb":{"@id":"https:\/\/edyceramic-shop.ro\/produs\/cada-rece-iceland\/#breadcrumb"},"inLanguage":"en-US","potentialAction":[{"@type":"ReadAction","target":["https:\/\/edyceramic-shop.ro\/produs\/cada-rece-iceland\/"]}]},{"@type":"BreadcrumbList","@id":"https:\/\/edyceramic-shop.ro\/produs\/cada-rece-iceland\/#breadcrumb","itemListElement":[{"@type":"ListItem","position":1,"name":"Home","item":"https:\/\/edyceramic-shop.ro\/"},{"@type":"ListItem","position":2,"name":"Shop","item":"https:\/\/edyceramic-shop.ro\/ro\/shop\/"},{"@type":"ListItem","position":3,"name":"Cad\u0103 rece ICELAND"}]},{"@type":"WebSite","@id":"https:\/\/edyceramic-shop.ro\/ro\/#website","url":"https:\/\/edyceramic-shop.ro\/ro\/","name":"edyceramic.ro","description":"","publisher":{"@id":"https:\/\/edyceramic-shop.ro\/ro\/#organization"},"potentialAction":[{"@type":"SearchAction","target":{"@type":"EntryPoint","urlTemplate":"https:\/\/edyceramic-shop.ro\/ro\/?s={search_term_string}"},"query-input":"required name=search_term_string"}],"inLanguage":"en-US"},{"@type":"Organization","@id":"https:\/\/edyceramic-shop.ro\/ro\/#organization","name":"Edyceramic","url":"https:\/\/edyceramic-shop.ro\/ro\/","logo":{"@type":"ImageObject","inLanguage":"en-US","@id":"https:\/\/edyceramic-shop.ro\/ro\/#\/schema\/logo\/image\/","url":"https:\/\/edyceramic-shop.ro\/wp-content\/uploads\/2024\/02\/Logo-EdyCeramic_2021-lung.png","contentUrl":"https:\/\/edyceramic-shop.ro\/wp-content\/uploads\/2024\/02\/Logo-EdyCeramic_2021-lung.png","width":4491,"height":769,"caption":"Edyceramic"},"image":{"@id":"https:\/\/edyceramic-shop.ro\/ro\/#\/schema\/logo\/image\/"}}]},"product_price_amount":"30899.00","product_price_currency":"RON","og_availability":"instock","product_availability":"instock","product_retailer_item_id":"d0c9a6978f0d","product_condition":"new"},"jetpack_sharing_enabled":true,"_links":{"self":[{"href":"https:\/\/edyceramic-shop.ro\/en\/wp-json\/wp\/v2\/product\/28366","targetHints":{"allow":["GET"]}}],"collection":[{"href":"https:\/\/edyceramic-shop.ro\/en\/wp-json\/wp\/v2\/product"}],"about":[{"href":"https:\/\/edyceramic-shop.ro\/en\/wp-json\/wp\/v2\/types\/product"}],"version-history":[{"count":1,"href":"https:\/\/edyceramic-shop.ro\/en\/wp-json\/wp\/v2\/product\/28366\/revisions"}],"predecessor-version":[{"id":28367,"href":"https:\/\/edyceramic-shop.ro\/en\/wp-json\/wp\/v2\/product\/28366\/revisions\/28367"}],"wp:featuredmedia":[{"embeddable":true,"href":"https:\/\/edyceramic-shop.ro\/en\/wp-json\/wp\/v2\/media\/28203"}],"wp:attachment":[{"href":"https:\/\/edyceramic-shop.ro\/en\/wp-json\/wp\/v2\/media?parent=28366"}],"wp:term":[{"taxonomy":"product_brand","embeddable":true,"href":"https:\/\/edyceramic-shop.ro\/en\/wp-json\/wp\/v2\/product_brand?post=28366"},{"taxonomy":"product_cat","embeddable":true,"href":"https:\/\/edyceramic-shop.ro\/en\/wp-json\/wp\/v2\/product_cat?post=28366"},{"taxonomy":"product_tag","embeddable":true,"href":"https:\/\/edyceramic-shop.ro\/en\/wp-json\/wp\/v2\/product_tag?post=28366"}],"curies":[{"name":"wp","href":"https:\/\/api.w.org\/{rel}","templated":true}]}}