{"id":28043,"date":"2025-01-24T13:43:09","date_gmt":"2025-01-24T11:43:09","guid":{"rendered":"https:\/\/edyceramic-shop.ro\/produs\/baterie-bucatarie-ideal-standard-ceraflex-crom-cu-prindere-in-perete\/"},"modified":"2025-08-01T13:37:53","modified_gmt":"2025-08-01T11:37:53","slug":"baterie-bucatarie-ideal-standard-ceraflex-crom-cu-prindere-in-perete","status":"publish","type":"product","link":"https:\/\/edyceramic-shop.ro\/en\/product\/baterie-bucatarie-ideal-standard-ceraflex-crom-cu-prindere-in-perete\/","title":{"rendered":"BATERIE BUC\u0102T\u0102RIE IDEAL STANDARD CERAFLEX CROM CU PRINDERE \u00ceN PERETE"},"content":{"rendered":"<p>Baterie lavoar Ideal Standard Ceraflex montaj pe perete<br \/>\nGama de baterii Ceraflex de la Ideal Standard beneficiaza de o experienta de peste 100 ani in design de produs. Ceraflex este o solutie smart care arata fantastic, se comporta perfect in utilizare si are o tehnologie inteligenta de economisire a apei.<\/p>\n<p>Colectia Ceraflex ofera solutii de baterii care se pot incadra in orice tip de ambient. Cu un design simplu si echilibrat, integrarea unei baterii Ceraflex intr-o baie moderna se face cu usurinta.<br \/>\nGama cuprinte baterii pentru lavoar, baterii de dus, baterii pentru cada, sau baterii pentru bideu. Caracterizate prin durabilitate si forme rotunjite subtile, bateriile vor deveni un element central al design-ului intregii bai.<\/p>\n<p>Aceste baterii elegante si subtiri sunt usor de instalat, usor de intretinut si beneficiaza de tehnologia FirmaFlow prin care ajuta la economisirea apei, protejand mediul inconjurator.<\/p>\n<p>Specificatii tehnice Baterie lavoar Ideal Standard Ceraflex cu montaj pe perete si pipa lunga:<\/p>\n<p>Tip montaj: pe perete<br \/>\nMaterial: Alama Sanitara<br \/>\nCuloare: Crom<br \/>\nNoul Cartus 40 mm HWTC, cu tehnologie Click<br \/>\nSistem de limitare a temperaturii apei<br \/>\nCorp turnat din alama<br \/>\nPipa 160 mm<br \/>\nDimensiuni: 207 mm<br \/>\nAerator ascuns tip Perlator<br \/>\nManer metalic cu indicator pentru apa calda apa rece<br \/>\nConexiuni excentrice cu conectare S<br \/>\nIn conformitate cu EN817<br \/>\nGarantie 60 luni<\/p>\n<p>Despre Ideal Standard<br \/>\nIdeal Standard este un producator de obiecte sanitare cu o experienta de peste 100 ani. Este unul dintre liderii inovatiilor din industria sanitara. Experienta a creat o expertiza cu ajutorul careia sunt elaborate si create baterii si obiecte sanitare din ceramica. Avand un standard de calitate ireprosabil si o inclinatie catre noi tehnologii, Ideal Standard este un partener pentru solutii complete de design pentru bai perfecte.<\/p>\n<p>Misiunea pe care si-o asuma este de a inspira si de a contribui la implementarea oricaror concepte de design prin depasirea constanta a limitelor posibilului. Unul dintre scopurile cu care se mandresc este atingerea unei eficacitati ireprosabile, prin imbinarea unui sistem superior de igiena, confort superior si design perfectionist.<\/p>\n<p>De-a lungul deceniilor, au fost alaturi atat de profesionistii din domeniu, cat si de beneficiarii produselor. Niciodata piata nu a fost atat de pretentioasa ca astazi, iar Ideal Standard vrea sa intalneasca fiecare cerinta a clientilor sai. Astfel, lanseaza permanent game noi, tehnologii revolutionare, setand trendurile in amenajarea bailor.<\/p>\n<p>Toate gamele de la Ideal Standard tintesc o rezistenta mai mare, o funtionalitate imbunatatita, un design modern si simplificat. Astfel, au luat nastere produse care iau in considerare toate aspectele vietii moderne: noi niveluri de eficacitate, un design elegant si sugestiv, precum obiectele revolutionare: vasul de toaleta suspendat, caditele de dus ultra-flat, tehnologia aquablade.<\/p>","protected":false},"excerpt":{"rendered":"<p>Baterie lavoar Ideal Standard Ceraflex montaj pe perete Gama de baterii Ceraflex de la Ideal Standard beneficiaza de o experienta<\/p>","protected":false},"featured_media":27752,"template":"","meta":[],"product_brand":[],"product_cat":[3490,3464],"product_tag":[],"class_list":{"0":"post-28043","1":"product","2":"type-product","3":"status-publish","4":"has-post-thumbnail","6":"product_cat-baterii-bucatarie","7":"product_cat-chiuvete-si-baterii-bucatarie","8":"pa_colectie-ceraflex","9":"pa_culoare-crom","10":"pa_fabrica-ideal-standard","12":"first","13":"instock","14":"sale","15":"purchasable","16":"product-type-simple"},"yoast_head":"<!-- This site is optimized with the Yoast SEO Premium plugin v21.6 (Yoast SEO v22.1) - https:\/\/yoast.com\/wordpress\/plugins\/seo\/ -->\n<title>BATERIE BUC\u0102T\u0102RIE IDEAL STANDARD CERAFLEX CROM CU PRINDERE \u00ceN PERETE - Edyceramic - magazin online<\/title>\n<meta name=\"robots\" content=\"index, follow, max-snippet:-1, max-image-preview:large, max-video-preview:-1\" \/>\n<link rel=\"canonical\" href=\"https:\/\/edyceramic-shop.ro\/en\/product\/baterie-bucatarie-ideal-standard-ceraflex-crom-cu-prindere-in-perete\/\" \/>\n<meta property=\"og:locale\" content=\"en_US\" \/>\n<meta property=\"og:type\" content=\"article\" \/>\n<meta property=\"og:title\" content=\"BATERIE BUC\u0102T\u0102RIE IDEAL STANDARD CERAFLEX CROM CU PRINDERE \u00ceN PERETE\" \/>\n<meta property=\"og:description\" content=\"Baterie lavoar Ideal Standard Ceraflex montaj pe perete Gama de baterii Ceraflex de la Ideal Standard beneficiaza de o experienta\" \/>\n<meta property=\"og:url\" content=\"https:\/\/edyceramic-shop.ro\/en\/product\/baterie-bucatarie-ideal-standard-ceraflex-crom-cu-prindere-in-perete\/\" \/>\n<meta property=\"og:site_name\" content=\"Edyceramic - magazin online\" \/>\n<meta property=\"article:modified_time\" content=\"2025-08-01T11:37:53+00:00\" \/>\n<meta property=\"og:image\" content=\"https:\/\/edyceramic-shop.ro\/wp-content\/uploads\/2025\/01\/baterie-lavoar-pe-perete-ideal-standard-ceraflex-15623-1.webp\" \/>\n\t<meta property=\"og:image:width\" content=\"1000\" \/>\n\t<meta property=\"og:image:height\" content=\"1000\" \/>\n\t<meta property=\"og:image:type\" content=\"image\/webp\" \/>\n<meta name=\"twitter:card\" content=\"summary_large_image\" \/>\n<meta name=\"twitter:label1\" content=\"Price\" \/>\n\t<meta name=\"twitter:data1\" content=\"463,00&nbsp;lei\" \/>\n\t<meta name=\"twitter:label2\" content=\"Availability\" \/>\n\t<meta name=\"twitter:data2\" content=\"In stock\" \/>\n<script type=\"application\/ld+json\" class=\"yoast-schema-graph\">{\"@context\":\"https:\/\/schema.org\",\"@graph\":[{\"@type\":\"WebPage\",\"@id\":\"https:\/\/edyceramic-shop.ro\/produs\/baterie-bucatarie-ideal-standard-ceraflex-crom-cu-prindere-in-perete\/\",\"url\":\"https:\/\/edyceramic-shop.ro\/produs\/baterie-bucatarie-ideal-standard-ceraflex-crom-cu-prindere-in-perete\/\",\"name\":\"BATERIE BUC\u0102T\u0102RIE IDEAL STANDARD CERAFLEX CROM CU PRINDERE \u00ceN PERETE - Edyceramic - magazin online\",\"isPartOf\":{\"@id\":\"https:\/\/edyceramic-shop.ro\/ro\/#website\"},\"datePublished\":\"2025-01-24T11:43:09+00:00\",\"dateModified\":\"2025-08-01T11:37:53+00:00\",\"breadcrumb\":{\"@id\":\"https:\/\/edyceramic-shop.ro\/produs\/baterie-bucatarie-ideal-standard-ceraflex-crom-cu-prindere-in-perete\/#breadcrumb\"},\"inLanguage\":\"en-US\",\"potentialAction\":[{\"@type\":\"ReadAction\",\"target\":[\"https:\/\/edyceramic-shop.ro\/produs\/baterie-bucatarie-ideal-standard-ceraflex-crom-cu-prindere-in-perete\/\"]}]},{\"@type\":\"BreadcrumbList\",\"@id\":\"https:\/\/edyceramic-shop.ro\/produs\/baterie-bucatarie-ideal-standard-ceraflex-crom-cu-prindere-in-perete\/#breadcrumb\",\"itemListElement\":[{\"@type\":\"ListItem\",\"position\":1,\"name\":\"Home\",\"item\":\"https:\/\/edyceramic-shop.ro\/\"},{\"@type\":\"ListItem\",\"position\":2,\"name\":\"Shop\",\"item\":\"https:\/\/edyceramic-shop.ro\/ro\/shop\/\"},{\"@type\":\"ListItem\",\"position\":3,\"name\":\"BATERIE BUC\u0102T\u0102RIE IDEAL STANDARD CERAFLEX CROM CU PRINDERE \u00ceN PERETE\"}]},{\"@type\":\"WebSite\",\"@id\":\"https:\/\/edyceramic-shop.ro\/ro\/#website\",\"url\":\"https:\/\/edyceramic-shop.ro\/ro\/\",\"name\":\"edyceramic.ro\",\"description\":\"\",\"publisher\":{\"@id\":\"https:\/\/edyceramic-shop.ro\/ro\/#organization\"},\"potentialAction\":[{\"@type\":\"SearchAction\",\"target\":{\"@type\":\"EntryPoint\",\"urlTemplate\":\"https:\/\/edyceramic-shop.ro\/ro\/?s={search_term_string}\"},\"query-input\":\"required name=search_term_string\"}],\"inLanguage\":\"en-US\"},{\"@type\":\"Organization\",\"@id\":\"https:\/\/edyceramic-shop.ro\/ro\/#organization\",\"name\":\"Edyceramic\",\"url\":\"https:\/\/edyceramic-shop.ro\/ro\/\",\"logo\":{\"@type\":\"ImageObject\",\"inLanguage\":\"en-US\",\"@id\":\"https:\/\/edyceramic-shop.ro\/ro\/#\/schema\/logo\/image\/\",\"url\":\"https:\/\/edyceramic-shop.ro\/wp-content\/uploads\/2024\/02\/Logo-EdyCeramic_2021-lung.png\",\"contentUrl\":\"https:\/\/edyceramic-shop.ro\/wp-content\/uploads\/2024\/02\/Logo-EdyCeramic_2021-lung.png\",\"width\":4491,\"height\":769,\"caption\":\"Edyceramic\"},\"image\":{\"@id\":\"https:\/\/edyceramic-shop.ro\/ro\/#\/schema\/logo\/image\/\"}}]}<\/script>\n<meta property=\"product:price:amount\" content=\"463.00\" \/>\n<meta property=\"product:price:currency\" content=\"RON\" \/>\n<meta property=\"og:availability\" content=\"instock\" \/>\n<meta property=\"product:availability\" content=\"instock\" \/>\n<meta property=\"product:retailer_item_id\" content=\"f8c216670545\" \/>\n<meta property=\"product:condition\" content=\"new\" \/>\n<!-- \/ Yoast SEO Premium plugin. -->","yoast_head_json":{"title":"BATERIE BUC\u0102T\u0102RIE IDEAL STANDARD CERAFLEX CROM CU PRINDERE \u00ceN PERETE - Edyceramic - magazin online","robots":{"index":"index","follow":"follow","max-snippet":"max-snippet:-1","max-image-preview":"max-image-preview:large","max-video-preview":"max-video-preview:-1"},"canonical":"https:\/\/edyceramic-shop.ro\/en\/product\/baterie-bucatarie-ideal-standard-ceraflex-crom-cu-prindere-in-perete\/","og_locale":"en_US","og_type":"article","og_title":"BATERIE BUC\u0102T\u0102RIE IDEAL STANDARD CERAFLEX CROM CU PRINDERE \u00ceN PERETE","og_description":"Baterie lavoar Ideal Standard Ceraflex montaj pe perete Gama de baterii Ceraflex de la Ideal Standard beneficiaza de o experienta","og_url":"https:\/\/edyceramic-shop.ro\/en\/product\/baterie-bucatarie-ideal-standard-ceraflex-crom-cu-prindere-in-perete\/","og_site_name":"Edyceramic - magazin online","article_modified_time":"2025-08-01T11:37:53+00:00","og_image":[{"width":1000,"height":1000,"url":"https:\/\/edyceramic-shop.ro\/wp-content\/uploads\/2025\/01\/baterie-lavoar-pe-perete-ideal-standard-ceraflex-15623-1.webp","type":"image\/webp"}],"twitter_card":"summary_large_image","twitter_misc":{"Price":"463,00&nbsp;lei","Availability":"In stock"},"schema":{"@context":"https:\/\/schema.org","@graph":[{"@type":"WebPage","@id":"https:\/\/edyceramic-shop.ro\/produs\/baterie-bucatarie-ideal-standard-ceraflex-crom-cu-prindere-in-perete\/","url":"https:\/\/edyceramic-shop.ro\/produs\/baterie-bucatarie-ideal-standard-ceraflex-crom-cu-prindere-in-perete\/","name":"BATERIE BUC\u0102T\u0102RIE IDEAL STANDARD CERAFLEX CROM CU PRINDERE \u00ceN PERETE - Edyceramic - magazin online","isPartOf":{"@id":"https:\/\/edyceramic-shop.ro\/ro\/#website"},"datePublished":"2025-01-24T11:43:09+00:00","dateModified":"2025-08-01T11:37:53+00:00","breadcrumb":{"@id":"https:\/\/edyceramic-shop.ro\/produs\/baterie-bucatarie-ideal-standard-ceraflex-crom-cu-prindere-in-perete\/#breadcrumb"},"inLanguage":"en-US","potentialAction":[{"@type":"ReadAction","target":["https:\/\/edyceramic-shop.ro\/produs\/baterie-bucatarie-ideal-standard-ceraflex-crom-cu-prindere-in-perete\/"]}]},{"@type":"BreadcrumbList","@id":"https:\/\/edyceramic-shop.ro\/produs\/baterie-bucatarie-ideal-standard-ceraflex-crom-cu-prindere-in-perete\/#breadcrumb","itemListElement":[{"@type":"ListItem","position":1,"name":"Home","item":"https:\/\/edyceramic-shop.ro\/"},{"@type":"ListItem","position":2,"name":"Shop","item":"https:\/\/edyceramic-shop.ro\/ro\/shop\/"},{"@type":"ListItem","position":3,"name":"BATERIE BUC\u0102T\u0102RIE IDEAL STANDARD CERAFLEX CROM CU PRINDERE \u00ceN PERETE"}]},{"@type":"WebSite","@id":"https:\/\/edyceramic-shop.ro\/ro\/#website","url":"https:\/\/edyceramic-shop.ro\/ro\/","name":"edyceramic.ro","description":"","publisher":{"@id":"https:\/\/edyceramic-shop.ro\/ro\/#organization"},"potentialAction":[{"@type":"SearchAction","target":{"@type":"EntryPoint","urlTemplate":"https:\/\/edyceramic-shop.ro\/ro\/?s={search_term_string}"},"query-input":"required name=search_term_string"}],"inLanguage":"en-US"},{"@type":"Organization","@id":"https:\/\/edyceramic-shop.ro\/ro\/#organization","name":"Edyceramic","url":"https:\/\/edyceramic-shop.ro\/ro\/","logo":{"@type":"ImageObject","inLanguage":"en-US","@id":"https:\/\/edyceramic-shop.ro\/ro\/#\/schema\/logo\/image\/","url":"https:\/\/edyceramic-shop.ro\/wp-content\/uploads\/2024\/02\/Logo-EdyCeramic_2021-lung.png","contentUrl":"https:\/\/edyceramic-shop.ro\/wp-content\/uploads\/2024\/02\/Logo-EdyCeramic_2021-lung.png","width":4491,"height":769,"caption":"Edyceramic"},"image":{"@id":"https:\/\/edyceramic-shop.ro\/ro\/#\/schema\/logo\/image\/"}}]},"product_price_amount":"463.00","product_price_currency":"RON","og_availability":"instock","product_availability":"instock","product_retailer_item_id":"f8c216670545","product_condition":"new"},"jetpack_sharing_enabled":true,"_links":{"self":[{"href":"https:\/\/edyceramic-shop.ro\/en\/wp-json\/wp\/v2\/product\/28043","targetHints":{"allow":["GET"]}}],"collection":[{"href":"https:\/\/edyceramic-shop.ro\/en\/wp-json\/wp\/v2\/product"}],"about":[{"href":"https:\/\/edyceramic-shop.ro\/en\/wp-json\/wp\/v2\/types\/product"}],"version-history":[{"count":1,"href":"https:\/\/edyceramic-shop.ro\/en\/wp-json\/wp\/v2\/product\/28043\/revisions"}],"predecessor-version":[{"id":28044,"href":"https:\/\/edyceramic-shop.ro\/en\/wp-json\/wp\/v2\/product\/28043\/revisions\/28044"}],"wp:featuredmedia":[{"embeddable":true,"href":"https:\/\/edyceramic-shop.ro\/en\/wp-json\/wp\/v2\/media\/27752"}],"wp:attachment":[{"href":"https:\/\/edyceramic-shop.ro\/en\/wp-json\/wp\/v2\/media?parent=28043"}],"wp:term":[{"taxonomy":"product_brand","embeddable":true,"href":"https:\/\/edyceramic-shop.ro\/en\/wp-json\/wp\/v2\/product_brand?post=28043"},{"taxonomy":"product_cat","embeddable":true,"href":"https:\/\/edyceramic-shop.ro\/en\/wp-json\/wp\/v2\/product_cat?post=28043"},{"taxonomy":"product_tag","embeddable":true,"href":"https:\/\/edyceramic-shop.ro\/en\/wp-json\/wp\/v2\/product_tag?post=28043"}],"curies":[{"name":"wp","href":"https:\/\/api.w.org\/{rel}","templated":true}]}}