{"id":28011,"date":"2025-01-24T13:42:42","date_gmt":"2025-01-24T11:42:42","guid":{"rendered":"https:\/\/edyceramic-shop.ro\/produs\/baterie-bucatarie-hansgrohe-zesis-m33-negru-mat-cu-pipa-extractabila-2-jet\/"},"modified":"2025-08-01T13:37:52","modified_gmt":"2025-08-01T11:37:52","slug":"baterie-bucatarie-hansgrohe-zesis-m33-negru-mat-cu-pipa-extractabila-2-jet","status":"publish","type":"product","link":"https:\/\/edyceramic-shop.ro\/en\/product\/baterie-bucatarie-hansgrohe-zesis-m33-negru-mat-cu-pipa-extractabila-2-jet\/","title":{"rendered":"BATERIE BUC\u0102T\u0102RIE HANSGROHE ZESIS M33 NEGRU MAT CU PIP\u0102 EXTRACTABIL\u0102 2 JET"},"content":{"rendered":"<p>Baterie bucatarie cu dus extractibil Hansgrohe Zesis M33 160 negru mat 2 tipuri de jet<br \/>\nAceasta baterie aerodinamica nu face compromisuri in ceea ce priveste functionalitatea: Zesis M33 cu dus extractibil si doua moduri de pulverizare (pulverizare laminara\/pulverizare de dus) este disponibila in doua inaltimi ComfortZone, cu un spatiu liber de 150 sau 160 mm intre gura de scurgere si chiuveta. Comutarea intre modurile de pulverizare este usoara cu ajutorul deviatorului de pe gura de scurgere.<\/p>\n<p>Fie ca o nota de finisare armonioasa pentru chiuveta de granit, fie ca un accent deosebit, cu Zesis M33, ai posibilitatea de a alege intre trei finisaje de suprafata Hansgrohe atractive pentru toate variantele: negru mat, crom si finisaj din otel inoxidabil.<\/p>\n<p>Zesis M33 te sprijina in stilul tau de viata sustenabil. Varianta Eco limiteaza debitul la max. 6 l\/min la eficienta maxima. In plus, este disponibila tehnologia CoolStart, prin care apa calda curge doar atunci cand ai cu adevarat nevoie de ea.<\/p>\n<p>Specificatii tehnice Baterie bucatarie cu dus extractibil Hansgrohe Zesis M33 160 negru mat 2 tipuri de jet:<\/p>\n<p>Producator: Hansgrohe<br \/>\nColectia: Zesis M33<br \/>\nTip produs: baterie cu dus extractibil<br \/>\nTip montare: pe chiuveta<br \/>\nTip actionare: monocomanda<br \/>\nCuloare: negru<br \/>\nFinisaj: mat<br \/>\nMaterial: alama sanitara<br \/>\nComfortZone 160<br \/>\nRaza de rotire 150\u00b0<br \/>\nSpray laminar, spray de dus<br \/>\nFurtun de conectare rapida<br \/>\nDimensiune racordare: DN15<br \/>\nDebit maxim la 3 bar: 8.2 l\/min<br \/>\nCartus ceramic<br \/>\nTip de conexiune: conexiuni G \u215c<br \/>\nLimitare de temperatura reglabila<br \/>\nSupapa de retinere integrata<br \/>\nPotrivit pentru incalzitoare de apa cu debit continuu<br \/>\nLungime extensie pana la 50 cm<br \/>\nSuport de dus magnetic MagFit<br \/>\nSpray de dus blocabil, pulverizarea revine prin apasarea deviatorului de pulverizare si revine automat prin inchiderea manerului<\/p>\n<p>ComfortZone<br \/>\nSpatiu si confort. Bateriile Hansgrohe cu ComfortZone ofera o gama variata de inaltimi pentru dimensionarea corecta a oricarui tip de proiect.<\/p>\n<p>QuickClean<br \/>\nCuratare simpla si eficienta a sistemelor de dus si a aeratoarelor datorita duzelor elastice de silicon. Murdaria, calcarul si\/sau orice alte substante se curata simplu, doar prin frecarea usoara a duzelor. Te poti bucura astfel de un dus perfect pentru mai mult timp dar si de baterii de baie mai curate si mai eficiente.<\/p>","protected":false},"excerpt":{"rendered":"<p>Baterie bucatarie cu dus extractibil Hansgrohe Zesis M33 160 negru mat 2 tipuri de jet Aceasta baterie aerodinamica nu face<\/p>","protected":false},"featured_media":27836,"template":"","meta":[],"product_brand":[],"product_cat":[3490,3464],"product_tag":[],"class_list":{"0":"post-28011","1":"product","2":"type-product","3":"status-publish","4":"has-post-thumbnail","6":"product_cat-baterii-bucatarie","7":"product_cat-chiuvete-si-baterii-bucatarie","8":"pa_colectie-zesis","9":"pa_culoare-negru-mat","10":"pa_fabrica-hansgrohe","12":"first","13":"instock","14":"sale","15":"purchasable","16":"product-type-simple"},"yoast_head":"<!-- This site is optimized with the Yoast SEO Premium plugin v21.6 (Yoast SEO v22.1) - https:\/\/yoast.com\/wordpress\/plugins\/seo\/ -->\n<title>BATERIE BUC\u0102T\u0102RIE HANSGROHE ZESIS M33 NEGRU MAT CU PIP\u0102 EXTRACTABIL\u0102 2 JET - Edyceramic - magazin online<\/title>\n<meta name=\"robots\" content=\"index, follow, max-snippet:-1, max-image-preview:large, max-video-preview:-1\" \/>\n<link rel=\"canonical\" href=\"https:\/\/edyceramic-shop.ro\/en\/product\/baterie-bucatarie-hansgrohe-zesis-m33-negru-mat-cu-pipa-extractabila-2-jet\/\" \/>\n<meta property=\"og:locale\" content=\"en_US\" \/>\n<meta property=\"og:type\" content=\"article\" \/>\n<meta property=\"og:title\" content=\"BATERIE BUC\u0102T\u0102RIE HANSGROHE ZESIS M33 NEGRU MAT CU PIP\u0102 EXTRACTABIL\u0102 2 JET\" \/>\n<meta property=\"og:description\" content=\"Baterie bucatarie cu dus extractibil Hansgrohe Zesis M33 160 negru mat 2 tipuri de jet Aceasta baterie aerodinamica nu face\" \/>\n<meta property=\"og:url\" content=\"https:\/\/edyceramic-shop.ro\/en\/product\/baterie-bucatarie-hansgrohe-zesis-m33-negru-mat-cu-pipa-extractabila-2-jet\/\" \/>\n<meta property=\"og:site_name\" content=\"Edyceramic - magazin online\" \/>\n<meta property=\"article:modified_time\" content=\"2025-08-01T11:37:52+00:00\" \/>\n<meta property=\"og:image\" content=\"https:\/\/edyceramic-shop.ro\/wp-content\/uploads\/2025\/01\/baterie-bucatarie-cu-dus-extractibil-hansgrohe-zesis-m33-160-negru-mat-2-tipuri-de-jet-162687-1.webp\" \/>\n\t<meta property=\"og:image:width\" content=\"1000\" \/>\n\t<meta property=\"og:image:height\" content=\"1000\" \/>\n\t<meta property=\"og:image:type\" content=\"image\/webp\" \/>\n<meta name=\"twitter:card\" content=\"summary_large_image\" \/>\n<meta name=\"twitter:label1\" content=\"Price\" \/>\n\t<meta name=\"twitter:data1\" content=\"1.565,00&nbsp;lei\" \/>\n\t<meta name=\"twitter:label2\" content=\"Availability\" \/>\n\t<meta name=\"twitter:data2\" content=\"In stock\" \/>\n<script type=\"application\/ld+json\" class=\"yoast-schema-graph\">{\"@context\":\"https:\/\/schema.org\",\"@graph\":[{\"@type\":\"WebPage\",\"@id\":\"https:\/\/edyceramic-shop.ro\/produs\/baterie-bucatarie-hansgrohe-zesis-m33-negru-mat-cu-pipa-extractabila-2-jet\/\",\"url\":\"https:\/\/edyceramic-shop.ro\/produs\/baterie-bucatarie-hansgrohe-zesis-m33-negru-mat-cu-pipa-extractabila-2-jet\/\",\"name\":\"BATERIE BUC\u0102T\u0102RIE HANSGROHE ZESIS M33 NEGRU MAT CU PIP\u0102 EXTRACTABIL\u0102 2 JET - Edyceramic - magazin online\",\"isPartOf\":{\"@id\":\"https:\/\/edyceramic-shop.ro\/ro\/#website\"},\"datePublished\":\"2025-01-24T11:42:42+00:00\",\"dateModified\":\"2025-08-01T11:37:52+00:00\",\"breadcrumb\":{\"@id\":\"https:\/\/edyceramic-shop.ro\/produs\/baterie-bucatarie-hansgrohe-zesis-m33-negru-mat-cu-pipa-extractabila-2-jet\/#breadcrumb\"},\"inLanguage\":\"en-US\",\"potentialAction\":[{\"@type\":\"ReadAction\",\"target\":[\"https:\/\/edyceramic-shop.ro\/produs\/baterie-bucatarie-hansgrohe-zesis-m33-negru-mat-cu-pipa-extractabila-2-jet\/\"]}]},{\"@type\":\"BreadcrumbList\",\"@id\":\"https:\/\/edyceramic-shop.ro\/produs\/baterie-bucatarie-hansgrohe-zesis-m33-negru-mat-cu-pipa-extractabila-2-jet\/#breadcrumb\",\"itemListElement\":[{\"@type\":\"ListItem\",\"position\":1,\"name\":\"Home\",\"item\":\"https:\/\/edyceramic-shop.ro\/\"},{\"@type\":\"ListItem\",\"position\":2,\"name\":\"Shop\",\"item\":\"https:\/\/edyceramic-shop.ro\/ro\/shop\/\"},{\"@type\":\"ListItem\",\"position\":3,\"name\":\"BATERIE BUC\u0102T\u0102RIE HANSGROHE ZESIS M33 NEGRU MAT CU PIP\u0102 EXTRACTABIL\u0102 2 JET\"}]},{\"@type\":\"WebSite\",\"@id\":\"https:\/\/edyceramic-shop.ro\/ro\/#website\",\"url\":\"https:\/\/edyceramic-shop.ro\/ro\/\",\"name\":\"edyceramic.ro\",\"description\":\"\",\"publisher\":{\"@id\":\"https:\/\/edyceramic-shop.ro\/ro\/#organization\"},\"potentialAction\":[{\"@type\":\"SearchAction\",\"target\":{\"@type\":\"EntryPoint\",\"urlTemplate\":\"https:\/\/edyceramic-shop.ro\/ro\/?s={search_term_string}\"},\"query-input\":\"required name=search_term_string\"}],\"inLanguage\":\"en-US\"},{\"@type\":\"Organization\",\"@id\":\"https:\/\/edyceramic-shop.ro\/ro\/#organization\",\"name\":\"Edyceramic\",\"url\":\"https:\/\/edyceramic-shop.ro\/ro\/\",\"logo\":{\"@type\":\"ImageObject\",\"inLanguage\":\"en-US\",\"@id\":\"https:\/\/edyceramic-shop.ro\/ro\/#\/schema\/logo\/image\/\",\"url\":\"https:\/\/edyceramic-shop.ro\/wp-content\/uploads\/2024\/02\/Logo-EdyCeramic_2021-lung.png\",\"contentUrl\":\"https:\/\/edyceramic-shop.ro\/wp-content\/uploads\/2024\/02\/Logo-EdyCeramic_2021-lung.png\",\"width\":4491,\"height\":769,\"caption\":\"Edyceramic\"},\"image\":{\"@id\":\"https:\/\/edyceramic-shop.ro\/ro\/#\/schema\/logo\/image\/\"}}]}<\/script>\n<meta property=\"product:price:amount\" content=\"1565.00\" \/>\n<meta property=\"product:price:currency\" content=\"RON\" \/>\n<meta property=\"og:availability\" content=\"instock\" \/>\n<meta property=\"product:availability\" content=\"instock\" \/>\n<meta property=\"product:retailer_item_id\" content=\"d03eeef73ee2\" \/>\n<meta property=\"product:condition\" content=\"new\" \/>\n<!-- \/ Yoast SEO Premium plugin. -->","yoast_head_json":{"title":"BATERIE BUC\u0102T\u0102RIE HANSGROHE ZESIS M33 NEGRU MAT CU PIP\u0102 EXTRACTABIL\u0102 2 JET - Edyceramic - magazin online","robots":{"index":"index","follow":"follow","max-snippet":"max-snippet:-1","max-image-preview":"max-image-preview:large","max-video-preview":"max-video-preview:-1"},"canonical":"https:\/\/edyceramic-shop.ro\/en\/product\/baterie-bucatarie-hansgrohe-zesis-m33-negru-mat-cu-pipa-extractabila-2-jet\/","og_locale":"en_US","og_type":"article","og_title":"BATERIE BUC\u0102T\u0102RIE HANSGROHE ZESIS M33 NEGRU MAT CU PIP\u0102 EXTRACTABIL\u0102 2 JET","og_description":"Baterie bucatarie cu dus extractibil Hansgrohe Zesis M33 160 negru mat 2 tipuri de jet Aceasta baterie aerodinamica nu face","og_url":"https:\/\/edyceramic-shop.ro\/en\/product\/baterie-bucatarie-hansgrohe-zesis-m33-negru-mat-cu-pipa-extractabila-2-jet\/","og_site_name":"Edyceramic - magazin online","article_modified_time":"2025-08-01T11:37:52+00:00","og_image":[{"width":1000,"height":1000,"url":"https:\/\/edyceramic-shop.ro\/wp-content\/uploads\/2025\/01\/baterie-bucatarie-cu-dus-extractibil-hansgrohe-zesis-m33-160-negru-mat-2-tipuri-de-jet-162687-1.webp","type":"image\/webp"}],"twitter_card":"summary_large_image","twitter_misc":{"Price":"1.565,00&nbsp;lei","Availability":"In stock"},"schema":{"@context":"https:\/\/schema.org","@graph":[{"@type":"WebPage","@id":"https:\/\/edyceramic-shop.ro\/produs\/baterie-bucatarie-hansgrohe-zesis-m33-negru-mat-cu-pipa-extractabila-2-jet\/","url":"https:\/\/edyceramic-shop.ro\/produs\/baterie-bucatarie-hansgrohe-zesis-m33-negru-mat-cu-pipa-extractabila-2-jet\/","name":"BATERIE BUC\u0102T\u0102RIE HANSGROHE ZESIS M33 NEGRU MAT CU PIP\u0102 EXTRACTABIL\u0102 2 JET - Edyceramic - magazin online","isPartOf":{"@id":"https:\/\/edyceramic-shop.ro\/ro\/#website"},"datePublished":"2025-01-24T11:42:42+00:00","dateModified":"2025-08-01T11:37:52+00:00","breadcrumb":{"@id":"https:\/\/edyceramic-shop.ro\/produs\/baterie-bucatarie-hansgrohe-zesis-m33-negru-mat-cu-pipa-extractabila-2-jet\/#breadcrumb"},"inLanguage":"en-US","potentialAction":[{"@type":"ReadAction","target":["https:\/\/edyceramic-shop.ro\/produs\/baterie-bucatarie-hansgrohe-zesis-m33-negru-mat-cu-pipa-extractabila-2-jet\/"]}]},{"@type":"BreadcrumbList","@id":"https:\/\/edyceramic-shop.ro\/produs\/baterie-bucatarie-hansgrohe-zesis-m33-negru-mat-cu-pipa-extractabila-2-jet\/#breadcrumb","itemListElement":[{"@type":"ListItem","position":1,"name":"Home","item":"https:\/\/edyceramic-shop.ro\/"},{"@type":"ListItem","position":2,"name":"Shop","item":"https:\/\/edyceramic-shop.ro\/ro\/shop\/"},{"@type":"ListItem","position":3,"name":"BATERIE BUC\u0102T\u0102RIE HANSGROHE ZESIS M33 NEGRU MAT CU PIP\u0102 EXTRACTABIL\u0102 2 JET"}]},{"@type":"WebSite","@id":"https:\/\/edyceramic-shop.ro\/ro\/#website","url":"https:\/\/edyceramic-shop.ro\/ro\/","name":"edyceramic.ro","description":"","publisher":{"@id":"https:\/\/edyceramic-shop.ro\/ro\/#organization"},"potentialAction":[{"@type":"SearchAction","target":{"@type":"EntryPoint","urlTemplate":"https:\/\/edyceramic-shop.ro\/ro\/?s={search_term_string}"},"query-input":"required name=search_term_string"}],"inLanguage":"en-US"},{"@type":"Organization","@id":"https:\/\/edyceramic-shop.ro\/ro\/#organization","name":"Edyceramic","url":"https:\/\/edyceramic-shop.ro\/ro\/","logo":{"@type":"ImageObject","inLanguage":"en-US","@id":"https:\/\/edyceramic-shop.ro\/ro\/#\/schema\/logo\/image\/","url":"https:\/\/edyceramic-shop.ro\/wp-content\/uploads\/2024\/02\/Logo-EdyCeramic_2021-lung.png","contentUrl":"https:\/\/edyceramic-shop.ro\/wp-content\/uploads\/2024\/02\/Logo-EdyCeramic_2021-lung.png","width":4491,"height":769,"caption":"Edyceramic"},"image":{"@id":"https:\/\/edyceramic-shop.ro\/ro\/#\/schema\/logo\/image\/"}}]},"product_price_amount":"1565.00","product_price_currency":"RON","og_availability":"instock","product_availability":"instock","product_retailer_item_id":"d03eeef73ee2","product_condition":"new"},"jetpack_sharing_enabled":true,"_links":{"self":[{"href":"https:\/\/edyceramic-shop.ro\/en\/wp-json\/wp\/v2\/product\/28011","targetHints":{"allow":["GET"]}}],"collection":[{"href":"https:\/\/edyceramic-shop.ro\/en\/wp-json\/wp\/v2\/product"}],"about":[{"href":"https:\/\/edyceramic-shop.ro\/en\/wp-json\/wp\/v2\/types\/product"}],"version-history":[{"count":1,"href":"https:\/\/edyceramic-shop.ro\/en\/wp-json\/wp\/v2\/product\/28011\/revisions"}],"predecessor-version":[{"id":28012,"href":"https:\/\/edyceramic-shop.ro\/en\/wp-json\/wp\/v2\/product\/28011\/revisions\/28012"}],"wp:featuredmedia":[{"embeddable":true,"href":"https:\/\/edyceramic-shop.ro\/en\/wp-json\/wp\/v2\/media\/27836"}],"wp:attachment":[{"href":"https:\/\/edyceramic-shop.ro\/en\/wp-json\/wp\/v2\/media?parent=28011"}],"wp:term":[{"taxonomy":"product_brand","embeddable":true,"href":"https:\/\/edyceramic-shop.ro\/en\/wp-json\/wp\/v2\/product_brand?post=28011"},{"taxonomy":"product_cat","embeddable":true,"href":"https:\/\/edyceramic-shop.ro\/en\/wp-json\/wp\/v2\/product_cat?post=28011"},{"taxonomy":"product_tag","embeddable":true,"href":"https:\/\/edyceramic-shop.ro\/en\/wp-json\/wp\/v2\/product_tag?post=28011"}],"curies":[{"name":"wp","href":"https:\/\/api.w.org\/{rel}","templated":true}]}}