{"id":27969,"date":"2025-01-24T13:42:15","date_gmt":"2025-01-24T11:42:15","guid":{"rendered":"https:\/\/edyceramic-shop.ro\/produs\/baterie-bucatarie-grohe-minta-grafit-cu-pipa-extractabila\/"},"modified":"2025-08-01T13:37:51","modified_gmt":"2025-08-01T11:37:51","slug":"baterie-bucatarie-grohe-minta-grafit-cu-pipa-extractabila","status":"publish","type":"product","link":"https:\/\/edyceramic-shop.ro\/en\/product\/baterie-bucatarie-grohe-minta-grafit-cu-pipa-extractabila\/","title":{"rendered":"BATERIE BUC\u0102T\u0102RIE GROHE MINTA GRAFIT CU PIP\u0102 EXTRACTABIL\u0102"},"content":{"rendered":"<p>pip\u0103 tip L<br \/>\ninstalare pe o singur\u0103 gaur\u0103<br \/>\nfinisaj GROHE Long-Life<br \/>\ncartu\u015f ceramic de 46 mm cu GROHE SilkMove<br \/>\nlimitator de debit<br \/>\ndu\u0219 dublu extractibil &#8211; comut\u0103 \u00eenainte \u0219i \u00eenapoi \u00eentre pulverizare normal\u0103 \u0219i du\u0219<br \/>\ndivertor: pulverizare laminar\u0103\/jet du\u0219 SpeedClean<br \/>\nrevenirea automat\u0103 la pulverizarea laminar\u0103<br \/>\npulverizator metalic<br \/>\nlimitator de debit reglabil<br \/>\npip\u0103 tubular\u0103 pivotant\u0103<br \/>\nunghi de pivotare de 360\u00b0<br \/>\nvalv\u0103 sens-unic integrat\u0103<br \/>\nprotec\u0163ie \u00eempotriva refluxului<br \/>\nracorduri flexibile de conectare la ap\u0103<br \/>\nsistem rapid de instalare<\/p>","protected":false},"excerpt":{"rendered":"<p>pip\u0103 tip L instalare pe o singur\u0103 gaur\u0103 finisaj GROHE Long-Life cartu\u015f ceramic de 46 mm cu GROHE SilkMove limitator<\/p>","protected":false},"featured_media":27800,"template":"","meta":[],"product_brand":[],"product_cat":[3490,3464],"product_tag":[],"class_list":{"0":"post-27969","1":"product","2":"type-product","3":"status-publish","4":"has-post-thumbnail","6":"product_cat-baterii-bucatarie","7":"product_cat-chiuvete-si-baterii-bucatarie","8":"pa_colectie-minta","9":"pa_culoare-grafit","10":"pa_fabrica-grohe","12":"first","13":"instock","14":"sale","15":"purchasable","16":"product-type-simple"},"yoast_head":"<!-- This site is optimized with the Yoast SEO Premium plugin v21.6 (Yoast SEO v22.1) - https:\/\/yoast.com\/wordpress\/plugins\/seo\/ -->\n<title>BATERIE BUC\u0102T\u0102RIE GROHE MINTA GRAFIT CU PIP\u0102 EXTRACTABIL\u0102 - Edyceramic - magazin online<\/title>\n<meta name=\"robots\" content=\"index, follow, max-snippet:-1, max-image-preview:large, max-video-preview:-1\" \/>\n<link rel=\"canonical\" href=\"https:\/\/edyceramic-shop.ro\/en\/product\/baterie-bucatarie-grohe-minta-grafit-cu-pipa-extractabila\/\" \/>\n<meta property=\"og:locale\" content=\"en_US\" \/>\n<meta property=\"og:type\" content=\"article\" \/>\n<meta property=\"og:title\" content=\"BATERIE BUC\u0102T\u0102RIE GROHE MINTA GRAFIT CU PIP\u0102 EXTRACTABIL\u0102\" \/>\n<meta property=\"og:description\" content=\"pip\u0103 tip L instalare pe o singur\u0103 gaur\u0103 finisaj GROHE Long-Life cartu\u015f ceramic de 46 mm cu GROHE SilkMove limitator\" \/>\n<meta property=\"og:url\" content=\"https:\/\/edyceramic-shop.ro\/en\/product\/baterie-bucatarie-grohe-minta-grafit-cu-pipa-extractabila\/\" \/>\n<meta property=\"og:site_name\" content=\"Edyceramic - magazin online\" \/>\n<meta property=\"article:modified_time\" content=\"2025-08-01T11:37:51+00:00\" \/>\n<meta property=\"og:image\" content=\"https:\/\/edyceramic-shop.ro\/wp-content\/uploads\/2025\/01\/minta-grafit-baterie-bucatarie-grohe-1.webp\" \/>\n\t<meta property=\"og:image:width\" content=\"1280\" \/>\n\t<meta property=\"og:image:height\" content=\"1280\" \/>\n\t<meta property=\"og:image:type\" content=\"image\/webp\" \/>\n<meta name=\"twitter:card\" content=\"summary_large_image\" \/>\n<meta name=\"twitter:label1\" content=\"Price\" \/>\n\t<meta name=\"twitter:data1\" content=\"2.018,00&nbsp;lei\" \/>\n\t<meta name=\"twitter:label2\" content=\"Availability\" \/>\n\t<meta name=\"twitter:data2\" content=\"In stock\" \/>\n<script type=\"application\/ld+json\" class=\"yoast-schema-graph\">{\"@context\":\"https:\/\/schema.org\",\"@graph\":[{\"@type\":\"WebPage\",\"@id\":\"https:\/\/edyceramic-shop.ro\/produs\/baterie-bucatarie-grohe-minta-grafit-cu-pipa-extractabila\/\",\"url\":\"https:\/\/edyceramic-shop.ro\/produs\/baterie-bucatarie-grohe-minta-grafit-cu-pipa-extractabila\/\",\"name\":\"BATERIE BUC\u0102T\u0102RIE GROHE MINTA GRAFIT CU PIP\u0102 EXTRACTABIL\u0102 - Edyceramic - magazin online\",\"isPartOf\":{\"@id\":\"https:\/\/edyceramic-shop.ro\/ro\/#website\"},\"datePublished\":\"2025-01-24T11:42:15+00:00\",\"dateModified\":\"2025-08-01T11:37:51+00:00\",\"breadcrumb\":{\"@id\":\"https:\/\/edyceramic-shop.ro\/produs\/baterie-bucatarie-grohe-minta-grafit-cu-pipa-extractabila\/#breadcrumb\"},\"inLanguage\":\"en-US\",\"potentialAction\":[{\"@type\":\"ReadAction\",\"target\":[\"https:\/\/edyceramic-shop.ro\/produs\/baterie-bucatarie-grohe-minta-grafit-cu-pipa-extractabila\/\"]}]},{\"@type\":\"BreadcrumbList\",\"@id\":\"https:\/\/edyceramic-shop.ro\/produs\/baterie-bucatarie-grohe-minta-grafit-cu-pipa-extractabila\/#breadcrumb\",\"itemListElement\":[{\"@type\":\"ListItem\",\"position\":1,\"name\":\"Home\",\"item\":\"https:\/\/edyceramic-shop.ro\/\"},{\"@type\":\"ListItem\",\"position\":2,\"name\":\"Shop\",\"item\":\"https:\/\/edyceramic-shop.ro\/ro\/shop\/\"},{\"@type\":\"ListItem\",\"position\":3,\"name\":\"BATERIE BUC\u0102T\u0102RIE GROHE MINTA GRAFIT CU PIP\u0102 EXTRACTABIL\u0102\"}]},{\"@type\":\"WebSite\",\"@id\":\"https:\/\/edyceramic-shop.ro\/ro\/#website\",\"url\":\"https:\/\/edyceramic-shop.ro\/ro\/\",\"name\":\"edyceramic.ro\",\"description\":\"\",\"publisher\":{\"@id\":\"https:\/\/edyceramic-shop.ro\/ro\/#organization\"},\"potentialAction\":[{\"@type\":\"SearchAction\",\"target\":{\"@type\":\"EntryPoint\",\"urlTemplate\":\"https:\/\/edyceramic-shop.ro\/ro\/?s={search_term_string}\"},\"query-input\":\"required name=search_term_string\"}],\"inLanguage\":\"en-US\"},{\"@type\":\"Organization\",\"@id\":\"https:\/\/edyceramic-shop.ro\/ro\/#organization\",\"name\":\"Edyceramic\",\"url\":\"https:\/\/edyceramic-shop.ro\/ro\/\",\"logo\":{\"@type\":\"ImageObject\",\"inLanguage\":\"en-US\",\"@id\":\"https:\/\/edyceramic-shop.ro\/ro\/#\/schema\/logo\/image\/\",\"url\":\"https:\/\/edyceramic-shop.ro\/wp-content\/uploads\/2024\/02\/Logo-EdyCeramic_2021-lung.png\",\"contentUrl\":\"https:\/\/edyceramic-shop.ro\/wp-content\/uploads\/2024\/02\/Logo-EdyCeramic_2021-lung.png\",\"width\":4491,\"height\":769,\"caption\":\"Edyceramic\"},\"image\":{\"@id\":\"https:\/\/edyceramic-shop.ro\/ro\/#\/schema\/logo\/image\/\"}}]}<\/script>\n<meta property=\"product:price:amount\" content=\"2018.00\" \/>\n<meta property=\"product:price:currency\" content=\"RON\" \/>\n<meta property=\"og:availability\" content=\"instock\" \/>\n<meta property=\"product:availability\" content=\"instock\" \/>\n<meta property=\"product:retailer_item_id\" content=\"2773e529fadc\" \/>\n<meta property=\"product:condition\" content=\"new\" \/>\n<!-- \/ Yoast SEO Premium plugin. -->","yoast_head_json":{"title":"BATERIE BUC\u0102T\u0102RIE GROHE MINTA GRAFIT CU PIP\u0102 EXTRACTABIL\u0102 - Edyceramic - magazin online","robots":{"index":"index","follow":"follow","max-snippet":"max-snippet:-1","max-image-preview":"max-image-preview:large","max-video-preview":"max-video-preview:-1"},"canonical":"https:\/\/edyceramic-shop.ro\/en\/product\/baterie-bucatarie-grohe-minta-grafit-cu-pipa-extractabila\/","og_locale":"en_US","og_type":"article","og_title":"BATERIE BUC\u0102T\u0102RIE GROHE MINTA GRAFIT CU PIP\u0102 EXTRACTABIL\u0102","og_description":"pip\u0103 tip L instalare pe o singur\u0103 gaur\u0103 finisaj GROHE Long-Life cartu\u015f ceramic de 46 mm cu GROHE SilkMove limitator","og_url":"https:\/\/edyceramic-shop.ro\/en\/product\/baterie-bucatarie-grohe-minta-grafit-cu-pipa-extractabila\/","og_site_name":"Edyceramic - magazin online","article_modified_time":"2025-08-01T11:37:51+00:00","og_image":[{"width":1280,"height":1280,"url":"https:\/\/edyceramic-shop.ro\/wp-content\/uploads\/2025\/01\/minta-grafit-baterie-bucatarie-grohe-1.webp","type":"image\/webp"}],"twitter_card":"summary_large_image","twitter_misc":{"Price":"2.018,00&nbsp;lei","Availability":"In stock"},"schema":{"@context":"https:\/\/schema.org","@graph":[{"@type":"WebPage","@id":"https:\/\/edyceramic-shop.ro\/produs\/baterie-bucatarie-grohe-minta-grafit-cu-pipa-extractabila\/","url":"https:\/\/edyceramic-shop.ro\/produs\/baterie-bucatarie-grohe-minta-grafit-cu-pipa-extractabila\/","name":"BATERIE BUC\u0102T\u0102RIE GROHE MINTA GRAFIT CU PIP\u0102 EXTRACTABIL\u0102 - Edyceramic - magazin online","isPartOf":{"@id":"https:\/\/edyceramic-shop.ro\/ro\/#website"},"datePublished":"2025-01-24T11:42:15+00:00","dateModified":"2025-08-01T11:37:51+00:00","breadcrumb":{"@id":"https:\/\/edyceramic-shop.ro\/produs\/baterie-bucatarie-grohe-minta-grafit-cu-pipa-extractabila\/#breadcrumb"},"inLanguage":"en-US","potentialAction":[{"@type":"ReadAction","target":["https:\/\/edyceramic-shop.ro\/produs\/baterie-bucatarie-grohe-minta-grafit-cu-pipa-extractabila\/"]}]},{"@type":"BreadcrumbList","@id":"https:\/\/edyceramic-shop.ro\/produs\/baterie-bucatarie-grohe-minta-grafit-cu-pipa-extractabila\/#breadcrumb","itemListElement":[{"@type":"ListItem","position":1,"name":"Home","item":"https:\/\/edyceramic-shop.ro\/"},{"@type":"ListItem","position":2,"name":"Shop","item":"https:\/\/edyceramic-shop.ro\/ro\/shop\/"},{"@type":"ListItem","position":3,"name":"BATERIE BUC\u0102T\u0102RIE GROHE MINTA GRAFIT CU PIP\u0102 EXTRACTABIL\u0102"}]},{"@type":"WebSite","@id":"https:\/\/edyceramic-shop.ro\/ro\/#website","url":"https:\/\/edyceramic-shop.ro\/ro\/","name":"edyceramic.ro","description":"","publisher":{"@id":"https:\/\/edyceramic-shop.ro\/ro\/#organization"},"potentialAction":[{"@type":"SearchAction","target":{"@type":"EntryPoint","urlTemplate":"https:\/\/edyceramic-shop.ro\/ro\/?s={search_term_string}"},"query-input":"required name=search_term_string"}],"inLanguage":"en-US"},{"@type":"Organization","@id":"https:\/\/edyceramic-shop.ro\/ro\/#organization","name":"Edyceramic","url":"https:\/\/edyceramic-shop.ro\/ro\/","logo":{"@type":"ImageObject","inLanguage":"en-US","@id":"https:\/\/edyceramic-shop.ro\/ro\/#\/schema\/logo\/image\/","url":"https:\/\/edyceramic-shop.ro\/wp-content\/uploads\/2024\/02\/Logo-EdyCeramic_2021-lung.png","contentUrl":"https:\/\/edyceramic-shop.ro\/wp-content\/uploads\/2024\/02\/Logo-EdyCeramic_2021-lung.png","width":4491,"height":769,"caption":"Edyceramic"},"image":{"@id":"https:\/\/edyceramic-shop.ro\/ro\/#\/schema\/logo\/image\/"}}]},"product_price_amount":"2018.00","product_price_currency":"RON","og_availability":"instock","product_availability":"instock","product_retailer_item_id":"2773e529fadc","product_condition":"new"},"jetpack_sharing_enabled":true,"_links":{"self":[{"href":"https:\/\/edyceramic-shop.ro\/en\/wp-json\/wp\/v2\/product\/27969","targetHints":{"allow":["GET"]}}],"collection":[{"href":"https:\/\/edyceramic-shop.ro\/en\/wp-json\/wp\/v2\/product"}],"about":[{"href":"https:\/\/edyceramic-shop.ro\/en\/wp-json\/wp\/v2\/types\/product"}],"version-history":[{"count":1,"href":"https:\/\/edyceramic-shop.ro\/en\/wp-json\/wp\/v2\/product\/27969\/revisions"}],"predecessor-version":[{"id":27970,"href":"https:\/\/edyceramic-shop.ro\/en\/wp-json\/wp\/v2\/product\/27969\/revisions\/27970"}],"wp:featuredmedia":[{"embeddable":true,"href":"https:\/\/edyceramic-shop.ro\/en\/wp-json\/wp\/v2\/media\/27800"}],"wp:attachment":[{"href":"https:\/\/edyceramic-shop.ro\/en\/wp-json\/wp\/v2\/media?parent=27969"}],"wp:term":[{"taxonomy":"product_brand","embeddable":true,"href":"https:\/\/edyceramic-shop.ro\/en\/wp-json\/wp\/v2\/product_brand?post=27969"},{"taxonomy":"product_cat","embeddable":true,"href":"https:\/\/edyceramic-shop.ro\/en\/wp-json\/wp\/v2\/product_cat?post=27969"},{"taxonomy":"product_tag","embeddable":true,"href":"https:\/\/edyceramic-shop.ro\/en\/wp-json\/wp\/v2\/product_tag?post=27969"}],"curies":[{"name":"wp","href":"https:\/\/api.w.org\/{rel}","templated":true}]}}