{"id":27967,"date":"2025-01-24T13:42:15","date_gmt":"2025-01-24T11:42:15","guid":{"rendered":"https:\/\/edyceramic-shop.ro\/produs\/baterie-bucatarie-grohe-parkfield-cu-pipa-extractabila\/"},"modified":"2025-08-01T13:37:51","modified_gmt":"2025-08-01T11:37:51","slug":"baterie-bucatarie-grohe-parkfield-cu-pipa-extractabila","status":"publish","type":"product","link":"https:\/\/edyceramic-shop.ro\/en\/product\/baterie-bucatarie-grohe-parkfield-cu-pipa-extractabila\/","title":{"rendered":"BATERIE BUC\u0102T\u0102RIE GROHE PARKFIELD CU PIP\u0102 EXTRACTABIL\u0102"},"content":{"rendered":"<p>Baterie bucatarie cu dus extractibil Grohe Parkfield crom periat Supersteel<br \/>\nRobinetul de bucatarie GROHE Parkfield &#8211; design pur si perfectiune functionala!<\/p>\n<p>Formele fluide, liniile armonioase si usurinta excelenta de utilizare sunt semnele distinctive ale robinetelor noastre de bucatarie Parkfield. Cu o pipa de scurgere inalta, o raza de pivotare flexibila de 360\u00b0 si un dus extractibil comod, cu doua tipuri de pulverizare, treburile tale zilnice din bucatarie vor fi o floare la ureche.<\/p>\n<p>Toate robinetele din aceasta gama sunt prevazute cu tehnologia GROHE SilkMove pentru un control fluid al temperaturii si al volumului apei. Sistemul nostru anticalcar SpeedClean previne orice acumulare de calcar. Designul acestei game de produse a fost inspirat de forme naturale: realizata in forma unei arcade fluide, robinetul devine conic in sus de la baza, extinzandu-se din nou pe masura ce se extinde in capul de pulverizare. Manerul alungit si rotunjit le ofera utilizatorilor o experienta tactila naturala.<\/p>\n<p>Robinetele din aceasta gama sunt disponibile cu o optiune de trei finisaje diferite &#8211; varianta cromata lucios GROHE StarLight, varianta mata GROHE SuperSteel sau varianta de bronz-petrol mat &#8211; fiecare adaugand o nota foarte distincta.<\/p>\n<p>Specificatii tehnice Baterie bucatarie cu dus extractibil Grohe Parkfield crom periat Supersteel:<\/p>\n<p>Producator: Grohe<br \/>\nColectia: Parkfield<br \/>\nTip produs: baterie cu dus extractibil<br \/>\nTip montare: pe chiuveta<br \/>\nTip actionare: monocomanda<br \/>\nCuloare: crom<br \/>\nFinisaj: lucios<br \/>\nInstalare pe o singura gaura<br \/>\nFinisaj GROHE Long-Life<br \/>\nCartus ceramic de 35 mm cu GROHE SilkMove<br \/>\nCu limitator de temperatura integrat<br \/>\nDus extractibil &#8211; comuta inainte si inapoi intre pulverizare normala si dus<br \/>\nDivertor: aerator\/jet dus<br \/>\nRevenire automata la aerator<br \/>\nLimitator de debit reglabil<br \/>\nPipa tubulara pivotanta<br \/>\nUnghi de pivotare de 360\u00b0<br \/>\nValva sens-unic integrata<br \/>\nProtectie impotriva refluxului<br \/>\nRacorduri flexibile de conectare la apa<br \/>\nSistem rapid de instalare<br \/>\nPresiunea minima recomandata 1.0 bar<br \/>\nQuickMount included<br \/>\nFinisajul durabil GROHE utilizeaza depunerea fizica de vapori (PVD)<br \/>\nTehnologia PVD garanteaza cel mai inalt nivel posibil de durabilitate, ofera o rezistenta exceptionala la deteriorari si faciliteaza curatarea<\/p>","protected":false},"excerpt":{"rendered":"<p>Baterie bucatarie cu dus extractibil Grohe Parkfield crom periat Supersteel Robinetul de bucatarie GROHE Parkfield &#8211; design pur si perfectiune<\/p>","protected":false},"featured_media":27829,"template":"","meta":[],"product_brand":[],"product_cat":[3490,3464],"product_tag":[],"class_list":{"0":"post-27967","1":"product","2":"type-product","3":"status-publish","4":"has-post-thumbnail","6":"product_cat-baterii-bucatarie","7":"product_cat-chiuvete-si-baterii-bucatarie","8":"pa_colectie-parkfield","9":"pa_culoare-crom","10":"pa_fabrica-grohe","12":"first","13":"instock","14":"sale","15":"purchasable","16":"product-type-simple"},"yoast_head":"<!-- This site is optimized with the Yoast SEO Premium plugin v21.6 (Yoast SEO v22.1) - https:\/\/yoast.com\/wordpress\/plugins\/seo\/ -->\n<title>BATERIE BUC\u0102T\u0102RIE GROHE PARKFIELD CU PIP\u0102 EXTRACTABIL\u0102 - Edyceramic - magazin online<\/title>\n<meta name=\"robots\" content=\"index, follow, max-snippet:-1, max-image-preview:large, max-video-preview:-1\" \/>\n<link rel=\"canonical\" href=\"https:\/\/edyceramic-shop.ro\/en\/product\/baterie-bucatarie-grohe-parkfield-cu-pipa-extractabila\/\" \/>\n<meta property=\"og:locale\" content=\"en_US\" \/>\n<meta property=\"og:type\" content=\"article\" \/>\n<meta property=\"og:title\" content=\"BATERIE BUC\u0102T\u0102RIE GROHE PARKFIELD CU PIP\u0102 EXTRACTABIL\u0102\" \/>\n<meta property=\"og:description\" content=\"Baterie bucatarie cu dus extractibil Grohe Parkfield crom periat Supersteel Robinetul de bucatarie GROHE Parkfield &#8211; design pur si perfectiune\" \/>\n<meta property=\"og:url\" content=\"https:\/\/edyceramic-shop.ro\/en\/product\/baterie-bucatarie-grohe-parkfield-cu-pipa-extractabila\/\" \/>\n<meta property=\"og:site_name\" content=\"Edyceramic - magazin online\" \/>\n<meta property=\"article:modified_time\" content=\"2025-08-01T11:37:51+00:00\" \/>\n<meta property=\"og:image\" content=\"https:\/\/edyceramic-shop.ro\/wp-content\/uploads\/2025\/01\/baterie-bucatarie-cu-dus-extractibil-grohe-parkfield-crom-periat-supersteel-355096-1.webp\" \/>\n\t<meta property=\"og:image:width\" content=\"1000\" \/>\n\t<meta property=\"og:image:height\" content=\"1000\" \/>\n\t<meta property=\"og:image:type\" content=\"image\/webp\" \/>\n<meta name=\"twitter:card\" content=\"summary_large_image\" \/>\n<meta name=\"twitter:label1\" content=\"Price\" \/>\n\t<meta name=\"twitter:data1\" content=\"1.514,00&nbsp;lei\" \/>\n\t<meta name=\"twitter:label2\" content=\"Availability\" \/>\n\t<meta name=\"twitter:data2\" content=\"In stock\" \/>\n<script type=\"application\/ld+json\" class=\"yoast-schema-graph\">{\"@context\":\"https:\/\/schema.org\",\"@graph\":[{\"@type\":\"WebPage\",\"@id\":\"https:\/\/edyceramic-shop.ro\/produs\/baterie-bucatarie-grohe-parkfield-cu-pipa-extractabila\/\",\"url\":\"https:\/\/edyceramic-shop.ro\/produs\/baterie-bucatarie-grohe-parkfield-cu-pipa-extractabila\/\",\"name\":\"BATERIE BUC\u0102T\u0102RIE GROHE PARKFIELD CU PIP\u0102 EXTRACTABIL\u0102 - Edyceramic - magazin online\",\"isPartOf\":{\"@id\":\"https:\/\/edyceramic-shop.ro\/ro\/#website\"},\"datePublished\":\"2025-01-24T11:42:15+00:00\",\"dateModified\":\"2025-08-01T11:37:51+00:00\",\"breadcrumb\":{\"@id\":\"https:\/\/edyceramic-shop.ro\/produs\/baterie-bucatarie-grohe-parkfield-cu-pipa-extractabila\/#breadcrumb\"},\"inLanguage\":\"en-US\",\"potentialAction\":[{\"@type\":\"ReadAction\",\"target\":[\"https:\/\/edyceramic-shop.ro\/produs\/baterie-bucatarie-grohe-parkfield-cu-pipa-extractabila\/\"]}]},{\"@type\":\"BreadcrumbList\",\"@id\":\"https:\/\/edyceramic-shop.ro\/produs\/baterie-bucatarie-grohe-parkfield-cu-pipa-extractabila\/#breadcrumb\",\"itemListElement\":[{\"@type\":\"ListItem\",\"position\":1,\"name\":\"Home\",\"item\":\"https:\/\/edyceramic-shop.ro\/\"},{\"@type\":\"ListItem\",\"position\":2,\"name\":\"Shop\",\"item\":\"https:\/\/edyceramic-shop.ro\/ro\/shop\/\"},{\"@type\":\"ListItem\",\"position\":3,\"name\":\"BATERIE BUC\u0102T\u0102RIE GROHE PARKFIELD CU PIP\u0102 EXTRACTABIL\u0102\"}]},{\"@type\":\"WebSite\",\"@id\":\"https:\/\/edyceramic-shop.ro\/ro\/#website\",\"url\":\"https:\/\/edyceramic-shop.ro\/ro\/\",\"name\":\"edyceramic.ro\",\"description\":\"\",\"publisher\":{\"@id\":\"https:\/\/edyceramic-shop.ro\/ro\/#organization\"},\"potentialAction\":[{\"@type\":\"SearchAction\",\"target\":{\"@type\":\"EntryPoint\",\"urlTemplate\":\"https:\/\/edyceramic-shop.ro\/ro\/?s={search_term_string}\"},\"query-input\":\"required name=search_term_string\"}],\"inLanguage\":\"en-US\"},{\"@type\":\"Organization\",\"@id\":\"https:\/\/edyceramic-shop.ro\/ro\/#organization\",\"name\":\"Edyceramic\",\"url\":\"https:\/\/edyceramic-shop.ro\/ro\/\",\"logo\":{\"@type\":\"ImageObject\",\"inLanguage\":\"en-US\",\"@id\":\"https:\/\/edyceramic-shop.ro\/ro\/#\/schema\/logo\/image\/\",\"url\":\"https:\/\/edyceramic-shop.ro\/wp-content\/uploads\/2024\/02\/Logo-EdyCeramic_2021-lung.png\",\"contentUrl\":\"https:\/\/edyceramic-shop.ro\/wp-content\/uploads\/2024\/02\/Logo-EdyCeramic_2021-lung.png\",\"width\":4491,\"height\":769,\"caption\":\"Edyceramic\"},\"image\":{\"@id\":\"https:\/\/edyceramic-shop.ro\/ro\/#\/schema\/logo\/image\/\"}}]}<\/script>\n<meta property=\"product:price:amount\" content=\"1514.00\" \/>\n<meta property=\"product:price:currency\" content=\"RON\" \/>\n<meta property=\"og:availability\" content=\"instock\" \/>\n<meta property=\"product:availability\" content=\"instock\" \/>\n<meta property=\"product:retailer_item_id\" content=\"ba96723a8659\" \/>\n<meta property=\"product:condition\" content=\"new\" \/>\n<!-- \/ Yoast SEO Premium plugin. -->","yoast_head_json":{"title":"BATERIE BUC\u0102T\u0102RIE GROHE PARKFIELD CU PIP\u0102 EXTRACTABIL\u0102 - Edyceramic - magazin online","robots":{"index":"index","follow":"follow","max-snippet":"max-snippet:-1","max-image-preview":"max-image-preview:large","max-video-preview":"max-video-preview:-1"},"canonical":"https:\/\/edyceramic-shop.ro\/en\/product\/baterie-bucatarie-grohe-parkfield-cu-pipa-extractabila\/","og_locale":"en_US","og_type":"article","og_title":"BATERIE BUC\u0102T\u0102RIE GROHE PARKFIELD CU PIP\u0102 EXTRACTABIL\u0102","og_description":"Baterie bucatarie cu dus extractibil Grohe Parkfield crom periat Supersteel Robinetul de bucatarie GROHE Parkfield &#8211; design pur si perfectiune","og_url":"https:\/\/edyceramic-shop.ro\/en\/product\/baterie-bucatarie-grohe-parkfield-cu-pipa-extractabila\/","og_site_name":"Edyceramic - magazin online","article_modified_time":"2025-08-01T11:37:51+00:00","og_image":[{"width":1000,"height":1000,"url":"https:\/\/edyceramic-shop.ro\/wp-content\/uploads\/2025\/01\/baterie-bucatarie-cu-dus-extractibil-grohe-parkfield-crom-periat-supersteel-355096-1.webp","type":"image\/webp"}],"twitter_card":"summary_large_image","twitter_misc":{"Price":"1.514,00&nbsp;lei","Availability":"In stock"},"schema":{"@context":"https:\/\/schema.org","@graph":[{"@type":"WebPage","@id":"https:\/\/edyceramic-shop.ro\/produs\/baterie-bucatarie-grohe-parkfield-cu-pipa-extractabila\/","url":"https:\/\/edyceramic-shop.ro\/produs\/baterie-bucatarie-grohe-parkfield-cu-pipa-extractabila\/","name":"BATERIE BUC\u0102T\u0102RIE GROHE PARKFIELD CU PIP\u0102 EXTRACTABIL\u0102 - Edyceramic - magazin online","isPartOf":{"@id":"https:\/\/edyceramic-shop.ro\/ro\/#website"},"datePublished":"2025-01-24T11:42:15+00:00","dateModified":"2025-08-01T11:37:51+00:00","breadcrumb":{"@id":"https:\/\/edyceramic-shop.ro\/produs\/baterie-bucatarie-grohe-parkfield-cu-pipa-extractabila\/#breadcrumb"},"inLanguage":"en-US","potentialAction":[{"@type":"ReadAction","target":["https:\/\/edyceramic-shop.ro\/produs\/baterie-bucatarie-grohe-parkfield-cu-pipa-extractabila\/"]}]},{"@type":"BreadcrumbList","@id":"https:\/\/edyceramic-shop.ro\/produs\/baterie-bucatarie-grohe-parkfield-cu-pipa-extractabila\/#breadcrumb","itemListElement":[{"@type":"ListItem","position":1,"name":"Home","item":"https:\/\/edyceramic-shop.ro\/"},{"@type":"ListItem","position":2,"name":"Shop","item":"https:\/\/edyceramic-shop.ro\/ro\/shop\/"},{"@type":"ListItem","position":3,"name":"BATERIE BUC\u0102T\u0102RIE GROHE PARKFIELD CU PIP\u0102 EXTRACTABIL\u0102"}]},{"@type":"WebSite","@id":"https:\/\/edyceramic-shop.ro\/ro\/#website","url":"https:\/\/edyceramic-shop.ro\/ro\/","name":"edyceramic.ro","description":"","publisher":{"@id":"https:\/\/edyceramic-shop.ro\/ro\/#organization"},"potentialAction":[{"@type":"SearchAction","target":{"@type":"EntryPoint","urlTemplate":"https:\/\/edyceramic-shop.ro\/ro\/?s={search_term_string}"},"query-input":"required name=search_term_string"}],"inLanguage":"en-US"},{"@type":"Organization","@id":"https:\/\/edyceramic-shop.ro\/ro\/#organization","name":"Edyceramic","url":"https:\/\/edyceramic-shop.ro\/ro\/","logo":{"@type":"ImageObject","inLanguage":"en-US","@id":"https:\/\/edyceramic-shop.ro\/ro\/#\/schema\/logo\/image\/","url":"https:\/\/edyceramic-shop.ro\/wp-content\/uploads\/2024\/02\/Logo-EdyCeramic_2021-lung.png","contentUrl":"https:\/\/edyceramic-shop.ro\/wp-content\/uploads\/2024\/02\/Logo-EdyCeramic_2021-lung.png","width":4491,"height":769,"caption":"Edyceramic"},"image":{"@id":"https:\/\/edyceramic-shop.ro\/ro\/#\/schema\/logo\/image\/"}}]},"product_price_amount":"1514.00","product_price_currency":"RON","og_availability":"instock","product_availability":"instock","product_retailer_item_id":"ba96723a8659","product_condition":"new"},"jetpack_sharing_enabled":true,"_links":{"self":[{"href":"https:\/\/edyceramic-shop.ro\/en\/wp-json\/wp\/v2\/product\/27967","targetHints":{"allow":["GET"]}}],"collection":[{"href":"https:\/\/edyceramic-shop.ro\/en\/wp-json\/wp\/v2\/product"}],"about":[{"href":"https:\/\/edyceramic-shop.ro\/en\/wp-json\/wp\/v2\/types\/product"}],"version-history":[{"count":1,"href":"https:\/\/edyceramic-shop.ro\/en\/wp-json\/wp\/v2\/product\/27967\/revisions"}],"predecessor-version":[{"id":27968,"href":"https:\/\/edyceramic-shop.ro\/en\/wp-json\/wp\/v2\/product\/27967\/revisions\/27968"}],"wp:featuredmedia":[{"embeddable":true,"href":"https:\/\/edyceramic-shop.ro\/en\/wp-json\/wp\/v2\/media\/27829"}],"wp:attachment":[{"href":"https:\/\/edyceramic-shop.ro\/en\/wp-json\/wp\/v2\/media?parent=27967"}],"wp:term":[{"taxonomy":"product_brand","embeddable":true,"href":"https:\/\/edyceramic-shop.ro\/en\/wp-json\/wp\/v2\/product_brand?post=27967"},{"taxonomy":"product_cat","embeddable":true,"href":"https:\/\/edyceramic-shop.ro\/en\/wp-json\/wp\/v2\/product_cat?post=27967"},{"taxonomy":"product_tag","embeddable":true,"href":"https:\/\/edyceramic-shop.ro\/en\/wp-json\/wp\/v2\/product_tag?post=27967"}],"curies":[{"name":"wp","href":"https:\/\/api.w.org\/{rel}","templated":true}]}}