{"id":27965,"date":"2025-01-24T13:42:15","date_gmt":"2025-01-24T11:42:15","guid":{"rendered":"https:\/\/edyceramic-shop.ro\/produs\/baterie-bucatarie-grohe-essence-negru-mat-cu-pipa-inalta-tip-l\/"},"modified":"2025-08-01T13:37:51","modified_gmt":"2025-08-01T11:37:51","slug":"baterie-bucatarie-grohe-essence-negru-mat-cu-pipa-inalta-tip-l","status":"publish","type":"product","link":"https:\/\/edyceramic-shop.ro\/en\/product\/baterie-bucatarie-grohe-essence-negru-mat-cu-pipa-inalta-tip-l\/","title":{"rendered":"BATERIE BUC\u0102T\u0102RIE GROHE ESSENCE NEGRU MAT CU PIP\u0102 \u00ceNALT\u0102 TIP L"},"content":{"rendered":"<p>Baterie bucatarie negru mat Grohe Essence pipa pivotanta<br \/>\nGROHE Essence &#8211; excelenta functionala pentru bucataria ta, cu o gama variata de culori stilate!<\/p>\n<p>Gama GROHE Essence este realizata intr-un design atractiv de forme naturale pentru a se potrivi cu mediul unei bucatarii moderne. Dotata pentru a raspunde tuturor cerintelor tale, este prevazuta cu o pipa de scurgere inalta, oferind astfel o flexibilitate suplimentare. Aceasta este disponibila in cinci culori lustruite &#8211; Chrome, Warm Sunset, Cool Sunrise, Hard Graphite si Nickel &#8211; si cinci culori mate &#8211; SuperSteel, Brushed Warm Sunset, Brushed Cool Sunrise, Brushed Hard Graphite si Brushed Nickel &#8211; care sunt rezistente la uzura si usor de curatat datorita finisajului GROHE StarLight rezistent la zgarieturi.<\/p>\n<p>Cu tehnologia GROHE SilkMove durabila, temperatura si volumul apei pot fi controlate in mod fluid si fara efort, chiar si dupa multi ani de utilizare intensiva. Un dus extractibil comod, realizat din metal solid, iti permite sa faci schimb intre o pulverizare fina si un jet de dus puternic. Si toate bateriile din aceasta gama sunt foarte usor de instalat pentru oricine!<\/p>\n<p>Cumpara o baterie GROHE Essence si bucura-te de functionalitate de ultima generatie in bucataria ta. Alegerea iti apartine in intregime!<\/p>\n<p>Specificatii tehnice Baterie bucatarie negru mat Grohe Essence pipa pivotanta:<\/p>\n<p>Producator: Grohe<br \/>\nColectia: Essence<br \/>\nTip produs: baterie bucatarie clasica<br \/>\nTip montare: pe chiuveta<br \/>\nTip actionare: monocomanda<br \/>\nCuloare: negru<br \/>\nFinisaj: mat<br \/>\nInstalare pe o singura gaura<br \/>\nSuprafata cromata Grohe StarLight<br \/>\nCartus ceramic de 28 mm<br \/>\nCu Grohe SilkMove<br \/>\nAerator reglabil GROHE AquaGuide<br \/>\nPipa tubulara pivotanta<br \/>\nUnghi de rotire ajustabil 0\u00b0\/150\u00b0\/360\u00b0<br \/>\nRacorduri flexibile de conectare la apa<br \/>\nSistem rapid de instalare<br \/>\nLimitator de temperatura integrat<br \/>\nPresiunea minima recomandata 1.0 bar<br \/>\nFinisajul durabil GROHE utilizeaza depunerea fizica de vapori (PVD)<br \/>\nTehnologia PVD garanteaza cel mai inalt nivel posibil de durabilitate, ofera o rezistenta exceptionala la deteriorari si faciliteaza curatarea<\/p>","protected":false},"excerpt":{"rendered":"<p>Baterie bucatarie negru mat Grohe Essence pipa pivotanta GROHE Essence &#8211; excelenta functionala pentru bucataria ta, cu o gama variata<\/p>","protected":false},"featured_media":27736,"template":"","meta":[],"product_brand":[],"product_cat":[3490,3464],"product_tag":[],"class_list":{"0":"post-27965","1":"product","2":"type-product","3":"status-publish","4":"has-post-thumbnail","6":"product_cat-baterii-bucatarie","7":"product_cat-chiuvete-si-baterii-bucatarie","8":"pa_colectie-essence","9":"pa_culoare-negru-mat","10":"pa_fabrica-grohe","12":"first","13":"instock","14":"sale","15":"purchasable","16":"product-type-simple"},"yoast_head":"<!-- This site is optimized with the Yoast SEO Premium plugin v21.6 (Yoast SEO v22.1) - https:\/\/yoast.com\/wordpress\/plugins\/seo\/ -->\n<title>BATERIE BUC\u0102T\u0102RIE GROHE ESSENCE NEGRU MAT CU PIP\u0102 \u00ceNALT\u0102 TIP L - Edyceramic - magazin online<\/title>\n<meta name=\"robots\" content=\"index, follow, max-snippet:-1, max-image-preview:large, max-video-preview:-1\" \/>\n<link rel=\"canonical\" href=\"https:\/\/edyceramic-shop.ro\/en\/product\/baterie-bucatarie-grohe-essence-negru-mat-cu-pipa-inalta-tip-l\/\" \/>\n<meta property=\"og:locale\" content=\"en_US\" \/>\n<meta property=\"og:type\" content=\"article\" \/>\n<meta property=\"og:title\" content=\"BATERIE BUC\u0102T\u0102RIE GROHE ESSENCE NEGRU MAT CU PIP\u0102 \u00ceNALT\u0102 TIP L\" \/>\n<meta property=\"og:description\" content=\"Baterie bucatarie negru mat Grohe Essence pipa pivotanta GROHE Essence &#8211; excelenta functionala pentru bucataria ta, cu o gama variata\" \/>\n<meta property=\"og:url\" content=\"https:\/\/edyceramic-shop.ro\/en\/product\/baterie-bucatarie-grohe-essence-negru-mat-cu-pipa-inalta-tip-l\/\" \/>\n<meta property=\"og:site_name\" content=\"Edyceramic - magazin online\" \/>\n<meta property=\"article:modified_time\" content=\"2025-08-01T11:37:51+00:00\" \/>\n<meta property=\"og:image\" content=\"https:\/\/edyceramic-shop.ro\/wp-content\/uploads\/2025\/01\/baterie-bucatarie-negru-mat-grohe-essence-pipa-pivotanta-396529-4-1.webp\" \/>\n\t<meta property=\"og:image:width\" content=\"1000\" \/>\n\t<meta property=\"og:image:height\" content=\"1000\" \/>\n\t<meta property=\"og:image:type\" content=\"image\/webp\" \/>\n<meta name=\"twitter:card\" content=\"summary_large_image\" \/>\n<meta name=\"twitter:label1\" content=\"Price\" \/>\n\t<meta name=\"twitter:data1\" content=\"1.689,00&nbsp;lei\" \/>\n\t<meta name=\"twitter:label2\" content=\"Availability\" \/>\n\t<meta name=\"twitter:data2\" content=\"In stock\" \/>\n<script type=\"application\/ld+json\" class=\"yoast-schema-graph\">{\"@context\":\"https:\/\/schema.org\",\"@graph\":[{\"@type\":\"WebPage\",\"@id\":\"https:\/\/edyceramic-shop.ro\/produs\/baterie-bucatarie-grohe-essence-negru-mat-cu-pipa-inalta-tip-l\/\",\"url\":\"https:\/\/edyceramic-shop.ro\/produs\/baterie-bucatarie-grohe-essence-negru-mat-cu-pipa-inalta-tip-l\/\",\"name\":\"BATERIE BUC\u0102T\u0102RIE GROHE ESSENCE NEGRU MAT CU PIP\u0102 \u00ceNALT\u0102 TIP L - Edyceramic - magazin online\",\"isPartOf\":{\"@id\":\"https:\/\/edyceramic-shop.ro\/ro\/#website\"},\"datePublished\":\"2025-01-24T11:42:15+00:00\",\"dateModified\":\"2025-08-01T11:37:51+00:00\",\"breadcrumb\":{\"@id\":\"https:\/\/edyceramic-shop.ro\/produs\/baterie-bucatarie-grohe-essence-negru-mat-cu-pipa-inalta-tip-l\/#breadcrumb\"},\"inLanguage\":\"en-US\",\"potentialAction\":[{\"@type\":\"ReadAction\",\"target\":[\"https:\/\/edyceramic-shop.ro\/produs\/baterie-bucatarie-grohe-essence-negru-mat-cu-pipa-inalta-tip-l\/\"]}]},{\"@type\":\"BreadcrumbList\",\"@id\":\"https:\/\/edyceramic-shop.ro\/produs\/baterie-bucatarie-grohe-essence-negru-mat-cu-pipa-inalta-tip-l\/#breadcrumb\",\"itemListElement\":[{\"@type\":\"ListItem\",\"position\":1,\"name\":\"Home\",\"item\":\"https:\/\/edyceramic-shop.ro\/\"},{\"@type\":\"ListItem\",\"position\":2,\"name\":\"Shop\",\"item\":\"https:\/\/edyceramic-shop.ro\/ro\/shop\/\"},{\"@type\":\"ListItem\",\"position\":3,\"name\":\"BATERIE BUC\u0102T\u0102RIE GROHE ESSENCE NEGRU MAT CU PIP\u0102 \u00ceNALT\u0102 TIP L\"}]},{\"@type\":\"WebSite\",\"@id\":\"https:\/\/edyceramic-shop.ro\/ro\/#website\",\"url\":\"https:\/\/edyceramic-shop.ro\/ro\/\",\"name\":\"edyceramic.ro\",\"description\":\"\",\"publisher\":{\"@id\":\"https:\/\/edyceramic-shop.ro\/ro\/#organization\"},\"potentialAction\":[{\"@type\":\"SearchAction\",\"target\":{\"@type\":\"EntryPoint\",\"urlTemplate\":\"https:\/\/edyceramic-shop.ro\/ro\/?s={search_term_string}\"},\"query-input\":\"required name=search_term_string\"}],\"inLanguage\":\"en-US\"},{\"@type\":\"Organization\",\"@id\":\"https:\/\/edyceramic-shop.ro\/ro\/#organization\",\"name\":\"Edyceramic\",\"url\":\"https:\/\/edyceramic-shop.ro\/ro\/\",\"logo\":{\"@type\":\"ImageObject\",\"inLanguage\":\"en-US\",\"@id\":\"https:\/\/edyceramic-shop.ro\/ro\/#\/schema\/logo\/image\/\",\"url\":\"https:\/\/edyceramic-shop.ro\/wp-content\/uploads\/2024\/02\/Logo-EdyCeramic_2021-lung.png\",\"contentUrl\":\"https:\/\/edyceramic-shop.ro\/wp-content\/uploads\/2024\/02\/Logo-EdyCeramic_2021-lung.png\",\"width\":4491,\"height\":769,\"caption\":\"Edyceramic\"},\"image\":{\"@id\":\"https:\/\/edyceramic-shop.ro\/ro\/#\/schema\/logo\/image\/\"}}]}<\/script>\n<meta property=\"product:price:amount\" content=\"1689.00\" \/>\n<meta property=\"product:price:currency\" content=\"RON\" \/>\n<meta property=\"og:availability\" content=\"instock\" \/>\n<meta property=\"product:availability\" content=\"instock\" \/>\n<meta property=\"product:retailer_item_id\" content=\"17565e5f1925\" \/>\n<meta property=\"product:condition\" content=\"new\" \/>\n<!-- \/ Yoast SEO Premium plugin. -->","yoast_head_json":{"title":"BATERIE BUC\u0102T\u0102RIE GROHE ESSENCE NEGRU MAT CU PIP\u0102 \u00ceNALT\u0102 TIP L - Edyceramic - magazin online","robots":{"index":"index","follow":"follow","max-snippet":"max-snippet:-1","max-image-preview":"max-image-preview:large","max-video-preview":"max-video-preview:-1"},"canonical":"https:\/\/edyceramic-shop.ro\/en\/product\/baterie-bucatarie-grohe-essence-negru-mat-cu-pipa-inalta-tip-l\/","og_locale":"en_US","og_type":"article","og_title":"BATERIE BUC\u0102T\u0102RIE GROHE ESSENCE NEGRU MAT CU PIP\u0102 \u00ceNALT\u0102 TIP L","og_description":"Baterie bucatarie negru mat Grohe Essence pipa pivotanta GROHE Essence &#8211; excelenta functionala pentru bucataria ta, cu o gama variata","og_url":"https:\/\/edyceramic-shop.ro\/en\/product\/baterie-bucatarie-grohe-essence-negru-mat-cu-pipa-inalta-tip-l\/","og_site_name":"Edyceramic - magazin online","article_modified_time":"2025-08-01T11:37:51+00:00","og_image":[{"width":1000,"height":1000,"url":"https:\/\/edyceramic-shop.ro\/wp-content\/uploads\/2025\/01\/baterie-bucatarie-negru-mat-grohe-essence-pipa-pivotanta-396529-4-1.webp","type":"image\/webp"}],"twitter_card":"summary_large_image","twitter_misc":{"Price":"1.689,00&nbsp;lei","Availability":"In stock"},"schema":{"@context":"https:\/\/schema.org","@graph":[{"@type":"WebPage","@id":"https:\/\/edyceramic-shop.ro\/produs\/baterie-bucatarie-grohe-essence-negru-mat-cu-pipa-inalta-tip-l\/","url":"https:\/\/edyceramic-shop.ro\/produs\/baterie-bucatarie-grohe-essence-negru-mat-cu-pipa-inalta-tip-l\/","name":"BATERIE BUC\u0102T\u0102RIE GROHE ESSENCE NEGRU MAT CU PIP\u0102 \u00ceNALT\u0102 TIP L - Edyceramic - magazin online","isPartOf":{"@id":"https:\/\/edyceramic-shop.ro\/ro\/#website"},"datePublished":"2025-01-24T11:42:15+00:00","dateModified":"2025-08-01T11:37:51+00:00","breadcrumb":{"@id":"https:\/\/edyceramic-shop.ro\/produs\/baterie-bucatarie-grohe-essence-negru-mat-cu-pipa-inalta-tip-l\/#breadcrumb"},"inLanguage":"en-US","potentialAction":[{"@type":"ReadAction","target":["https:\/\/edyceramic-shop.ro\/produs\/baterie-bucatarie-grohe-essence-negru-mat-cu-pipa-inalta-tip-l\/"]}]},{"@type":"BreadcrumbList","@id":"https:\/\/edyceramic-shop.ro\/produs\/baterie-bucatarie-grohe-essence-negru-mat-cu-pipa-inalta-tip-l\/#breadcrumb","itemListElement":[{"@type":"ListItem","position":1,"name":"Home","item":"https:\/\/edyceramic-shop.ro\/"},{"@type":"ListItem","position":2,"name":"Shop","item":"https:\/\/edyceramic-shop.ro\/ro\/shop\/"},{"@type":"ListItem","position":3,"name":"BATERIE BUC\u0102T\u0102RIE GROHE ESSENCE NEGRU MAT CU PIP\u0102 \u00ceNALT\u0102 TIP L"}]},{"@type":"WebSite","@id":"https:\/\/edyceramic-shop.ro\/ro\/#website","url":"https:\/\/edyceramic-shop.ro\/ro\/","name":"edyceramic.ro","description":"","publisher":{"@id":"https:\/\/edyceramic-shop.ro\/ro\/#organization"},"potentialAction":[{"@type":"SearchAction","target":{"@type":"EntryPoint","urlTemplate":"https:\/\/edyceramic-shop.ro\/ro\/?s={search_term_string}"},"query-input":"required name=search_term_string"}],"inLanguage":"en-US"},{"@type":"Organization","@id":"https:\/\/edyceramic-shop.ro\/ro\/#organization","name":"Edyceramic","url":"https:\/\/edyceramic-shop.ro\/ro\/","logo":{"@type":"ImageObject","inLanguage":"en-US","@id":"https:\/\/edyceramic-shop.ro\/ro\/#\/schema\/logo\/image\/","url":"https:\/\/edyceramic-shop.ro\/wp-content\/uploads\/2024\/02\/Logo-EdyCeramic_2021-lung.png","contentUrl":"https:\/\/edyceramic-shop.ro\/wp-content\/uploads\/2024\/02\/Logo-EdyCeramic_2021-lung.png","width":4491,"height":769,"caption":"Edyceramic"},"image":{"@id":"https:\/\/edyceramic-shop.ro\/ro\/#\/schema\/logo\/image\/"}}]},"product_price_amount":"1689.00","product_price_currency":"RON","og_availability":"instock","product_availability":"instock","product_retailer_item_id":"17565e5f1925","product_condition":"new"},"jetpack_sharing_enabled":true,"_links":{"self":[{"href":"https:\/\/edyceramic-shop.ro\/en\/wp-json\/wp\/v2\/product\/27965","targetHints":{"allow":["GET"]}}],"collection":[{"href":"https:\/\/edyceramic-shop.ro\/en\/wp-json\/wp\/v2\/product"}],"about":[{"href":"https:\/\/edyceramic-shop.ro\/en\/wp-json\/wp\/v2\/types\/product"}],"version-history":[{"count":1,"href":"https:\/\/edyceramic-shop.ro\/en\/wp-json\/wp\/v2\/product\/27965\/revisions"}],"predecessor-version":[{"id":27966,"href":"https:\/\/edyceramic-shop.ro\/en\/wp-json\/wp\/v2\/product\/27965\/revisions\/27966"}],"wp:featuredmedia":[{"embeddable":true,"href":"https:\/\/edyceramic-shop.ro\/en\/wp-json\/wp\/v2\/media\/27736"}],"wp:attachment":[{"href":"https:\/\/edyceramic-shop.ro\/en\/wp-json\/wp\/v2\/media?parent=27965"}],"wp:term":[{"taxonomy":"product_brand","embeddable":true,"href":"https:\/\/edyceramic-shop.ro\/en\/wp-json\/wp\/v2\/product_brand?post=27965"},{"taxonomy":"product_cat","embeddable":true,"href":"https:\/\/edyceramic-shop.ro\/en\/wp-json\/wp\/v2\/product_cat?post=27965"},{"taxonomy":"product_tag","embeddable":true,"href":"https:\/\/edyceramic-shop.ro\/en\/wp-json\/wp\/v2\/product_tag?post=27965"}],"curies":[{"name":"wp","href":"https:\/\/api.w.org\/{rel}","templated":true}]}}