{"id":27449,"date":"2025-01-21T16:27:56","date_gmt":"2025-01-21T14:27:56","guid":{"rendered":"https:\/\/edyceramic-shop.ro\/produs\/baterie-monocomanda-verticala-pentru-bucatarie-desert-rose-fatgranit-08910\/"},"modified":"2025-08-01T13:37:46","modified_gmt":"2025-08-01T11:37:46","slug":"baterie-monocomanda-verticala-pentru-bucatarie-desert-rose-fatgranit-08910","status":"publish","type":"product","link":"https:\/\/edyceramic-shop.ro\/en\/product\/baterie-monocomanda-verticala-pentru-bucatarie-desert-rose-fatgranit-08910\/","title":{"rendered":"BATERIE MONOCOMANDA VERTICALA PENTRU BUCATARIE DESERT ROSE FATGRANIT 08910"},"content":{"rendered":"<p>Chiuvetele de la Fatgranit, seria Impact (08910), sunt un exemplu de design modern \u0219i func\u021bionalitate remarcabil\u0103, fiind alegerea ideal\u0103 pentru orice buc\u0103t\u0103rie. Printre caracteristicile sale se num\u0103r\u0103:<\/p>\n<p>Monocomand\u0103: Permite ajustarea facil\u0103 a temperaturii \u0219i debitului de ap\u0103 printr-o singur\u0103 manet\u0103, pentru un control simplu \u0219i eficient.<br \/>\nCartus ceramic de 40 mm: Asigur\u0103 o utilizare lin\u0103 \u0219i de lung\u0103 durat\u0103, fiind rezistent la uzur\u0103 \u0219i garant\u00e2nd fiabilitatea pe termen lung.<br \/>\nPipa rotativ\u0103: Ofer\u0103 flexibilitate \u00een utilizare, permit\u00e2nd mi\u0219carea u\u0219oar\u0103 a apei \u0219i un acces convenabil pe toat\u0103 suprafa\u021ba chiuvetei.<br \/>\nRacorduri flexibile G 3\/8\u201d: Instalare rapid\u0103 \u0219i sigur\u0103, datorit\u0103 conexiunii standard pentru alimentarea cu ap\u0103, care asigur\u0103 o montare simpl\u0103.<br \/>\nAerator 24\u04451: Economise\u0219te ap\u0103 prin amestecul cu aer, cre\u00e2nd un flux de ap\u0103 uniform \u0219i confortabil, f\u0103r\u0103 a compromite presiunea.<br \/>\nSistem de fixare: Ofer\u0103 o montare stabil\u0103 \u0219i sigur\u0103, asigur\u00e2ndu-se c\u0103 bateria r\u0103m\u00e2ne ferm \u00een pozi\u021bie.<br \/>\nGreutate de 1.45 kg: Ofer\u0103 un echilibru \u00eentre soliditate \u0219i manevrabilitate, garant\u00e2nd at\u00e2t durabilitate, c\u00e2t \u0219i u\u0219urin\u021b\u0103 \u00een utilizare.<br \/>\nAceast\u0103 baterie din seria Impact este ideal\u0103 pentru cei care \u00ee\u0219i doresc o solu\u021bie modern\u0103, economic\u0103 \u0219i eficient\u0103 \u00een buc\u0103t\u0103rie, f\u0103r\u0103 a face compromisuri la capitolul performan\u021b\u0103 sau design.<\/p>","protected":false},"excerpt":{"rendered":"<p>Chiuvetele de la Fatgranit, seria Impact (08910), sunt un exemplu de design modern \u0219i func\u021bionalitate remarcabil\u0103, fiind alegerea ideal\u0103 pentru<\/p>","protected":false},"featured_media":27353,"template":"","meta":[],"product_brand":[],"product_cat":[3490],"product_tag":[],"class_list":{"0":"post-27449","1":"product","2":"type-product","3":"status-publish","4":"has-post-thumbnail","6":"product_cat-baterii-bucatarie","7":"pa_colectie-impact","8":"pa_culoare-desert-rose","9":"pa_fabrica-fatgranit","11":"first","12":"instock","13":"purchasable","14":"product-type-simple"},"yoast_head":"<!-- This site is optimized with the Yoast SEO Premium plugin v21.6 (Yoast SEO v22.1) - https:\/\/yoast.com\/wordpress\/plugins\/seo\/ -->\n<title>BATERIE MONOCOMANDA VERTICALA PENTRU BUCATARIE DESERT ROSE FATGRANIT 08910 - Edyceramic - magazin online<\/title>\n<meta name=\"robots\" content=\"index, follow, max-snippet:-1, max-image-preview:large, max-video-preview:-1\" \/>\n<link rel=\"canonical\" href=\"https:\/\/edyceramic-shop.ro\/en\/product\/baterie-monocomanda-verticala-pentru-bucatarie-desert-rose-fatgranit-08910\/\" \/>\n<meta property=\"og:locale\" content=\"en_US\" \/>\n<meta property=\"og:type\" content=\"article\" \/>\n<meta property=\"og:title\" content=\"BATERIE MONOCOMANDA VERTICALA PENTRU BUCATARIE DESERT ROSE FATGRANIT 08910\" \/>\n<meta property=\"og:description\" content=\"Chiuvetele de la Fatgranit, seria Impact (08910), sunt un exemplu de design modern \u0219i func\u021bionalitate remarcabil\u0103, fiind alegerea ideal\u0103 pentru\" \/>\n<meta property=\"og:url\" content=\"https:\/\/edyceramic-shop.ro\/en\/product\/baterie-monocomanda-verticala-pentru-bucatarie-desert-rose-fatgranit-08910\/\" \/>\n<meta property=\"og:site_name\" content=\"Edyceramic - magazin online\" \/>\n<meta property=\"article:modified_time\" content=\"2025-08-01T11:37:46+00:00\" \/>\n<meta property=\"og:image\" content=\"https:\/\/edyceramic-shop.ro\/wp-content\/uploads\/2025\/01\/08910-1010.webp\" \/>\n\t<meta property=\"og:image:width\" content=\"670\" \/>\n\t<meta property=\"og:image:height\" content=\"386\" \/>\n\t<meta property=\"og:image:type\" content=\"image\/webp\" \/>\n<meta name=\"twitter:card\" content=\"summary_large_image\" \/>\n<meta name=\"twitter:label1\" content=\"Price\" \/>\n\t<meta name=\"twitter:data1\" content=\"419,00&nbsp;lei\" \/>\n\t<meta name=\"twitter:label2\" content=\"Availability\" \/>\n\t<meta name=\"twitter:data2\" content=\"In stock\" \/>\n<script type=\"application\/ld+json\" class=\"yoast-schema-graph\">{\"@context\":\"https:\/\/schema.org\",\"@graph\":[{\"@type\":\"WebPage\",\"@id\":\"https:\/\/edyceramic-shop.ro\/produs\/baterie-monocomanda-verticala-pentru-bucatarie-desert-rose-fatgranit-08910\/\",\"url\":\"https:\/\/edyceramic-shop.ro\/produs\/baterie-monocomanda-verticala-pentru-bucatarie-desert-rose-fatgranit-08910\/\",\"name\":\"BATERIE MONOCOMANDA VERTICALA PENTRU BUCATARIE DESERT ROSE FATGRANIT 08910 - Edyceramic - magazin online\",\"isPartOf\":{\"@id\":\"https:\/\/edyceramic-shop.ro\/ro\/#website\"},\"datePublished\":\"2025-01-21T14:27:56+00:00\",\"dateModified\":\"2025-08-01T11:37:46+00:00\",\"breadcrumb\":{\"@id\":\"https:\/\/edyceramic-shop.ro\/produs\/baterie-monocomanda-verticala-pentru-bucatarie-desert-rose-fatgranit-08910\/#breadcrumb\"},\"inLanguage\":\"en-US\",\"potentialAction\":[{\"@type\":\"ReadAction\",\"target\":[\"https:\/\/edyceramic-shop.ro\/produs\/baterie-monocomanda-verticala-pentru-bucatarie-desert-rose-fatgranit-08910\/\"]}]},{\"@type\":\"BreadcrumbList\",\"@id\":\"https:\/\/edyceramic-shop.ro\/produs\/baterie-monocomanda-verticala-pentru-bucatarie-desert-rose-fatgranit-08910\/#breadcrumb\",\"itemListElement\":[{\"@type\":\"ListItem\",\"position\":1,\"name\":\"Home\",\"item\":\"https:\/\/edyceramic-shop.ro\/\"},{\"@type\":\"ListItem\",\"position\":2,\"name\":\"Shop\",\"item\":\"https:\/\/edyceramic-shop.ro\/ro\/shop\/\"},{\"@type\":\"ListItem\",\"position\":3,\"name\":\"BATERIE MONOCOMANDA VERTICALA PENTRU BUCATARIE DESERT ROSE FATGRANIT 08910\"}]},{\"@type\":\"WebSite\",\"@id\":\"https:\/\/edyceramic-shop.ro\/ro\/#website\",\"url\":\"https:\/\/edyceramic-shop.ro\/ro\/\",\"name\":\"edyceramic.ro\",\"description\":\"\",\"publisher\":{\"@id\":\"https:\/\/edyceramic-shop.ro\/ro\/#organization\"},\"potentialAction\":[{\"@type\":\"SearchAction\",\"target\":{\"@type\":\"EntryPoint\",\"urlTemplate\":\"https:\/\/edyceramic-shop.ro\/ro\/?s={search_term_string}\"},\"query-input\":\"required name=search_term_string\"}],\"inLanguage\":\"en-US\"},{\"@type\":\"Organization\",\"@id\":\"https:\/\/edyceramic-shop.ro\/ro\/#organization\",\"name\":\"Edyceramic\",\"url\":\"https:\/\/edyceramic-shop.ro\/ro\/\",\"logo\":{\"@type\":\"ImageObject\",\"inLanguage\":\"en-US\",\"@id\":\"https:\/\/edyceramic-shop.ro\/ro\/#\/schema\/logo\/image\/\",\"url\":\"https:\/\/edyceramic-shop.ro\/wp-content\/uploads\/2024\/02\/Logo-EdyCeramic_2021-lung.png\",\"contentUrl\":\"https:\/\/edyceramic-shop.ro\/wp-content\/uploads\/2024\/02\/Logo-EdyCeramic_2021-lung.png\",\"width\":4491,\"height\":769,\"caption\":\"Edyceramic\"},\"image\":{\"@id\":\"https:\/\/edyceramic-shop.ro\/ro\/#\/schema\/logo\/image\/\"}}]}<\/script>\n<meta property=\"product:price:amount\" content=\"419.00\" \/>\n<meta property=\"product:price:currency\" content=\"RON\" \/>\n<meta property=\"og:availability\" content=\"instock\" \/>\n<meta property=\"product:availability\" content=\"instock\" \/>\n<meta property=\"product:retailer_item_id\" content=\"b79e0d227fcb\" \/>\n<meta property=\"product:condition\" content=\"new\" \/>\n<!-- \/ Yoast SEO Premium plugin. -->","yoast_head_json":{"title":"BATERIE MONOCOMANDA VERTICALA PENTRU BUCATARIE DESERT ROSE FATGRANIT 08910 - Edyceramic - magazin online","robots":{"index":"index","follow":"follow","max-snippet":"max-snippet:-1","max-image-preview":"max-image-preview:large","max-video-preview":"max-video-preview:-1"},"canonical":"https:\/\/edyceramic-shop.ro\/en\/product\/baterie-monocomanda-verticala-pentru-bucatarie-desert-rose-fatgranit-08910\/","og_locale":"en_US","og_type":"article","og_title":"BATERIE MONOCOMANDA VERTICALA PENTRU BUCATARIE DESERT ROSE FATGRANIT 08910","og_description":"Chiuvetele de la Fatgranit, seria Impact (08910), sunt un exemplu de design modern \u0219i func\u021bionalitate remarcabil\u0103, fiind alegerea ideal\u0103 pentru","og_url":"https:\/\/edyceramic-shop.ro\/en\/product\/baterie-monocomanda-verticala-pentru-bucatarie-desert-rose-fatgranit-08910\/","og_site_name":"Edyceramic - magazin online","article_modified_time":"2025-08-01T11:37:46+00:00","og_image":[{"width":670,"height":386,"url":"https:\/\/edyceramic-shop.ro\/wp-content\/uploads\/2025\/01\/08910-1010.webp","type":"image\/webp"}],"twitter_card":"summary_large_image","twitter_misc":{"Price":"419,00&nbsp;lei","Availability":"In stock"},"schema":{"@context":"https:\/\/schema.org","@graph":[{"@type":"WebPage","@id":"https:\/\/edyceramic-shop.ro\/produs\/baterie-monocomanda-verticala-pentru-bucatarie-desert-rose-fatgranit-08910\/","url":"https:\/\/edyceramic-shop.ro\/produs\/baterie-monocomanda-verticala-pentru-bucatarie-desert-rose-fatgranit-08910\/","name":"BATERIE MONOCOMANDA VERTICALA PENTRU BUCATARIE DESERT ROSE FATGRANIT 08910 - Edyceramic - magazin online","isPartOf":{"@id":"https:\/\/edyceramic-shop.ro\/ro\/#website"},"datePublished":"2025-01-21T14:27:56+00:00","dateModified":"2025-08-01T11:37:46+00:00","breadcrumb":{"@id":"https:\/\/edyceramic-shop.ro\/produs\/baterie-monocomanda-verticala-pentru-bucatarie-desert-rose-fatgranit-08910\/#breadcrumb"},"inLanguage":"en-US","potentialAction":[{"@type":"ReadAction","target":["https:\/\/edyceramic-shop.ro\/produs\/baterie-monocomanda-verticala-pentru-bucatarie-desert-rose-fatgranit-08910\/"]}]},{"@type":"BreadcrumbList","@id":"https:\/\/edyceramic-shop.ro\/produs\/baterie-monocomanda-verticala-pentru-bucatarie-desert-rose-fatgranit-08910\/#breadcrumb","itemListElement":[{"@type":"ListItem","position":1,"name":"Home","item":"https:\/\/edyceramic-shop.ro\/"},{"@type":"ListItem","position":2,"name":"Shop","item":"https:\/\/edyceramic-shop.ro\/ro\/shop\/"},{"@type":"ListItem","position":3,"name":"BATERIE MONOCOMANDA VERTICALA PENTRU BUCATARIE DESERT ROSE FATGRANIT 08910"}]},{"@type":"WebSite","@id":"https:\/\/edyceramic-shop.ro\/ro\/#website","url":"https:\/\/edyceramic-shop.ro\/ro\/","name":"edyceramic.ro","description":"","publisher":{"@id":"https:\/\/edyceramic-shop.ro\/ro\/#organization"},"potentialAction":[{"@type":"SearchAction","target":{"@type":"EntryPoint","urlTemplate":"https:\/\/edyceramic-shop.ro\/ro\/?s={search_term_string}"},"query-input":"required name=search_term_string"}],"inLanguage":"en-US"},{"@type":"Organization","@id":"https:\/\/edyceramic-shop.ro\/ro\/#organization","name":"Edyceramic","url":"https:\/\/edyceramic-shop.ro\/ro\/","logo":{"@type":"ImageObject","inLanguage":"en-US","@id":"https:\/\/edyceramic-shop.ro\/ro\/#\/schema\/logo\/image\/","url":"https:\/\/edyceramic-shop.ro\/wp-content\/uploads\/2024\/02\/Logo-EdyCeramic_2021-lung.png","contentUrl":"https:\/\/edyceramic-shop.ro\/wp-content\/uploads\/2024\/02\/Logo-EdyCeramic_2021-lung.png","width":4491,"height":769,"caption":"Edyceramic"},"image":{"@id":"https:\/\/edyceramic-shop.ro\/ro\/#\/schema\/logo\/image\/"}}]},"product_price_amount":"419.00","product_price_currency":"RON","og_availability":"instock","product_availability":"instock","product_retailer_item_id":"b79e0d227fcb","product_condition":"new"},"jetpack_sharing_enabled":true,"_links":{"self":[{"href":"https:\/\/edyceramic-shop.ro\/en\/wp-json\/wp\/v2\/product\/27449","targetHints":{"allow":["GET"]}}],"collection":[{"href":"https:\/\/edyceramic-shop.ro\/en\/wp-json\/wp\/v2\/product"}],"about":[{"href":"https:\/\/edyceramic-shop.ro\/en\/wp-json\/wp\/v2\/types\/product"}],"version-history":[{"count":1,"href":"https:\/\/edyceramic-shop.ro\/en\/wp-json\/wp\/v2\/product\/27449\/revisions"}],"predecessor-version":[{"id":27450,"href":"https:\/\/edyceramic-shop.ro\/en\/wp-json\/wp\/v2\/product\/27449\/revisions\/27450"}],"wp:featuredmedia":[{"embeddable":true,"href":"https:\/\/edyceramic-shop.ro\/en\/wp-json\/wp\/v2\/media\/27353"}],"wp:attachment":[{"href":"https:\/\/edyceramic-shop.ro\/en\/wp-json\/wp\/v2\/media?parent=27449"}],"wp:term":[{"taxonomy":"product_brand","embeddable":true,"href":"https:\/\/edyceramic-shop.ro\/en\/wp-json\/wp\/v2\/product_brand?post=27449"},{"taxonomy":"product_cat","embeddable":true,"href":"https:\/\/edyceramic-shop.ro\/en\/wp-json\/wp\/v2\/product_cat?post=27449"},{"taxonomy":"product_tag","embeddable":true,"href":"https:\/\/edyceramic-shop.ro\/en\/wp-json\/wp\/v2\/product_tag?post=27449"}],"curies":[{"name":"wp","href":"https:\/\/api.w.org\/{rel}","templated":true}]}}