{"id":27032,"date":"2024-10-31T14:18:05","date_gmt":"2024-10-31T12:18:05","guid":{"rendered":"https:\/\/edyceramic-shop.ro\/?post_type=product&#038;p=27032"},"modified":"2025-08-01T13:37:38","modified_gmt":"2025-08-01T11:37:38","slug":"radiator-electric-pentru-uscat-prosoape-din-sticla-securizata-470w-onyx3-1200x470mm-alb-lucios","status":"publish","type":"product","link":"https:\/\/edyceramic-shop.ro\/en\/product\/radiator-electric-pentru-uscat-prosoape-din-sticla-securizata-470w-onyx3-1200x470mm-alb-lucios\/","title":{"rendered":"Radiator electric pentru uscat prosoape, din sticl\u0103 securizat\u0103, 470w ONYX3 1200x470mm &#8211; alb lucios"},"content":{"rendered":"<p>Radiatorul electric pentru uscat prosoape ONYX3 este o combina\u021bie perfect\u0103 \u00eentre utilitate \u0219i elegan\u021b\u0103, fiind ideal pentru a aduce un plus de confort \u00een baia ta. Fabricat din sticl\u0103 securizat\u0103, acest radiator impresioneaz\u0103 prin designul s\u0103u modern \u0219i finisajul impecabil \u00een alb lucios, care se integreaz\u0103 perfect \u00een orice decor.<\/p>\n<p>Cu o putere de 470 de wa\u021bi, acest radiator asigur\u0103 o \u00eenc\u0103lzire eficient\u0103 a prosoapelor \u0219i a \u00eenc\u0103perii \u00een ansamblu, oferindu-\u021bi astfel un confort termic deosebit \u00een timpul utiliz\u0103rii. Dimensiunile generoase, de 1200x470mm, fac din acest produs o op\u021biune ideal\u0103 pentru b\u0103i de diferite dimensiuni, oferind suficient spa\u021biu pentru uscarea \u0219i \u00eenc\u0103lzirea multiplelor prosoape.<\/p>\n<p>Unul dintre avantajele majore ale acestui radiator este caracterul s\u0103u ecologic \u0219i economic, deoarece func\u021bioneaz\u0103 pe baz\u0103 de electricitate \u0219i are un consum redus de energie. Astfel, te vei bucura nu doar de confortul termic, ci \u0219i de un portofel mai pu\u021bin \u00eenc\u0103rcat.<\/p>\n<p>Cu ONYX3 1200x470mm \u00een baia ta, vei aduce un plus de rafinament \u0219i func\u021bionalitate spa\u021biului t\u0103u, transform\u00e2ndu-l \u00eentr-un mediu pl\u0103cut \u0219i relaxant. Indiferent dac\u0103 este vorba despre un spa\u021biu de locuit sau de o loca\u021bie comercial\u0103, acest radiator electric pentru uscat prosoape reprezint\u0103 o alegere inspirat\u0103 pentru oricine dore\u0219te s\u0103 se bucure de confort \u0219i elegan\u021b\u0103 \u00een fiecare zi.<\/p>","protected":false},"excerpt":{"rendered":"<p>Radiatorul electric pentru uscat prosoape ONYX3 este o combina\u021bie perfect\u0103 \u00eentre utilitate \u0219i elegan\u021b\u0103, fiind ideal pentru a aduce un<\/p>","protected":false},"featured_media":25726,"template":"","meta":[],"product_brand":[],"product_cat":[3457,3443],"product_tag":[],"class_list":{"0":"post-27032","1":"product","2":"type-product","3":"status-publish","4":"has-post-thumbnail","6":"product_cat-radiator-electric","7":"product_cat-calorifere-radiatoare","8":"pa_fabrica-arezzo","9":"pa_material-sticla","10":"pa_montaj-montat-pe-perete","12":"first","13":"instock","14":"shipping-taxable","15":"purchasable","16":"product-type-simple"},"yoast_head":"<!-- This site is optimized with the Yoast SEO Premium plugin v21.6 (Yoast SEO v22.1) - https:\/\/yoast.com\/wordpress\/plugins\/seo\/ -->\n<title>Radiator electric pentru uscat prosoape, din sticl\u0103 securizat\u0103, 470w ONYX3 1200x470mm - alb lucios - Edyceramic - magazin online<\/title>\n<meta name=\"robots\" content=\"index, follow, max-snippet:-1, max-image-preview:large, max-video-preview:-1\" \/>\n<link rel=\"canonical\" href=\"https:\/\/edyceramic-shop.ro\/en\/product\/radiator-electric-pentru-uscat-prosoape-din-sticla-securizata-470w-onyx3-1200x470mm-alb-lucios\/\" \/>\n<meta property=\"og:locale\" content=\"en_US\" \/>\n<meta property=\"og:type\" content=\"article\" \/>\n<meta property=\"og:title\" content=\"Radiator electric pentru uscat prosoape, din sticl\u0103 securizat\u0103, 470w ONYX3 1200x470mm - alb lucios\" \/>\n<meta property=\"og:description\" content=\"Radiatorul electric pentru uscat prosoape ONYX3 este o combina\u021bie perfect\u0103 \u00eentre utilitate \u0219i elegan\u021b\u0103, fiind ideal pentru a aduce un\" \/>\n<meta property=\"og:url\" content=\"https:\/\/edyceramic-shop.ro\/en\/product\/radiator-electric-pentru-uscat-prosoape-din-sticla-securizata-470w-onyx3-1200x470mm-alb-lucios\/\" \/>\n<meta property=\"og:site_name\" content=\"Edyceramic - magazin online\" \/>\n<meta property=\"article:modified_time\" content=\"2025-08-01T11:37:38+00:00\" \/>\n<meta name=\"twitter:card\" content=\"summary_large_image\" \/>\n<meta name=\"twitter:label1\" content=\"Price\" \/>\n\t<meta name=\"twitter:data1\" content=\"5.861,00&nbsp;lei\" \/>\n\t<meta name=\"twitter:label2\" content=\"Availability\" \/>\n\t<meta name=\"twitter:data2\" content=\"In stock\" \/>\n<script type=\"application\/ld+json\" class=\"yoast-schema-graph\">{\"@context\":\"https:\/\/schema.org\",\"@graph\":[{\"@type\":\"WebPage\",\"@id\":\"https:\/\/edyceramic-shop.ro\/produs\/radiator-electric-pentru-uscat-prosoape-din-sticla-securizata-470w-onyx3-1200x470mm-alb-lucios\/\",\"url\":\"https:\/\/edyceramic-shop.ro\/produs\/radiator-electric-pentru-uscat-prosoape-din-sticla-securizata-470w-onyx3-1200x470mm-alb-lucios\/\",\"name\":\"Radiator electric pentru uscat prosoape, din sticl\u0103 securizat\u0103, 470w ONYX3 1200x470mm - alb lucios - Edyceramic - magazin online\",\"isPartOf\":{\"@id\":\"https:\/\/edyceramic-shop.ro\/ro\/#website\"},\"datePublished\":\"2024-10-31T12:18:05+00:00\",\"dateModified\":\"2025-08-01T11:37:38+00:00\",\"breadcrumb\":{\"@id\":\"https:\/\/edyceramic-shop.ro\/produs\/radiator-electric-pentru-uscat-prosoape-din-sticla-securizata-470w-onyx3-1200x470mm-alb-lucios\/#breadcrumb\"},\"inLanguage\":\"en-US\",\"potentialAction\":[{\"@type\":\"ReadAction\",\"target\":[\"https:\/\/edyceramic-shop.ro\/produs\/radiator-electric-pentru-uscat-prosoape-din-sticla-securizata-470w-onyx3-1200x470mm-alb-lucios\/\"]}]},{\"@type\":\"BreadcrumbList\",\"@id\":\"https:\/\/edyceramic-shop.ro\/produs\/radiator-electric-pentru-uscat-prosoape-din-sticla-securizata-470w-onyx3-1200x470mm-alb-lucios\/#breadcrumb\",\"itemListElement\":[{\"@type\":\"ListItem\",\"position\":1,\"name\":\"Home\",\"item\":\"https:\/\/edyceramic-shop.ro\/\"},{\"@type\":\"ListItem\",\"position\":2,\"name\":\"Shop\",\"item\":\"https:\/\/edyceramic-shop.ro\/ro\/shop\/\"},{\"@type\":\"ListItem\",\"position\":3,\"name\":\"Radiator electric pentru uscat prosoape, din sticl\u0103 securizat\u0103, 470w ONYX3 1200x470mm &#8211; alb lucios\"}]},{\"@type\":\"WebSite\",\"@id\":\"https:\/\/edyceramic-shop.ro\/ro\/#website\",\"url\":\"https:\/\/edyceramic-shop.ro\/ro\/\",\"name\":\"edyceramic.ro\",\"description\":\"\",\"publisher\":{\"@id\":\"https:\/\/edyceramic-shop.ro\/ro\/#organization\"},\"potentialAction\":[{\"@type\":\"SearchAction\",\"target\":{\"@type\":\"EntryPoint\",\"urlTemplate\":\"https:\/\/edyceramic-shop.ro\/ro\/?s={search_term_string}\"},\"query-input\":\"required name=search_term_string\"}],\"inLanguage\":\"en-US\"},{\"@type\":\"Organization\",\"@id\":\"https:\/\/edyceramic-shop.ro\/ro\/#organization\",\"name\":\"Edyceramic\",\"url\":\"https:\/\/edyceramic-shop.ro\/ro\/\",\"logo\":{\"@type\":\"ImageObject\",\"inLanguage\":\"en-US\",\"@id\":\"https:\/\/edyceramic-shop.ro\/ro\/#\/schema\/logo\/image\/\",\"url\":\"https:\/\/edyceramic-shop.ro\/wp-content\/uploads\/2024\/02\/Logo-EdyCeramic_2021-lung.png\",\"contentUrl\":\"https:\/\/edyceramic-shop.ro\/wp-content\/uploads\/2024\/02\/Logo-EdyCeramic_2021-lung.png\",\"width\":4491,\"height\":769,\"caption\":\"Edyceramic\"},\"image\":{\"@id\":\"https:\/\/edyceramic-shop.ro\/ro\/#\/schema\/logo\/image\/\"}}]}<\/script>\n<meta property=\"product:price:amount\" content=\"5861.00\" \/>\n<meta property=\"product:price:currency\" content=\"RON\" \/>\n<meta property=\"og:availability\" content=\"instock\" \/>\n<meta property=\"product:availability\" content=\"instock\" \/>\n<meta property=\"product:retailer_item_id\" content=\"AR-ONYX3MW\" \/>\n<meta property=\"product:condition\" content=\"new\" \/>\n<!-- \/ Yoast SEO Premium plugin. -->","yoast_head_json":{"title":"Radiator electric pentru uscat prosoape, din sticl\u0103 securizat\u0103, 470w ONYX3 1200x470mm - alb lucios - Edyceramic - magazin online","robots":{"index":"index","follow":"follow","max-snippet":"max-snippet:-1","max-image-preview":"max-image-preview:large","max-video-preview":"max-video-preview:-1"},"canonical":"https:\/\/edyceramic-shop.ro\/en\/product\/radiator-electric-pentru-uscat-prosoape-din-sticla-securizata-470w-onyx3-1200x470mm-alb-lucios\/","og_locale":"en_US","og_type":"article","og_title":"Radiator electric pentru uscat prosoape, din sticl\u0103 securizat\u0103, 470w ONYX3 1200x470mm - alb lucios","og_description":"Radiatorul electric pentru uscat prosoape ONYX3 este o combina\u021bie perfect\u0103 \u00eentre utilitate \u0219i elegan\u021b\u0103, fiind ideal pentru a aduce un","og_url":"https:\/\/edyceramic-shop.ro\/en\/product\/radiator-electric-pentru-uscat-prosoape-din-sticla-securizata-470w-onyx3-1200x470mm-alb-lucios\/","og_site_name":"Edyceramic - magazin online","article_modified_time":"2025-08-01T11:37:38+00:00","twitter_card":"summary_large_image","twitter_misc":{"Price":"5.861,00&nbsp;lei","Availability":"In stock"},"schema":{"@context":"https:\/\/schema.org","@graph":[{"@type":"WebPage","@id":"https:\/\/edyceramic-shop.ro\/produs\/radiator-electric-pentru-uscat-prosoape-din-sticla-securizata-470w-onyx3-1200x470mm-alb-lucios\/","url":"https:\/\/edyceramic-shop.ro\/produs\/radiator-electric-pentru-uscat-prosoape-din-sticla-securizata-470w-onyx3-1200x470mm-alb-lucios\/","name":"Radiator electric pentru uscat prosoape, din sticl\u0103 securizat\u0103, 470w ONYX3 1200x470mm - alb lucios - Edyceramic - magazin online","isPartOf":{"@id":"https:\/\/edyceramic-shop.ro\/ro\/#website"},"datePublished":"2024-10-31T12:18:05+00:00","dateModified":"2025-08-01T11:37:38+00:00","breadcrumb":{"@id":"https:\/\/edyceramic-shop.ro\/produs\/radiator-electric-pentru-uscat-prosoape-din-sticla-securizata-470w-onyx3-1200x470mm-alb-lucios\/#breadcrumb"},"inLanguage":"en-US","potentialAction":[{"@type":"ReadAction","target":["https:\/\/edyceramic-shop.ro\/produs\/radiator-electric-pentru-uscat-prosoape-din-sticla-securizata-470w-onyx3-1200x470mm-alb-lucios\/"]}]},{"@type":"BreadcrumbList","@id":"https:\/\/edyceramic-shop.ro\/produs\/radiator-electric-pentru-uscat-prosoape-din-sticla-securizata-470w-onyx3-1200x470mm-alb-lucios\/#breadcrumb","itemListElement":[{"@type":"ListItem","position":1,"name":"Home","item":"https:\/\/edyceramic-shop.ro\/"},{"@type":"ListItem","position":2,"name":"Shop","item":"https:\/\/edyceramic-shop.ro\/ro\/shop\/"},{"@type":"ListItem","position":3,"name":"Radiator electric pentru uscat prosoape, din sticl\u0103 securizat\u0103, 470w ONYX3 1200x470mm &#8211; alb lucios"}]},{"@type":"WebSite","@id":"https:\/\/edyceramic-shop.ro\/ro\/#website","url":"https:\/\/edyceramic-shop.ro\/ro\/","name":"edyceramic.ro","description":"","publisher":{"@id":"https:\/\/edyceramic-shop.ro\/ro\/#organization"},"potentialAction":[{"@type":"SearchAction","target":{"@type":"EntryPoint","urlTemplate":"https:\/\/edyceramic-shop.ro\/ro\/?s={search_term_string}"},"query-input":"required name=search_term_string"}],"inLanguage":"en-US"},{"@type":"Organization","@id":"https:\/\/edyceramic-shop.ro\/ro\/#organization","name":"Edyceramic","url":"https:\/\/edyceramic-shop.ro\/ro\/","logo":{"@type":"ImageObject","inLanguage":"en-US","@id":"https:\/\/edyceramic-shop.ro\/ro\/#\/schema\/logo\/image\/","url":"https:\/\/edyceramic-shop.ro\/wp-content\/uploads\/2024\/02\/Logo-EdyCeramic_2021-lung.png","contentUrl":"https:\/\/edyceramic-shop.ro\/wp-content\/uploads\/2024\/02\/Logo-EdyCeramic_2021-lung.png","width":4491,"height":769,"caption":"Edyceramic"},"image":{"@id":"https:\/\/edyceramic-shop.ro\/ro\/#\/schema\/logo\/image\/"}}]},"product_price_amount":"5861.00","product_price_currency":"RON","og_availability":"instock","product_availability":"instock","product_retailer_item_id":"AR-ONYX3MW","product_condition":"new"},"jetpack_sharing_enabled":true,"_links":{"self":[{"href":"https:\/\/edyceramic-shop.ro\/en\/wp-json\/wp\/v2\/product\/27032","targetHints":{"allow":["GET"]}}],"collection":[{"href":"https:\/\/edyceramic-shop.ro\/en\/wp-json\/wp\/v2\/product"}],"about":[{"href":"https:\/\/edyceramic-shop.ro\/en\/wp-json\/wp\/v2\/types\/product"}],"version-history":[{"count":1,"href":"https:\/\/edyceramic-shop.ro\/en\/wp-json\/wp\/v2\/product\/27032\/revisions"}],"predecessor-version":[{"id":27061,"href":"https:\/\/edyceramic-shop.ro\/en\/wp-json\/wp\/v2\/product\/27032\/revisions\/27061"}],"wp:featuredmedia":[{"embeddable":true,"href":"https:\/\/edyceramic-shop.ro\/en\/wp-json\/wp\/v2\/media\/25726"}],"wp:attachment":[{"href":"https:\/\/edyceramic-shop.ro\/en\/wp-json\/wp\/v2\/media?parent=27032"}],"wp:term":[{"taxonomy":"product_brand","embeddable":true,"href":"https:\/\/edyceramic-shop.ro\/en\/wp-json\/wp\/v2\/product_brand?post=27032"},{"taxonomy":"product_cat","embeddable":true,"href":"https:\/\/edyceramic-shop.ro\/en\/wp-json\/wp\/v2\/product_cat?post=27032"},{"taxonomy":"product_tag","embeddable":true,"href":"https:\/\/edyceramic-shop.ro\/en\/wp-json\/wp\/v2\/product_tag?post=27032"}],"curies":[{"name":"wp","href":"https:\/\/api.w.org\/{rel}","templated":true}]}}