{"id":26893,"date":"2024-10-31T14:16:46","date_gmt":"2024-10-31T12:16:46","guid":{"rendered":"https:\/\/edyceramic-shop.ro\/?post_type=product&#038;p=26893"},"modified":"2025-08-01T13:37:31","modified_gmt":"2025-08-01T11:37:31","slug":"baterie-bideu-cubefield-auriu-periat","status":"publish","type":"product","link":"https:\/\/edyceramic-shop.ro\/en\/product\/baterie-bideu-cubefield-auriu-periat\/","title":{"rendered":"Baterie bideu CUBEFIELD &#8211; auriu periat"},"content":{"rendered":"<p>Bateria de bideu CUBEFIELD \u00een culoarea auriu periat este un exemplu de elegan\u021b\u0103 \u0219i rafinament, aduc\u00e2nd o not\u0103 de lux \u00een orice baie. Cu un m\u00e2ner sub\u021bire \u0219i elegant, \u00een conformitate cu cele mai recente tendin\u021be de design, aceast\u0103 baterie nu numai c\u0103 \u00eendepline\u0219te func\u021bionalitatea sa esen\u021bial\u0103, dar adaug\u0103 \u0219i un element distinctiv de stil \u00een spa\u021biul dvs. de baie.<\/p>\n<p>Fabricat\u0103 din cupru turnat, acest produs se remarc\u0103 prin durabilitatea \u0219i rezisten\u021ba sa sporit\u0103, asigur\u00e2nd utilizarea \u00eendelungat\u0103 f\u0103r\u0103 a compromite calitatea. Componentele mecanice sunt prelucrate prin procesul de sinterizare, care confer\u0103 propriet\u0103\u021bi mecanice superioare, asigur\u00e2nd o func\u021bionare fiabil\u0103 \u0219i eficient\u0103 pe termen lung.<\/p>\n<p>Suprafa\u021ba bateriei este acoperit\u0103 cu un strat sub\u021bire de metal prin procesul de electroplacare, aduc\u00e2nd un aspect estetic impecabil \u0219i cresc\u00e2nd rezisten\u021ba la coroziune. Aceast\u0103 tehnologie avansat\u0103 nu doar protejeaz\u0103 bateria \u00eempotriva factorilor externi, ci \u0219i \u00eembun\u0103t\u0103\u021be\u0219te semnificativ durabilitatea \u0219i longevitatea sa.<\/p>\n<p>Un alt aspect esen\u021bial al bateriei de bideu CUBEFIELD este inser\u021bia ceramic\u0103 CITEC, care asigur\u0103 o manevrare u\u0219oar\u0103 \u0219i precis\u0103 a mecanismului de control al apei. Aceast\u0103 inser\u021bie ceramic\u0103 nu doar optimizeaz\u0103 fluxul de ap\u0103, oferind un jet uniform \u0219i confortabil, dar \u0219i previne scurgerile nedorite, garant\u00e2nd astfel o func\u021bionare f\u0103r\u0103 probleme \u0219i o experien\u021b\u0103 pl\u0103cut\u0103 de utilizare.<\/p>\n<p>Indiferent de preferin\u021bele dvs. de design sau de stilul specific al b\u0103ii dvs., bateria de bideu CUBEFIELD \u00een culoarea auriu periat reprezint\u0103 o alegere inspirat\u0103, \u00eembin\u00e2nd perfec\u021biunea tehnic\u0103 cu estetica impecabil\u0103 pentru a crea un spa\u021biu de baie cu adev\u0103rat remarcabil \u0219i sofisticat.<\/p>","protected":false},"excerpt":{"rendered":"<p>Bateria de bideu CUBEFIELD \u00een culoarea auriu periat este un exemplu de elegan\u021b\u0103 \u0219i rafinament, aduc\u00e2nd o not\u0103 de lux<\/p>","protected":false},"featured_media":25624,"template":"","meta":[],"product_brand":[],"product_cat":[370,372],"product_tag":[],"class_list":{"0":"post-26893","1":"product","2":"type-product","3":"status-publish","4":"has-post-thumbnail","6":"product_cat-baterii-bideu-si-dus-igienic","7":"product_cat-accesorii-baie","8":"pa_fabrica-arezzo","9":"pa_material-cupru","10":"pa_montaj-montat-pe-bideu","12":"first","13":"instock","14":"shipping-taxable","15":"purchasable","16":"product-type-simple"},"yoast_head":"<!-- This site is optimized with the Yoast SEO Premium plugin v21.6 (Yoast SEO v22.1) - https:\/\/yoast.com\/wordpress\/plugins\/seo\/ -->\n<title>Baterie bideu CUBEFIELD - auriu periat - Edyceramic - magazin online<\/title>\n<meta name=\"robots\" content=\"index, follow, max-snippet:-1, max-image-preview:large, max-video-preview:-1\" \/>\n<link rel=\"canonical\" href=\"https:\/\/edyceramic-shop.ro\/en\/product\/baterie-bideu-cubefield-auriu-periat\/\" \/>\n<meta property=\"og:locale\" content=\"en_US\" \/>\n<meta property=\"og:type\" content=\"article\" \/>\n<meta property=\"og:title\" content=\"Baterie bideu CUBEFIELD - auriu periat\" \/>\n<meta property=\"og:description\" content=\"Bateria de bideu CUBEFIELD \u00een culoarea auriu periat este un exemplu de elegan\u021b\u0103 \u0219i rafinament, aduc\u00e2nd o not\u0103 de lux\" \/>\n<meta property=\"og:url\" content=\"https:\/\/edyceramic-shop.ro\/en\/product\/baterie-bideu-cubefield-auriu-periat\/\" \/>\n<meta property=\"og:site_name\" content=\"Edyceramic - magazin online\" \/>\n<meta property=\"article:modified_time\" content=\"2025-08-01T11:37:31+00:00\" \/>\n<meta name=\"twitter:card\" content=\"summary_large_image\" \/>\n<meta name=\"twitter:label1\" content=\"Price\" \/>\n\t<meta name=\"twitter:data1\" content=\"721,00&nbsp;lei\" \/>\n\t<meta name=\"twitter:label2\" content=\"Availability\" \/>\n\t<meta name=\"twitter:data2\" content=\"In stock\" \/>\n<script type=\"application\/ld+json\" class=\"yoast-schema-graph\">{\"@context\":\"https:\/\/schema.org\",\"@graph\":[{\"@type\":\"WebPage\",\"@id\":\"https:\/\/edyceramic-shop.ro\/produs\/baterie-bideu-cubefield-auriu-periat\/\",\"url\":\"https:\/\/edyceramic-shop.ro\/produs\/baterie-bideu-cubefield-auriu-periat\/\",\"name\":\"Baterie bideu CUBEFIELD - auriu periat - Edyceramic - magazin online\",\"isPartOf\":{\"@id\":\"https:\/\/edyceramic-shop.ro\/ro\/#website\"},\"datePublished\":\"2024-10-31T12:16:46+00:00\",\"dateModified\":\"2025-08-01T11:37:31+00:00\",\"breadcrumb\":{\"@id\":\"https:\/\/edyceramic-shop.ro\/produs\/baterie-bideu-cubefield-auriu-periat\/#breadcrumb\"},\"inLanguage\":\"en-US\",\"potentialAction\":[{\"@type\":\"ReadAction\",\"target\":[\"https:\/\/edyceramic-shop.ro\/produs\/baterie-bideu-cubefield-auriu-periat\/\"]}]},{\"@type\":\"BreadcrumbList\",\"@id\":\"https:\/\/edyceramic-shop.ro\/produs\/baterie-bideu-cubefield-auriu-periat\/#breadcrumb\",\"itemListElement\":[{\"@type\":\"ListItem\",\"position\":1,\"name\":\"Home\",\"item\":\"https:\/\/edyceramic-shop.ro\/\"},{\"@type\":\"ListItem\",\"position\":2,\"name\":\"Shop\",\"item\":\"https:\/\/edyceramic-shop.ro\/ro\/shop\/\"},{\"@type\":\"ListItem\",\"position\":3,\"name\":\"Baterie bideu CUBEFIELD &#8211; auriu periat\"}]},{\"@type\":\"WebSite\",\"@id\":\"https:\/\/edyceramic-shop.ro\/ro\/#website\",\"url\":\"https:\/\/edyceramic-shop.ro\/ro\/\",\"name\":\"edyceramic.ro\",\"description\":\"\",\"publisher\":{\"@id\":\"https:\/\/edyceramic-shop.ro\/ro\/#organization\"},\"potentialAction\":[{\"@type\":\"SearchAction\",\"target\":{\"@type\":\"EntryPoint\",\"urlTemplate\":\"https:\/\/edyceramic-shop.ro\/ro\/?s={search_term_string}\"},\"query-input\":\"required name=search_term_string\"}],\"inLanguage\":\"en-US\"},{\"@type\":\"Organization\",\"@id\":\"https:\/\/edyceramic-shop.ro\/ro\/#organization\",\"name\":\"Edyceramic\",\"url\":\"https:\/\/edyceramic-shop.ro\/ro\/\",\"logo\":{\"@type\":\"ImageObject\",\"inLanguage\":\"en-US\",\"@id\":\"https:\/\/edyceramic-shop.ro\/ro\/#\/schema\/logo\/image\/\",\"url\":\"https:\/\/edyceramic-shop.ro\/wp-content\/uploads\/2024\/02\/Logo-EdyCeramic_2021-lung.png\",\"contentUrl\":\"https:\/\/edyceramic-shop.ro\/wp-content\/uploads\/2024\/02\/Logo-EdyCeramic_2021-lung.png\",\"width\":4491,\"height\":769,\"caption\":\"Edyceramic\"},\"image\":{\"@id\":\"https:\/\/edyceramic-shop.ro\/ro\/#\/schema\/logo\/image\/\"}}]}<\/script>\n<meta property=\"product:price:amount\" content=\"721.00\" \/>\n<meta property=\"product:price:currency\" content=\"RON\" \/>\n<meta property=\"og:availability\" content=\"instock\" \/>\n<meta property=\"product:availability\" content=\"instock\" \/>\n<meta property=\"product:retailer_item_id\" content=\"AR-4411G\" \/>\n<meta property=\"product:condition\" content=\"new\" \/>\n<!-- \/ Yoast SEO Premium plugin. -->","yoast_head_json":{"title":"Baterie bideu CUBEFIELD - auriu periat - Edyceramic - magazin online","robots":{"index":"index","follow":"follow","max-snippet":"max-snippet:-1","max-image-preview":"max-image-preview:large","max-video-preview":"max-video-preview:-1"},"canonical":"https:\/\/edyceramic-shop.ro\/en\/product\/baterie-bideu-cubefield-auriu-periat\/","og_locale":"en_US","og_type":"article","og_title":"Baterie bideu CUBEFIELD - auriu periat","og_description":"Bateria de bideu CUBEFIELD \u00een culoarea auriu periat este un exemplu de elegan\u021b\u0103 \u0219i rafinament, aduc\u00e2nd o not\u0103 de lux","og_url":"https:\/\/edyceramic-shop.ro\/en\/product\/baterie-bideu-cubefield-auriu-periat\/","og_site_name":"Edyceramic - magazin online","article_modified_time":"2025-08-01T11:37:31+00:00","twitter_card":"summary_large_image","twitter_misc":{"Price":"721,00&nbsp;lei","Availability":"In stock"},"schema":{"@context":"https:\/\/schema.org","@graph":[{"@type":"WebPage","@id":"https:\/\/edyceramic-shop.ro\/produs\/baterie-bideu-cubefield-auriu-periat\/","url":"https:\/\/edyceramic-shop.ro\/produs\/baterie-bideu-cubefield-auriu-periat\/","name":"Baterie bideu CUBEFIELD - auriu periat - Edyceramic - magazin online","isPartOf":{"@id":"https:\/\/edyceramic-shop.ro\/ro\/#website"},"datePublished":"2024-10-31T12:16:46+00:00","dateModified":"2025-08-01T11:37:31+00:00","breadcrumb":{"@id":"https:\/\/edyceramic-shop.ro\/produs\/baterie-bideu-cubefield-auriu-periat\/#breadcrumb"},"inLanguage":"en-US","potentialAction":[{"@type":"ReadAction","target":["https:\/\/edyceramic-shop.ro\/produs\/baterie-bideu-cubefield-auriu-periat\/"]}]},{"@type":"BreadcrumbList","@id":"https:\/\/edyceramic-shop.ro\/produs\/baterie-bideu-cubefield-auriu-periat\/#breadcrumb","itemListElement":[{"@type":"ListItem","position":1,"name":"Home","item":"https:\/\/edyceramic-shop.ro\/"},{"@type":"ListItem","position":2,"name":"Shop","item":"https:\/\/edyceramic-shop.ro\/ro\/shop\/"},{"@type":"ListItem","position":3,"name":"Baterie bideu CUBEFIELD &#8211; auriu periat"}]},{"@type":"WebSite","@id":"https:\/\/edyceramic-shop.ro\/ro\/#website","url":"https:\/\/edyceramic-shop.ro\/ro\/","name":"edyceramic.ro","description":"","publisher":{"@id":"https:\/\/edyceramic-shop.ro\/ro\/#organization"},"potentialAction":[{"@type":"SearchAction","target":{"@type":"EntryPoint","urlTemplate":"https:\/\/edyceramic-shop.ro\/ro\/?s={search_term_string}"},"query-input":"required name=search_term_string"}],"inLanguage":"en-US"},{"@type":"Organization","@id":"https:\/\/edyceramic-shop.ro\/ro\/#organization","name":"Edyceramic","url":"https:\/\/edyceramic-shop.ro\/ro\/","logo":{"@type":"ImageObject","inLanguage":"en-US","@id":"https:\/\/edyceramic-shop.ro\/ro\/#\/schema\/logo\/image\/","url":"https:\/\/edyceramic-shop.ro\/wp-content\/uploads\/2024\/02\/Logo-EdyCeramic_2021-lung.png","contentUrl":"https:\/\/edyceramic-shop.ro\/wp-content\/uploads\/2024\/02\/Logo-EdyCeramic_2021-lung.png","width":4491,"height":769,"caption":"Edyceramic"},"image":{"@id":"https:\/\/edyceramic-shop.ro\/ro\/#\/schema\/logo\/image\/"}}]},"product_price_amount":"721.00","product_price_currency":"RON","og_availability":"instock","product_availability":"instock","product_retailer_item_id":"AR-4411G","product_condition":"new"},"jetpack_sharing_enabled":true,"_links":{"self":[{"href":"https:\/\/edyceramic-shop.ro\/en\/wp-json\/wp\/v2\/product\/26893","targetHints":{"allow":["GET"]}}],"collection":[{"href":"https:\/\/edyceramic-shop.ro\/en\/wp-json\/wp\/v2\/product"}],"about":[{"href":"https:\/\/edyceramic-shop.ro\/en\/wp-json\/wp\/v2\/types\/product"}],"version-history":[{"count":1,"href":"https:\/\/edyceramic-shop.ro\/en\/wp-json\/wp\/v2\/product\/26893\/revisions"}],"predecessor-version":[{"id":27010,"href":"https:\/\/edyceramic-shop.ro\/en\/wp-json\/wp\/v2\/product\/26893\/revisions\/27010"}],"wp:featuredmedia":[{"embeddable":true,"href":"https:\/\/edyceramic-shop.ro\/en\/wp-json\/wp\/v2\/media\/25624"}],"wp:attachment":[{"href":"https:\/\/edyceramic-shop.ro\/en\/wp-json\/wp\/v2\/media?parent=26893"}],"wp:term":[{"taxonomy":"product_brand","embeddable":true,"href":"https:\/\/edyceramic-shop.ro\/en\/wp-json\/wp\/v2\/product_brand?post=26893"},{"taxonomy":"product_cat","embeddable":true,"href":"https:\/\/edyceramic-shop.ro\/en\/wp-json\/wp\/v2\/product_cat?post=26893"},{"taxonomy":"product_tag","embeddable":true,"href":"https:\/\/edyceramic-shop.ro\/en\/wp-json\/wp\/v2\/product_tag?post=26893"}],"curies":[{"name":"wp","href":"https:\/\/api.w.org\/{rel}","templated":true}]}}