{"id":26817,"date":"2024-10-31T14:15:57","date_gmt":"2024-10-31T12:15:57","guid":{"rendered":"https:\/\/edyceramic-shop.ro\/?post_type=product&#038;p=26817"},"modified":"2025-08-01T13:37:28","modified_gmt":"2025-08-01T11:37:28","slug":"robinet-termostatic-pe-partea-dreapta-duopex-twins-alb","status":"publish","type":"product","link":"https:\/\/edyceramic-shop.ro\/en\/product\/robinet-termostatic-pe-partea-dreapta-duopex-twins-alb\/","title":{"rendered":"Robinet termostatic pe partea dreapt\u0103 DUOPEX \/ TWINS &#8211; alb"},"content":{"rendered":"<p>Robinetul dreapta DUOPEX ofer\u0103 o solu\u021bie estetic\u0103 pentru conectarea radiatoarelor la sistemul de \u00eenc\u0103lzire \u00een cazul \u00een care ave\u021bi un radiator cu o conexiune inferioar\u0103 \u0219i distan\u021ba de conectare \u00eentre conducta de tur \u0219i retur este de exact 50 mm. Forma \u0219i dimensiunea specific\u0103 a Robinetului DUOPEX permit montarea acestuia sub radiator, cu capul termostat orientat paralel cu peretele, \u00een conformitate cu conturul radiatorului, oferind protec\u021bie \u00eempotriva deterior\u0103rii accidentale. Setul include un robinet termostatic st\u00e2nga sau dreapta \u0219i o supap\u0103 de \u00eenchidere.<\/p>\n<p>\u00cen timpul func\u021bion\u0103rii, termostatul (regulatorul) permite apei \u00eenc\u0103lzite s\u0103 intre \u00een radiator p\u00e2n\u0103 c\u00e2nd temperatura \u00een \u00eenc\u0103pere atinge valoarea setat\u0103, moment \u00een care supapa se \u00eenchide automat. Dac\u0103 temperatura aerului din camer\u0103 scade sub nivelul setat, supapa se deschide din nou, iar radiatorul \u00eencepe s\u0103 se \u00eenc\u0103lzeasc\u0103. Supapa de \u00eenchidere se monteaz\u0103 pe conducta de retur a sistemului de \u00eenc\u0103lzire central\u0103, asigur\u00e2nd astfel o func\u021bionare precis\u0103 a radiatorului pentru un confort termic optim \u0219i o eficien\u021b\u0103 sporit\u0103 a robinetelor.<\/p>","protected":false},"excerpt":{"rendered":"<p>Robinetul dreapta DUOPEX ofer\u0103 o solu\u021bie estetic\u0103 pentru conectarea radiatoarelor la sistemul de \u00eenc\u0103lzire \u00een cazul \u00een care ave\u021bi un<\/p>","protected":false},"featured_media":25277,"template":"","meta":[],"product_brand":[],"product_cat":[3446,3443],"product_tag":[],"class_list":{"0":"post-26817","1":"product","2":"type-product","3":"status-publish","4":"has-post-thumbnail","6":"product_cat-robinet-termostatic-dreapta","7":"product_cat-calorifere-radiatoare","8":"pa_fabrica-arezzo","9":"pa_material-cupru-si-plastic","10":"pa_montaj-montat-in-calorifer","12":"first","13":"instock","14":"shipping-taxable","15":"purchasable","16":"product-type-simple"},"yoast_head":"<!-- This site is optimized with the Yoast SEO Premium plugin v21.6 (Yoast SEO v22.1) - https:\/\/yoast.com\/wordpress\/plugins\/seo\/ -->\n<title>Robinet termostatic pe partea dreapt\u0103 DUOPEX \/ TWINS - alb - Edyceramic - magazin online<\/title>\n<meta name=\"robots\" content=\"index, follow, max-snippet:-1, max-image-preview:large, max-video-preview:-1\" \/>\n<link rel=\"canonical\" href=\"https:\/\/edyceramic-shop.ro\/en\/product\/robinet-termostatic-pe-partea-dreapta-duopex-twins-alb\/\" \/>\n<meta property=\"og:locale\" content=\"en_US\" \/>\n<meta property=\"og:type\" content=\"article\" \/>\n<meta property=\"og:title\" content=\"Robinet termostatic pe partea dreapt\u0103 DUOPEX \/ TWINS - alb\" \/>\n<meta property=\"og:description\" content=\"Robinetul dreapta DUOPEX ofer\u0103 o solu\u021bie estetic\u0103 pentru conectarea radiatoarelor la sistemul de \u00eenc\u0103lzire \u00een cazul \u00een care ave\u021bi un\" \/>\n<meta property=\"og:url\" content=\"https:\/\/edyceramic-shop.ro\/en\/product\/robinet-termostatic-pe-partea-dreapta-duopex-twins-alb\/\" \/>\n<meta property=\"og:site_name\" content=\"Edyceramic - magazin online\" \/>\n<meta property=\"article:modified_time\" content=\"2025-08-01T11:37:28+00:00\" \/>\n<meta name=\"twitter:card\" content=\"summary_large_image\" \/>\n<meta name=\"twitter:label1\" content=\"Price\" \/>\n\t<meta name=\"twitter:data1\" content=\"958,00&nbsp;lei\" \/>\n\t<meta name=\"twitter:label2\" content=\"Availability\" \/>\n\t<meta name=\"twitter:data2\" content=\"In stock\" \/>\n<script type=\"application\/ld+json\" class=\"yoast-schema-graph\">{\"@context\":\"https:\/\/schema.org\",\"@graph\":[{\"@type\":\"WebPage\",\"@id\":\"https:\/\/edyceramic-shop.ro\/produs\/robinet-termostatic-pe-partea-dreapta-duopex-twins-alb\/\",\"url\":\"https:\/\/edyceramic-shop.ro\/produs\/robinet-termostatic-pe-partea-dreapta-duopex-twins-alb\/\",\"name\":\"Robinet termostatic pe partea dreapt\u0103 DUOPEX \/ TWINS - alb - Edyceramic - magazin online\",\"isPartOf\":{\"@id\":\"https:\/\/edyceramic-shop.ro\/ro\/#website\"},\"datePublished\":\"2024-10-31T12:15:57+00:00\",\"dateModified\":\"2025-08-01T11:37:28+00:00\",\"breadcrumb\":{\"@id\":\"https:\/\/edyceramic-shop.ro\/produs\/robinet-termostatic-pe-partea-dreapta-duopex-twins-alb\/#breadcrumb\"},\"inLanguage\":\"en-US\",\"potentialAction\":[{\"@type\":\"ReadAction\",\"target\":[\"https:\/\/edyceramic-shop.ro\/produs\/robinet-termostatic-pe-partea-dreapta-duopex-twins-alb\/\"]}]},{\"@type\":\"BreadcrumbList\",\"@id\":\"https:\/\/edyceramic-shop.ro\/produs\/robinet-termostatic-pe-partea-dreapta-duopex-twins-alb\/#breadcrumb\",\"itemListElement\":[{\"@type\":\"ListItem\",\"position\":1,\"name\":\"Home\",\"item\":\"https:\/\/edyceramic-shop.ro\/\"},{\"@type\":\"ListItem\",\"position\":2,\"name\":\"Shop\",\"item\":\"https:\/\/edyceramic-shop.ro\/ro\/shop\/\"},{\"@type\":\"ListItem\",\"position\":3,\"name\":\"Robinet termostatic pe partea dreapt\u0103 DUOPEX \/ TWINS &#8211; alb\"}]},{\"@type\":\"WebSite\",\"@id\":\"https:\/\/edyceramic-shop.ro\/ro\/#website\",\"url\":\"https:\/\/edyceramic-shop.ro\/ro\/\",\"name\":\"edyceramic.ro\",\"description\":\"\",\"publisher\":{\"@id\":\"https:\/\/edyceramic-shop.ro\/ro\/#organization\"},\"potentialAction\":[{\"@type\":\"SearchAction\",\"target\":{\"@type\":\"EntryPoint\",\"urlTemplate\":\"https:\/\/edyceramic-shop.ro\/ro\/?s={search_term_string}\"},\"query-input\":\"required name=search_term_string\"}],\"inLanguage\":\"en-US\"},{\"@type\":\"Organization\",\"@id\":\"https:\/\/edyceramic-shop.ro\/ro\/#organization\",\"name\":\"Edyceramic\",\"url\":\"https:\/\/edyceramic-shop.ro\/ro\/\",\"logo\":{\"@type\":\"ImageObject\",\"inLanguage\":\"en-US\",\"@id\":\"https:\/\/edyceramic-shop.ro\/ro\/#\/schema\/logo\/image\/\",\"url\":\"https:\/\/edyceramic-shop.ro\/wp-content\/uploads\/2024\/02\/Logo-EdyCeramic_2021-lung.png\",\"contentUrl\":\"https:\/\/edyceramic-shop.ro\/wp-content\/uploads\/2024\/02\/Logo-EdyCeramic_2021-lung.png\",\"width\":4491,\"height\":769,\"caption\":\"Edyceramic\"},\"image\":{\"@id\":\"https:\/\/edyceramic-shop.ro\/ro\/#\/schema\/logo\/image\/\"}}]}<\/script>\n<meta property=\"product:price:amount\" content=\"958.00\" \/>\n<meta property=\"product:price:currency\" content=\"RON\" \/>\n<meta property=\"og:availability\" content=\"instock\" \/>\n<meta property=\"product:availability\" content=\"instock\" \/>\n<meta property=\"product:retailer_item_id\" content=\"AR-DUOPEX-W-R\" \/>\n<meta property=\"product:condition\" content=\"new\" \/>\n<!-- \/ Yoast SEO Premium plugin. -->","yoast_head_json":{"title":"Robinet termostatic pe partea dreapt\u0103 DUOPEX \/ TWINS - alb - Edyceramic - magazin online","robots":{"index":"index","follow":"follow","max-snippet":"max-snippet:-1","max-image-preview":"max-image-preview:large","max-video-preview":"max-video-preview:-1"},"canonical":"https:\/\/edyceramic-shop.ro\/en\/product\/robinet-termostatic-pe-partea-dreapta-duopex-twins-alb\/","og_locale":"en_US","og_type":"article","og_title":"Robinet termostatic pe partea dreapt\u0103 DUOPEX \/ TWINS - alb","og_description":"Robinetul dreapta DUOPEX ofer\u0103 o solu\u021bie estetic\u0103 pentru conectarea radiatoarelor la sistemul de \u00eenc\u0103lzire \u00een cazul \u00een care ave\u021bi un","og_url":"https:\/\/edyceramic-shop.ro\/en\/product\/robinet-termostatic-pe-partea-dreapta-duopex-twins-alb\/","og_site_name":"Edyceramic - magazin online","article_modified_time":"2025-08-01T11:37:28+00:00","twitter_card":"summary_large_image","twitter_misc":{"Price":"958,00&nbsp;lei","Availability":"In stock"},"schema":{"@context":"https:\/\/schema.org","@graph":[{"@type":"WebPage","@id":"https:\/\/edyceramic-shop.ro\/produs\/robinet-termostatic-pe-partea-dreapta-duopex-twins-alb\/","url":"https:\/\/edyceramic-shop.ro\/produs\/robinet-termostatic-pe-partea-dreapta-duopex-twins-alb\/","name":"Robinet termostatic pe partea dreapt\u0103 DUOPEX \/ TWINS - alb - Edyceramic - magazin online","isPartOf":{"@id":"https:\/\/edyceramic-shop.ro\/ro\/#website"},"datePublished":"2024-10-31T12:15:57+00:00","dateModified":"2025-08-01T11:37:28+00:00","breadcrumb":{"@id":"https:\/\/edyceramic-shop.ro\/produs\/robinet-termostatic-pe-partea-dreapta-duopex-twins-alb\/#breadcrumb"},"inLanguage":"en-US","potentialAction":[{"@type":"ReadAction","target":["https:\/\/edyceramic-shop.ro\/produs\/robinet-termostatic-pe-partea-dreapta-duopex-twins-alb\/"]}]},{"@type":"BreadcrumbList","@id":"https:\/\/edyceramic-shop.ro\/produs\/robinet-termostatic-pe-partea-dreapta-duopex-twins-alb\/#breadcrumb","itemListElement":[{"@type":"ListItem","position":1,"name":"Home","item":"https:\/\/edyceramic-shop.ro\/"},{"@type":"ListItem","position":2,"name":"Shop","item":"https:\/\/edyceramic-shop.ro\/ro\/shop\/"},{"@type":"ListItem","position":3,"name":"Robinet termostatic pe partea dreapt\u0103 DUOPEX \/ TWINS &#8211; alb"}]},{"@type":"WebSite","@id":"https:\/\/edyceramic-shop.ro\/ro\/#website","url":"https:\/\/edyceramic-shop.ro\/ro\/","name":"edyceramic.ro","description":"","publisher":{"@id":"https:\/\/edyceramic-shop.ro\/ro\/#organization"},"potentialAction":[{"@type":"SearchAction","target":{"@type":"EntryPoint","urlTemplate":"https:\/\/edyceramic-shop.ro\/ro\/?s={search_term_string}"},"query-input":"required name=search_term_string"}],"inLanguage":"en-US"},{"@type":"Organization","@id":"https:\/\/edyceramic-shop.ro\/ro\/#organization","name":"Edyceramic","url":"https:\/\/edyceramic-shop.ro\/ro\/","logo":{"@type":"ImageObject","inLanguage":"en-US","@id":"https:\/\/edyceramic-shop.ro\/ro\/#\/schema\/logo\/image\/","url":"https:\/\/edyceramic-shop.ro\/wp-content\/uploads\/2024\/02\/Logo-EdyCeramic_2021-lung.png","contentUrl":"https:\/\/edyceramic-shop.ro\/wp-content\/uploads\/2024\/02\/Logo-EdyCeramic_2021-lung.png","width":4491,"height":769,"caption":"Edyceramic"},"image":{"@id":"https:\/\/edyceramic-shop.ro\/ro\/#\/schema\/logo\/image\/"}}]},"product_price_amount":"958.00","product_price_currency":"RON","og_availability":"instock","product_availability":"instock","product_retailer_item_id":"AR-DUOPEX-W-R","product_condition":"new"},"jetpack_sharing_enabled":true,"_links":{"self":[{"href":"https:\/\/edyceramic-shop.ro\/en\/wp-json\/wp\/v2\/product\/26817","targetHints":{"allow":["GET"]}}],"collection":[{"href":"https:\/\/edyceramic-shop.ro\/en\/wp-json\/wp\/v2\/product"}],"about":[{"href":"https:\/\/edyceramic-shop.ro\/en\/wp-json\/wp\/v2\/types\/product"}],"version-history":[{"count":1,"href":"https:\/\/edyceramic-shop.ro\/en\/wp-json\/wp\/v2\/product\/26817\/revisions"}],"predecessor-version":[{"id":26883,"href":"https:\/\/edyceramic-shop.ro\/en\/wp-json\/wp\/v2\/product\/26817\/revisions\/26883"}],"wp:featuredmedia":[{"embeddable":true,"href":"https:\/\/edyceramic-shop.ro\/en\/wp-json\/wp\/v2\/media\/25277"}],"wp:attachment":[{"href":"https:\/\/edyceramic-shop.ro\/en\/wp-json\/wp\/v2\/media?parent=26817"}],"wp:term":[{"taxonomy":"product_brand","embeddable":true,"href":"https:\/\/edyceramic-shop.ro\/en\/wp-json\/wp\/v2\/product_brand?post=26817"},{"taxonomy":"product_cat","embeddable":true,"href":"https:\/\/edyceramic-shop.ro\/en\/wp-json\/wp\/v2\/product_cat?post=26817"},{"taxonomy":"product_tag","embeddable":true,"href":"https:\/\/edyceramic-shop.ro\/en\/wp-json\/wp\/v2\/product_tag?post=26817"}],"curies":[{"name":"wp","href":"https:\/\/api.w.org\/{rel}","templated":true}]}}