{"id":26595,"date":"2024-10-31T14:13:46","date_gmt":"2024-10-31T12:13:46","guid":{"rendered":"https:\/\/edyceramic-shop.ro\/?post_type=product&#038;p=26595"},"modified":"2025-08-01T13:37:16","modified_gmt":"2025-08-01T11:37:16","slug":"suport-para-de-dus-blackfield-cu-conector-pentru-furtunul-de-dus-negru","status":"publish","type":"product","link":"https:\/\/edyceramic-shop.ro\/en\/product\/suport-para-de-dus-blackfield-cu-conector-pentru-furtunul-de-dus-negru\/","title":{"rendered":"Suport par\u0103 de du\u0219 BLACKFIELD, cu conector pentru furtunul de du\u0219 &#8211; negru"},"content":{"rendered":"<p>Suportul pentru par\u0103 de du\u0219 BLACKFIELD este un element esen\u021bial pentru orice baie modern\u0103, aduc\u00e2nd un plus de stil \u0219i func\u021bionalitate \u00een spa\u021biul dvs. de baie. Fabricat din cupru de \u00eenalt\u0103 calitate \u0219i finisat \u00eentr-o elegant\u0103 nuan\u021b\u0103 de negru, acest suport este conceput pentru a rezista \u00een timp \u0219i pentru a se potrivi perfect \u00eentr-o varietate de stiluri de design interior.<\/p>\n<p>Cu un conector special conceput pentru furtunul de du\u0219, acest suport faciliteaz\u0103 montarea \u0219i utilizarea par\u021bii de du\u0219 \u00een mod confortabil \u0219i eficient. Designul s\u0103u inteligent permite ajustarea unghiului par\u021bii de du\u0219, astfel \u00eenc\u00e2t s\u0103 pute\u021bi regla fluxul de ap\u0103 dup\u0103 preferin\u021bele personale.<\/p>","protected":false},"excerpt":{"rendered":"<p>Suportul pentru par\u0103 de du\u0219 BLACKFIELD este un element esen\u021bial pentru orice baie modern\u0103, aduc\u00e2nd un plus de stil \u0219i<\/p>","protected":false},"featured_media":24681,"template":"","meta":[],"product_brand":[],"product_cat":[648,372],"product_tag":[],"class_list":{"0":"post-26595","1":"product","2":"type-product","3":"status-publish","4":"has-post-thumbnail","6":"product_cat-pare","7":"product_cat-accesorii-baie","8":"pa_fabrica-arezzo","9":"pa_material-cupru","10":"pa_montaj-montat-pe-perete","12":"first","13":"instock","14":"shipping-taxable","15":"purchasable","16":"product-type-simple"},"yoast_head":"<!-- This site is optimized with the Yoast SEO Premium plugin v21.6 (Yoast SEO v22.1) - https:\/\/yoast.com\/wordpress\/plugins\/seo\/ -->\n<title>Suport par\u0103 de du\u0219 BLACKFIELD, cu conector pentru furtunul de du\u0219 - negru - Edyceramic - magazin online<\/title>\n<meta name=\"robots\" content=\"index, follow, max-snippet:-1, max-image-preview:large, max-video-preview:-1\" \/>\n<link rel=\"canonical\" href=\"https:\/\/edyceramic-shop.ro\/en\/product\/suport-para-de-dus-blackfield-cu-conector-pentru-furtunul-de-dus-negru\/\" \/>\n<meta property=\"og:locale\" content=\"en_US\" \/>\n<meta property=\"og:type\" content=\"article\" \/>\n<meta property=\"og:title\" content=\"Suport par\u0103 de du\u0219 BLACKFIELD, cu conector pentru furtunul de du\u0219 - negru\" \/>\n<meta property=\"og:description\" content=\"Suportul pentru par\u0103 de du\u0219 BLACKFIELD este un element esen\u021bial pentru orice baie modern\u0103, aduc\u00e2nd un plus de stil \u0219i\" \/>\n<meta property=\"og:url\" content=\"https:\/\/edyceramic-shop.ro\/en\/product\/suport-para-de-dus-blackfield-cu-conector-pentru-furtunul-de-dus-negru\/\" \/>\n<meta property=\"og:site_name\" content=\"Edyceramic - magazin online\" \/>\n<meta property=\"article:modified_time\" content=\"2025-08-01T11:37:16+00:00\" \/>\n<meta name=\"twitter:card\" content=\"summary_large_image\" \/>\n<meta name=\"twitter:label1\" content=\"Price\" \/>\n\t<meta name=\"twitter:data1\" content=\"186,00&nbsp;lei\" \/>\n\t<meta name=\"twitter:label2\" content=\"Availability\" \/>\n\t<meta name=\"twitter:data2\" content=\"In stock\" \/>\n<script type=\"application\/ld+json\" class=\"yoast-schema-graph\">{\"@context\":\"https:\/\/schema.org\",\"@graph\":[{\"@type\":\"WebPage\",\"@id\":\"https:\/\/edyceramic-shop.ro\/produs\/suport-para-de-dus-blackfield-cu-conector-pentru-furtunul-de-dus-negru\/\",\"url\":\"https:\/\/edyceramic-shop.ro\/produs\/suport-para-de-dus-blackfield-cu-conector-pentru-furtunul-de-dus-negru\/\",\"name\":\"Suport par\u0103 de du\u0219 BLACKFIELD, cu conector pentru furtunul de du\u0219 - negru - Edyceramic - magazin online\",\"isPartOf\":{\"@id\":\"https:\/\/edyceramic-shop.ro\/ro\/#website\"},\"datePublished\":\"2024-10-31T12:13:46+00:00\",\"dateModified\":\"2025-08-01T11:37:16+00:00\",\"breadcrumb\":{\"@id\":\"https:\/\/edyceramic-shop.ro\/produs\/suport-para-de-dus-blackfield-cu-conector-pentru-furtunul-de-dus-negru\/#breadcrumb\"},\"inLanguage\":\"en-US\",\"potentialAction\":[{\"@type\":\"ReadAction\",\"target\":[\"https:\/\/edyceramic-shop.ro\/produs\/suport-para-de-dus-blackfield-cu-conector-pentru-furtunul-de-dus-negru\/\"]}]},{\"@type\":\"BreadcrumbList\",\"@id\":\"https:\/\/edyceramic-shop.ro\/produs\/suport-para-de-dus-blackfield-cu-conector-pentru-furtunul-de-dus-negru\/#breadcrumb\",\"itemListElement\":[{\"@type\":\"ListItem\",\"position\":1,\"name\":\"Home\",\"item\":\"https:\/\/edyceramic-shop.ro\/\"},{\"@type\":\"ListItem\",\"position\":2,\"name\":\"Shop\",\"item\":\"https:\/\/edyceramic-shop.ro\/ro\/shop\/\"},{\"@type\":\"ListItem\",\"position\":3,\"name\":\"Suport par\u0103 de du\u0219 BLACKFIELD, cu conector pentru furtunul de du\u0219 &#8211; negru\"}]},{\"@type\":\"WebSite\",\"@id\":\"https:\/\/edyceramic-shop.ro\/ro\/#website\",\"url\":\"https:\/\/edyceramic-shop.ro\/ro\/\",\"name\":\"edyceramic.ro\",\"description\":\"\",\"publisher\":{\"@id\":\"https:\/\/edyceramic-shop.ro\/ro\/#organization\"},\"potentialAction\":[{\"@type\":\"SearchAction\",\"target\":{\"@type\":\"EntryPoint\",\"urlTemplate\":\"https:\/\/edyceramic-shop.ro\/ro\/?s={search_term_string}\"},\"query-input\":\"required name=search_term_string\"}],\"inLanguage\":\"en-US\"},{\"@type\":\"Organization\",\"@id\":\"https:\/\/edyceramic-shop.ro\/ro\/#organization\",\"name\":\"Edyceramic\",\"url\":\"https:\/\/edyceramic-shop.ro\/ro\/\",\"logo\":{\"@type\":\"ImageObject\",\"inLanguage\":\"en-US\",\"@id\":\"https:\/\/edyceramic-shop.ro\/ro\/#\/schema\/logo\/image\/\",\"url\":\"https:\/\/edyceramic-shop.ro\/wp-content\/uploads\/2024\/02\/Logo-EdyCeramic_2021-lung.png\",\"contentUrl\":\"https:\/\/edyceramic-shop.ro\/wp-content\/uploads\/2024\/02\/Logo-EdyCeramic_2021-lung.png\",\"width\":4491,\"height\":769,\"caption\":\"Edyceramic\"},\"image\":{\"@id\":\"https:\/\/edyceramic-shop.ro\/ro\/#\/schema\/logo\/image\/\"}}]}<\/script>\n<meta property=\"product:price:amount\" content=\"186.00\" \/>\n<meta property=\"product:price:currency\" content=\"RON\" \/>\n<meta property=\"og:availability\" content=\"instock\" \/>\n<meta property=\"product:availability\" content=\"instock\" \/>\n<meta property=\"product:retailer_item_id\" content=\"AR-8025MB\" \/>\n<meta property=\"product:condition\" content=\"new\" \/>\n<!-- \/ Yoast SEO Premium plugin. -->","yoast_head_json":{"title":"Suport par\u0103 de du\u0219 BLACKFIELD, cu conector pentru furtunul de du\u0219 - negru - Edyceramic - magazin online","robots":{"index":"index","follow":"follow","max-snippet":"max-snippet:-1","max-image-preview":"max-image-preview:large","max-video-preview":"max-video-preview:-1"},"canonical":"https:\/\/edyceramic-shop.ro\/en\/product\/suport-para-de-dus-blackfield-cu-conector-pentru-furtunul-de-dus-negru\/","og_locale":"en_US","og_type":"article","og_title":"Suport par\u0103 de du\u0219 BLACKFIELD, cu conector pentru furtunul de du\u0219 - negru","og_description":"Suportul pentru par\u0103 de du\u0219 BLACKFIELD este un element esen\u021bial pentru orice baie modern\u0103, aduc\u00e2nd un plus de stil \u0219i","og_url":"https:\/\/edyceramic-shop.ro\/en\/product\/suport-para-de-dus-blackfield-cu-conector-pentru-furtunul-de-dus-negru\/","og_site_name":"Edyceramic - magazin online","article_modified_time":"2025-08-01T11:37:16+00:00","twitter_card":"summary_large_image","twitter_misc":{"Price":"186,00&nbsp;lei","Availability":"In stock"},"schema":{"@context":"https:\/\/schema.org","@graph":[{"@type":"WebPage","@id":"https:\/\/edyceramic-shop.ro\/produs\/suport-para-de-dus-blackfield-cu-conector-pentru-furtunul-de-dus-negru\/","url":"https:\/\/edyceramic-shop.ro\/produs\/suport-para-de-dus-blackfield-cu-conector-pentru-furtunul-de-dus-negru\/","name":"Suport par\u0103 de du\u0219 BLACKFIELD, cu conector pentru furtunul de du\u0219 - negru - Edyceramic - magazin online","isPartOf":{"@id":"https:\/\/edyceramic-shop.ro\/ro\/#website"},"datePublished":"2024-10-31T12:13:46+00:00","dateModified":"2025-08-01T11:37:16+00:00","breadcrumb":{"@id":"https:\/\/edyceramic-shop.ro\/produs\/suport-para-de-dus-blackfield-cu-conector-pentru-furtunul-de-dus-negru\/#breadcrumb"},"inLanguage":"en-US","potentialAction":[{"@type":"ReadAction","target":["https:\/\/edyceramic-shop.ro\/produs\/suport-para-de-dus-blackfield-cu-conector-pentru-furtunul-de-dus-negru\/"]}]},{"@type":"BreadcrumbList","@id":"https:\/\/edyceramic-shop.ro\/produs\/suport-para-de-dus-blackfield-cu-conector-pentru-furtunul-de-dus-negru\/#breadcrumb","itemListElement":[{"@type":"ListItem","position":1,"name":"Home","item":"https:\/\/edyceramic-shop.ro\/"},{"@type":"ListItem","position":2,"name":"Shop","item":"https:\/\/edyceramic-shop.ro\/ro\/shop\/"},{"@type":"ListItem","position":3,"name":"Suport par\u0103 de du\u0219 BLACKFIELD, cu conector pentru furtunul de du\u0219 &#8211; negru"}]},{"@type":"WebSite","@id":"https:\/\/edyceramic-shop.ro\/ro\/#website","url":"https:\/\/edyceramic-shop.ro\/ro\/","name":"edyceramic.ro","description":"","publisher":{"@id":"https:\/\/edyceramic-shop.ro\/ro\/#organization"},"potentialAction":[{"@type":"SearchAction","target":{"@type":"EntryPoint","urlTemplate":"https:\/\/edyceramic-shop.ro\/ro\/?s={search_term_string}"},"query-input":"required name=search_term_string"}],"inLanguage":"en-US"},{"@type":"Organization","@id":"https:\/\/edyceramic-shop.ro\/ro\/#organization","name":"Edyceramic","url":"https:\/\/edyceramic-shop.ro\/ro\/","logo":{"@type":"ImageObject","inLanguage":"en-US","@id":"https:\/\/edyceramic-shop.ro\/ro\/#\/schema\/logo\/image\/","url":"https:\/\/edyceramic-shop.ro\/wp-content\/uploads\/2024\/02\/Logo-EdyCeramic_2021-lung.png","contentUrl":"https:\/\/edyceramic-shop.ro\/wp-content\/uploads\/2024\/02\/Logo-EdyCeramic_2021-lung.png","width":4491,"height":769,"caption":"Edyceramic"},"image":{"@id":"https:\/\/edyceramic-shop.ro\/ro\/#\/schema\/logo\/image\/"}}]},"product_price_amount":"186.00","product_price_currency":"RON","og_availability":"instock","product_availability":"instock","product_retailer_item_id":"AR-8025MB","product_condition":"new"},"jetpack_sharing_enabled":true,"_links":{"self":[{"href":"https:\/\/edyceramic-shop.ro\/en\/wp-json\/wp\/v2\/product\/26595","targetHints":{"allow":["GET"]}}],"collection":[{"href":"https:\/\/edyceramic-shop.ro\/en\/wp-json\/wp\/v2\/product"}],"about":[{"href":"https:\/\/edyceramic-shop.ro\/en\/wp-json\/wp\/v2\/types\/product"}],"version-history":[{"count":1,"href":"https:\/\/edyceramic-shop.ro\/en\/wp-json\/wp\/v2\/product\/26595\/revisions"}],"predecessor-version":[{"id":26632,"href":"https:\/\/edyceramic-shop.ro\/en\/wp-json\/wp\/v2\/product\/26595\/revisions\/26632"}],"wp:featuredmedia":[{"embeddable":true,"href":"https:\/\/edyceramic-shop.ro\/en\/wp-json\/wp\/v2\/media\/24681"}],"wp:attachment":[{"href":"https:\/\/edyceramic-shop.ro\/en\/wp-json\/wp\/v2\/media?parent=26595"}],"wp:term":[{"taxonomy":"product_brand","embeddable":true,"href":"https:\/\/edyceramic-shop.ro\/en\/wp-json\/wp\/v2\/product_brand?post=26595"},{"taxonomy":"product_cat","embeddable":true,"href":"https:\/\/edyceramic-shop.ro\/en\/wp-json\/wp\/v2\/product_cat?post=26595"},{"taxonomy":"product_tag","embeddable":true,"href":"https:\/\/edyceramic-shop.ro\/en\/wp-json\/wp\/v2\/product_tag?post=26595"}],"curies":[{"name":"wp","href":"https:\/\/api.w.org\/{rel}","templated":true}]}}