{"id":26477,"date":"2024-10-31T14:12:29","date_gmt":"2024-10-31T12:12:29","guid":{"rendered":"https:\/\/edyceramic-shop.ro\/?post_type=product&#038;p=26477"},"modified":"2025-08-01T13:37:09","modified_gmt":"2025-08-01T11:37:09","slug":"lavoar-oval-madison-din-portelan-montaj-pe-blat-50x39cm-alb","status":"publish","type":"product","link":"https:\/\/edyceramic-shop.ro\/en\/product\/lavoar-oval-madison-din-portelan-montaj-pe-blat-50x39cm-alb\/","title":{"rendered":"Lavoar oval  MADISON, din por\u021belan, montaj pe blat 50x39cm &#8211; alb"},"content":{"rendered":"<p>Lavoarul oval MADISON este o pies\u0103 deosebit\u0103 \u0219i elegant\u0103 care aduce un plus de rafinament \u0219i func\u021bionalitate oric\u0103rei b\u0103i moderne. Fabricat din por\u021belan de \u00eenalt\u0103 calitate, acest lavoar este o alegere ideal\u0103 pentru cei care apreciaz\u0103 at\u00e2t estetica, c\u00e2t \u0219i durabilitatea \u00een amenajarea b\u0103ii lor.<\/p>\n<p>Cu dimensiuni de 50x39cm, acest lavoar se monteaz\u0103 cu u\u0219urin\u021b\u0103 pe blat, oferindu-v\u0103 posibilitatea de a crea o combina\u021bie perfect echilibrat\u0103 \u00eentre utilitate \u0219i estetic\u0103 \u00een spa\u021biul dvs. de baie. Forma oval\u0103 confer\u0103 lavoarului un aspect aerodinamic \u0219i modern, ad\u0103ug\u00e2nd un plus de elegan\u021b\u0103 \u00een orice \u00eenc\u0103pere.<\/p>\n<p>Culoarea alb\u0103 a acestui lavoar se integreaz\u0103 armonios \u00een diverse stiluri de design interior, indiferent dac\u0103 prefera\u021bi o estetic\u0103 minimalist\u0103 sau una mai luxuriant\u0103. Albul pur confer\u0103 lavoarului un aspect curat \u0219i imaculat, accentu\u00e2nd senza\u021bia de prospe\u021bime \u0219i lumin\u0103 \u00een \u00eenc\u0103perea dumneavoastr\u0103.<\/p>\n<p>Cu toate acestea, estetica sa nu compromite func\u021bionalitatea. Cu un design ergonomic, acest lavoar permite o utilizare confortabil\u0103 \u0219i eficient\u0103 zilnic\u0103. Spa\u021biul generos \u00een interiorul s\u0103u v\u0103 permite s\u0103 v\u0103 sp\u0103la\u021bi m\u00e2inile sau s\u0103 v\u0103 preg\u0103ti\u021bi pentru ziua ce urmeaz\u0103 f\u0103r\u0103 niciun disconfort.<\/p>\n<p>Pe l\u00e2ng\u0103 aspectul s\u0103u estetic \u0219i func\u021bionalitatea sa, lavoarul MADISON este \u0219i u\u0219or de \u00eentre\u021binut, ceea ce \u00eel face o alegere ideal\u0103 pentru orice baie modern\u0103. Por\u021belanul de \u00eenalt\u0103 calitate rezist\u0103 la uzura zilnic\u0103 \u0219i este u\u0219or de cur\u0103\u021bat, asigur\u00e2ndu-v\u0103 c\u0103 ve\u021bi avea parte de ani de utilizare f\u0103r\u0103 griji.<\/p>\n<p>Lavoarul oval MADISON reprezint\u0103 un echilibru perfect \u00eentre frumuse\u021be \u0219i utilitate, aduc\u00e2nd un plus de elegan\u021b\u0103 \u0219i func\u021bionalitate \u00een baia dumneavoastr\u0103. Cu dimensiuni versatile, design modern \u0219i durabilitate remarcabil\u0103, acest lavoar este alegerea ideal\u0103 pentru oricine caut\u0103 s\u0103 transforme spa\u021biul lor de baie \u00eentr-un sanctuar al confortului \u0219i rafinamentului.<\/p>","protected":false},"excerpt":{"rendered":"<p>Lavoarul oval MADISON este o pies\u0103 deosebit\u0103 \u0219i elegant\u0103 care aduce un plus de rafinament \u0219i func\u021bionalitate oric\u0103rei b\u0103i moderne.<\/p>","protected":false},"featured_media":24457,"template":"","meta":[],"product_brand":[],"product_cat":[336],"product_tag":[],"class_list":{"0":"post-26477","1":"product","2":"type-product","3":"status-publish","4":"has-post-thumbnail","6":"product_cat-lavoare","7":"pa_material-portelan","8":"pa_montaj-asezat-pe-blat","10":"first","11":"instock","12":"shipping-taxable","13":"purchasable","14":"product-type-simple"},"yoast_head":"<!-- This site is optimized with the Yoast SEO Premium plugin v21.6 (Yoast SEO v22.1) - https:\/\/yoast.com\/wordpress\/plugins\/seo\/ -->\n<title>Lavoar oval MADISON, din por\u021belan, montaj pe blat 50x39cm - alb - Edyceramic - magazin online<\/title>\n<meta name=\"robots\" content=\"index, follow, max-snippet:-1, max-image-preview:large, max-video-preview:-1\" \/>\n<link rel=\"canonical\" href=\"https:\/\/edyceramic-shop.ro\/en\/product\/lavoar-oval-madison-din-portelan-montaj-pe-blat-50x39cm-alb\/\" \/>\n<meta property=\"og:locale\" content=\"en_US\" \/>\n<meta property=\"og:type\" content=\"article\" \/>\n<meta property=\"og:title\" content=\"Lavoar oval MADISON, din por\u021belan, montaj pe blat 50x39cm - alb\" \/>\n<meta property=\"og:description\" content=\"Lavoarul oval MADISON este o pies\u0103 deosebit\u0103 \u0219i elegant\u0103 care aduce un plus de rafinament \u0219i func\u021bionalitate oric\u0103rei b\u0103i moderne.\" \/>\n<meta property=\"og:url\" content=\"https:\/\/edyceramic-shop.ro\/en\/product\/lavoar-oval-madison-din-portelan-montaj-pe-blat-50x39cm-alb\/\" \/>\n<meta property=\"og:site_name\" content=\"Edyceramic - magazin online\" \/>\n<meta property=\"article:modified_time\" content=\"2025-08-01T11:37:09+00:00\" \/>\n<meta name=\"twitter:card\" content=\"summary_large_image\" \/>\n<meta name=\"twitter:label1\" content=\"Price\" \/>\n\t<meta name=\"twitter:data1\" content=\"608,00&nbsp;lei\" \/>\n\t<meta name=\"twitter:label2\" content=\"Availability\" \/>\n\t<meta name=\"twitter:data2\" content=\"In stock\" \/>\n<script type=\"application\/ld+json\" class=\"yoast-schema-graph\">{\"@context\":\"https:\/\/schema.org\",\"@graph\":[{\"@type\":\"WebPage\",\"@id\":\"https:\/\/edyceramic-shop.ro\/produs\/lavoar-oval-madison-din-portelan-montaj-pe-blat-50x39cm-alb\/\",\"url\":\"https:\/\/edyceramic-shop.ro\/produs\/lavoar-oval-madison-din-portelan-montaj-pe-blat-50x39cm-alb\/\",\"name\":\"Lavoar oval MADISON, din por\u021belan, montaj pe blat 50x39cm - alb - Edyceramic - magazin online\",\"isPartOf\":{\"@id\":\"https:\/\/edyceramic-shop.ro\/ro\/#website\"},\"datePublished\":\"2024-10-31T12:12:29+00:00\",\"dateModified\":\"2025-08-01T11:37:09+00:00\",\"breadcrumb\":{\"@id\":\"https:\/\/edyceramic-shop.ro\/produs\/lavoar-oval-madison-din-portelan-montaj-pe-blat-50x39cm-alb\/#breadcrumb\"},\"inLanguage\":\"en-US\",\"potentialAction\":[{\"@type\":\"ReadAction\",\"target\":[\"https:\/\/edyceramic-shop.ro\/produs\/lavoar-oval-madison-din-portelan-montaj-pe-blat-50x39cm-alb\/\"]}]},{\"@type\":\"BreadcrumbList\",\"@id\":\"https:\/\/edyceramic-shop.ro\/produs\/lavoar-oval-madison-din-portelan-montaj-pe-blat-50x39cm-alb\/#breadcrumb\",\"itemListElement\":[{\"@type\":\"ListItem\",\"position\":1,\"name\":\"Home\",\"item\":\"https:\/\/edyceramic-shop.ro\/\"},{\"@type\":\"ListItem\",\"position\":2,\"name\":\"Shop\",\"item\":\"https:\/\/edyceramic-shop.ro\/ro\/shop\/\"},{\"@type\":\"ListItem\",\"position\":3,\"name\":\"Lavoar oval MADISON, din por\u021belan, montaj pe blat 50x39cm &#8211; alb\"}]},{\"@type\":\"WebSite\",\"@id\":\"https:\/\/edyceramic-shop.ro\/ro\/#website\",\"url\":\"https:\/\/edyceramic-shop.ro\/ro\/\",\"name\":\"edyceramic.ro\",\"description\":\"\",\"publisher\":{\"@id\":\"https:\/\/edyceramic-shop.ro\/ro\/#organization\"},\"potentialAction\":[{\"@type\":\"SearchAction\",\"target\":{\"@type\":\"EntryPoint\",\"urlTemplate\":\"https:\/\/edyceramic-shop.ro\/ro\/?s={search_term_string}\"},\"query-input\":\"required name=search_term_string\"}],\"inLanguage\":\"en-US\"},{\"@type\":\"Organization\",\"@id\":\"https:\/\/edyceramic-shop.ro\/ro\/#organization\",\"name\":\"Edyceramic\",\"url\":\"https:\/\/edyceramic-shop.ro\/ro\/\",\"logo\":{\"@type\":\"ImageObject\",\"inLanguage\":\"en-US\",\"@id\":\"https:\/\/edyceramic-shop.ro\/ro\/#\/schema\/logo\/image\/\",\"url\":\"https:\/\/edyceramic-shop.ro\/wp-content\/uploads\/2024\/02\/Logo-EdyCeramic_2021-lung.png\",\"contentUrl\":\"https:\/\/edyceramic-shop.ro\/wp-content\/uploads\/2024\/02\/Logo-EdyCeramic_2021-lung.png\",\"width\":4491,\"height\":769,\"caption\":\"Edyceramic\"},\"image\":{\"@id\":\"https:\/\/edyceramic-shop.ro\/ro\/#\/schema\/logo\/image\/\"}}]}<\/script>\n<meta property=\"product:price:amount\" content=\"608.00\" \/>\n<meta property=\"product:price:currency\" content=\"RON\" \/>\n<meta property=\"og:availability\" content=\"instock\" \/>\n<meta property=\"product:availability\" content=\"instock\" \/>\n<meta property=\"product:retailer_item_id\" content=\"AR-430\" \/>\n<meta property=\"product:condition\" content=\"new\" \/>\n<!-- \/ Yoast SEO Premium plugin. -->","yoast_head_json":{"title":"Lavoar oval MADISON, din por\u021belan, montaj pe blat 50x39cm - alb - Edyceramic - magazin online","robots":{"index":"index","follow":"follow","max-snippet":"max-snippet:-1","max-image-preview":"max-image-preview:large","max-video-preview":"max-video-preview:-1"},"canonical":"https:\/\/edyceramic-shop.ro\/en\/product\/lavoar-oval-madison-din-portelan-montaj-pe-blat-50x39cm-alb\/","og_locale":"en_US","og_type":"article","og_title":"Lavoar oval MADISON, din por\u021belan, montaj pe blat 50x39cm - alb","og_description":"Lavoarul oval MADISON este o pies\u0103 deosebit\u0103 \u0219i elegant\u0103 care aduce un plus de rafinament \u0219i func\u021bionalitate oric\u0103rei b\u0103i moderne.","og_url":"https:\/\/edyceramic-shop.ro\/en\/product\/lavoar-oval-madison-din-portelan-montaj-pe-blat-50x39cm-alb\/","og_site_name":"Edyceramic - magazin online","article_modified_time":"2025-08-01T11:37:09+00:00","twitter_card":"summary_large_image","twitter_misc":{"Price":"608,00&nbsp;lei","Availability":"In stock"},"schema":{"@context":"https:\/\/schema.org","@graph":[{"@type":"WebPage","@id":"https:\/\/edyceramic-shop.ro\/produs\/lavoar-oval-madison-din-portelan-montaj-pe-blat-50x39cm-alb\/","url":"https:\/\/edyceramic-shop.ro\/produs\/lavoar-oval-madison-din-portelan-montaj-pe-blat-50x39cm-alb\/","name":"Lavoar oval MADISON, din por\u021belan, montaj pe blat 50x39cm - alb - Edyceramic - magazin online","isPartOf":{"@id":"https:\/\/edyceramic-shop.ro\/ro\/#website"},"datePublished":"2024-10-31T12:12:29+00:00","dateModified":"2025-08-01T11:37:09+00:00","breadcrumb":{"@id":"https:\/\/edyceramic-shop.ro\/produs\/lavoar-oval-madison-din-portelan-montaj-pe-blat-50x39cm-alb\/#breadcrumb"},"inLanguage":"en-US","potentialAction":[{"@type":"ReadAction","target":["https:\/\/edyceramic-shop.ro\/produs\/lavoar-oval-madison-din-portelan-montaj-pe-blat-50x39cm-alb\/"]}]},{"@type":"BreadcrumbList","@id":"https:\/\/edyceramic-shop.ro\/produs\/lavoar-oval-madison-din-portelan-montaj-pe-blat-50x39cm-alb\/#breadcrumb","itemListElement":[{"@type":"ListItem","position":1,"name":"Home","item":"https:\/\/edyceramic-shop.ro\/"},{"@type":"ListItem","position":2,"name":"Shop","item":"https:\/\/edyceramic-shop.ro\/ro\/shop\/"},{"@type":"ListItem","position":3,"name":"Lavoar oval MADISON, din por\u021belan, montaj pe blat 50x39cm &#8211; alb"}]},{"@type":"WebSite","@id":"https:\/\/edyceramic-shop.ro\/ro\/#website","url":"https:\/\/edyceramic-shop.ro\/ro\/","name":"edyceramic.ro","description":"","publisher":{"@id":"https:\/\/edyceramic-shop.ro\/ro\/#organization"},"potentialAction":[{"@type":"SearchAction","target":{"@type":"EntryPoint","urlTemplate":"https:\/\/edyceramic-shop.ro\/ro\/?s={search_term_string}"},"query-input":"required name=search_term_string"}],"inLanguage":"en-US"},{"@type":"Organization","@id":"https:\/\/edyceramic-shop.ro\/ro\/#organization","name":"Edyceramic","url":"https:\/\/edyceramic-shop.ro\/ro\/","logo":{"@type":"ImageObject","inLanguage":"en-US","@id":"https:\/\/edyceramic-shop.ro\/ro\/#\/schema\/logo\/image\/","url":"https:\/\/edyceramic-shop.ro\/wp-content\/uploads\/2024\/02\/Logo-EdyCeramic_2021-lung.png","contentUrl":"https:\/\/edyceramic-shop.ro\/wp-content\/uploads\/2024\/02\/Logo-EdyCeramic_2021-lung.png","width":4491,"height":769,"caption":"Edyceramic"},"image":{"@id":"https:\/\/edyceramic-shop.ro\/ro\/#\/schema\/logo\/image\/"}}]},"product_price_amount":"608.00","product_price_currency":"RON","og_availability":"instock","product_availability":"instock","product_retailer_item_id":"AR-430","product_condition":"new"},"jetpack_sharing_enabled":true,"_links":{"self":[{"href":"https:\/\/edyceramic-shop.ro\/en\/wp-json\/wp\/v2\/product\/26477","targetHints":{"allow":["GET"]}}],"collection":[{"href":"https:\/\/edyceramic-shop.ro\/en\/wp-json\/wp\/v2\/product"}],"about":[{"href":"https:\/\/edyceramic-shop.ro\/en\/wp-json\/wp\/v2\/types\/product"}],"version-history":[{"count":1,"href":"https:\/\/edyceramic-shop.ro\/en\/wp-json\/wp\/v2\/product\/26477\/revisions"}],"predecessor-version":[{"id":26526,"href":"https:\/\/edyceramic-shop.ro\/en\/wp-json\/wp\/v2\/product\/26477\/revisions\/26526"}],"wp:featuredmedia":[{"embeddable":true,"href":"https:\/\/edyceramic-shop.ro\/en\/wp-json\/wp\/v2\/media\/24457"}],"wp:attachment":[{"href":"https:\/\/edyceramic-shop.ro\/en\/wp-json\/wp\/v2\/media?parent=26477"}],"wp:term":[{"taxonomy":"product_brand","embeddable":true,"href":"https:\/\/edyceramic-shop.ro\/en\/wp-json\/wp\/v2\/product_brand?post=26477"},{"taxonomy":"product_cat","embeddable":true,"href":"https:\/\/edyceramic-shop.ro\/en\/wp-json\/wp\/v2\/product_cat?post=26477"},{"taxonomy":"product_tag","embeddable":true,"href":"https:\/\/edyceramic-shop.ro\/en\/wp-json\/wp\/v2\/product_tag?post=26477"}],"curies":[{"name":"wp","href":"https:\/\/api.w.org\/{rel}","templated":true}]}}