{"id":26247,"date":"2024-10-30T14:21:42","date_gmt":"2024-10-30T12:21:42","guid":{"rendered":"https:\/\/edyceramic-shop.ro\/produs\/faianta-decor-house-of-tones-beige-89-8x32-8cm\/"},"modified":"2025-08-01T13:36:54","modified_gmt":"2025-08-01T11:36:54","slug":"faianta-decor-house-of-tones-beige-89-8x32-8cm","status":"publish","type":"product","link":"https:\/\/edyceramic-shop.ro\/en\/product\/faianta-decor-house-of-tones-beige-89-8x32-8cm\/","title":{"rendered":"Faian\u021b\u0103 Decor House of Tones Beige 89.8&#215;32.8cm"},"content":{"rendered":"<p>House of Tones este o colec\u021bie care exploreaz\u0103 armonia culorilor \u0219i a texturilor, oferind o gam\u0103 variat\u0103 de pl\u0103ci ce reflect\u0103 diversitatea \u0219i subtilitatea nuan\u021belor. Aceast\u0103 linie este ideal\u0103 pentru cei care doresc s\u0103 creeze un spa\u021biu cald \u0219i primitor, f\u0103r\u0103 a sacrifica stilul.<\/p>\n<p>Main features:<br \/>\nDiversitate de Culori: Pl\u0103cile din House of Tones sunt disponibile \u00eentr-o palet\u0103 larg\u0103 de nuan\u021be, de la cele pastelate la cele mai \u00eendr\u0103zne\u021be, permi\u021b\u00e2nd o personalizare unic\u0103 a interiorului.<br \/>\nTexturi Variate: Fiecare plac\u0103 ofer\u0103 o textur\u0103 distinct\u0103, ce adaug\u0103 profunzime \u0219i interes vizual, contribuind la crearea unui ambient c\u0103lduros \u0219i confortabil.<br \/>\nFinisaje Elegante: Colec\u021bia include at\u00e2t finisaje mate, c\u00e2t \u0219i lucioase, oferind op\u021biuni pentru diferite preferin\u021be de design.<br \/>\nAplica\u021bii Flexibile: Ideal\u0103 pentru orice tip de spa\u021biu, de la b\u0103i la livinguri sau zone comerciale, House of Tones se adapteaz\u0103 u\u0219or la diferite stiluri de amenajare.<\/p>","protected":false},"excerpt":{"rendered":"<p>House of Tones este o colec\u021bie care exploreaz\u0103 armonia culorilor \u0219i a texturilor, oferind o gam\u0103 variat\u0103 de pl\u0103ci ce<\/p>","protected":false},"featured_media":25986,"template":"","meta":[],"product_brand":[],"product_cat":[467,302],"product_tag":[],"class_list":{"0":"post-26247","1":"product","2":"type-product","3":"status-publish","4":"has-post-thumbnail","6":"product_cat-gresie-si-faianta","7":"product_cat-faianta","8":"pa_ambalare-tubadzin","9":"pa_calitatea-1091","10":"pa_colectie-house-of-tones","11":"pa_dimensiune-89-8x32-8cm","12":"pa_fabrica-tubadzin","13":"pa_finisaj-mat","14":"pa_numar-de-placi-in-pachet-876","15":"pa_rectificat-da","16":"pa_rezistent-la-inghet-nu","17":"pa_utilizare-interior","19":"first","20":"instock","21":"purchasable","22":"product-type-simple"},"yoast_head":"<!-- This site is optimized with the Yoast SEO Premium plugin v21.6 (Yoast SEO v22.1) - https:\/\/yoast.com\/wordpress\/plugins\/seo\/ -->\n<title>Faian\u021b\u0103 Decor House of Tones Beige 89.8x32.8cm - Edyceramic - magazin online<\/title>\n<meta name=\"robots\" content=\"index, follow, max-snippet:-1, max-image-preview:large, max-video-preview:-1\" \/>\n<link rel=\"canonical\" href=\"https:\/\/edyceramic-shop.ro\/en\/product\/faianta-decor-house-of-tones-beige-89-8x32-8cm\/\" \/>\n<meta property=\"og:locale\" content=\"en_US\" \/>\n<meta property=\"og:type\" content=\"article\" \/>\n<meta property=\"og:title\" content=\"Faian\u021b\u0103 Decor House of Tones Beige 89.8x32.8cm\" \/>\n<meta property=\"og:description\" content=\"House of Tones este o colec\u021bie care exploreaz\u0103 armonia culorilor \u0219i a texturilor, oferind o gam\u0103 variat\u0103 de pl\u0103ci ce\" \/>\n<meta property=\"og:url\" content=\"https:\/\/edyceramic-shop.ro\/en\/product\/faianta-decor-house-of-tones-beige-89-8x32-8cm\/\" \/>\n<meta property=\"og:site_name\" content=\"Edyceramic - magazin online\" \/>\n<meta property=\"article:modified_time\" content=\"2025-08-01T11:36:54+00:00\" \/>\n<meta property=\"og:image\" content=\"https:\/\/edyceramic-shop.ro\/wp-content\/uploads\/2024\/10\/house-of-tones-faiantade90-11.webp\" \/>\n\t<meta property=\"og:image:width\" content=\"800\" \/>\n\t<meta property=\"og:image:height\" content=\"292\" \/>\n\t<meta property=\"og:image:type\" content=\"image\/webp\" \/>\n<meta name=\"twitter:card\" content=\"summary_large_image\" \/>\n<meta name=\"twitter:label1\" content=\"Price\" \/>\n\t<meta name=\"twitter:data1\" content=\"226,00&nbsp;lei\" \/>\n\t<meta name=\"twitter:label2\" content=\"Availability\" \/>\n\t<meta name=\"twitter:data2\" content=\"In stock\" \/>\n<script type=\"application\/ld+json\" class=\"yoast-schema-graph\">{\"@context\":\"https:\/\/schema.org\",\"@graph\":[{\"@type\":\"WebPage\",\"@id\":\"https:\/\/edyceramic-shop.ro\/produs\/faianta-decor-house-of-tones-beige-89-8x32-8cm\/\",\"url\":\"https:\/\/edyceramic-shop.ro\/produs\/faianta-decor-house-of-tones-beige-89-8x32-8cm\/\",\"name\":\"Faian\u021b\u0103 Decor House of Tones Beige 89.8x32.8cm - Edyceramic - magazin online\",\"isPartOf\":{\"@id\":\"https:\/\/edyceramic-shop.ro\/ro\/#website\"},\"datePublished\":\"2024-10-30T12:21:42+00:00\",\"dateModified\":\"2025-08-01T11:36:54+00:00\",\"breadcrumb\":{\"@id\":\"https:\/\/edyceramic-shop.ro\/produs\/faianta-decor-house-of-tones-beige-89-8x32-8cm\/#breadcrumb\"},\"inLanguage\":\"en-US\",\"potentialAction\":[{\"@type\":\"ReadAction\",\"target\":[\"https:\/\/edyceramic-shop.ro\/produs\/faianta-decor-house-of-tones-beige-89-8x32-8cm\/\"]}]},{\"@type\":\"BreadcrumbList\",\"@id\":\"https:\/\/edyceramic-shop.ro\/produs\/faianta-decor-house-of-tones-beige-89-8x32-8cm\/#breadcrumb\",\"itemListElement\":[{\"@type\":\"ListItem\",\"position\":1,\"name\":\"Home\",\"item\":\"https:\/\/edyceramic-shop.ro\/\"},{\"@type\":\"ListItem\",\"position\":2,\"name\":\"Shop\",\"item\":\"https:\/\/edyceramic-shop.ro\/ro\/shop\/\"},{\"@type\":\"ListItem\",\"position\":3,\"name\":\"Faian\u021b\u0103 Decor House of Tones Beige 89.8&#215;32.8cm\"}]},{\"@type\":\"WebSite\",\"@id\":\"https:\/\/edyceramic-shop.ro\/ro\/#website\",\"url\":\"https:\/\/edyceramic-shop.ro\/ro\/\",\"name\":\"edyceramic.ro\",\"description\":\"\",\"publisher\":{\"@id\":\"https:\/\/edyceramic-shop.ro\/ro\/#organization\"},\"potentialAction\":[{\"@type\":\"SearchAction\",\"target\":{\"@type\":\"EntryPoint\",\"urlTemplate\":\"https:\/\/edyceramic-shop.ro\/ro\/?s={search_term_string}\"},\"query-input\":\"required name=search_term_string\"}],\"inLanguage\":\"en-US\"},{\"@type\":\"Organization\",\"@id\":\"https:\/\/edyceramic-shop.ro\/ro\/#organization\",\"name\":\"Edyceramic\",\"url\":\"https:\/\/edyceramic-shop.ro\/ro\/\",\"logo\":{\"@type\":\"ImageObject\",\"inLanguage\":\"en-US\",\"@id\":\"https:\/\/edyceramic-shop.ro\/ro\/#\/schema\/logo\/image\/\",\"url\":\"https:\/\/edyceramic-shop.ro\/wp-content\/uploads\/2024\/02\/Logo-EdyCeramic_2021-lung.png\",\"contentUrl\":\"https:\/\/edyceramic-shop.ro\/wp-content\/uploads\/2024\/02\/Logo-EdyCeramic_2021-lung.png\",\"width\":4491,\"height\":769,\"caption\":\"Edyceramic\"},\"image\":{\"@id\":\"https:\/\/edyceramic-shop.ro\/ro\/#\/schema\/logo\/image\/\"}}]}<\/script>\n<meta property=\"product:price:amount\" content=\"226.00\" \/>\n<meta property=\"product:price:currency\" content=\"RON\" \/>\n<meta property=\"og:availability\" content=\"instock\" \/>\n<meta property=\"product:availability\" content=\"instock\" \/>\n<meta property=\"product:retailer_item_id\" content=\"fb1dccb7a2b2\" \/>\n<meta property=\"product:condition\" content=\"new\" \/>\n<!-- \/ Yoast SEO Premium plugin. -->","yoast_head_json":{"title":"Faian\u021b\u0103 Decor House of Tones Beige 89.8x32.8cm - Edyceramic - magazin online","robots":{"index":"index","follow":"follow","max-snippet":"max-snippet:-1","max-image-preview":"max-image-preview:large","max-video-preview":"max-video-preview:-1"},"canonical":"https:\/\/edyceramic-shop.ro\/en\/product\/faianta-decor-house-of-tones-beige-89-8x32-8cm\/","og_locale":"en_US","og_type":"article","og_title":"Faian\u021b\u0103 Decor House of Tones Beige 89.8x32.8cm","og_description":"House of Tones este o colec\u021bie care exploreaz\u0103 armonia culorilor \u0219i a texturilor, oferind o gam\u0103 variat\u0103 de pl\u0103ci ce","og_url":"https:\/\/edyceramic-shop.ro\/en\/product\/faianta-decor-house-of-tones-beige-89-8x32-8cm\/","og_site_name":"Edyceramic - magazin online","article_modified_time":"2025-08-01T11:36:54+00:00","og_image":[{"width":800,"height":292,"url":"https:\/\/edyceramic-shop.ro\/wp-content\/uploads\/2024\/10\/house-of-tones-faiantade90-11.webp","type":"image\/webp"}],"twitter_card":"summary_large_image","twitter_misc":{"Price":"226,00&nbsp;lei","Availability":"In stock"},"schema":{"@context":"https:\/\/schema.org","@graph":[{"@type":"WebPage","@id":"https:\/\/edyceramic-shop.ro\/produs\/faianta-decor-house-of-tones-beige-89-8x32-8cm\/","url":"https:\/\/edyceramic-shop.ro\/produs\/faianta-decor-house-of-tones-beige-89-8x32-8cm\/","name":"Faian\u021b\u0103 Decor House of Tones Beige 89.8x32.8cm - Edyceramic - magazin online","isPartOf":{"@id":"https:\/\/edyceramic-shop.ro\/ro\/#website"},"datePublished":"2024-10-30T12:21:42+00:00","dateModified":"2025-08-01T11:36:54+00:00","breadcrumb":{"@id":"https:\/\/edyceramic-shop.ro\/produs\/faianta-decor-house-of-tones-beige-89-8x32-8cm\/#breadcrumb"},"inLanguage":"en-US","potentialAction":[{"@type":"ReadAction","target":["https:\/\/edyceramic-shop.ro\/produs\/faianta-decor-house-of-tones-beige-89-8x32-8cm\/"]}]},{"@type":"BreadcrumbList","@id":"https:\/\/edyceramic-shop.ro\/produs\/faianta-decor-house-of-tones-beige-89-8x32-8cm\/#breadcrumb","itemListElement":[{"@type":"ListItem","position":1,"name":"Home","item":"https:\/\/edyceramic-shop.ro\/"},{"@type":"ListItem","position":2,"name":"Shop","item":"https:\/\/edyceramic-shop.ro\/ro\/shop\/"},{"@type":"ListItem","position":3,"name":"Faian\u021b\u0103 Decor House of Tones Beige 89.8&#215;32.8cm"}]},{"@type":"WebSite","@id":"https:\/\/edyceramic-shop.ro\/ro\/#website","url":"https:\/\/edyceramic-shop.ro\/ro\/","name":"edyceramic.ro","description":"","publisher":{"@id":"https:\/\/edyceramic-shop.ro\/ro\/#organization"},"potentialAction":[{"@type":"SearchAction","target":{"@type":"EntryPoint","urlTemplate":"https:\/\/edyceramic-shop.ro\/ro\/?s={search_term_string}"},"query-input":"required name=search_term_string"}],"inLanguage":"en-US"},{"@type":"Organization","@id":"https:\/\/edyceramic-shop.ro\/ro\/#organization","name":"Edyceramic","url":"https:\/\/edyceramic-shop.ro\/ro\/","logo":{"@type":"ImageObject","inLanguage":"en-US","@id":"https:\/\/edyceramic-shop.ro\/ro\/#\/schema\/logo\/image\/","url":"https:\/\/edyceramic-shop.ro\/wp-content\/uploads\/2024\/02\/Logo-EdyCeramic_2021-lung.png","contentUrl":"https:\/\/edyceramic-shop.ro\/wp-content\/uploads\/2024\/02\/Logo-EdyCeramic_2021-lung.png","width":4491,"height":769,"caption":"Edyceramic"},"image":{"@id":"https:\/\/edyceramic-shop.ro\/ro\/#\/schema\/logo\/image\/"}}]},"product_price_amount":"226.00","product_price_currency":"RON","og_availability":"instock","product_availability":"instock","product_retailer_item_id":"fb1dccb7a2b2","product_condition":"new"},"jetpack_sharing_enabled":true,"_links":{"self":[{"href":"https:\/\/edyceramic-shop.ro\/en\/wp-json\/wp\/v2\/product\/26247","targetHints":{"allow":["GET"]}}],"collection":[{"href":"https:\/\/edyceramic-shop.ro\/en\/wp-json\/wp\/v2\/product"}],"about":[{"href":"https:\/\/edyceramic-shop.ro\/en\/wp-json\/wp\/v2\/types\/product"}],"version-history":[{"count":1,"href":"https:\/\/edyceramic-shop.ro\/en\/wp-json\/wp\/v2\/product\/26247\/revisions"}],"predecessor-version":[{"id":26248,"href":"https:\/\/edyceramic-shop.ro\/en\/wp-json\/wp\/v2\/product\/26247\/revisions\/26248"}],"wp:featuredmedia":[{"embeddable":true,"href":"https:\/\/edyceramic-shop.ro\/en\/wp-json\/wp\/v2\/media\/25986"}],"wp:attachment":[{"href":"https:\/\/edyceramic-shop.ro\/en\/wp-json\/wp\/v2\/media?parent=26247"}],"wp:term":[{"taxonomy":"product_brand","embeddable":true,"href":"https:\/\/edyceramic-shop.ro\/en\/wp-json\/wp\/v2\/product_brand?post=26247"},{"taxonomy":"product_cat","embeddable":true,"href":"https:\/\/edyceramic-shop.ro\/en\/wp-json\/wp\/v2\/product_cat?post=26247"},{"taxonomy":"product_tag","embeddable":true,"href":"https:\/\/edyceramic-shop.ro\/en\/wp-json\/wp\/v2\/product_tag?post=26247"}],"curies":[{"name":"wp","href":"https:\/\/api.w.org\/{rel}","templated":true}]}}