{"id":2623,"date":"2024-06-26T08:25:16","date_gmt":"2024-06-26T08:25:16","guid":{"rendered":"https:\/\/edyceramic-shop.ro\/product\/parchet-spc-6-5-mm-osk-8076-12\/"},"modified":"2025-08-01T13:31:31","modified_gmt":"2025-08-01T11:31:31","slug":"parchet-spc-6-5-mm-osk-8076-12","status":"publish","type":"product","link":"https:\/\/edyceramic-shop.ro\/en\/product\/parchet-spc-6-5-mm-osk-8076-12\/","title":{"rendered":"Parchet SPC 6.5 mm OSK 8076-12"},"content":{"rendered":"<p>Parchetul SPC este solu\u021bia ideala pentru pardoseli fara emisii nocive.<br \/>\nSe poate monta si la exterior, dar suprafata trebuie sa fie acopetita si sa nu fie expusa la ploaie sau zapada. Suprafata SPC nu pateste nimic la contactul in exces cu apa dar patrunderea acesteia sub SPC poate genera mucegai intre SPC si pardoseala.Avantajele parchetului SPC sunt:<\/p>\n<p>rezisten\u021b\u0103 sporit\u0103 la uzur\u0103;<br \/>\n100% impermeabil;<br \/>\ninstalare \u0219i mentenan\u021b\u0103 facile;<br \/>\nconductivitate termica ridicata (ideal pentru incalzirea in pardoseala)<br \/>\ndurabilitate.<\/p>\n<p>Parchetul SPC este un compozit din roca si polimer, vine cu folia termoizolanta deja aplicata.<\/p>","protected":false},"excerpt":{"rendered":"<p>Parchetul SPC este solu\u021bia ideala pentru pardoseli fara emisii nocive. Se poate monta si la exterior, dar suprafata trebuie sa<\/p>","protected":false},"featured_media":2625,"template":"","meta":[],"product_brand":[],"product_cat":[308,310],"product_tag":[],"class_list":{"0":"post-2623","1":"product","2":"type-product","3":"status-publish","4":"has-post-thumbnail","6":"product_cat-parchet","7":"product_cat-parchet-spc","8":"pa_ambalare-2-179m2","9":"pa_dimensiune-placa-1120x183mm","10":"pa_grosime-placa-6-5mm","11":"pa_numar-de-placi-in-pachet-868","13":"first","14":"instock","15":"purchasable","16":"product-type-simple"},"yoast_head":"<!-- This site is optimized with the Yoast SEO Premium plugin v21.6 (Yoast SEO v22.1) - https:\/\/yoast.com\/wordpress\/plugins\/seo\/ -->\n<title>Parchet SPC 6.5 mm OSK 8076-12 - Edyceramic - magazin online<\/title>\n<meta name=\"robots\" content=\"index, follow, max-snippet:-1, max-image-preview:large, max-video-preview:-1\" \/>\n<link rel=\"canonical\" href=\"https:\/\/edyceramic-shop.ro\/en\/product\/parchet-spc-6-5-mm-osk-8076-12\/\" \/>\n<meta property=\"og:locale\" content=\"en_US\" \/>\n<meta property=\"og:type\" content=\"article\" \/>\n<meta property=\"og:title\" content=\"Parchet SPC 6.5 mm OSK 8076-12\" \/>\n<meta property=\"og:description\" content=\"Parchetul SPC este solu\u021bia ideala pentru pardoseli fara emisii nocive. Se poate monta si la exterior, dar suprafata trebuie sa\" \/>\n<meta property=\"og:url\" content=\"https:\/\/edyceramic-shop.ro\/en\/product\/parchet-spc-6-5-mm-osk-8076-12\/\" \/>\n<meta property=\"og:site_name\" content=\"Edyceramic - magazin online\" \/>\n<meta property=\"article:modified_time\" content=\"2025-08-01T11:31:31+00:00\" \/>\n<meta property=\"og:image\" content=\"https:\/\/edyceramic-shop.ro\/wp-content\/uploads\/2024\/06\/parchet-spc-6-5-mm-osk-8076-12-340798parchetspcbej1.webp\" \/>\n\t<meta property=\"og:image:width\" content=\"700\" \/>\n\t<meta property=\"og:image:height\" content=\"329\" \/>\n\t<meta property=\"og:image:type\" content=\"image\/webp\" \/>\n<meta name=\"twitter:card\" content=\"summary_large_image\" \/>\n<meta name=\"twitter:label1\" content=\"Price\" \/>\n\t<meta name=\"twitter:data1\" content=\"102,00&nbsp;lei\" \/>\n\t<meta name=\"twitter:label2\" content=\"Availability\" \/>\n\t<meta name=\"twitter:data2\" content=\"In stock\" \/>\n<script type=\"application\/ld+json\" class=\"yoast-schema-graph\">{\"@context\":\"https:\/\/schema.org\",\"@graph\":[{\"@type\":\"WebPage\",\"@id\":\"https:\/\/edyceramic-shop.ro\/produs\/parchet-spc-6-5-mm-osk-8076-12\/\",\"url\":\"https:\/\/edyceramic-shop.ro\/produs\/parchet-spc-6-5-mm-osk-8076-12\/\",\"name\":\"Parchet SPC 6.5 mm OSK 8076-12 - Edyceramic - magazin online\",\"isPartOf\":{\"@id\":\"https:\/\/edyceramic-shop.ro\/ro\/#website\"},\"datePublished\":\"2024-06-26T08:25:16+00:00\",\"dateModified\":\"2025-08-01T11:31:31+00:00\",\"breadcrumb\":{\"@id\":\"https:\/\/edyceramic-shop.ro\/produs\/parchet-spc-6-5-mm-osk-8076-12\/#breadcrumb\"},\"inLanguage\":\"en-US\",\"potentialAction\":[{\"@type\":\"ReadAction\",\"target\":[\"https:\/\/edyceramic-shop.ro\/produs\/parchet-spc-6-5-mm-osk-8076-12\/\"]}]},{\"@type\":\"BreadcrumbList\",\"@id\":\"https:\/\/edyceramic-shop.ro\/produs\/parchet-spc-6-5-mm-osk-8076-12\/#breadcrumb\",\"itemListElement\":[{\"@type\":\"ListItem\",\"position\":1,\"name\":\"Home\",\"item\":\"https:\/\/edyceramic-shop.ro\/\"},{\"@type\":\"ListItem\",\"position\":2,\"name\":\"Shop\",\"item\":\"https:\/\/edyceramic-shop.ro\/ro\/shop\/\"},{\"@type\":\"ListItem\",\"position\":3,\"name\":\"Parchet SPC 6.5 mm OSK 8076-12\"}]},{\"@type\":\"WebSite\",\"@id\":\"https:\/\/edyceramic-shop.ro\/ro\/#website\",\"url\":\"https:\/\/edyceramic-shop.ro\/ro\/\",\"name\":\"edyceramic.ro\",\"description\":\"\",\"publisher\":{\"@id\":\"https:\/\/edyceramic-shop.ro\/ro\/#organization\"},\"potentialAction\":[{\"@type\":\"SearchAction\",\"target\":{\"@type\":\"EntryPoint\",\"urlTemplate\":\"https:\/\/edyceramic-shop.ro\/ro\/?s={search_term_string}\"},\"query-input\":\"required name=search_term_string\"}],\"inLanguage\":\"en-US\"},{\"@type\":\"Organization\",\"@id\":\"https:\/\/edyceramic-shop.ro\/ro\/#organization\",\"name\":\"Edyceramic\",\"url\":\"https:\/\/edyceramic-shop.ro\/ro\/\",\"logo\":{\"@type\":\"ImageObject\",\"inLanguage\":\"en-US\",\"@id\":\"https:\/\/edyceramic-shop.ro\/ro\/#\/schema\/logo\/image\/\",\"url\":\"https:\/\/edyceramic-shop.ro\/wp-content\/uploads\/2024\/02\/Logo-EdyCeramic_2021-lung.png\",\"contentUrl\":\"https:\/\/edyceramic-shop.ro\/wp-content\/uploads\/2024\/02\/Logo-EdyCeramic_2021-lung.png\",\"width\":4491,\"height\":769,\"caption\":\"Edyceramic\"},\"image\":{\"@id\":\"https:\/\/edyceramic-shop.ro\/ro\/#\/schema\/logo\/image\/\"}}]}<\/script>\n<meta property=\"product:price:amount\" content=\"102.00\" \/>\n<meta property=\"product:price:currency\" content=\"RON\" \/>\n<meta property=\"og:availability\" content=\"instock\" \/>\n<meta property=\"product:availability\" content=\"instock\" \/>\n<meta property=\"product:retailer_item_id\" content=\"11f2a0cfed3b\" \/>\n<meta property=\"product:condition\" content=\"new\" \/>\n<!-- \/ Yoast SEO Premium plugin. -->","yoast_head_json":{"title":"Parchet SPC 6.5 mm OSK 8076-12 - Edyceramic - magazin online","robots":{"index":"index","follow":"follow","max-snippet":"max-snippet:-1","max-image-preview":"max-image-preview:large","max-video-preview":"max-video-preview:-1"},"canonical":"https:\/\/edyceramic-shop.ro\/en\/product\/parchet-spc-6-5-mm-osk-8076-12\/","og_locale":"en_US","og_type":"article","og_title":"Parchet SPC 6.5 mm OSK 8076-12","og_description":"Parchetul SPC este solu\u021bia ideala pentru pardoseli fara emisii nocive. Se poate monta si la exterior, dar suprafata trebuie sa","og_url":"https:\/\/edyceramic-shop.ro\/en\/product\/parchet-spc-6-5-mm-osk-8076-12\/","og_site_name":"Edyceramic - magazin online","article_modified_time":"2025-08-01T11:31:31+00:00","og_image":[{"width":700,"height":329,"url":"https:\/\/edyceramic-shop.ro\/wp-content\/uploads\/2024\/06\/parchet-spc-6-5-mm-osk-8076-12-340798parchetspcbej1.webp","type":"image\/webp"}],"twitter_card":"summary_large_image","twitter_misc":{"Price":"102,00&nbsp;lei","Availability":"In stock"},"schema":{"@context":"https:\/\/schema.org","@graph":[{"@type":"WebPage","@id":"https:\/\/edyceramic-shop.ro\/produs\/parchet-spc-6-5-mm-osk-8076-12\/","url":"https:\/\/edyceramic-shop.ro\/produs\/parchet-spc-6-5-mm-osk-8076-12\/","name":"Parchet SPC 6.5 mm OSK 8076-12 - Edyceramic - magazin online","isPartOf":{"@id":"https:\/\/edyceramic-shop.ro\/ro\/#website"},"datePublished":"2024-06-26T08:25:16+00:00","dateModified":"2025-08-01T11:31:31+00:00","breadcrumb":{"@id":"https:\/\/edyceramic-shop.ro\/produs\/parchet-spc-6-5-mm-osk-8076-12\/#breadcrumb"},"inLanguage":"en-US","potentialAction":[{"@type":"ReadAction","target":["https:\/\/edyceramic-shop.ro\/produs\/parchet-spc-6-5-mm-osk-8076-12\/"]}]},{"@type":"BreadcrumbList","@id":"https:\/\/edyceramic-shop.ro\/produs\/parchet-spc-6-5-mm-osk-8076-12\/#breadcrumb","itemListElement":[{"@type":"ListItem","position":1,"name":"Home","item":"https:\/\/edyceramic-shop.ro\/"},{"@type":"ListItem","position":2,"name":"Shop","item":"https:\/\/edyceramic-shop.ro\/ro\/shop\/"},{"@type":"ListItem","position":3,"name":"Parchet SPC 6.5 mm OSK 8076-12"}]},{"@type":"WebSite","@id":"https:\/\/edyceramic-shop.ro\/ro\/#website","url":"https:\/\/edyceramic-shop.ro\/ro\/","name":"edyceramic.ro","description":"","publisher":{"@id":"https:\/\/edyceramic-shop.ro\/ro\/#organization"},"potentialAction":[{"@type":"SearchAction","target":{"@type":"EntryPoint","urlTemplate":"https:\/\/edyceramic-shop.ro\/ro\/?s={search_term_string}"},"query-input":"required name=search_term_string"}],"inLanguage":"en-US"},{"@type":"Organization","@id":"https:\/\/edyceramic-shop.ro\/ro\/#organization","name":"Edyceramic","url":"https:\/\/edyceramic-shop.ro\/ro\/","logo":{"@type":"ImageObject","inLanguage":"en-US","@id":"https:\/\/edyceramic-shop.ro\/ro\/#\/schema\/logo\/image\/","url":"https:\/\/edyceramic-shop.ro\/wp-content\/uploads\/2024\/02\/Logo-EdyCeramic_2021-lung.png","contentUrl":"https:\/\/edyceramic-shop.ro\/wp-content\/uploads\/2024\/02\/Logo-EdyCeramic_2021-lung.png","width":4491,"height":769,"caption":"Edyceramic"},"image":{"@id":"https:\/\/edyceramic-shop.ro\/ro\/#\/schema\/logo\/image\/"}}]},"product_price_amount":"102.00","product_price_currency":"RON","og_availability":"instock","product_availability":"instock","product_retailer_item_id":"11f2a0cfed3b","product_condition":"new"},"jetpack_sharing_enabled":true,"_links":{"self":[{"href":"https:\/\/edyceramic-shop.ro\/en\/wp-json\/wp\/v2\/product\/2623","targetHints":{"allow":["GET"]}}],"collection":[{"href":"https:\/\/edyceramic-shop.ro\/en\/wp-json\/wp\/v2\/product"}],"about":[{"href":"https:\/\/edyceramic-shop.ro\/en\/wp-json\/wp\/v2\/types\/product"}],"version-history":[{"count":0,"href":"https:\/\/edyceramic-shop.ro\/en\/wp-json\/wp\/v2\/product\/2623\/revisions"}],"wp:featuredmedia":[{"embeddable":true,"href":"https:\/\/edyceramic-shop.ro\/en\/wp-json\/wp\/v2\/media\/2625"}],"wp:attachment":[{"href":"https:\/\/edyceramic-shop.ro\/en\/wp-json\/wp\/v2\/media?parent=2623"}],"wp:term":[{"taxonomy":"product_brand","embeddable":true,"href":"https:\/\/edyceramic-shop.ro\/en\/wp-json\/wp\/v2\/product_brand?post=2623"},{"taxonomy":"product_cat","embeddable":true,"href":"https:\/\/edyceramic-shop.ro\/en\/wp-json\/wp\/v2\/product_cat?post=2623"},{"taxonomy":"product_tag","embeddable":true,"href":"https:\/\/edyceramic-shop.ro\/en\/wp-json\/wp\/v2\/product_tag?post=2623"}],"curies":[{"name":"wp","href":"https:\/\/api.w.org\/{rel}","templated":true}]}}