{"id":26189,"date":"2024-10-30T14:21:17","date_gmt":"2024-10-30T12:21:17","guid":{"rendered":"https:\/\/edyceramic-shop.ro\/produs\/gresie-macchia-grey-mat-59-8x59-8cm\/"},"modified":"2025-08-01T13:36:51","modified_gmt":"2025-08-01T11:36:51","slug":"gresie-macchia-grey-mat-59-8x59-8cm","status":"publish","type":"product","link":"https:\/\/edyceramic-shop.ro\/en\/product\/gresie-macchia-grey-mat-59-8x59-8cm\/","title":{"rendered":"Gresie Macchia Grey Mat 59.8&#215;59.8cm"},"content":{"rendered":"<p>Macchia este o colec\u021bie ce \u00eembin\u0103 elegan\u021ba cu natura, inspirat\u0103 de peisajele montane \u0219i de textura pietrei naturale. Aceast\u0103 linie de produse se remarc\u0103 prin nuan\u021bele sale calde \u0219i modelele organice, oferind un aspect rustic \u0219i sofisticat \u00een acela\u0219i timp.<\/p>\n<p>Main features:<br \/>\nDesign Inspirat din Natur\u0103: Pl\u0103cile au texturi care imit\u0103 piatra natural\u0103, oferind un aspect autentic \u0219i plin de caracter.<br \/>\nPalet\u0103 de Culori: Nuan\u021bele calde de bej, gri \u0219i maro se integreaz\u0103 perfect \u00een diverse stiluri de amenajare, de la cele rustice la cele moderne.<br \/>\nVersatilitate: Aceste pl\u0103ci pot fi utilizate at\u00e2t \u00een interior, c\u00e2t \u0219i \u00een exterior, fiind ideale pentru b\u0103i, buc\u0103t\u0103rii, livinguri sau terase.<br \/>\nDurabilitate: Fabricate din materiale de \u00eenalt\u0103 calitate, pl\u0103cile Macchia sunt rezistente la uzur\u0103 \u0219i u\u0219or de \u00eentre\u021binut.<\/p>","protected":false},"excerpt":{"rendered":"<p>Macchia este o colec\u021bie ce \u00eembin\u0103 elegan\u021ba cu natura, inspirat\u0103 de peisajele montane \u0219i de textura pietrei naturale. Aceast\u0103 linie<\/p>","protected":false},"featured_media":26000,"template":"","meta":[],"product_brand":[],"product_cat":[301,467],"product_tag":[],"class_list":{"0":"post-26189","1":"product","2":"type-product","3":"status-publish","4":"has-post-thumbnail","6":"product_cat-gresie","7":"product_cat-gresie-si-faianta","8":"pa_ambalare-tubadzin","9":"pa_calitatea-1091","10":"pa_colectie-macchia","11":"pa_dimensiune-59-8x59-8cm","12":"pa_fabrica-tubadzin","13":"pa_finisaj-mat","14":"pa_numar-de-placi-in-pachet-1210","15":"pa_rectificat-da","16":"pa_rezistent-la-inghet-da","17":"pa_utilizare-interior-exterior","19":"first","20":"instock","21":"purchasable","22":"product-type-simple"},"yoast_head":"<!-- This site is optimized with the Yoast SEO Premium plugin v21.6 (Yoast SEO v22.1) - https:\/\/yoast.com\/wordpress\/plugins\/seo\/ -->\n<title>Gresie Macchia Grey Mat 59.8x59.8cm - Edyceramic - magazin online<\/title>\n<meta name=\"robots\" content=\"index, follow, max-snippet:-1, max-image-preview:large, max-video-preview:-1\" \/>\n<link rel=\"canonical\" href=\"https:\/\/edyceramic-shop.ro\/en\/product\/gresie-macchia-grey-mat-59-8x59-8cm\/\" \/>\n<meta property=\"og:locale\" content=\"en_US\" \/>\n<meta property=\"og:type\" content=\"article\" \/>\n<meta property=\"og:title\" content=\"Gresie Macchia Grey Mat 59.8x59.8cm\" \/>\n<meta property=\"og:description\" content=\"Macchia este o colec\u021bie ce \u00eembin\u0103 elegan\u021ba cu natura, inspirat\u0103 de peisajele montane \u0219i de textura pietrei naturale. Aceast\u0103 linie\" \/>\n<meta property=\"og:url\" content=\"https:\/\/edyceramic-shop.ro\/en\/product\/gresie-macchia-grey-mat-59-8x59-8cm\/\" \/>\n<meta property=\"og:site_name\" content=\"Edyceramic - magazin online\" \/>\n<meta property=\"article:modified_time\" content=\"2025-08-01T11:36:51+00:00\" \/>\n<meta property=\"og:image\" content=\"https:\/\/edyceramic-shop.ro\/wp-content\/uploads\/2024\/10\/macchia-mat-gresie-tubadzin-2.webp\" \/>\n\t<meta property=\"og:image:width\" content=\"800\" \/>\n\t<meta property=\"og:image:height\" content=\"800\" \/>\n\t<meta property=\"og:image:type\" content=\"image\/webp\" \/>\n<meta name=\"twitter:card\" content=\"summary_large_image\" \/>\n<meta name=\"twitter:label1\" content=\"Price\" \/>\n\t<meta name=\"twitter:data1\" content=\"186,00&nbsp;lei\" \/>\n\t<meta name=\"twitter:label2\" content=\"Availability\" \/>\n\t<meta name=\"twitter:data2\" content=\"In stock\" \/>\n<script type=\"application\/ld+json\" class=\"yoast-schema-graph\">{\"@context\":\"https:\/\/schema.org\",\"@graph\":[{\"@type\":\"WebPage\",\"@id\":\"https:\/\/edyceramic-shop.ro\/produs\/gresie-macchia-grey-mat-59-8x59-8cm\/\",\"url\":\"https:\/\/edyceramic-shop.ro\/produs\/gresie-macchia-grey-mat-59-8x59-8cm\/\",\"name\":\"Gresie Macchia Grey Mat 59.8x59.8cm - Edyceramic - magazin online\",\"isPartOf\":{\"@id\":\"https:\/\/edyceramic-shop.ro\/ro\/#website\"},\"datePublished\":\"2024-10-30T12:21:17+00:00\",\"dateModified\":\"2025-08-01T11:36:51+00:00\",\"breadcrumb\":{\"@id\":\"https:\/\/edyceramic-shop.ro\/produs\/gresie-macchia-grey-mat-59-8x59-8cm\/#breadcrumb\"},\"inLanguage\":\"en-US\",\"potentialAction\":[{\"@type\":\"ReadAction\",\"target\":[\"https:\/\/edyceramic-shop.ro\/produs\/gresie-macchia-grey-mat-59-8x59-8cm\/\"]}]},{\"@type\":\"BreadcrumbList\",\"@id\":\"https:\/\/edyceramic-shop.ro\/produs\/gresie-macchia-grey-mat-59-8x59-8cm\/#breadcrumb\",\"itemListElement\":[{\"@type\":\"ListItem\",\"position\":1,\"name\":\"Home\",\"item\":\"https:\/\/edyceramic-shop.ro\/\"},{\"@type\":\"ListItem\",\"position\":2,\"name\":\"Shop\",\"item\":\"https:\/\/edyceramic-shop.ro\/ro\/shop\/\"},{\"@type\":\"ListItem\",\"position\":3,\"name\":\"Gresie Macchia Grey Mat 59.8&#215;59.8cm\"}]},{\"@type\":\"WebSite\",\"@id\":\"https:\/\/edyceramic-shop.ro\/ro\/#website\",\"url\":\"https:\/\/edyceramic-shop.ro\/ro\/\",\"name\":\"edyceramic.ro\",\"description\":\"\",\"publisher\":{\"@id\":\"https:\/\/edyceramic-shop.ro\/ro\/#organization\"},\"potentialAction\":[{\"@type\":\"SearchAction\",\"target\":{\"@type\":\"EntryPoint\",\"urlTemplate\":\"https:\/\/edyceramic-shop.ro\/ro\/?s={search_term_string}\"},\"query-input\":\"required name=search_term_string\"}],\"inLanguage\":\"en-US\"},{\"@type\":\"Organization\",\"@id\":\"https:\/\/edyceramic-shop.ro\/ro\/#organization\",\"name\":\"Edyceramic\",\"url\":\"https:\/\/edyceramic-shop.ro\/ro\/\",\"logo\":{\"@type\":\"ImageObject\",\"inLanguage\":\"en-US\",\"@id\":\"https:\/\/edyceramic-shop.ro\/ro\/#\/schema\/logo\/image\/\",\"url\":\"https:\/\/edyceramic-shop.ro\/wp-content\/uploads\/2024\/02\/Logo-EdyCeramic_2021-lung.png\",\"contentUrl\":\"https:\/\/edyceramic-shop.ro\/wp-content\/uploads\/2024\/02\/Logo-EdyCeramic_2021-lung.png\",\"width\":4491,\"height\":769,\"caption\":\"Edyceramic\"},\"image\":{\"@id\":\"https:\/\/edyceramic-shop.ro\/ro\/#\/schema\/logo\/image\/\"}}]}<\/script>\n<meta property=\"product:price:amount\" content=\"186.00\" \/>\n<meta property=\"product:price:currency\" content=\"RON\" \/>\n<meta property=\"og:availability\" content=\"instock\" \/>\n<meta property=\"product:availability\" content=\"instock\" \/>\n<meta property=\"product:retailer_item_id\" content=\"fceed116471e\" \/>\n<meta property=\"product:condition\" content=\"new\" \/>\n<!-- \/ Yoast SEO Premium plugin. -->","yoast_head_json":{"title":"Gresie Macchia Grey Mat 59.8x59.8cm - Edyceramic - magazin online","robots":{"index":"index","follow":"follow","max-snippet":"max-snippet:-1","max-image-preview":"max-image-preview:large","max-video-preview":"max-video-preview:-1"},"canonical":"https:\/\/edyceramic-shop.ro\/en\/product\/gresie-macchia-grey-mat-59-8x59-8cm\/","og_locale":"en_US","og_type":"article","og_title":"Gresie Macchia Grey Mat 59.8x59.8cm","og_description":"Macchia este o colec\u021bie ce \u00eembin\u0103 elegan\u021ba cu natura, inspirat\u0103 de peisajele montane \u0219i de textura pietrei naturale. Aceast\u0103 linie","og_url":"https:\/\/edyceramic-shop.ro\/en\/product\/gresie-macchia-grey-mat-59-8x59-8cm\/","og_site_name":"Edyceramic - magazin online","article_modified_time":"2025-08-01T11:36:51+00:00","og_image":[{"width":800,"height":800,"url":"https:\/\/edyceramic-shop.ro\/wp-content\/uploads\/2024\/10\/macchia-mat-gresie-tubadzin-2.webp","type":"image\/webp"}],"twitter_card":"summary_large_image","twitter_misc":{"Price":"186,00&nbsp;lei","Availability":"In stock"},"schema":{"@context":"https:\/\/schema.org","@graph":[{"@type":"WebPage","@id":"https:\/\/edyceramic-shop.ro\/produs\/gresie-macchia-grey-mat-59-8x59-8cm\/","url":"https:\/\/edyceramic-shop.ro\/produs\/gresie-macchia-grey-mat-59-8x59-8cm\/","name":"Gresie Macchia Grey Mat 59.8x59.8cm - Edyceramic - magazin online","isPartOf":{"@id":"https:\/\/edyceramic-shop.ro\/ro\/#website"},"datePublished":"2024-10-30T12:21:17+00:00","dateModified":"2025-08-01T11:36:51+00:00","breadcrumb":{"@id":"https:\/\/edyceramic-shop.ro\/produs\/gresie-macchia-grey-mat-59-8x59-8cm\/#breadcrumb"},"inLanguage":"en-US","potentialAction":[{"@type":"ReadAction","target":["https:\/\/edyceramic-shop.ro\/produs\/gresie-macchia-grey-mat-59-8x59-8cm\/"]}]},{"@type":"BreadcrumbList","@id":"https:\/\/edyceramic-shop.ro\/produs\/gresie-macchia-grey-mat-59-8x59-8cm\/#breadcrumb","itemListElement":[{"@type":"ListItem","position":1,"name":"Home","item":"https:\/\/edyceramic-shop.ro\/"},{"@type":"ListItem","position":2,"name":"Shop","item":"https:\/\/edyceramic-shop.ro\/ro\/shop\/"},{"@type":"ListItem","position":3,"name":"Gresie Macchia Grey Mat 59.8&#215;59.8cm"}]},{"@type":"WebSite","@id":"https:\/\/edyceramic-shop.ro\/ro\/#website","url":"https:\/\/edyceramic-shop.ro\/ro\/","name":"edyceramic.ro","description":"","publisher":{"@id":"https:\/\/edyceramic-shop.ro\/ro\/#organization"},"potentialAction":[{"@type":"SearchAction","target":{"@type":"EntryPoint","urlTemplate":"https:\/\/edyceramic-shop.ro\/ro\/?s={search_term_string}"},"query-input":"required name=search_term_string"}],"inLanguage":"en-US"},{"@type":"Organization","@id":"https:\/\/edyceramic-shop.ro\/ro\/#organization","name":"Edyceramic","url":"https:\/\/edyceramic-shop.ro\/ro\/","logo":{"@type":"ImageObject","inLanguage":"en-US","@id":"https:\/\/edyceramic-shop.ro\/ro\/#\/schema\/logo\/image\/","url":"https:\/\/edyceramic-shop.ro\/wp-content\/uploads\/2024\/02\/Logo-EdyCeramic_2021-lung.png","contentUrl":"https:\/\/edyceramic-shop.ro\/wp-content\/uploads\/2024\/02\/Logo-EdyCeramic_2021-lung.png","width":4491,"height":769,"caption":"Edyceramic"},"image":{"@id":"https:\/\/edyceramic-shop.ro\/ro\/#\/schema\/logo\/image\/"}}]},"product_price_amount":"186.00","product_price_currency":"RON","og_availability":"instock","product_availability":"instock","product_retailer_item_id":"fceed116471e","product_condition":"new"},"jetpack_sharing_enabled":true,"_links":{"self":[{"href":"https:\/\/edyceramic-shop.ro\/en\/wp-json\/wp\/v2\/product\/26189","targetHints":{"allow":["GET"]}}],"collection":[{"href":"https:\/\/edyceramic-shop.ro\/en\/wp-json\/wp\/v2\/product"}],"about":[{"href":"https:\/\/edyceramic-shop.ro\/en\/wp-json\/wp\/v2\/types\/product"}],"version-history":[{"count":1,"href":"https:\/\/edyceramic-shop.ro\/en\/wp-json\/wp\/v2\/product\/26189\/revisions"}],"predecessor-version":[{"id":26190,"href":"https:\/\/edyceramic-shop.ro\/en\/wp-json\/wp\/v2\/product\/26189\/revisions\/26190"}],"wp:featuredmedia":[{"embeddable":true,"href":"https:\/\/edyceramic-shop.ro\/en\/wp-json\/wp\/v2\/media\/26000"}],"wp:attachment":[{"href":"https:\/\/edyceramic-shop.ro\/en\/wp-json\/wp\/v2\/media?parent=26189"}],"wp:term":[{"taxonomy":"product_brand","embeddable":true,"href":"https:\/\/edyceramic-shop.ro\/en\/wp-json\/wp\/v2\/product_brand?post=26189"},{"taxonomy":"product_cat","embeddable":true,"href":"https:\/\/edyceramic-shop.ro\/en\/wp-json\/wp\/v2\/product_cat?post=26189"},{"taxonomy":"product_tag","embeddable":true,"href":"https:\/\/edyceramic-shop.ro\/en\/wp-json\/wp\/v2\/product_tag?post=26189"}],"curies":[{"name":"wp","href":"https:\/\/api.w.org\/{rel}","templated":true}]}}