{"id":26165,"date":"2024-10-30T14:20:51","date_gmt":"2024-10-30T12:20:51","guid":{"rendered":"https:\/\/edyceramic-shop.ro\/produs\/gresie-brainstorm-grey-lap-59-8x59-8cm\/"},"modified":"2025-08-01T13:36:50","modified_gmt":"2025-08-01T11:36:50","slug":"gresie-brainstorm-grey-lap-59-8x59-8cm","status":"publish","type":"product","link":"https:\/\/edyceramic-shop.ro\/en\/product\/gresie-brainstorm-grey-lap-59-8x59-8cm\/","title":{"rendered":"Gresie Brainstorm Grey Lap 59.8&#215;59.8cm"},"content":{"rendered":"<p>Brainstorm este o colec\u021bie inovatoare care exploreaz\u0103 forme \u0219i texturi inspirate de metalul oxidat, oferind o estetic\u0103 urban\u0103, modern\u0103 \u0219i u\u0219or neconven\u021bional\u0103. Aceast\u0103 colec\u021bie este ideal\u0103 pentru spa\u021bii ce reflect\u0103 un stil industrial sau contemporan, \u00eembin\u00e2nd culori metalice \u0219i texturi mate.<\/p>\n<p>Main features:<br \/>\nDesign Industrial: Pl\u0103cile din Brainstorm imit\u0103 aspectul metalului oxidat, cu pete subtile de culoare \u0219i texturi care sugereaz\u0103 trecerea timpului.<br \/>\nCulori Metalice: Paleta include tonuri de gri, albastru \u00eenchis \u0219i accente ruginii, oferind un aspect de metal corodat, ce adaug\u0103 un aer de autenticitate \u0219i profunzime.<br \/>\nTexturi \u0219i Finisaje Varietate: Finisajele mate \u0219i semi-mate ale pl\u0103cilor reflect\u0103 lumina \u00eentr-un mod subtil, cre\u00e2nd o atmosfer\u0103 urban\u0103 \u0219i sofisticat\u0103.<br \/>\nAplica\u021bii Diverse: Aceste pl\u0103ci sunt potrivite pentru b\u0103i, buc\u0103t\u0103rii \u0219i zone de living, dar pot fi folosite \u0219i \u00een spa\u021bii comerciale pentru a crea o atmosfer\u0103 urban\u0103 modern\u0103.<br \/>\nConcluzie:<br \/>\nColectia Brainstorm de la Tubadzin este destinat\u0103 celor care apreciaz\u0103 stilul industrial \u0219i vor s\u0103 aduc\u0103 un efect vizual \u00eendr\u0103zne\u021b \u0219i contemporan \u00een locuin\u021ba lor. Aceast\u0103 colec\u021bie creeaz\u0103 un impact puternic, transform\u00e2nd orice spa\u021biu \u00eentr-un exemplu de design urban modern.<\/p>","protected":false},"excerpt":{"rendered":"<p>Brainstorm este o colec\u021bie inovatoare care exploreaz\u0103 forme \u0219i texturi inspirate de metalul oxidat, oferind o estetic\u0103 urban\u0103, modern\u0103 \u0219i<\/p>","protected":false},"featured_media":24255,"template":"","meta":[],"product_brand":[],"product_cat":[301,467],"product_tag":[],"class_list":{"0":"post-26165","1":"product","2":"type-product","3":"status-publish","4":"has-post-thumbnail","6":"product_cat-gresie","7":"product_cat-gresie-si-faianta","8":"pa_ambalare-tubadzin","9":"pa_calitatea-1091","10":"pa_colectie-brainstorm","11":"pa_dimensiune-59-8x59-8cm","12":"pa_fabrica-tubadzin","13":"pa_finisaj-lappato","14":"pa_numar-de-placi-in-pachet-1210","15":"pa_rectificat-da","16":"pa_rezistent-la-inghet-da","17":"pa_utilizare-interior-exterior","19":"first","20":"instock","21":"purchasable","22":"product-type-simple"},"yoast_head":"<!-- This site is optimized with the Yoast SEO Premium plugin v21.6 (Yoast SEO v22.1) - https:\/\/yoast.com\/wordpress\/plugins\/seo\/ -->\n<title>Gresie Brainstorm Grey Lap 59.8x59.8cm - Edyceramic - magazin online<\/title>\n<meta name=\"robots\" content=\"index, follow, max-snippet:-1, max-image-preview:large, max-video-preview:-1\" \/>\n<link rel=\"canonical\" href=\"https:\/\/edyceramic-shop.ro\/en\/product\/gresie-brainstorm-grey-lap-59-8x59-8cm\/\" \/>\n<meta property=\"og:locale\" content=\"en_US\" \/>\n<meta property=\"og:type\" content=\"article\" \/>\n<meta property=\"og:title\" content=\"Gresie Brainstorm Grey Lap 59.8x59.8cm\" \/>\n<meta property=\"og:description\" content=\"Brainstorm este o colec\u021bie inovatoare care exploreaz\u0103 forme \u0219i texturi inspirate de metalul oxidat, oferind o estetic\u0103 urban\u0103, modern\u0103 \u0219i\" \/>\n<meta property=\"og:url\" content=\"https:\/\/edyceramic-shop.ro\/en\/product\/gresie-brainstorm-grey-lap-59-8x59-8cm\/\" \/>\n<meta property=\"og:site_name\" content=\"Edyceramic - magazin online\" \/>\n<meta property=\"article:modified_time\" content=\"2025-08-01T11:36:50+00:00\" \/>\n<meta property=\"og:image\" content=\"https:\/\/edyceramic-shop.ro\/wp-content\/uploads\/2024\/10\/brainstorm-grey-lap-porcelain-tile-tuba-1.webp\" \/>\n\t<meta property=\"og:image:width\" content=\"800\" \/>\n\t<meta property=\"og:image:height\" content=\"800\" \/>\n\t<meta property=\"og:image:type\" content=\"image\/webp\" \/>\n<meta name=\"twitter:card\" content=\"summary_large_image\" \/>\n<meta name=\"twitter:label1\" content=\"Price\" \/>\n\t<meta name=\"twitter:data1\" content=\"158,00&nbsp;lei\" \/>\n\t<meta name=\"twitter:label2\" content=\"Availability\" \/>\n\t<meta name=\"twitter:data2\" content=\"In stock\" \/>\n<script type=\"application\/ld+json\" class=\"yoast-schema-graph\">{\"@context\":\"https:\/\/schema.org\",\"@graph\":[{\"@type\":\"WebPage\",\"@id\":\"https:\/\/edyceramic-shop.ro\/produs\/gresie-brainstorm-grey-lap-59-8x59-8cm\/\",\"url\":\"https:\/\/edyceramic-shop.ro\/produs\/gresie-brainstorm-grey-lap-59-8x59-8cm\/\",\"name\":\"Gresie Brainstorm Grey Lap 59.8x59.8cm - Edyceramic - magazin online\",\"isPartOf\":{\"@id\":\"https:\/\/edyceramic-shop.ro\/ro\/#website\"},\"datePublished\":\"2024-10-30T12:20:51+00:00\",\"dateModified\":\"2025-08-01T11:36:50+00:00\",\"breadcrumb\":{\"@id\":\"https:\/\/edyceramic-shop.ro\/produs\/gresie-brainstorm-grey-lap-59-8x59-8cm\/#breadcrumb\"},\"inLanguage\":\"en-US\",\"potentialAction\":[{\"@type\":\"ReadAction\",\"target\":[\"https:\/\/edyceramic-shop.ro\/produs\/gresie-brainstorm-grey-lap-59-8x59-8cm\/\"]}]},{\"@type\":\"BreadcrumbList\",\"@id\":\"https:\/\/edyceramic-shop.ro\/produs\/gresie-brainstorm-grey-lap-59-8x59-8cm\/#breadcrumb\",\"itemListElement\":[{\"@type\":\"ListItem\",\"position\":1,\"name\":\"Home\",\"item\":\"https:\/\/edyceramic-shop.ro\/\"},{\"@type\":\"ListItem\",\"position\":2,\"name\":\"Shop\",\"item\":\"https:\/\/edyceramic-shop.ro\/ro\/shop\/\"},{\"@type\":\"ListItem\",\"position\":3,\"name\":\"Gresie Brainstorm Grey Lap 59.8&#215;59.8cm\"}]},{\"@type\":\"WebSite\",\"@id\":\"https:\/\/edyceramic-shop.ro\/ro\/#website\",\"url\":\"https:\/\/edyceramic-shop.ro\/ro\/\",\"name\":\"edyceramic.ro\",\"description\":\"\",\"publisher\":{\"@id\":\"https:\/\/edyceramic-shop.ro\/ro\/#organization\"},\"potentialAction\":[{\"@type\":\"SearchAction\",\"target\":{\"@type\":\"EntryPoint\",\"urlTemplate\":\"https:\/\/edyceramic-shop.ro\/ro\/?s={search_term_string}\"},\"query-input\":\"required name=search_term_string\"}],\"inLanguage\":\"en-US\"},{\"@type\":\"Organization\",\"@id\":\"https:\/\/edyceramic-shop.ro\/ro\/#organization\",\"name\":\"Edyceramic\",\"url\":\"https:\/\/edyceramic-shop.ro\/ro\/\",\"logo\":{\"@type\":\"ImageObject\",\"inLanguage\":\"en-US\",\"@id\":\"https:\/\/edyceramic-shop.ro\/ro\/#\/schema\/logo\/image\/\",\"url\":\"https:\/\/edyceramic-shop.ro\/wp-content\/uploads\/2024\/02\/Logo-EdyCeramic_2021-lung.png\",\"contentUrl\":\"https:\/\/edyceramic-shop.ro\/wp-content\/uploads\/2024\/02\/Logo-EdyCeramic_2021-lung.png\",\"width\":4491,\"height\":769,\"caption\":\"Edyceramic\"},\"image\":{\"@id\":\"https:\/\/edyceramic-shop.ro\/ro\/#\/schema\/logo\/image\/\"}}]}<\/script>\n<meta property=\"product:price:amount\" content=\"158.00\" \/>\n<meta property=\"product:price:currency\" content=\"RON\" \/>\n<meta property=\"og:availability\" content=\"instock\" \/>\n<meta property=\"product:availability\" content=\"instock\" \/>\n<meta property=\"product:retailer_item_id\" content=\"d55ac6842b4c\" \/>\n<meta property=\"product:condition\" content=\"new\" \/>\n<!-- \/ Yoast SEO Premium plugin. -->","yoast_head_json":{"title":"Gresie Brainstorm Grey Lap 59.8x59.8cm - Edyceramic - magazin online","robots":{"index":"index","follow":"follow","max-snippet":"max-snippet:-1","max-image-preview":"max-image-preview:large","max-video-preview":"max-video-preview:-1"},"canonical":"https:\/\/edyceramic-shop.ro\/en\/product\/gresie-brainstorm-grey-lap-59-8x59-8cm\/","og_locale":"en_US","og_type":"article","og_title":"Gresie Brainstorm Grey Lap 59.8x59.8cm","og_description":"Brainstorm este o colec\u021bie inovatoare care exploreaz\u0103 forme \u0219i texturi inspirate de metalul oxidat, oferind o estetic\u0103 urban\u0103, modern\u0103 \u0219i","og_url":"https:\/\/edyceramic-shop.ro\/en\/product\/gresie-brainstorm-grey-lap-59-8x59-8cm\/","og_site_name":"Edyceramic - magazin online","article_modified_time":"2025-08-01T11:36:50+00:00","og_image":[{"width":800,"height":800,"url":"https:\/\/edyceramic-shop.ro\/wp-content\/uploads\/2024\/10\/brainstorm-grey-lap-porcelain-tile-tuba-1.webp","type":"image\/webp"}],"twitter_card":"summary_large_image","twitter_misc":{"Price":"158,00&nbsp;lei","Availability":"In stock"},"schema":{"@context":"https:\/\/schema.org","@graph":[{"@type":"WebPage","@id":"https:\/\/edyceramic-shop.ro\/produs\/gresie-brainstorm-grey-lap-59-8x59-8cm\/","url":"https:\/\/edyceramic-shop.ro\/produs\/gresie-brainstorm-grey-lap-59-8x59-8cm\/","name":"Gresie Brainstorm Grey Lap 59.8x59.8cm - Edyceramic - magazin online","isPartOf":{"@id":"https:\/\/edyceramic-shop.ro\/ro\/#website"},"datePublished":"2024-10-30T12:20:51+00:00","dateModified":"2025-08-01T11:36:50+00:00","breadcrumb":{"@id":"https:\/\/edyceramic-shop.ro\/produs\/gresie-brainstorm-grey-lap-59-8x59-8cm\/#breadcrumb"},"inLanguage":"en-US","potentialAction":[{"@type":"ReadAction","target":["https:\/\/edyceramic-shop.ro\/produs\/gresie-brainstorm-grey-lap-59-8x59-8cm\/"]}]},{"@type":"BreadcrumbList","@id":"https:\/\/edyceramic-shop.ro\/produs\/gresie-brainstorm-grey-lap-59-8x59-8cm\/#breadcrumb","itemListElement":[{"@type":"ListItem","position":1,"name":"Home","item":"https:\/\/edyceramic-shop.ro\/"},{"@type":"ListItem","position":2,"name":"Shop","item":"https:\/\/edyceramic-shop.ro\/ro\/shop\/"},{"@type":"ListItem","position":3,"name":"Gresie Brainstorm Grey Lap 59.8&#215;59.8cm"}]},{"@type":"WebSite","@id":"https:\/\/edyceramic-shop.ro\/ro\/#website","url":"https:\/\/edyceramic-shop.ro\/ro\/","name":"edyceramic.ro","description":"","publisher":{"@id":"https:\/\/edyceramic-shop.ro\/ro\/#organization"},"potentialAction":[{"@type":"SearchAction","target":{"@type":"EntryPoint","urlTemplate":"https:\/\/edyceramic-shop.ro\/ro\/?s={search_term_string}"},"query-input":"required name=search_term_string"}],"inLanguage":"en-US"},{"@type":"Organization","@id":"https:\/\/edyceramic-shop.ro\/ro\/#organization","name":"Edyceramic","url":"https:\/\/edyceramic-shop.ro\/ro\/","logo":{"@type":"ImageObject","inLanguage":"en-US","@id":"https:\/\/edyceramic-shop.ro\/ro\/#\/schema\/logo\/image\/","url":"https:\/\/edyceramic-shop.ro\/wp-content\/uploads\/2024\/02\/Logo-EdyCeramic_2021-lung.png","contentUrl":"https:\/\/edyceramic-shop.ro\/wp-content\/uploads\/2024\/02\/Logo-EdyCeramic_2021-lung.png","width":4491,"height":769,"caption":"Edyceramic"},"image":{"@id":"https:\/\/edyceramic-shop.ro\/ro\/#\/schema\/logo\/image\/"}}]},"product_price_amount":"158.00","product_price_currency":"RON","og_availability":"instock","product_availability":"instock","product_retailer_item_id":"d55ac6842b4c","product_condition":"new"},"jetpack_sharing_enabled":true,"_links":{"self":[{"href":"https:\/\/edyceramic-shop.ro\/en\/wp-json\/wp\/v2\/product\/26165","targetHints":{"allow":["GET"]}}],"collection":[{"href":"https:\/\/edyceramic-shop.ro\/en\/wp-json\/wp\/v2\/product"}],"about":[{"href":"https:\/\/edyceramic-shop.ro\/en\/wp-json\/wp\/v2\/types\/product"}],"version-history":[{"count":1,"href":"https:\/\/edyceramic-shop.ro\/en\/wp-json\/wp\/v2\/product\/26165\/revisions"}],"predecessor-version":[{"id":26166,"href":"https:\/\/edyceramic-shop.ro\/en\/wp-json\/wp\/v2\/product\/26165\/revisions\/26166"}],"wp:featuredmedia":[{"embeddable":true,"href":"https:\/\/edyceramic-shop.ro\/en\/wp-json\/wp\/v2\/media\/24255"}],"wp:attachment":[{"href":"https:\/\/edyceramic-shop.ro\/en\/wp-json\/wp\/v2\/media?parent=26165"}],"wp:term":[{"taxonomy":"product_brand","embeddable":true,"href":"https:\/\/edyceramic-shop.ro\/en\/wp-json\/wp\/v2\/product_brand?post=26165"},{"taxonomy":"product_cat","embeddable":true,"href":"https:\/\/edyceramic-shop.ro\/en\/wp-json\/wp\/v2\/product_cat?post=26165"},{"taxonomy":"product_tag","embeddable":true,"href":"https:\/\/edyceramic-shop.ro\/en\/wp-json\/wp\/v2\/product_tag?post=26165"}],"curies":[{"name":"wp","href":"https:\/\/api.w.org\/{rel}","templated":true}]}}