{"id":26091,"date":"2024-10-30T14:19:53","date_gmt":"2024-10-30T12:19:53","guid":{"rendered":"https:\/\/edyceramic-shop.ro\/produs\/brau-timeless-white-3-32-8x16cm\/"},"modified":"2025-08-01T13:36:45","modified_gmt":"2025-08-01T11:36:45","slug":"brau-timeless-white-3-32-8x16cm","status":"publish","type":"product","link":"https:\/\/edyceramic-shop.ro\/en\/product\/brau-timeless-white-3-32-8x16cm\/","title":{"rendered":"Brau Timeless White 3 32.8x16cm"},"content":{"rendered":"<p>Colectia Timeless de la Tubadzin este o linie de gresie si faianta care aduce \u00een prim-plan elegan\u021ba \u0219i rafinamentul. Inspirat\u0103 din elementele naturale \u0219i din estetica minimalist\u0103, aceast\u0103 colec\u021bie se remarc\u0103 prin texturi subtile \u0219i culori neutre, ce ofer\u0103 o atmosfer\u0103 cald\u0103 \u0219i primitoare.<\/p>\n<p>Main features:<br \/>\nDesign Elegant: Fiecare plac\u0103 este conceput\u0103 pentru a aduce un aspect modern \u0219i sofisticat, potrivit pentru orice tip de spa\u021biu, de la b\u0103i \u0219i buc\u0103t\u0103rii p\u00e2n\u0103 la zone de living.<br \/>\nPalet\u0103 de Culori: Culorile variaz\u0103 de la nuan\u021be de alb \u0219i gri la tonuri mai calde, cum ar fi bejul sau nuan\u021bele de piatr\u0103, toate av\u00e2nd un finisaj mat sau semi-mat, care adaug\u0103 un plus de rafinament.<br \/>\nTexturi Naturale: Colectia imit\u0103 aspectul pietrei naturale, lemnului sau al altor materiale organice, cre\u00e2nd o leg\u0103tur\u0103 \u00eentre interior \u0219i exterior.<br \/>\nVersatilitate: Pl\u0103cile din aceast\u0103 colec\u021bie sunt ideale pentru a fi utilizate at\u00e2t pe pere\u021bi, c\u00e2t \u0219i pe podele, fiind u\u0219or de integrat \u00een diverse stiluri de design interior.<br \/>\nDurabilitate: Produsele Tubadzin sunt cunoscute pentru rezisten\u021ba lor, fiind realizate din materiale de \u00eenalt\u0103 calitate, ce asigur\u0103 o utilizare pe termen lung.<br \/>\nUtilizare:<br \/>\nColectia Timeless este ideal\u0103 pentru cei care caut\u0103 solu\u021bii estetice \u0219i func\u021bionale, oferind un spa\u021biu elegant \u0219i confortabil. Indiferent dac\u0103 vrei s\u0103 creezi un col\u021b de relaxare \u00een baie sau s\u0103 \u00eembun\u0103t\u0103\u021be\u0219ti aspectul buc\u0103t\u0103riei, aceast\u0103 colec\u021bie este o alegere excelent\u0103.<\/p>\n<p>\u00cen concluzie, Timeless de la Tubadzin reprezint\u0103 o combina\u021bie perfect\u0103 \u00eentre estetic\u0103, func\u021bionalitate \u0219i durabilitate, fiind o alegere inspirat\u0103 pentru orice proiect de design interior.<\/p>","protected":false},"excerpt":{"rendered":"<p>Colectia Timeless de la Tubadzin este o linie de gresie si faianta care aduce \u00een prim-plan elegan\u021ba \u0219i rafinamentul. Inspirat\u0103<\/p>","protected":false},"featured_media":24240,"template":"","meta":[],"product_brand":[],"product_cat":[467,302],"product_tag":[],"class_list":{"0":"post-26091","1":"product","2":"type-product","3":"status-publish","4":"has-post-thumbnail","6":"product_cat-gresie-si-faianta","7":"product_cat-faianta","8":"pa_ambalare-tubadzin","9":"pa_calitatea-1091","10":"pa_colectie-timeless","11":"pa_dimensiune-32-8x16cm","12":"pa_fabrica-tubadzin","13":"pa_finisaj-mat","14":"pa_rectificat-nu","15":"pa_rezistent-la-inghet-nu","16":"pa_utilizare-interior","18":"first","19":"instock","20":"purchasable","21":"product-type-simple"},"yoast_head":"<!-- This site is optimized with the Yoast SEO Premium plugin v21.6 (Yoast SEO v22.1) - https:\/\/yoast.com\/wordpress\/plugins\/seo\/ -->\n<title>Brau Timeless White 3 32.8x16cm - Edyceramic - magazin online<\/title>\n<meta name=\"robots\" content=\"index, follow, max-snippet:-1, max-image-preview:large, max-video-preview:-1\" \/>\n<link rel=\"canonical\" href=\"https:\/\/edyceramic-shop.ro\/en\/product\/brau-timeless-white-3-32-8x16cm\/\" \/>\n<meta property=\"og:locale\" content=\"en_US\" \/>\n<meta property=\"og:type\" content=\"article\" \/>\n<meta property=\"og:title\" content=\"Brau Timeless White 3 32.8x16cm\" \/>\n<meta property=\"og:description\" content=\"Colectia Timeless de la Tubadzin este o linie de gresie si faianta care aduce \u00een prim-plan elegan\u021ba \u0219i rafinamentul. Inspirat\u0103\" \/>\n<meta property=\"og:url\" content=\"https:\/\/edyceramic-shop.ro\/en\/product\/brau-timeless-white-3-32-8x16cm\/\" \/>\n<meta property=\"og:site_name\" content=\"Edyceramic - magazin online\" \/>\n<meta property=\"article:modified_time\" content=\"2025-08-01T11:36:45+00:00\" \/>\n<meta property=\"og:image\" content=\"https:\/\/edyceramic-shop.ro\/wp-content\/uploads\/2024\/10\/timeless-white-str-wall-tile-2.webp\" \/>\n\t<meta property=\"og:image:width\" content=\"1200\" \/>\n\t<meta property=\"og:image:height\" content=\"900\" \/>\n\t<meta property=\"og:image:type\" content=\"image\/webp\" \/>\n<meta name=\"twitter:card\" content=\"summary_large_image\" \/>\n<meta name=\"twitter:label1\" content=\"Price\" \/>\n\t<meta name=\"twitter:data1\" content=\"64,00&nbsp;lei\" \/>\n\t<meta name=\"twitter:label2\" content=\"Availability\" \/>\n\t<meta name=\"twitter:data2\" content=\"In stock\" \/>\n<script type=\"application\/ld+json\" class=\"yoast-schema-graph\">{\"@context\":\"https:\/\/schema.org\",\"@graph\":[{\"@type\":\"WebPage\",\"@id\":\"https:\/\/edyceramic-shop.ro\/produs\/brau-timeless-white-3-32-8x16cm\/\",\"url\":\"https:\/\/edyceramic-shop.ro\/produs\/brau-timeless-white-3-32-8x16cm\/\",\"name\":\"Brau Timeless White 3 32.8x16cm - Edyceramic - magazin online\",\"isPartOf\":{\"@id\":\"https:\/\/edyceramic-shop.ro\/ro\/#website\"},\"datePublished\":\"2024-10-30T12:19:53+00:00\",\"dateModified\":\"2025-08-01T11:36:45+00:00\",\"breadcrumb\":{\"@id\":\"https:\/\/edyceramic-shop.ro\/produs\/brau-timeless-white-3-32-8x16cm\/#breadcrumb\"},\"inLanguage\":\"en-US\",\"potentialAction\":[{\"@type\":\"ReadAction\",\"target\":[\"https:\/\/edyceramic-shop.ro\/produs\/brau-timeless-white-3-32-8x16cm\/\"]}]},{\"@type\":\"BreadcrumbList\",\"@id\":\"https:\/\/edyceramic-shop.ro\/produs\/brau-timeless-white-3-32-8x16cm\/#breadcrumb\",\"itemListElement\":[{\"@type\":\"ListItem\",\"position\":1,\"name\":\"Home\",\"item\":\"https:\/\/edyceramic-shop.ro\/\"},{\"@type\":\"ListItem\",\"position\":2,\"name\":\"Shop\",\"item\":\"https:\/\/edyceramic-shop.ro\/ro\/shop\/\"},{\"@type\":\"ListItem\",\"position\":3,\"name\":\"Brau Timeless White 3 32.8x16cm\"}]},{\"@type\":\"WebSite\",\"@id\":\"https:\/\/edyceramic-shop.ro\/ro\/#website\",\"url\":\"https:\/\/edyceramic-shop.ro\/ro\/\",\"name\":\"edyceramic.ro\",\"description\":\"\",\"publisher\":{\"@id\":\"https:\/\/edyceramic-shop.ro\/ro\/#organization\"},\"potentialAction\":[{\"@type\":\"SearchAction\",\"target\":{\"@type\":\"EntryPoint\",\"urlTemplate\":\"https:\/\/edyceramic-shop.ro\/ro\/?s={search_term_string}\"},\"query-input\":\"required name=search_term_string\"}],\"inLanguage\":\"en-US\"},{\"@type\":\"Organization\",\"@id\":\"https:\/\/edyceramic-shop.ro\/ro\/#organization\",\"name\":\"Edyceramic\",\"url\":\"https:\/\/edyceramic-shop.ro\/ro\/\",\"logo\":{\"@type\":\"ImageObject\",\"inLanguage\":\"en-US\",\"@id\":\"https:\/\/edyceramic-shop.ro\/ro\/#\/schema\/logo\/image\/\",\"url\":\"https:\/\/edyceramic-shop.ro\/wp-content\/uploads\/2024\/02\/Logo-EdyCeramic_2021-lung.png\",\"contentUrl\":\"https:\/\/edyceramic-shop.ro\/wp-content\/uploads\/2024\/02\/Logo-EdyCeramic_2021-lung.png\",\"width\":4491,\"height\":769,\"caption\":\"Edyceramic\"},\"image\":{\"@id\":\"https:\/\/edyceramic-shop.ro\/ro\/#\/schema\/logo\/image\/\"}}]}<\/script>\n<meta property=\"product:price:amount\" content=\"64.00\" \/>\n<meta property=\"product:price:currency\" content=\"RON\" \/>\n<meta property=\"og:availability\" content=\"instock\" \/>\n<meta property=\"product:availability\" content=\"instock\" \/>\n<meta property=\"product:retailer_item_id\" content=\"e5da8358c522\" \/>\n<meta property=\"product:condition\" content=\"new\" \/>\n<!-- \/ Yoast SEO Premium plugin. -->","yoast_head_json":{"title":"Brau Timeless White 3 32.8x16cm - Edyceramic - magazin online","robots":{"index":"index","follow":"follow","max-snippet":"max-snippet:-1","max-image-preview":"max-image-preview:large","max-video-preview":"max-video-preview:-1"},"canonical":"https:\/\/edyceramic-shop.ro\/en\/product\/brau-timeless-white-3-32-8x16cm\/","og_locale":"en_US","og_type":"article","og_title":"Brau Timeless White 3 32.8x16cm","og_description":"Colectia Timeless de la Tubadzin este o linie de gresie si faianta care aduce \u00een prim-plan elegan\u021ba \u0219i rafinamentul. Inspirat\u0103","og_url":"https:\/\/edyceramic-shop.ro\/en\/product\/brau-timeless-white-3-32-8x16cm\/","og_site_name":"Edyceramic - magazin online","article_modified_time":"2025-08-01T11:36:45+00:00","og_image":[{"width":1200,"height":900,"url":"https:\/\/edyceramic-shop.ro\/wp-content\/uploads\/2024\/10\/timeless-white-str-wall-tile-2.webp","type":"image\/webp"}],"twitter_card":"summary_large_image","twitter_misc":{"Price":"64,00&nbsp;lei","Availability":"In stock"},"schema":{"@context":"https:\/\/schema.org","@graph":[{"@type":"WebPage","@id":"https:\/\/edyceramic-shop.ro\/produs\/brau-timeless-white-3-32-8x16cm\/","url":"https:\/\/edyceramic-shop.ro\/produs\/brau-timeless-white-3-32-8x16cm\/","name":"Brau Timeless White 3 32.8x16cm - Edyceramic - magazin online","isPartOf":{"@id":"https:\/\/edyceramic-shop.ro\/ro\/#website"},"datePublished":"2024-10-30T12:19:53+00:00","dateModified":"2025-08-01T11:36:45+00:00","breadcrumb":{"@id":"https:\/\/edyceramic-shop.ro\/produs\/brau-timeless-white-3-32-8x16cm\/#breadcrumb"},"inLanguage":"en-US","potentialAction":[{"@type":"ReadAction","target":["https:\/\/edyceramic-shop.ro\/produs\/brau-timeless-white-3-32-8x16cm\/"]}]},{"@type":"BreadcrumbList","@id":"https:\/\/edyceramic-shop.ro\/produs\/brau-timeless-white-3-32-8x16cm\/#breadcrumb","itemListElement":[{"@type":"ListItem","position":1,"name":"Home","item":"https:\/\/edyceramic-shop.ro\/"},{"@type":"ListItem","position":2,"name":"Shop","item":"https:\/\/edyceramic-shop.ro\/ro\/shop\/"},{"@type":"ListItem","position":3,"name":"Brau Timeless White 3 32.8x16cm"}]},{"@type":"WebSite","@id":"https:\/\/edyceramic-shop.ro\/ro\/#website","url":"https:\/\/edyceramic-shop.ro\/ro\/","name":"edyceramic.ro","description":"","publisher":{"@id":"https:\/\/edyceramic-shop.ro\/ro\/#organization"},"potentialAction":[{"@type":"SearchAction","target":{"@type":"EntryPoint","urlTemplate":"https:\/\/edyceramic-shop.ro\/ro\/?s={search_term_string}"},"query-input":"required name=search_term_string"}],"inLanguage":"en-US"},{"@type":"Organization","@id":"https:\/\/edyceramic-shop.ro\/ro\/#organization","name":"Edyceramic","url":"https:\/\/edyceramic-shop.ro\/ro\/","logo":{"@type":"ImageObject","inLanguage":"en-US","@id":"https:\/\/edyceramic-shop.ro\/ro\/#\/schema\/logo\/image\/","url":"https:\/\/edyceramic-shop.ro\/wp-content\/uploads\/2024\/02\/Logo-EdyCeramic_2021-lung.png","contentUrl":"https:\/\/edyceramic-shop.ro\/wp-content\/uploads\/2024\/02\/Logo-EdyCeramic_2021-lung.png","width":4491,"height":769,"caption":"Edyceramic"},"image":{"@id":"https:\/\/edyceramic-shop.ro\/ro\/#\/schema\/logo\/image\/"}}]},"product_price_amount":"64.00","product_price_currency":"RON","og_availability":"instock","product_availability":"instock","product_retailer_item_id":"e5da8358c522","product_condition":"new"},"jetpack_sharing_enabled":true,"_links":{"self":[{"href":"https:\/\/edyceramic-shop.ro\/en\/wp-json\/wp\/v2\/product\/26091","targetHints":{"allow":["GET"]}}],"collection":[{"href":"https:\/\/edyceramic-shop.ro\/en\/wp-json\/wp\/v2\/product"}],"about":[{"href":"https:\/\/edyceramic-shop.ro\/en\/wp-json\/wp\/v2\/types\/product"}],"version-history":[{"count":1,"href":"https:\/\/edyceramic-shop.ro\/en\/wp-json\/wp\/v2\/product\/26091\/revisions"}],"predecessor-version":[{"id":26092,"href":"https:\/\/edyceramic-shop.ro\/en\/wp-json\/wp\/v2\/product\/26091\/revisions\/26092"}],"wp:featuredmedia":[{"embeddable":true,"href":"https:\/\/edyceramic-shop.ro\/en\/wp-json\/wp\/v2\/media\/24240"}],"wp:attachment":[{"href":"https:\/\/edyceramic-shop.ro\/en\/wp-json\/wp\/v2\/media?parent=26091"}],"wp:term":[{"taxonomy":"product_brand","embeddable":true,"href":"https:\/\/edyceramic-shop.ro\/en\/wp-json\/wp\/v2\/product_brand?post=26091"},{"taxonomy":"product_cat","embeddable":true,"href":"https:\/\/edyceramic-shop.ro\/en\/wp-json\/wp\/v2\/product_cat?post=26091"},{"taxonomy":"product_tag","embeddable":true,"href":"https:\/\/edyceramic-shop.ro\/en\/wp-json\/wp\/v2\/product_tag?post=26091"}],"curies":[{"name":"wp","href":"https:\/\/api.w.org\/{rel}","templated":true}]}}