{"id":2542,"date":"2024-06-26T08:24:38","date_gmt":"2024-06-26T08:24:38","guid":{"rendered":"https:\/\/edyceramic-shop.ro\/product\/veioza-maytoni-grace-alb-patina-aur-textil-alb-1xe14\/"},"modified":"2025-08-01T13:31:30","modified_gmt":"2025-08-01T11:31:30","slug":"veioza-maytoni-grace-alb-patina-aur-textil-alb-1xe14","status":"publish","type":"product","link":"https:\/\/edyceramic-shop.ro\/en\/product\/veioza-maytoni-grace-alb-patina-aur-textil-alb-1xe14\/","title":{"rendered":"Veioza Maytoni Grace, alb patina aur, textil alb, 1XE14"},"content":{"rendered":"<p>Veioz\u0103 clasic\u0103 pentru interior, cu structur\u0103 din metal finisat alb cu patin\u0103 aur, abajur din organza alb\u0103 cu margine brodat\u0103 \u0219i decora\u021biune din cristal.<\/p>","protected":false},"excerpt":{"rendered":"<p>Veioz\u0103 clasic\u0103 pentru interior, cu structur\u0103 din metal finisat alb cu patin\u0103 aur, abajur din organza alb\u0103 cu margine brodat\u0103<\/p>","protected":false},"featured_media":2544,"template":"","meta":[],"product_brand":[],"product_cat":[392,397,391],"product_tag":[],"class_list":{"0":"post-2542","1":"product","2":"type-product","3":"status-publish","4":"has-post-thumbnail","6":"product_cat-iluminat-interior","7":"product_cat-veioze","8":"product_cat-corpuri-de-iluminat","9":"pa_colectie-grace","10":"pa_fabrica-maytoni","11":"pa_inaltime-60cm","12":"pa_numar-surse-798","13":"pa_tip-sursa-e14","15":"first","16":"instock","17":"purchasable","18":"product-type-simple"},"yoast_head":"<!-- This site is optimized with the Yoast SEO Premium plugin v21.6 (Yoast SEO v22.1) - https:\/\/yoast.com\/wordpress\/plugins\/seo\/ -->\n<title>Veioza Maytoni Grace, alb patina aur, textil alb, 1XE14 - Edyceramic - magazin online<\/title>\n<meta name=\"robots\" content=\"index, follow, max-snippet:-1, max-image-preview:large, max-video-preview:-1\" \/>\n<link rel=\"canonical\" href=\"https:\/\/edyceramic-shop.ro\/en\/product\/veioza-maytoni-grace-alb-patina-aur-textil-alb-1xe14\/\" \/>\n<meta property=\"og:locale\" content=\"en_US\" \/>\n<meta property=\"og:type\" content=\"article\" \/>\n<meta property=\"og:title\" content=\"Veioza Maytoni Grace, alb patina aur, textil alb, 1XE14\" \/>\n<meta property=\"og:description\" content=\"Veioz\u0103 clasic\u0103 pentru interior, cu structur\u0103 din metal finisat alb cu patin\u0103 aur, abajur din organza alb\u0103 cu margine brodat\u0103\" \/>\n<meta property=\"og:url\" content=\"https:\/\/edyceramic-shop.ro\/en\/product\/veioza-maytoni-grace-alb-patina-aur-textil-alb-1xe14\/\" \/>\n<meta property=\"og:site_name\" content=\"Edyceramic - magazin online\" \/>\n<meta property=\"article:modified_time\" content=\"2025-08-01T11:31:30+00:00\" \/>\n<meta property=\"og:image\" content=\"https:\/\/edyceramic-shop.ro\/wp-content\/uploads\/2024\/06\/ARM247-00-G-550x550h1.jpg\" \/>\n\t<meta property=\"og:image:width\" content=\"550\" \/>\n\t<meta property=\"og:image:height\" content=\"550\" \/>\n\t<meta property=\"og:image:type\" content=\"image\/jpeg\" \/>\n<meta name=\"twitter:card\" content=\"summary_large_image\" \/>\n<meta name=\"twitter:label1\" content=\"Price\" \/>\n\t<meta name=\"twitter:data1\" content=\"720,00&nbsp;lei\" \/>\n\t<meta name=\"twitter:label2\" content=\"Availability\" \/>\n\t<meta name=\"twitter:data2\" content=\"In stock\" \/>\n<script type=\"application\/ld+json\" class=\"yoast-schema-graph\">{\"@context\":\"https:\/\/schema.org\",\"@graph\":[{\"@type\":\"WebPage\",\"@id\":\"https:\/\/edyceramic-shop.ro\/produs\/veioza-maytoni-grace-alb-patina-aur-textil-alb-1xe14\/\",\"url\":\"https:\/\/edyceramic-shop.ro\/produs\/veioza-maytoni-grace-alb-patina-aur-textil-alb-1xe14\/\",\"name\":\"Veioza Maytoni Grace, alb patina aur, textil alb, 1XE14 - Edyceramic - magazin online\",\"isPartOf\":{\"@id\":\"https:\/\/edyceramic-shop.ro\/ro\/#website\"},\"datePublished\":\"2024-06-26T08:24:38+00:00\",\"dateModified\":\"2025-08-01T11:31:30+00:00\",\"breadcrumb\":{\"@id\":\"https:\/\/edyceramic-shop.ro\/produs\/veioza-maytoni-grace-alb-patina-aur-textil-alb-1xe14\/#breadcrumb\"},\"inLanguage\":\"en-US\",\"potentialAction\":[{\"@type\":\"ReadAction\",\"target\":[\"https:\/\/edyceramic-shop.ro\/produs\/veioza-maytoni-grace-alb-patina-aur-textil-alb-1xe14\/\"]}]},{\"@type\":\"BreadcrumbList\",\"@id\":\"https:\/\/edyceramic-shop.ro\/produs\/veioza-maytoni-grace-alb-patina-aur-textil-alb-1xe14\/#breadcrumb\",\"itemListElement\":[{\"@type\":\"ListItem\",\"position\":1,\"name\":\"Home\",\"item\":\"https:\/\/edyceramic-shop.ro\/\"},{\"@type\":\"ListItem\",\"position\":2,\"name\":\"Shop\",\"item\":\"https:\/\/edyceramic-shop.ro\/ro\/shop\/\"},{\"@type\":\"ListItem\",\"position\":3,\"name\":\"Veioza Maytoni Grace, alb patina aur, textil alb, 1XE14\"}]},{\"@type\":\"WebSite\",\"@id\":\"https:\/\/edyceramic-shop.ro\/ro\/#website\",\"url\":\"https:\/\/edyceramic-shop.ro\/ro\/\",\"name\":\"edyceramic.ro\",\"description\":\"\",\"publisher\":{\"@id\":\"https:\/\/edyceramic-shop.ro\/ro\/#organization\"},\"potentialAction\":[{\"@type\":\"SearchAction\",\"target\":{\"@type\":\"EntryPoint\",\"urlTemplate\":\"https:\/\/edyceramic-shop.ro\/ro\/?s={search_term_string}\"},\"query-input\":\"required name=search_term_string\"}],\"inLanguage\":\"en-US\"},{\"@type\":\"Organization\",\"@id\":\"https:\/\/edyceramic-shop.ro\/ro\/#organization\",\"name\":\"Edyceramic\",\"url\":\"https:\/\/edyceramic-shop.ro\/ro\/\",\"logo\":{\"@type\":\"ImageObject\",\"inLanguage\":\"en-US\",\"@id\":\"https:\/\/edyceramic-shop.ro\/ro\/#\/schema\/logo\/image\/\",\"url\":\"https:\/\/edyceramic-shop.ro\/wp-content\/uploads\/2024\/02\/Logo-EdyCeramic_2021-lung.png\",\"contentUrl\":\"https:\/\/edyceramic-shop.ro\/wp-content\/uploads\/2024\/02\/Logo-EdyCeramic_2021-lung.png\",\"width\":4491,\"height\":769,\"caption\":\"Edyceramic\"},\"image\":{\"@id\":\"https:\/\/edyceramic-shop.ro\/ro\/#\/schema\/logo\/image\/\"}}]}<\/script>\n<meta property=\"product:price:amount\" content=\"720.00\" \/>\n<meta property=\"product:price:currency\" content=\"RON\" \/>\n<meta property=\"og:availability\" content=\"instock\" \/>\n<meta property=\"product:availability\" content=\"instock\" \/>\n<meta property=\"product:retailer_item_id\" content=\"790d68c90ca5\" \/>\n<meta property=\"product:condition\" content=\"new\" \/>\n<!-- \/ Yoast SEO Premium plugin. -->","yoast_head_json":{"title":"Veioza Maytoni Grace, alb patina aur, textil alb, 1XE14 - Edyceramic - magazin online","robots":{"index":"index","follow":"follow","max-snippet":"max-snippet:-1","max-image-preview":"max-image-preview:large","max-video-preview":"max-video-preview:-1"},"canonical":"https:\/\/edyceramic-shop.ro\/en\/product\/veioza-maytoni-grace-alb-patina-aur-textil-alb-1xe14\/","og_locale":"en_US","og_type":"article","og_title":"Veioza Maytoni Grace, alb patina aur, textil alb, 1XE14","og_description":"Veioz\u0103 clasic\u0103 pentru interior, cu structur\u0103 din metal finisat alb cu patin\u0103 aur, abajur din organza alb\u0103 cu margine brodat\u0103","og_url":"https:\/\/edyceramic-shop.ro\/en\/product\/veioza-maytoni-grace-alb-patina-aur-textil-alb-1xe14\/","og_site_name":"Edyceramic - magazin online","article_modified_time":"2025-08-01T11:31:30+00:00","og_image":[{"width":550,"height":550,"url":"https:\/\/edyceramic-shop.ro\/wp-content\/uploads\/2024\/06\/ARM247-00-G-550x550h1.jpg","type":"image\/jpeg"}],"twitter_card":"summary_large_image","twitter_misc":{"Price":"720,00&nbsp;lei","Availability":"In stock"},"schema":{"@context":"https:\/\/schema.org","@graph":[{"@type":"WebPage","@id":"https:\/\/edyceramic-shop.ro\/produs\/veioza-maytoni-grace-alb-patina-aur-textil-alb-1xe14\/","url":"https:\/\/edyceramic-shop.ro\/produs\/veioza-maytoni-grace-alb-patina-aur-textil-alb-1xe14\/","name":"Veioza Maytoni Grace, alb patina aur, textil alb, 1XE14 - Edyceramic - magazin online","isPartOf":{"@id":"https:\/\/edyceramic-shop.ro\/ro\/#website"},"datePublished":"2024-06-26T08:24:38+00:00","dateModified":"2025-08-01T11:31:30+00:00","breadcrumb":{"@id":"https:\/\/edyceramic-shop.ro\/produs\/veioza-maytoni-grace-alb-patina-aur-textil-alb-1xe14\/#breadcrumb"},"inLanguage":"en-US","potentialAction":[{"@type":"ReadAction","target":["https:\/\/edyceramic-shop.ro\/produs\/veioza-maytoni-grace-alb-patina-aur-textil-alb-1xe14\/"]}]},{"@type":"BreadcrumbList","@id":"https:\/\/edyceramic-shop.ro\/produs\/veioza-maytoni-grace-alb-patina-aur-textil-alb-1xe14\/#breadcrumb","itemListElement":[{"@type":"ListItem","position":1,"name":"Home","item":"https:\/\/edyceramic-shop.ro\/"},{"@type":"ListItem","position":2,"name":"Shop","item":"https:\/\/edyceramic-shop.ro\/ro\/shop\/"},{"@type":"ListItem","position":3,"name":"Veioza Maytoni Grace, alb patina aur, textil alb, 1XE14"}]},{"@type":"WebSite","@id":"https:\/\/edyceramic-shop.ro\/ro\/#website","url":"https:\/\/edyceramic-shop.ro\/ro\/","name":"edyceramic.ro","description":"","publisher":{"@id":"https:\/\/edyceramic-shop.ro\/ro\/#organization"},"potentialAction":[{"@type":"SearchAction","target":{"@type":"EntryPoint","urlTemplate":"https:\/\/edyceramic-shop.ro\/ro\/?s={search_term_string}"},"query-input":"required name=search_term_string"}],"inLanguage":"en-US"},{"@type":"Organization","@id":"https:\/\/edyceramic-shop.ro\/ro\/#organization","name":"Edyceramic","url":"https:\/\/edyceramic-shop.ro\/ro\/","logo":{"@type":"ImageObject","inLanguage":"en-US","@id":"https:\/\/edyceramic-shop.ro\/ro\/#\/schema\/logo\/image\/","url":"https:\/\/edyceramic-shop.ro\/wp-content\/uploads\/2024\/02\/Logo-EdyCeramic_2021-lung.png","contentUrl":"https:\/\/edyceramic-shop.ro\/wp-content\/uploads\/2024\/02\/Logo-EdyCeramic_2021-lung.png","width":4491,"height":769,"caption":"Edyceramic"},"image":{"@id":"https:\/\/edyceramic-shop.ro\/ro\/#\/schema\/logo\/image\/"}}]},"product_price_amount":"720.00","product_price_currency":"RON","og_availability":"instock","product_availability":"instock","product_retailer_item_id":"790d68c90ca5","product_condition":"new"},"jetpack_sharing_enabled":true,"_links":{"self":[{"href":"https:\/\/edyceramic-shop.ro\/en\/wp-json\/wp\/v2\/product\/2542","targetHints":{"allow":["GET"]}}],"collection":[{"href":"https:\/\/edyceramic-shop.ro\/en\/wp-json\/wp\/v2\/product"}],"about":[{"href":"https:\/\/edyceramic-shop.ro\/en\/wp-json\/wp\/v2\/types\/product"}],"version-history":[{"count":0,"href":"https:\/\/edyceramic-shop.ro\/en\/wp-json\/wp\/v2\/product\/2542\/revisions"}],"wp:featuredmedia":[{"embeddable":true,"href":"https:\/\/edyceramic-shop.ro\/en\/wp-json\/wp\/v2\/media\/2544"}],"wp:attachment":[{"href":"https:\/\/edyceramic-shop.ro\/en\/wp-json\/wp\/v2\/media?parent=2542"}],"wp:term":[{"taxonomy":"product_brand","embeddable":true,"href":"https:\/\/edyceramic-shop.ro\/en\/wp-json\/wp\/v2\/product_brand?post=2542"},{"taxonomy":"product_cat","embeddable":true,"href":"https:\/\/edyceramic-shop.ro\/en\/wp-json\/wp\/v2\/product_cat?post=2542"},{"taxonomy":"product_tag","embeddable":true,"href":"https:\/\/edyceramic-shop.ro\/en\/wp-json\/wp\/v2\/product_tag?post=2542"}],"curies":[{"name":"wp","href":"https:\/\/api.w.org\/{rel}","templated":true}]}}