{"id":24100,"date":"2024-10-29T13:39:45","date_gmt":"2024-10-29T11:39:45","guid":{"rendered":"https:\/\/edyceramic-shop.ro\/produs\/piatra-decorativa-modulo-multicolor-quartzite-rusty\/"},"modified":"2025-08-01T13:36:40","modified_gmt":"2025-08-01T11:36:40","slug":"piatra-decorativa-modulo-multicolor-quartzite-rusty","status":"publish","type":"product","link":"https:\/\/edyceramic-shop.ro\/en\/product\/piatra-decorativa-modulo-multicolor-quartzite-rusty\/","title":{"rendered":"Piatr\u0103 decorativ\u0103 Modulo Multicolor Quartzite Rusty"},"content":{"rendered":"<p>Confec\u021bionat\u0103 din piatr\u0103 autentic\u0103, se remarc\u0103 prin calitatea de neegalat, prin durabilitate \u0219i prin aspectul impun\u0103tor.<\/p>\n<p>Piatra natural\u0103 Multicolor Quartzite Rusty are o palet\u0103 de culori impresionant\u0103, inspirat\u0103 din nuan\u021bele dramatice ale ardeziei \u0219i accentuat\u0103 de tonurile de chihlimbar ale fierului oxidat combinate cu tonurile de gri deschis. Astfel, ob\u021bii un rezultat modern, elegant \u0219i un punct natural de interes care nu va trece neobservat.<\/p>\n<p>Datorit\u0103 flexibilit\u0103\u021bii sistemului nostru de montare, po\u021bi utiliza piatra natural\u0103 Multicolor Quartzite Rusty oriunde. O po\u021bi folosi ca s\u0103 transformi complet aspectul exterior al casei tale, s\u0103 creezi un impact puternic \u00een living sau s\u0103 sco\u021bi \u00een eviden\u021b\u0103 \u0219emineul. Alegerile sunt nelimitate.<\/p>","protected":false},"excerpt":{"rendered":"<p>Confec\u021bionat\u0103 din piatr\u0103 autentic\u0103, se remarc\u0103 prin calitatea de neegalat, prin durabilitate \u0219i prin aspectul impun\u0103tor. Piatra natural\u0103 Multicolor Quartzite<\/p>","protected":false},"featured_media":23732,"template":"","meta":[],"product_brand":[],"product_cat":[467,305],"product_tag":[],"class_list":{"0":"post-24100","1":"product","2":"type-product","3":"status-publish","4":"has-post-thumbnail","6":"product_cat-gresie-si-faianta","7":"product_cat-piatra-decorativa","8":"pa_ambalare-0-68m2-cutie","9":"pa_dimensiune-40x10cm","10":"pa_fabrica-modulo","11":"pa_finisaj-2823","12":"pa_numar-de-placi-in-pachet-2822","13":"pa_rezistent-la-inghet-da","14":"pa_utilizabil-pe-semineu-da","15":"pa_utilizare-interior-exterior","17":"first","18":"instock","19":"purchasable","20":"product-type-simple"},"yoast_head":"<!-- This site is optimized with the Yoast SEO Premium plugin v21.6 (Yoast SEO v22.1) - https:\/\/yoast.com\/wordpress\/plugins\/seo\/ -->\n<title>Piatr\u0103 decorativ\u0103 Modulo Multicolor Quartzite Rusty - Edyceramic - magazin online<\/title>\n<meta name=\"robots\" content=\"index, follow, max-snippet:-1, max-image-preview:large, max-video-preview:-1\" \/>\n<link rel=\"canonical\" href=\"https:\/\/edyceramic-shop.ro\/en\/product\/piatra-decorativa-modulo-multicolor-quartzite-rusty\/\" \/>\n<meta property=\"og:locale\" content=\"en_US\" \/>\n<meta property=\"og:type\" content=\"article\" \/>\n<meta property=\"og:title\" content=\"Piatr\u0103 decorativ\u0103 Modulo Multicolor Quartzite Rusty\" \/>\n<meta property=\"og:description\" content=\"Confec\u021bionat\u0103 din piatr\u0103 autentic\u0103, se remarc\u0103 prin calitatea de neegalat, prin durabilitate \u0219i prin aspectul impun\u0103tor. Piatra natural\u0103 Multicolor Quartzite\" \/>\n<meta property=\"og:url\" content=\"https:\/\/edyceramic-shop.ro\/en\/product\/piatra-decorativa-modulo-multicolor-quartzite-rusty\/\" \/>\n<meta property=\"og:site_name\" content=\"Edyceramic - magazin online\" \/>\n<meta property=\"article:modified_time\" content=\"2025-08-01T11:36:40+00:00\" \/>\n<meta property=\"og:image\" content=\"https:\/\/edyceramic-shop.ro\/wp-content\/uploads\/2024\/10\/natimur-slim-rusty-ambiance-int-1200x800-1.webp\" \/>\n\t<meta property=\"og:image:width\" content=\"1200\" \/>\n\t<meta property=\"og:image:height\" content=\"800\" \/>\n\t<meta property=\"og:image:type\" content=\"image\/webp\" \/>\n<meta name=\"twitter:card\" content=\"summary_large_image\" \/>\n<meta name=\"twitter:label1\" content=\"Price\" \/>\n\t<meta name=\"twitter:data1\" content=\"233,00&nbsp;lei\" \/>\n\t<meta name=\"twitter:label2\" content=\"Availability\" \/>\n\t<meta name=\"twitter:data2\" content=\"In stock\" \/>\n<script type=\"application\/ld+json\" class=\"yoast-schema-graph\">{\"@context\":\"https:\/\/schema.org\",\"@graph\":[{\"@type\":\"WebPage\",\"@id\":\"https:\/\/edyceramic-shop.ro\/produs\/piatra-decorativa-modulo-multicolor-quartzite-rusty\/\",\"url\":\"https:\/\/edyceramic-shop.ro\/produs\/piatra-decorativa-modulo-multicolor-quartzite-rusty\/\",\"name\":\"Piatr\u0103 decorativ\u0103 Modulo Multicolor Quartzite Rusty - Edyceramic - magazin online\",\"isPartOf\":{\"@id\":\"https:\/\/edyceramic-shop.ro\/ro\/#website\"},\"datePublished\":\"2024-10-29T11:39:45+00:00\",\"dateModified\":\"2025-08-01T11:36:40+00:00\",\"breadcrumb\":{\"@id\":\"https:\/\/edyceramic-shop.ro\/produs\/piatra-decorativa-modulo-multicolor-quartzite-rusty\/#breadcrumb\"},\"inLanguage\":\"en-US\",\"potentialAction\":[{\"@type\":\"ReadAction\",\"target\":[\"https:\/\/edyceramic-shop.ro\/produs\/piatra-decorativa-modulo-multicolor-quartzite-rusty\/\"]}]},{\"@type\":\"BreadcrumbList\",\"@id\":\"https:\/\/edyceramic-shop.ro\/produs\/piatra-decorativa-modulo-multicolor-quartzite-rusty\/#breadcrumb\",\"itemListElement\":[{\"@type\":\"ListItem\",\"position\":1,\"name\":\"Home\",\"item\":\"https:\/\/edyceramic-shop.ro\/\"},{\"@type\":\"ListItem\",\"position\":2,\"name\":\"Shop\",\"item\":\"https:\/\/edyceramic-shop.ro\/ro\/shop\/\"},{\"@type\":\"ListItem\",\"position\":3,\"name\":\"Piatr\u0103 decorativ\u0103 Modulo Multicolor Quartzite Rusty\"}]},{\"@type\":\"WebSite\",\"@id\":\"https:\/\/edyceramic-shop.ro\/ro\/#website\",\"url\":\"https:\/\/edyceramic-shop.ro\/ro\/\",\"name\":\"edyceramic.ro\",\"description\":\"\",\"publisher\":{\"@id\":\"https:\/\/edyceramic-shop.ro\/ro\/#organization\"},\"potentialAction\":[{\"@type\":\"SearchAction\",\"target\":{\"@type\":\"EntryPoint\",\"urlTemplate\":\"https:\/\/edyceramic-shop.ro\/ro\/?s={search_term_string}\"},\"query-input\":\"required name=search_term_string\"}],\"inLanguage\":\"en-US\"},{\"@type\":\"Organization\",\"@id\":\"https:\/\/edyceramic-shop.ro\/ro\/#organization\",\"name\":\"Edyceramic\",\"url\":\"https:\/\/edyceramic-shop.ro\/ro\/\",\"logo\":{\"@type\":\"ImageObject\",\"inLanguage\":\"en-US\",\"@id\":\"https:\/\/edyceramic-shop.ro\/ro\/#\/schema\/logo\/image\/\",\"url\":\"https:\/\/edyceramic-shop.ro\/wp-content\/uploads\/2024\/02\/Logo-EdyCeramic_2021-lung.png\",\"contentUrl\":\"https:\/\/edyceramic-shop.ro\/wp-content\/uploads\/2024\/02\/Logo-EdyCeramic_2021-lung.png\",\"width\":4491,\"height\":769,\"caption\":\"Edyceramic\"},\"image\":{\"@id\":\"https:\/\/edyceramic-shop.ro\/ro\/#\/schema\/logo\/image\/\"}}]}<\/script>\n<meta property=\"product:price:amount\" content=\"233.00\" \/>\n<meta property=\"product:price:currency\" content=\"RON\" \/>\n<meta property=\"og:availability\" content=\"instock\" \/>\n<meta property=\"product:availability\" content=\"instock\" \/>\n<meta property=\"product:retailer_item_id\" content=\"fb766adac480\" \/>\n<meta property=\"product:condition\" content=\"new\" \/>\n<!-- \/ Yoast SEO Premium plugin. -->","yoast_head_json":{"title":"Piatr\u0103 decorativ\u0103 Modulo Multicolor Quartzite Rusty - Edyceramic - magazin online","robots":{"index":"index","follow":"follow","max-snippet":"max-snippet:-1","max-image-preview":"max-image-preview:large","max-video-preview":"max-video-preview:-1"},"canonical":"https:\/\/edyceramic-shop.ro\/en\/product\/piatra-decorativa-modulo-multicolor-quartzite-rusty\/","og_locale":"en_US","og_type":"article","og_title":"Piatr\u0103 decorativ\u0103 Modulo Multicolor Quartzite Rusty","og_description":"Confec\u021bionat\u0103 din piatr\u0103 autentic\u0103, se remarc\u0103 prin calitatea de neegalat, prin durabilitate \u0219i prin aspectul impun\u0103tor. Piatra natural\u0103 Multicolor Quartzite","og_url":"https:\/\/edyceramic-shop.ro\/en\/product\/piatra-decorativa-modulo-multicolor-quartzite-rusty\/","og_site_name":"Edyceramic - magazin online","article_modified_time":"2025-08-01T11:36:40+00:00","og_image":[{"width":1200,"height":800,"url":"https:\/\/edyceramic-shop.ro\/wp-content\/uploads\/2024\/10\/natimur-slim-rusty-ambiance-int-1200x800-1.webp","type":"image\/webp"}],"twitter_card":"summary_large_image","twitter_misc":{"Price":"233,00&nbsp;lei","Availability":"In stock"},"schema":{"@context":"https:\/\/schema.org","@graph":[{"@type":"WebPage","@id":"https:\/\/edyceramic-shop.ro\/produs\/piatra-decorativa-modulo-multicolor-quartzite-rusty\/","url":"https:\/\/edyceramic-shop.ro\/produs\/piatra-decorativa-modulo-multicolor-quartzite-rusty\/","name":"Piatr\u0103 decorativ\u0103 Modulo Multicolor Quartzite Rusty - Edyceramic - magazin online","isPartOf":{"@id":"https:\/\/edyceramic-shop.ro\/ro\/#website"},"datePublished":"2024-10-29T11:39:45+00:00","dateModified":"2025-08-01T11:36:40+00:00","breadcrumb":{"@id":"https:\/\/edyceramic-shop.ro\/produs\/piatra-decorativa-modulo-multicolor-quartzite-rusty\/#breadcrumb"},"inLanguage":"en-US","potentialAction":[{"@type":"ReadAction","target":["https:\/\/edyceramic-shop.ro\/produs\/piatra-decorativa-modulo-multicolor-quartzite-rusty\/"]}]},{"@type":"BreadcrumbList","@id":"https:\/\/edyceramic-shop.ro\/produs\/piatra-decorativa-modulo-multicolor-quartzite-rusty\/#breadcrumb","itemListElement":[{"@type":"ListItem","position":1,"name":"Home","item":"https:\/\/edyceramic-shop.ro\/"},{"@type":"ListItem","position":2,"name":"Shop","item":"https:\/\/edyceramic-shop.ro\/ro\/shop\/"},{"@type":"ListItem","position":3,"name":"Piatr\u0103 decorativ\u0103 Modulo Multicolor Quartzite Rusty"}]},{"@type":"WebSite","@id":"https:\/\/edyceramic-shop.ro\/ro\/#website","url":"https:\/\/edyceramic-shop.ro\/ro\/","name":"edyceramic.ro","description":"","publisher":{"@id":"https:\/\/edyceramic-shop.ro\/ro\/#organization"},"potentialAction":[{"@type":"SearchAction","target":{"@type":"EntryPoint","urlTemplate":"https:\/\/edyceramic-shop.ro\/ro\/?s={search_term_string}"},"query-input":"required name=search_term_string"}],"inLanguage":"en-US"},{"@type":"Organization","@id":"https:\/\/edyceramic-shop.ro\/ro\/#organization","name":"Edyceramic","url":"https:\/\/edyceramic-shop.ro\/ro\/","logo":{"@type":"ImageObject","inLanguage":"en-US","@id":"https:\/\/edyceramic-shop.ro\/ro\/#\/schema\/logo\/image\/","url":"https:\/\/edyceramic-shop.ro\/wp-content\/uploads\/2024\/02\/Logo-EdyCeramic_2021-lung.png","contentUrl":"https:\/\/edyceramic-shop.ro\/wp-content\/uploads\/2024\/02\/Logo-EdyCeramic_2021-lung.png","width":4491,"height":769,"caption":"Edyceramic"},"image":{"@id":"https:\/\/edyceramic-shop.ro\/ro\/#\/schema\/logo\/image\/"}}]},"product_price_amount":"233.00","product_price_currency":"RON","og_availability":"instock","product_availability":"instock","product_retailer_item_id":"fb766adac480","product_condition":"new"},"jetpack_sharing_enabled":true,"_links":{"self":[{"href":"https:\/\/edyceramic-shop.ro\/en\/wp-json\/wp\/v2\/product\/24100","targetHints":{"allow":["GET"]}}],"collection":[{"href":"https:\/\/edyceramic-shop.ro\/en\/wp-json\/wp\/v2\/product"}],"about":[{"href":"https:\/\/edyceramic-shop.ro\/en\/wp-json\/wp\/v2\/types\/product"}],"version-history":[{"count":1,"href":"https:\/\/edyceramic-shop.ro\/en\/wp-json\/wp\/v2\/product\/24100\/revisions"}],"predecessor-version":[{"id":24101,"href":"https:\/\/edyceramic-shop.ro\/en\/wp-json\/wp\/v2\/product\/24100\/revisions\/24101"}],"wp:featuredmedia":[{"embeddable":true,"href":"https:\/\/edyceramic-shop.ro\/en\/wp-json\/wp\/v2\/media\/23732"}],"wp:attachment":[{"href":"https:\/\/edyceramic-shop.ro\/en\/wp-json\/wp\/v2\/media?parent=24100"}],"wp:term":[{"taxonomy":"product_brand","embeddable":true,"href":"https:\/\/edyceramic-shop.ro\/en\/wp-json\/wp\/v2\/product_brand?post=24100"},{"taxonomy":"product_cat","embeddable":true,"href":"https:\/\/edyceramic-shop.ro\/en\/wp-json\/wp\/v2\/product_cat?post=24100"},{"taxonomy":"product_tag","embeddable":true,"href":"https:\/\/edyceramic-shop.ro\/en\/wp-json\/wp\/v2\/product_tag?post=24100"}],"curies":[{"name":"wp","href":"https:\/\/api.w.org\/{rel}","templated":true}]}}