{"id":24088,"date":"2024-10-29T13:39:45","date_gmt":"2024-10-29T11:39:45","guid":{"rendered":"https:\/\/edyceramic-shop.ro\/produs\/piatra-decorativa-modulo-shiny-marble-white\/"},"modified":"2025-08-01T13:36:40","modified_gmt":"2025-08-01T11:36:40","slug":"piatra-decorativa-modulo-shiny-marble-white","status":"publish","type":"product","link":"https:\/\/edyceramic-shop.ro\/en\/product\/piatra-decorativa-modulo-shiny-marble-white\/","title":{"rendered":"Piatr\u0103 decorativ\u0103 Modulo Shiny Marble White"},"content":{"rendered":"<p>Confec\u021bionat\u0103 din piatr\u0103 autentic\u0103, va reu\u0219i s\u0103 adauge profunzime \u0219i textur\u0103 fiec\u0103rui spa\u021biu, at\u00e2t exterior, c\u00e2t \u0219i interior.<\/p>\n<p>Str\u0103lucirea subtil\u0103 a pietrei naturale Shiny Marble White nu doar \u00eembun\u0103t\u0103\u021be\u0219te textura pietrei, dar \u0219i reflect\u0103 lumina, fiind o alegere ideal\u0103 \u00een zonele \u00eentunecate ale casei. Paleta de culori delicat\u0103 creeaz\u0103 un aspect modern \u0219i relaxat.<\/p>\n<p>Folosim tehnologie de ultim\u0103 genera\u021bie \u00een procesul de confec\u021bionare al modelelor noastre de piatr\u0103. Acest lucru rezult\u0103 \u00eentr-un produs de calitate superioar\u0103, durabil \u0219i u\u0219or de montat. Mae\u0219trii no\u0219tri aleg doar cele mai bune buc\u0103\u021bi de piatr\u0103, care se remarc\u0103 prin diversitate natural\u0103, textur\u0103 \u0219i profunzime.<\/p>\n<p>Datorit\u0103 versatilit\u0103\u021bii sale, piatra Natural\u0103 Shiny Marble White poate fi folosit\u0103 oriunde acas\u0103 sau la birou. Creeaz\u0103 un perete de accent de impact, \u00eembog\u0103\u021be\u0219te aspectul \u0219emineului sau folose\u0219te-o \u00een sala de \u0219edin\u021be. Po\u021bi inclusiv s\u0103 o folose\u0219ti pentru fa\u021bada casei, pentru rezultate care nu vom r\u0103m\u00e2ne neobservate.<\/p>\n<p>Sistemul nostru de confec\u021bionare asigur\u0103 durabilitate \u0219i longevitate pietrei. Fiecare bucat\u0103 este t\u0103iat\u0103 \u00een form\u0103 de Z pentru ca tu s\u0103 beneficiezi de o montare u\u0219oar\u0103 cu finisaje uniforme. Lipe\u0219te pl\u0103cile de piatr\u0103 natural\u0103 direct pe suprafa\u021ba peretelui cu ajutorul adezivului special de exterior sau interior.<\/p>","protected":false},"excerpt":{"rendered":"<p>Confec\u021bionat\u0103 din piatr\u0103 autentic\u0103, va reu\u0219i s\u0103 adauge profunzime \u0219i textur\u0103 fiec\u0103rui spa\u021biu, at\u00e2t exterior, c\u00e2t \u0219i interior. Str\u0103lucirea subtil\u0103<\/p>","protected":false},"featured_media":23743,"template":"","meta":[],"product_brand":[],"product_cat":[467,305],"product_tag":[],"class_list":{"0":"post-24088","1":"product","2":"type-product","3":"status-publish","4":"has-post-thumbnail","6":"product_cat-gresie-si-faianta","7":"product_cat-piatra-decorativa","8":"pa_ambalare-0-46m2-cutie","9":"pa_dimensiune-40x10cm","10":"pa_fabrica-modulo","11":"pa_finisaj-2792","12":"pa_numar-de-placi-in-pachet-2791","13":"pa_rezistent-la-inghet-da","14":"pa_utilizabil-pe-semineu-da","15":"pa_utilizare-interior-exterior","17":"first","18":"instock","19":"purchasable","20":"product-type-simple"},"yoast_head":"<!-- This site is optimized with the Yoast SEO Premium plugin v21.6 (Yoast SEO v22.1) - https:\/\/yoast.com\/wordpress\/plugins\/seo\/ -->\n<title>Piatr\u0103 decorativ\u0103 Modulo Shiny Marble White - Edyceramic - magazin online<\/title>\n<meta name=\"robots\" content=\"index, follow, max-snippet:-1, max-image-preview:large, max-video-preview:-1\" \/>\n<link rel=\"canonical\" href=\"https:\/\/edyceramic-shop.ro\/en\/product\/piatra-decorativa-modulo-shiny-marble-white\/\" \/>\n<meta property=\"og:locale\" content=\"en_US\" \/>\n<meta property=\"og:type\" content=\"article\" \/>\n<meta property=\"og:title\" content=\"Piatr\u0103 decorativ\u0103 Modulo Shiny Marble White\" \/>\n<meta property=\"og:description\" content=\"Confec\u021bionat\u0103 din piatr\u0103 autentic\u0103, va reu\u0219i s\u0103 adauge profunzime \u0219i textur\u0103 fiec\u0103rui spa\u021biu, at\u00e2t exterior, c\u00e2t \u0219i interior. Str\u0103lucirea subtil\u0103\" \/>\n<meta property=\"og:url\" content=\"https:\/\/edyceramic-shop.ro\/en\/product\/piatra-decorativa-modulo-shiny-marble-white\/\" \/>\n<meta property=\"og:site_name\" content=\"Edyceramic - magazin online\" \/>\n<meta property=\"article:modified_time\" content=\"2025-08-01T11:36:40+00:00\" \/>\n<meta property=\"og:image\" content=\"https:\/\/edyceramic-shop.ro\/wp-content\/uploads\/2024\/10\/natimur-white-shinny-ambiance-1200x800-1.webp\" \/>\n\t<meta property=\"og:image:width\" content=\"1200\" \/>\n\t<meta property=\"og:image:height\" content=\"800\" \/>\n\t<meta property=\"og:image:type\" content=\"image\/webp\" \/>\n<meta name=\"twitter:card\" content=\"summary_large_image\" \/>\n<meta name=\"twitter:label1\" content=\"Price\" \/>\n\t<meta name=\"twitter:data1\" content=\"250,00&nbsp;lei\" \/>\n\t<meta name=\"twitter:label2\" content=\"Availability\" \/>\n\t<meta name=\"twitter:data2\" content=\"In stock\" \/>\n<script type=\"application\/ld+json\" class=\"yoast-schema-graph\">{\"@context\":\"https:\/\/schema.org\",\"@graph\":[{\"@type\":\"WebPage\",\"@id\":\"https:\/\/edyceramic-shop.ro\/produs\/piatra-decorativa-modulo-shiny-marble-white\/\",\"url\":\"https:\/\/edyceramic-shop.ro\/produs\/piatra-decorativa-modulo-shiny-marble-white\/\",\"name\":\"Piatr\u0103 decorativ\u0103 Modulo Shiny Marble White - Edyceramic - magazin online\",\"isPartOf\":{\"@id\":\"https:\/\/edyceramic-shop.ro\/ro\/#website\"},\"datePublished\":\"2024-10-29T11:39:45+00:00\",\"dateModified\":\"2025-08-01T11:36:40+00:00\",\"breadcrumb\":{\"@id\":\"https:\/\/edyceramic-shop.ro\/produs\/piatra-decorativa-modulo-shiny-marble-white\/#breadcrumb\"},\"inLanguage\":\"en-US\",\"potentialAction\":[{\"@type\":\"ReadAction\",\"target\":[\"https:\/\/edyceramic-shop.ro\/produs\/piatra-decorativa-modulo-shiny-marble-white\/\"]}]},{\"@type\":\"BreadcrumbList\",\"@id\":\"https:\/\/edyceramic-shop.ro\/produs\/piatra-decorativa-modulo-shiny-marble-white\/#breadcrumb\",\"itemListElement\":[{\"@type\":\"ListItem\",\"position\":1,\"name\":\"Home\",\"item\":\"https:\/\/edyceramic-shop.ro\/\"},{\"@type\":\"ListItem\",\"position\":2,\"name\":\"Shop\",\"item\":\"https:\/\/edyceramic-shop.ro\/ro\/shop\/\"},{\"@type\":\"ListItem\",\"position\":3,\"name\":\"Piatr\u0103 decorativ\u0103 Modulo Shiny Marble White\"}]},{\"@type\":\"WebSite\",\"@id\":\"https:\/\/edyceramic-shop.ro\/ro\/#website\",\"url\":\"https:\/\/edyceramic-shop.ro\/ro\/\",\"name\":\"edyceramic.ro\",\"description\":\"\",\"publisher\":{\"@id\":\"https:\/\/edyceramic-shop.ro\/ro\/#organization\"},\"potentialAction\":[{\"@type\":\"SearchAction\",\"target\":{\"@type\":\"EntryPoint\",\"urlTemplate\":\"https:\/\/edyceramic-shop.ro\/ro\/?s={search_term_string}\"},\"query-input\":\"required name=search_term_string\"}],\"inLanguage\":\"en-US\"},{\"@type\":\"Organization\",\"@id\":\"https:\/\/edyceramic-shop.ro\/ro\/#organization\",\"name\":\"Edyceramic\",\"url\":\"https:\/\/edyceramic-shop.ro\/ro\/\",\"logo\":{\"@type\":\"ImageObject\",\"inLanguage\":\"en-US\",\"@id\":\"https:\/\/edyceramic-shop.ro\/ro\/#\/schema\/logo\/image\/\",\"url\":\"https:\/\/edyceramic-shop.ro\/wp-content\/uploads\/2024\/02\/Logo-EdyCeramic_2021-lung.png\",\"contentUrl\":\"https:\/\/edyceramic-shop.ro\/wp-content\/uploads\/2024\/02\/Logo-EdyCeramic_2021-lung.png\",\"width\":4491,\"height\":769,\"caption\":\"Edyceramic\"},\"image\":{\"@id\":\"https:\/\/edyceramic-shop.ro\/ro\/#\/schema\/logo\/image\/\"}}]}<\/script>\n<meta property=\"product:price:amount\" content=\"250.00\" \/>\n<meta property=\"product:price:currency\" content=\"RON\" \/>\n<meta property=\"og:availability\" content=\"instock\" \/>\n<meta property=\"product:availability\" content=\"instock\" \/>\n<meta property=\"product:retailer_item_id\" content=\"2adffccd0f77\" \/>\n<meta property=\"product:condition\" content=\"new\" \/>\n<!-- \/ Yoast SEO Premium plugin. -->","yoast_head_json":{"title":"Piatr\u0103 decorativ\u0103 Modulo Shiny Marble White - Edyceramic - magazin online","robots":{"index":"index","follow":"follow","max-snippet":"max-snippet:-1","max-image-preview":"max-image-preview:large","max-video-preview":"max-video-preview:-1"},"canonical":"https:\/\/edyceramic-shop.ro\/en\/product\/piatra-decorativa-modulo-shiny-marble-white\/","og_locale":"en_US","og_type":"article","og_title":"Piatr\u0103 decorativ\u0103 Modulo Shiny Marble White","og_description":"Confec\u021bionat\u0103 din piatr\u0103 autentic\u0103, va reu\u0219i s\u0103 adauge profunzime \u0219i textur\u0103 fiec\u0103rui spa\u021biu, at\u00e2t exterior, c\u00e2t \u0219i interior. Str\u0103lucirea subtil\u0103","og_url":"https:\/\/edyceramic-shop.ro\/en\/product\/piatra-decorativa-modulo-shiny-marble-white\/","og_site_name":"Edyceramic - magazin online","article_modified_time":"2025-08-01T11:36:40+00:00","og_image":[{"width":1200,"height":800,"url":"https:\/\/edyceramic-shop.ro\/wp-content\/uploads\/2024\/10\/natimur-white-shinny-ambiance-1200x800-1.webp","type":"image\/webp"}],"twitter_card":"summary_large_image","twitter_misc":{"Price":"250,00&nbsp;lei","Availability":"In stock"},"schema":{"@context":"https:\/\/schema.org","@graph":[{"@type":"WebPage","@id":"https:\/\/edyceramic-shop.ro\/produs\/piatra-decorativa-modulo-shiny-marble-white\/","url":"https:\/\/edyceramic-shop.ro\/produs\/piatra-decorativa-modulo-shiny-marble-white\/","name":"Piatr\u0103 decorativ\u0103 Modulo Shiny Marble White - Edyceramic - magazin online","isPartOf":{"@id":"https:\/\/edyceramic-shop.ro\/ro\/#website"},"datePublished":"2024-10-29T11:39:45+00:00","dateModified":"2025-08-01T11:36:40+00:00","breadcrumb":{"@id":"https:\/\/edyceramic-shop.ro\/produs\/piatra-decorativa-modulo-shiny-marble-white\/#breadcrumb"},"inLanguage":"en-US","potentialAction":[{"@type":"ReadAction","target":["https:\/\/edyceramic-shop.ro\/produs\/piatra-decorativa-modulo-shiny-marble-white\/"]}]},{"@type":"BreadcrumbList","@id":"https:\/\/edyceramic-shop.ro\/produs\/piatra-decorativa-modulo-shiny-marble-white\/#breadcrumb","itemListElement":[{"@type":"ListItem","position":1,"name":"Home","item":"https:\/\/edyceramic-shop.ro\/"},{"@type":"ListItem","position":2,"name":"Shop","item":"https:\/\/edyceramic-shop.ro\/ro\/shop\/"},{"@type":"ListItem","position":3,"name":"Piatr\u0103 decorativ\u0103 Modulo Shiny Marble White"}]},{"@type":"WebSite","@id":"https:\/\/edyceramic-shop.ro\/ro\/#website","url":"https:\/\/edyceramic-shop.ro\/ro\/","name":"edyceramic.ro","description":"","publisher":{"@id":"https:\/\/edyceramic-shop.ro\/ro\/#organization"},"potentialAction":[{"@type":"SearchAction","target":{"@type":"EntryPoint","urlTemplate":"https:\/\/edyceramic-shop.ro\/ro\/?s={search_term_string}"},"query-input":"required name=search_term_string"}],"inLanguage":"en-US"},{"@type":"Organization","@id":"https:\/\/edyceramic-shop.ro\/ro\/#organization","name":"Edyceramic","url":"https:\/\/edyceramic-shop.ro\/ro\/","logo":{"@type":"ImageObject","inLanguage":"en-US","@id":"https:\/\/edyceramic-shop.ro\/ro\/#\/schema\/logo\/image\/","url":"https:\/\/edyceramic-shop.ro\/wp-content\/uploads\/2024\/02\/Logo-EdyCeramic_2021-lung.png","contentUrl":"https:\/\/edyceramic-shop.ro\/wp-content\/uploads\/2024\/02\/Logo-EdyCeramic_2021-lung.png","width":4491,"height":769,"caption":"Edyceramic"},"image":{"@id":"https:\/\/edyceramic-shop.ro\/ro\/#\/schema\/logo\/image\/"}}]},"product_price_amount":"250.00","product_price_currency":"RON","og_availability":"instock","product_availability":"instock","product_retailer_item_id":"2adffccd0f77","product_condition":"new"},"jetpack_sharing_enabled":true,"_links":{"self":[{"href":"https:\/\/edyceramic-shop.ro\/en\/wp-json\/wp\/v2\/product\/24088","targetHints":{"allow":["GET"]}}],"collection":[{"href":"https:\/\/edyceramic-shop.ro\/en\/wp-json\/wp\/v2\/product"}],"about":[{"href":"https:\/\/edyceramic-shop.ro\/en\/wp-json\/wp\/v2\/types\/product"}],"version-history":[{"count":1,"href":"https:\/\/edyceramic-shop.ro\/en\/wp-json\/wp\/v2\/product\/24088\/revisions"}],"predecessor-version":[{"id":24089,"href":"https:\/\/edyceramic-shop.ro\/en\/wp-json\/wp\/v2\/product\/24088\/revisions\/24089"}],"wp:featuredmedia":[{"embeddable":true,"href":"https:\/\/edyceramic-shop.ro\/en\/wp-json\/wp\/v2\/media\/23743"}],"wp:attachment":[{"href":"https:\/\/edyceramic-shop.ro\/en\/wp-json\/wp\/v2\/media?parent=24088"}],"wp:term":[{"taxonomy":"product_brand","embeddable":true,"href":"https:\/\/edyceramic-shop.ro\/en\/wp-json\/wp\/v2\/product_brand?post=24088"},{"taxonomy":"product_cat","embeddable":true,"href":"https:\/\/edyceramic-shop.ro\/en\/wp-json\/wp\/v2\/product_cat?post=24088"},{"taxonomy":"product_tag","embeddable":true,"href":"https:\/\/edyceramic-shop.ro\/en\/wp-json\/wp\/v2\/product_tag?post=24088"}],"curies":[{"name":"wp","href":"https:\/\/api.w.org\/{rel}","templated":true}]}}