{"id":24064,"date":"2024-10-29T13:39:19","date_gmt":"2024-10-29T11:39:19","guid":{"rendered":"https:\/\/edyceramic-shop.ro\/produs\/piatra-decorativa-modulo-yellowstone-beige\/"},"modified":"2025-08-01T13:36:39","modified_gmt":"2025-08-01T11:36:39","slug":"piatra-decorativa-modulo-yellowstone-beige","status":"publish","type":"product","link":"https:\/\/edyceramic-shop.ro\/en\/product\/piatra-decorativa-modulo-yellowstone-beige\/","title":{"rendered":"Piatr\u0103 decorativ\u0103 Modulo Yellowstone Beige"},"content":{"rendered":"<p>Inspirat\u0103 din natur\u0103, piatra decorativ\u0103 Yellowstone este elementul distinctiv din orice amenajare interioar\u0103 de impact. Creeaz\u0103 un spa\u021biu rustic veritabil sau adaug\u0103 piesele de mobilier moderne preferate. Indiferent de zon\u0103 sau de stilul de design ales, piatra decorativ\u0103 va reu\u0219i \u00eentotdeauna s\u0103 accentueze detaliile \u0219i s\u0103 atrag\u0103 toate privirile.<\/p>\n<p>De\u0219i se remarc\u0103 prin calitate \u0219i aspect, piatra decorativ\u0103 Yellowstone Beige este creat\u0103 special pentru rezultate rapide \u0219i de durat\u0103, f\u0103r\u0103 ajutorul unui specialist. Ai nevoie doar de pu\u021bin\u0103 r\u0103bdare \u0219i imagina\u021bie ca s\u0103 ob\u021bii rezultate profesionale de care te vei \u00eendr\u0103gosti mai mult \u00een fiecare zi. Destinat\u0103 exclusiv uzului la interior, piatra decorativ\u0103 se monteaz\u0103 direct pe suprafa\u021ba de ghips-carton a peretelui. AI grij\u0103 s\u0103 folose\u0219ti doar produsele recomandate \u0219i adezivul special pentru interior.<\/p>\n<p>Piatra decorativ\u0103 Yellowstone Beige estre foarte simplu de \u00eentre\u021binut. Elimin\u0103 depunerile de praf acumulate \u00een timp cu ajutorul unui aspirator \u0219i evit\u0103 contactul direct cu apa ca s\u0103 te bucuri de noul t\u0103u perete c\u00e2t mai mult timp.<\/p>","protected":false},"excerpt":{"rendered":"<p>Inspirat\u0103 din natur\u0103, piatra decorativ\u0103 Yellowstone este elementul distinctiv din orice amenajare interioar\u0103 de impact. Creeaz\u0103 un spa\u021biu rustic veritabil<\/p>","protected":false},"featured_media":23920,"template":"","meta":[],"product_brand":[],"product_cat":[467,305],"product_tag":[],"class_list":{"0":"post-24064","1":"product","2":"type-product","3":"status-publish","4":"has-post-thumbnail","6":"product_cat-gresie-si-faianta","7":"product_cat-piatra-decorativa","8":"pa_ambalare-0-98m2-cutie","9":"pa_dimensiune-57-8x15cm","10":"pa_fabrica-modulo","11":"pa_finisaj-2761","12":"pa_numar-de-placi-in-pachet-1250","13":"pa_rezistent-la-inghet-nu","14":"pa_utilizabil-pe-semineu-nu","15":"pa_utilizare-interior","17":"first","18":"instock","19":"purchasable","20":"product-type-simple"},"yoast_head":"<!-- This site is optimized with the Yoast SEO Premium plugin v21.6 (Yoast SEO v22.1) - https:\/\/yoast.com\/wordpress\/plugins\/seo\/ -->\n<title>Piatr\u0103 decorativ\u0103 Modulo Yellowstone Beige - Edyceramic - magazin online<\/title>\n<meta name=\"robots\" content=\"index, follow, max-snippet:-1, max-image-preview:large, max-video-preview:-1\" \/>\n<link rel=\"canonical\" href=\"https:\/\/edyceramic-shop.ro\/en\/product\/piatra-decorativa-modulo-yellowstone-beige\/\" \/>\n<meta property=\"og:locale\" content=\"en_US\" \/>\n<meta property=\"og:type\" content=\"article\" \/>\n<meta property=\"og:title\" content=\"Piatr\u0103 decorativ\u0103 Modulo Yellowstone Beige\" \/>\n<meta property=\"og:description\" content=\"Inspirat\u0103 din natur\u0103, piatra decorativ\u0103 Yellowstone este elementul distinctiv din orice amenajare interioar\u0103 de impact. Creeaz\u0103 un spa\u021biu rustic veritabil\" \/>\n<meta property=\"og:url\" content=\"https:\/\/edyceramic-shop.ro\/en\/product\/piatra-decorativa-modulo-yellowstone-beige\/\" \/>\n<meta property=\"og:site_name\" content=\"Edyceramic - magazin online\" \/>\n<meta property=\"article:modified_time\" content=\"2025-08-01T11:36:39+00:00\" \/>\n<meta property=\"og:image\" content=\"https:\/\/edyceramic-shop.ro\/wp-content\/uploads\/2024\/10\/yellowstone-beige-ambiance-1200x800-1.webp\" \/>\n\t<meta property=\"og:image:width\" content=\"1200\" \/>\n\t<meta property=\"og:image:height\" content=\"800\" \/>\n\t<meta property=\"og:image:type\" content=\"image\/webp\" \/>\n<meta name=\"twitter:card\" content=\"summary_large_image\" \/>\n<meta name=\"twitter:label1\" content=\"Price\" \/>\n\t<meta name=\"twitter:data1\" content=\"98,00&nbsp;lei\" \/>\n\t<meta name=\"twitter:label2\" content=\"Availability\" \/>\n\t<meta name=\"twitter:data2\" content=\"In stock\" \/>\n<script type=\"application\/ld+json\" class=\"yoast-schema-graph\">{\"@context\":\"https:\/\/schema.org\",\"@graph\":[{\"@type\":\"WebPage\",\"@id\":\"https:\/\/edyceramic-shop.ro\/produs\/piatra-decorativa-modulo-yellowstone-beige\/\",\"url\":\"https:\/\/edyceramic-shop.ro\/produs\/piatra-decorativa-modulo-yellowstone-beige\/\",\"name\":\"Piatr\u0103 decorativ\u0103 Modulo Yellowstone Beige - Edyceramic - magazin online\",\"isPartOf\":{\"@id\":\"https:\/\/edyceramic-shop.ro\/ro\/#website\"},\"datePublished\":\"2024-10-29T11:39:19+00:00\",\"dateModified\":\"2025-08-01T11:36:39+00:00\",\"breadcrumb\":{\"@id\":\"https:\/\/edyceramic-shop.ro\/produs\/piatra-decorativa-modulo-yellowstone-beige\/#breadcrumb\"},\"inLanguage\":\"en-US\",\"potentialAction\":[{\"@type\":\"ReadAction\",\"target\":[\"https:\/\/edyceramic-shop.ro\/produs\/piatra-decorativa-modulo-yellowstone-beige\/\"]}]},{\"@type\":\"BreadcrumbList\",\"@id\":\"https:\/\/edyceramic-shop.ro\/produs\/piatra-decorativa-modulo-yellowstone-beige\/#breadcrumb\",\"itemListElement\":[{\"@type\":\"ListItem\",\"position\":1,\"name\":\"Home\",\"item\":\"https:\/\/edyceramic-shop.ro\/\"},{\"@type\":\"ListItem\",\"position\":2,\"name\":\"Shop\",\"item\":\"https:\/\/edyceramic-shop.ro\/ro\/shop\/\"},{\"@type\":\"ListItem\",\"position\":3,\"name\":\"Piatr\u0103 decorativ\u0103 Modulo Yellowstone Beige\"}]},{\"@type\":\"WebSite\",\"@id\":\"https:\/\/edyceramic-shop.ro\/ro\/#website\",\"url\":\"https:\/\/edyceramic-shop.ro\/ro\/\",\"name\":\"edyceramic.ro\",\"description\":\"\",\"publisher\":{\"@id\":\"https:\/\/edyceramic-shop.ro\/ro\/#organization\"},\"potentialAction\":[{\"@type\":\"SearchAction\",\"target\":{\"@type\":\"EntryPoint\",\"urlTemplate\":\"https:\/\/edyceramic-shop.ro\/ro\/?s={search_term_string}\"},\"query-input\":\"required name=search_term_string\"}],\"inLanguage\":\"en-US\"},{\"@type\":\"Organization\",\"@id\":\"https:\/\/edyceramic-shop.ro\/ro\/#organization\",\"name\":\"Edyceramic\",\"url\":\"https:\/\/edyceramic-shop.ro\/ro\/\",\"logo\":{\"@type\":\"ImageObject\",\"inLanguage\":\"en-US\",\"@id\":\"https:\/\/edyceramic-shop.ro\/ro\/#\/schema\/logo\/image\/\",\"url\":\"https:\/\/edyceramic-shop.ro\/wp-content\/uploads\/2024\/02\/Logo-EdyCeramic_2021-lung.png\",\"contentUrl\":\"https:\/\/edyceramic-shop.ro\/wp-content\/uploads\/2024\/02\/Logo-EdyCeramic_2021-lung.png\",\"width\":4491,\"height\":769,\"caption\":\"Edyceramic\"},\"image\":{\"@id\":\"https:\/\/edyceramic-shop.ro\/ro\/#\/schema\/logo\/image\/\"}}]}<\/script>\n<meta property=\"product:price:amount\" content=\"98.00\" \/>\n<meta property=\"product:price:currency\" content=\"RON\" \/>\n<meta property=\"og:availability\" content=\"instock\" \/>\n<meta property=\"product:availability\" content=\"instock\" \/>\n<meta property=\"product:retailer_item_id\" content=\"a6cb2dfd1c99\" \/>\n<meta property=\"product:condition\" content=\"new\" \/>\n<!-- \/ Yoast SEO Premium plugin. -->","yoast_head_json":{"title":"Piatr\u0103 decorativ\u0103 Modulo Yellowstone Beige - Edyceramic - magazin online","robots":{"index":"index","follow":"follow","max-snippet":"max-snippet:-1","max-image-preview":"max-image-preview:large","max-video-preview":"max-video-preview:-1"},"canonical":"https:\/\/edyceramic-shop.ro\/en\/product\/piatra-decorativa-modulo-yellowstone-beige\/","og_locale":"en_US","og_type":"article","og_title":"Piatr\u0103 decorativ\u0103 Modulo Yellowstone Beige","og_description":"Inspirat\u0103 din natur\u0103, piatra decorativ\u0103 Yellowstone este elementul distinctiv din orice amenajare interioar\u0103 de impact. Creeaz\u0103 un spa\u021biu rustic veritabil","og_url":"https:\/\/edyceramic-shop.ro\/en\/product\/piatra-decorativa-modulo-yellowstone-beige\/","og_site_name":"Edyceramic - magazin online","article_modified_time":"2025-08-01T11:36:39+00:00","og_image":[{"width":1200,"height":800,"url":"https:\/\/edyceramic-shop.ro\/wp-content\/uploads\/2024\/10\/yellowstone-beige-ambiance-1200x800-1.webp","type":"image\/webp"}],"twitter_card":"summary_large_image","twitter_misc":{"Price":"98,00&nbsp;lei","Availability":"In stock"},"schema":{"@context":"https:\/\/schema.org","@graph":[{"@type":"WebPage","@id":"https:\/\/edyceramic-shop.ro\/produs\/piatra-decorativa-modulo-yellowstone-beige\/","url":"https:\/\/edyceramic-shop.ro\/produs\/piatra-decorativa-modulo-yellowstone-beige\/","name":"Piatr\u0103 decorativ\u0103 Modulo Yellowstone Beige - Edyceramic - magazin online","isPartOf":{"@id":"https:\/\/edyceramic-shop.ro\/ro\/#website"},"datePublished":"2024-10-29T11:39:19+00:00","dateModified":"2025-08-01T11:36:39+00:00","breadcrumb":{"@id":"https:\/\/edyceramic-shop.ro\/produs\/piatra-decorativa-modulo-yellowstone-beige\/#breadcrumb"},"inLanguage":"en-US","potentialAction":[{"@type":"ReadAction","target":["https:\/\/edyceramic-shop.ro\/produs\/piatra-decorativa-modulo-yellowstone-beige\/"]}]},{"@type":"BreadcrumbList","@id":"https:\/\/edyceramic-shop.ro\/produs\/piatra-decorativa-modulo-yellowstone-beige\/#breadcrumb","itemListElement":[{"@type":"ListItem","position":1,"name":"Home","item":"https:\/\/edyceramic-shop.ro\/"},{"@type":"ListItem","position":2,"name":"Shop","item":"https:\/\/edyceramic-shop.ro\/ro\/shop\/"},{"@type":"ListItem","position":3,"name":"Piatr\u0103 decorativ\u0103 Modulo Yellowstone Beige"}]},{"@type":"WebSite","@id":"https:\/\/edyceramic-shop.ro\/ro\/#website","url":"https:\/\/edyceramic-shop.ro\/ro\/","name":"edyceramic.ro","description":"","publisher":{"@id":"https:\/\/edyceramic-shop.ro\/ro\/#organization"},"potentialAction":[{"@type":"SearchAction","target":{"@type":"EntryPoint","urlTemplate":"https:\/\/edyceramic-shop.ro\/ro\/?s={search_term_string}"},"query-input":"required name=search_term_string"}],"inLanguage":"en-US"},{"@type":"Organization","@id":"https:\/\/edyceramic-shop.ro\/ro\/#organization","name":"Edyceramic","url":"https:\/\/edyceramic-shop.ro\/ro\/","logo":{"@type":"ImageObject","inLanguage":"en-US","@id":"https:\/\/edyceramic-shop.ro\/ro\/#\/schema\/logo\/image\/","url":"https:\/\/edyceramic-shop.ro\/wp-content\/uploads\/2024\/02\/Logo-EdyCeramic_2021-lung.png","contentUrl":"https:\/\/edyceramic-shop.ro\/wp-content\/uploads\/2024\/02\/Logo-EdyCeramic_2021-lung.png","width":4491,"height":769,"caption":"Edyceramic"},"image":{"@id":"https:\/\/edyceramic-shop.ro\/ro\/#\/schema\/logo\/image\/"}}]},"product_price_amount":"98.00","product_price_currency":"RON","og_availability":"instock","product_availability":"instock","product_retailer_item_id":"a6cb2dfd1c99","product_condition":"new"},"jetpack_sharing_enabled":true,"_links":{"self":[{"href":"https:\/\/edyceramic-shop.ro\/en\/wp-json\/wp\/v2\/product\/24064","targetHints":{"allow":["GET"]}}],"collection":[{"href":"https:\/\/edyceramic-shop.ro\/en\/wp-json\/wp\/v2\/product"}],"about":[{"href":"https:\/\/edyceramic-shop.ro\/en\/wp-json\/wp\/v2\/types\/product"}],"version-history":[{"count":1,"href":"https:\/\/edyceramic-shop.ro\/en\/wp-json\/wp\/v2\/product\/24064\/revisions"}],"predecessor-version":[{"id":24065,"href":"https:\/\/edyceramic-shop.ro\/en\/wp-json\/wp\/v2\/product\/24064\/revisions\/24065"}],"wp:featuredmedia":[{"embeddable":true,"href":"https:\/\/edyceramic-shop.ro\/en\/wp-json\/wp\/v2\/media\/23920"}],"wp:attachment":[{"href":"https:\/\/edyceramic-shop.ro\/en\/wp-json\/wp\/v2\/media?parent=24064"}],"wp:term":[{"taxonomy":"product_brand","embeddable":true,"href":"https:\/\/edyceramic-shop.ro\/en\/wp-json\/wp\/v2\/product_brand?post=24064"},{"taxonomy":"product_cat","embeddable":true,"href":"https:\/\/edyceramic-shop.ro\/en\/wp-json\/wp\/v2\/product_cat?post=24064"},{"taxonomy":"product_tag","embeddable":true,"href":"https:\/\/edyceramic-shop.ro\/en\/wp-json\/wp\/v2\/product_tag?post=24064"}],"curies":[{"name":"wp","href":"https:\/\/api.w.org\/{rel}","templated":true}]}}