{"id":23990,"date":"2024-10-29T13:38:52","date_gmt":"2024-10-29T11:38:52","guid":{"rendered":"https:\/\/edyceramic-shop.ro\/produs\/piatra-decorativa-stegu-kenya-2\/"},"modified":"2025-08-01T13:36:35","modified_gmt":"2025-08-01T11:36:35","slug":"piatra-decorativa-stegu-kenya-2","status":"publish","type":"product","link":"https:\/\/edyceramic-shop.ro\/en\/product\/piatra-decorativa-stegu-kenya-2\/","title":{"rendered":"Piatr\u0103 decorativ\u0103 Stegu Kenya 2"},"content":{"rendered":"<p>Pietrele decorative Kenya sunt rezultatul fascina\u021biei pentru natur\u0103, pentru formele, modele \u0219i culorile acesteia. Piatra decorativ\u0103 Kenya se remarc\u0103 printr-o textur\u0103 neregulat\u0103, iar denumirea sa nu este deloc \u00eent\u00e2mpl\u0103toare. Kenya 1, \u00een nuan\u021be de alb-gri, u\u0219or pr\u0103fuite, aminte\u0219te de v\u00e2rful Batian acoperit de z\u0103pad\u0103, din masivul Kenya. \u00cen schimb, Kenya 2, prin cromatica sa, aminte\u0219te de culoarea lavei vulcanice. Este realizat\u0103 \u00eentr-o nuan\u021b\u0103 de maro ro\u0219iatic, cu elemente mai \u00eenchise la culoare, fumurii. Originea vulcanic\u0103 este scoas\u0103 \u00een eviden\u021b\u0103 de denivel\u0103rile vizibile. Pietrele Kenya pot fi montate at\u00e2t la interior, c\u00e2t \u0219i pe fa\u021bad\u0103.<\/p>\n<p>Dimensiunile pl\u0103cii: 473 x 120 x 16-33 mm<\/p>","protected":false},"excerpt":{"rendered":"<p>Pietrele decorative Kenya sunt rezultatul fascina\u021biei pentru natur\u0103, pentru formele, modele \u0219i culorile acesteia. Piatra decorativ\u0103 Kenya se remarc\u0103 printr-o<\/p>","protected":false},"featured_media":23817,"template":"","meta":[],"product_brand":[],"product_cat":[467,305],"product_tag":[],"class_list":{"0":"post-23990","1":"product","2":"type-product","3":"status-publish","4":"has-post-thumbnail","6":"product_cat-gresie-si-faianta","7":"product_cat-piatra-decorativa","8":"pa_ambalare-0-4m2-cute","9":"pa_dimensiune-473-x-120-x-16-33mm","10":"pa_fabrica-stegu","11":"pa_finisaj-2732","12":"pa_numar-de-placi-in-pachet-2024","13":"pa_utilizare-interior-exterior","15":"first","16":"instock","17":"purchasable","18":"product-type-simple"},"yoast_head":"<!-- This site is optimized with the Yoast SEO Premium plugin v21.6 (Yoast SEO v22.1) - https:\/\/yoast.com\/wordpress\/plugins\/seo\/ -->\n<title>Piatr\u0103 decorativ\u0103 Stegu Kenya 2 - Edyceramic - magazin online<\/title>\n<meta name=\"robots\" content=\"index, follow, max-snippet:-1, max-image-preview:large, max-video-preview:-1\" \/>\n<link rel=\"canonical\" href=\"https:\/\/edyceramic-shop.ro\/en\/product\/piatra-decorativa-stegu-kenya-2\/\" \/>\n<meta property=\"og:locale\" content=\"en_US\" \/>\n<meta property=\"og:type\" content=\"article\" \/>\n<meta property=\"og:title\" content=\"Piatr\u0103 decorativ\u0103 Stegu Kenya 2\" \/>\n<meta property=\"og:description\" content=\"Pietrele decorative Kenya sunt rezultatul fascina\u021biei pentru natur\u0103, pentru formele, modele \u0219i culorile acesteia. Piatra decorativ\u0103 Kenya se remarc\u0103 printr-o\" \/>\n<meta property=\"og:url\" content=\"https:\/\/edyceramic-shop.ro\/en\/product\/piatra-decorativa-stegu-kenya-2\/\" \/>\n<meta property=\"og:site_name\" content=\"Edyceramic - magazin online\" \/>\n<meta property=\"article:modified_time\" content=\"2025-08-01T11:36:35+00:00\" \/>\n<meta property=\"og:image\" content=\"https:\/\/edyceramic-shop.ro\/wp-content\/uploads\/2024\/10\/piatra-stegu-keyna-3.webp\" \/>\n\t<meta property=\"og:image:width\" content=\"1920\" \/>\n\t<meta property=\"og:image:height\" content=\"1428\" \/>\n\t<meta property=\"og:image:type\" content=\"image\/webp\" \/>\n<meta name=\"twitter:card\" content=\"summary_large_image\" \/>\n<meta name=\"twitter:label1\" content=\"Price\" \/>\n\t<meta name=\"twitter:data1\" content=\"199,00&nbsp;lei\" \/>\n\t<meta name=\"twitter:label2\" content=\"Availability\" \/>\n\t<meta name=\"twitter:data2\" content=\"In stock\" \/>\n<script type=\"application\/ld+json\" class=\"yoast-schema-graph\">{\"@context\":\"https:\/\/schema.org\",\"@graph\":[{\"@type\":\"WebPage\",\"@id\":\"https:\/\/edyceramic-shop.ro\/produs\/piatra-decorativa-stegu-kenya-2\/\",\"url\":\"https:\/\/edyceramic-shop.ro\/produs\/piatra-decorativa-stegu-kenya-2\/\",\"name\":\"Piatr\u0103 decorativ\u0103 Stegu Kenya 2 - Edyceramic - magazin online\",\"isPartOf\":{\"@id\":\"https:\/\/edyceramic-shop.ro\/ro\/#website\"},\"datePublished\":\"2024-10-29T11:38:52+00:00\",\"dateModified\":\"2025-08-01T11:36:35+00:00\",\"breadcrumb\":{\"@id\":\"https:\/\/edyceramic-shop.ro\/produs\/piatra-decorativa-stegu-kenya-2\/#breadcrumb\"},\"inLanguage\":\"en-US\",\"potentialAction\":[{\"@type\":\"ReadAction\",\"target\":[\"https:\/\/edyceramic-shop.ro\/produs\/piatra-decorativa-stegu-kenya-2\/\"]}]},{\"@type\":\"BreadcrumbList\",\"@id\":\"https:\/\/edyceramic-shop.ro\/produs\/piatra-decorativa-stegu-kenya-2\/#breadcrumb\",\"itemListElement\":[{\"@type\":\"ListItem\",\"position\":1,\"name\":\"Home\",\"item\":\"https:\/\/edyceramic-shop.ro\/\"},{\"@type\":\"ListItem\",\"position\":2,\"name\":\"Shop\",\"item\":\"https:\/\/edyceramic-shop.ro\/ro\/shop\/\"},{\"@type\":\"ListItem\",\"position\":3,\"name\":\"Piatr\u0103 decorativ\u0103 Stegu Kenya 2\"}]},{\"@type\":\"WebSite\",\"@id\":\"https:\/\/edyceramic-shop.ro\/ro\/#website\",\"url\":\"https:\/\/edyceramic-shop.ro\/ro\/\",\"name\":\"edyceramic.ro\",\"description\":\"\",\"publisher\":{\"@id\":\"https:\/\/edyceramic-shop.ro\/ro\/#organization\"},\"potentialAction\":[{\"@type\":\"SearchAction\",\"target\":{\"@type\":\"EntryPoint\",\"urlTemplate\":\"https:\/\/edyceramic-shop.ro\/ro\/?s={search_term_string}\"},\"query-input\":\"required name=search_term_string\"}],\"inLanguage\":\"en-US\"},{\"@type\":\"Organization\",\"@id\":\"https:\/\/edyceramic-shop.ro\/ro\/#organization\",\"name\":\"Edyceramic\",\"url\":\"https:\/\/edyceramic-shop.ro\/ro\/\",\"logo\":{\"@type\":\"ImageObject\",\"inLanguage\":\"en-US\",\"@id\":\"https:\/\/edyceramic-shop.ro\/ro\/#\/schema\/logo\/image\/\",\"url\":\"https:\/\/edyceramic-shop.ro\/wp-content\/uploads\/2024\/02\/Logo-EdyCeramic_2021-lung.png\",\"contentUrl\":\"https:\/\/edyceramic-shop.ro\/wp-content\/uploads\/2024\/02\/Logo-EdyCeramic_2021-lung.png\",\"width\":4491,\"height\":769,\"caption\":\"Edyceramic\"},\"image\":{\"@id\":\"https:\/\/edyceramic-shop.ro\/ro\/#\/schema\/logo\/image\/\"}}]}<\/script>\n<meta property=\"product:price:amount\" content=\"199.00\" \/>\n<meta property=\"product:price:currency\" content=\"RON\" \/>\n<meta property=\"og:availability\" content=\"instock\" \/>\n<meta property=\"product:availability\" content=\"instock\" \/>\n<meta property=\"product:retailer_item_id\" content=\"b3073645d606\" \/>\n<meta property=\"product:condition\" content=\"new\" \/>\n<!-- \/ Yoast SEO Premium plugin. -->","yoast_head_json":{"title":"Piatr\u0103 decorativ\u0103 Stegu Kenya 2 - Edyceramic - magazin online","robots":{"index":"index","follow":"follow","max-snippet":"max-snippet:-1","max-image-preview":"max-image-preview:large","max-video-preview":"max-video-preview:-1"},"canonical":"https:\/\/edyceramic-shop.ro\/en\/product\/piatra-decorativa-stegu-kenya-2\/","og_locale":"en_US","og_type":"article","og_title":"Piatr\u0103 decorativ\u0103 Stegu Kenya 2","og_description":"Pietrele decorative Kenya sunt rezultatul fascina\u021biei pentru natur\u0103, pentru formele, modele \u0219i culorile acesteia. Piatra decorativ\u0103 Kenya se remarc\u0103 printr-o","og_url":"https:\/\/edyceramic-shop.ro\/en\/product\/piatra-decorativa-stegu-kenya-2\/","og_site_name":"Edyceramic - magazin online","article_modified_time":"2025-08-01T11:36:35+00:00","og_image":[{"width":1920,"height":1428,"url":"https:\/\/edyceramic-shop.ro\/wp-content\/uploads\/2024\/10\/piatra-stegu-keyna-3.webp","type":"image\/webp"}],"twitter_card":"summary_large_image","twitter_misc":{"Price":"199,00&nbsp;lei","Availability":"In stock"},"schema":{"@context":"https:\/\/schema.org","@graph":[{"@type":"WebPage","@id":"https:\/\/edyceramic-shop.ro\/produs\/piatra-decorativa-stegu-kenya-2\/","url":"https:\/\/edyceramic-shop.ro\/produs\/piatra-decorativa-stegu-kenya-2\/","name":"Piatr\u0103 decorativ\u0103 Stegu Kenya 2 - Edyceramic - magazin online","isPartOf":{"@id":"https:\/\/edyceramic-shop.ro\/ro\/#website"},"datePublished":"2024-10-29T11:38:52+00:00","dateModified":"2025-08-01T11:36:35+00:00","breadcrumb":{"@id":"https:\/\/edyceramic-shop.ro\/produs\/piatra-decorativa-stegu-kenya-2\/#breadcrumb"},"inLanguage":"en-US","potentialAction":[{"@type":"ReadAction","target":["https:\/\/edyceramic-shop.ro\/produs\/piatra-decorativa-stegu-kenya-2\/"]}]},{"@type":"BreadcrumbList","@id":"https:\/\/edyceramic-shop.ro\/produs\/piatra-decorativa-stegu-kenya-2\/#breadcrumb","itemListElement":[{"@type":"ListItem","position":1,"name":"Home","item":"https:\/\/edyceramic-shop.ro\/"},{"@type":"ListItem","position":2,"name":"Shop","item":"https:\/\/edyceramic-shop.ro\/ro\/shop\/"},{"@type":"ListItem","position":3,"name":"Piatr\u0103 decorativ\u0103 Stegu Kenya 2"}]},{"@type":"WebSite","@id":"https:\/\/edyceramic-shop.ro\/ro\/#website","url":"https:\/\/edyceramic-shop.ro\/ro\/","name":"edyceramic.ro","description":"","publisher":{"@id":"https:\/\/edyceramic-shop.ro\/ro\/#organization"},"potentialAction":[{"@type":"SearchAction","target":{"@type":"EntryPoint","urlTemplate":"https:\/\/edyceramic-shop.ro\/ro\/?s={search_term_string}"},"query-input":"required name=search_term_string"}],"inLanguage":"en-US"},{"@type":"Organization","@id":"https:\/\/edyceramic-shop.ro\/ro\/#organization","name":"Edyceramic","url":"https:\/\/edyceramic-shop.ro\/ro\/","logo":{"@type":"ImageObject","inLanguage":"en-US","@id":"https:\/\/edyceramic-shop.ro\/ro\/#\/schema\/logo\/image\/","url":"https:\/\/edyceramic-shop.ro\/wp-content\/uploads\/2024\/02\/Logo-EdyCeramic_2021-lung.png","contentUrl":"https:\/\/edyceramic-shop.ro\/wp-content\/uploads\/2024\/02\/Logo-EdyCeramic_2021-lung.png","width":4491,"height":769,"caption":"Edyceramic"},"image":{"@id":"https:\/\/edyceramic-shop.ro\/ro\/#\/schema\/logo\/image\/"}}]},"product_price_amount":"199.00","product_price_currency":"RON","og_availability":"instock","product_availability":"instock","product_retailer_item_id":"b3073645d606","product_condition":"new"},"jetpack_sharing_enabled":true,"_links":{"self":[{"href":"https:\/\/edyceramic-shop.ro\/en\/wp-json\/wp\/v2\/product\/23990","targetHints":{"allow":["GET"]}}],"collection":[{"href":"https:\/\/edyceramic-shop.ro\/en\/wp-json\/wp\/v2\/product"}],"about":[{"href":"https:\/\/edyceramic-shop.ro\/en\/wp-json\/wp\/v2\/types\/product"}],"version-history":[{"count":1,"href":"https:\/\/edyceramic-shop.ro\/en\/wp-json\/wp\/v2\/product\/23990\/revisions"}],"predecessor-version":[{"id":23991,"href":"https:\/\/edyceramic-shop.ro\/en\/wp-json\/wp\/v2\/product\/23990\/revisions\/23991"}],"wp:featuredmedia":[{"embeddable":true,"href":"https:\/\/edyceramic-shop.ro\/en\/wp-json\/wp\/v2\/media\/23817"}],"wp:attachment":[{"href":"https:\/\/edyceramic-shop.ro\/en\/wp-json\/wp\/v2\/media?parent=23990"}],"wp:term":[{"taxonomy":"product_brand","embeddable":true,"href":"https:\/\/edyceramic-shop.ro\/en\/wp-json\/wp\/v2\/product_brand?post=23990"},{"taxonomy":"product_cat","embeddable":true,"href":"https:\/\/edyceramic-shop.ro\/en\/wp-json\/wp\/v2\/product_cat?post=23990"},{"taxonomy":"product_tag","embeddable":true,"href":"https:\/\/edyceramic-shop.ro\/en\/wp-json\/wp\/v2\/product_tag?post=23990"}],"curies":[{"name":"wp","href":"https:\/\/api.w.org\/{rel}","templated":true}]}}