{"id":23978,"date":"2024-10-29T13:38:25","date_gmt":"2024-10-29T11:38:25","guid":{"rendered":"https:\/\/edyceramic-shop.ro\/produs\/piatra-decorativa-stegu-santorini-1\/"},"modified":"2025-08-01T13:36:35","modified_gmt":"2025-08-01T11:36:35","slug":"piatra-decorativa-stegu-santorini-1","status":"publish","type":"product","link":"https:\/\/edyceramic-shop.ro\/en\/product\/piatra-decorativa-stegu-santorini-1\/","title":{"rendered":"Piatr\u0103 decorativ\u0103 Stegu Santorini 1"},"content":{"rendered":"<p>Santorini este o solu\u0163ie inovatoare \u00een domeniul pl\u0103cilor, care imit\u0103 piatra. Placa, combinat\u0103 cu chit, reprezint\u0103 mai ales unui montaj simplu \u0219i rapid, f\u0103r\u0103 a fi nevoie de chituirea suplimentar\u0103 a rosturilor. Pe l\u00e2ng\u0103 avantajele practice, Santorini impresioneaz\u0103 prin structura \u0219i culoarea sa uniform\u0103. Modelul neregulat al pietrei se refer\u0103 la arhitectura greac\u0103, care completeaz\u0103 perfect interiorul sau fa\u0163ada men\u0163inut\u0103 at\u00e2t \u00een stil tradi\u0163ional, c\u00e2t \u0219i \u00een stil modern.<\/p>","protected":false},"excerpt":{"rendered":"<p>Santorini este o solu\u0163ie inovatoare \u00een domeniul pl\u0103cilor, care imit\u0103 piatra. Placa, combinat\u0103 cu chit, reprezint\u0103 mai ales unui montaj<\/p>","protected":false},"featured_media":23862,"template":"","meta":[],"product_brand":[],"product_cat":[467,305],"product_tag":[],"class_list":{"0":"post-23978","1":"product","2":"type-product","3":"status-publish","4":"has-post-thumbnail","6":"product_cat-gresie-si-faianta","7":"product_cat-piatra-decorativa","8":"pa_ambalare-0-47m2-cutie","9":"pa_dimensiune-215-275-x-60-x-8-28mm","10":"pa_fabrica-stegu","11":"pa_finisaj-2745","12":"pa_numar-de-placi-in-pachet-2744","13":"pa_utilizare-interior-exterior","15":"first","16":"instock","17":"purchasable","18":"product-type-simple"},"yoast_head":"<!-- This site is optimized with the Yoast SEO Premium plugin v21.6 (Yoast SEO v22.1) - https:\/\/yoast.com\/wordpress\/plugins\/seo\/ -->\n<title>Piatr\u0103 decorativ\u0103 Stegu Santorini 1 - Edyceramic - magazin online<\/title>\n<meta name=\"robots\" content=\"index, follow, max-snippet:-1, max-image-preview:large, max-video-preview:-1\" \/>\n<link rel=\"canonical\" href=\"https:\/\/edyceramic-shop.ro\/en\/product\/piatra-decorativa-stegu-santorini-1\/\" \/>\n<meta property=\"og:locale\" content=\"en_US\" \/>\n<meta property=\"og:type\" content=\"article\" \/>\n<meta property=\"og:title\" content=\"Piatr\u0103 decorativ\u0103 Stegu Santorini 1\" \/>\n<meta property=\"og:description\" content=\"Santorini este o solu\u0163ie inovatoare \u00een domeniul pl\u0103cilor, care imit\u0103 piatra. Placa, combinat\u0103 cu chit, reprezint\u0103 mai ales unui montaj\" \/>\n<meta property=\"og:url\" content=\"https:\/\/edyceramic-shop.ro\/en\/product\/piatra-decorativa-stegu-santorini-1\/\" \/>\n<meta property=\"og:site_name\" content=\"Edyceramic - magazin online\" \/>\n<meta property=\"article:modified_time\" content=\"2025-08-01T11:36:35+00:00\" \/>\n<meta property=\"og:image\" content=\"https:\/\/edyceramic-shop.ro\/wp-content\/uploads\/2024\/10\/piatra-stegu-santorini-1-1.webp\" \/>\n\t<meta property=\"og:image:width\" content=\"1920\" \/>\n\t<meta property=\"og:image:height\" content=\"1469\" \/>\n\t<meta property=\"og:image:type\" content=\"image\/webp\" \/>\n<meta name=\"twitter:card\" content=\"summary_large_image\" \/>\n<meta name=\"twitter:label1\" content=\"Price\" \/>\n\t<meta name=\"twitter:data1\" content=\"200,00&nbsp;lei\" \/>\n\t<meta name=\"twitter:label2\" content=\"Availability\" \/>\n\t<meta name=\"twitter:data2\" content=\"In stock\" \/>\n<script type=\"application\/ld+json\" class=\"yoast-schema-graph\">{\"@context\":\"https:\/\/schema.org\",\"@graph\":[{\"@type\":\"WebPage\",\"@id\":\"https:\/\/edyceramic-shop.ro\/produs\/piatra-decorativa-stegu-santorini-1\/\",\"url\":\"https:\/\/edyceramic-shop.ro\/produs\/piatra-decorativa-stegu-santorini-1\/\",\"name\":\"Piatr\u0103 decorativ\u0103 Stegu Santorini 1 - Edyceramic - magazin online\",\"isPartOf\":{\"@id\":\"https:\/\/edyceramic-shop.ro\/ro\/#website\"},\"datePublished\":\"2024-10-29T11:38:25+00:00\",\"dateModified\":\"2025-08-01T11:36:35+00:00\",\"breadcrumb\":{\"@id\":\"https:\/\/edyceramic-shop.ro\/produs\/piatra-decorativa-stegu-santorini-1\/#breadcrumb\"},\"inLanguage\":\"en-US\",\"potentialAction\":[{\"@type\":\"ReadAction\",\"target\":[\"https:\/\/edyceramic-shop.ro\/produs\/piatra-decorativa-stegu-santorini-1\/\"]}]},{\"@type\":\"BreadcrumbList\",\"@id\":\"https:\/\/edyceramic-shop.ro\/produs\/piatra-decorativa-stegu-santorini-1\/#breadcrumb\",\"itemListElement\":[{\"@type\":\"ListItem\",\"position\":1,\"name\":\"Home\",\"item\":\"https:\/\/edyceramic-shop.ro\/\"},{\"@type\":\"ListItem\",\"position\":2,\"name\":\"Shop\",\"item\":\"https:\/\/edyceramic-shop.ro\/ro\/shop\/\"},{\"@type\":\"ListItem\",\"position\":3,\"name\":\"Piatr\u0103 decorativ\u0103 Stegu Santorini 1\"}]},{\"@type\":\"WebSite\",\"@id\":\"https:\/\/edyceramic-shop.ro\/ro\/#website\",\"url\":\"https:\/\/edyceramic-shop.ro\/ro\/\",\"name\":\"edyceramic.ro\",\"description\":\"\",\"publisher\":{\"@id\":\"https:\/\/edyceramic-shop.ro\/ro\/#organization\"},\"potentialAction\":[{\"@type\":\"SearchAction\",\"target\":{\"@type\":\"EntryPoint\",\"urlTemplate\":\"https:\/\/edyceramic-shop.ro\/ro\/?s={search_term_string}\"},\"query-input\":\"required name=search_term_string\"}],\"inLanguage\":\"en-US\"},{\"@type\":\"Organization\",\"@id\":\"https:\/\/edyceramic-shop.ro\/ro\/#organization\",\"name\":\"Edyceramic\",\"url\":\"https:\/\/edyceramic-shop.ro\/ro\/\",\"logo\":{\"@type\":\"ImageObject\",\"inLanguage\":\"en-US\",\"@id\":\"https:\/\/edyceramic-shop.ro\/ro\/#\/schema\/logo\/image\/\",\"url\":\"https:\/\/edyceramic-shop.ro\/wp-content\/uploads\/2024\/02\/Logo-EdyCeramic_2021-lung.png\",\"contentUrl\":\"https:\/\/edyceramic-shop.ro\/wp-content\/uploads\/2024\/02\/Logo-EdyCeramic_2021-lung.png\",\"width\":4491,\"height\":769,\"caption\":\"Edyceramic\"},\"image\":{\"@id\":\"https:\/\/edyceramic-shop.ro\/ro\/#\/schema\/logo\/image\/\"}}]}<\/script>\n<meta property=\"product:price:amount\" content=\"200.00\" \/>\n<meta property=\"product:price:currency\" content=\"RON\" \/>\n<meta property=\"og:availability\" content=\"instock\" \/>\n<meta property=\"product:availability\" content=\"instock\" \/>\n<meta property=\"product:retailer_item_id\" content=\"f1bb7f05fb17\" \/>\n<meta property=\"product:condition\" content=\"new\" \/>\n<!-- \/ Yoast SEO Premium plugin. -->","yoast_head_json":{"title":"Piatr\u0103 decorativ\u0103 Stegu Santorini 1 - Edyceramic - magazin online","robots":{"index":"index","follow":"follow","max-snippet":"max-snippet:-1","max-image-preview":"max-image-preview:large","max-video-preview":"max-video-preview:-1"},"canonical":"https:\/\/edyceramic-shop.ro\/en\/product\/piatra-decorativa-stegu-santorini-1\/","og_locale":"en_US","og_type":"article","og_title":"Piatr\u0103 decorativ\u0103 Stegu Santorini 1","og_description":"Santorini este o solu\u0163ie inovatoare \u00een domeniul pl\u0103cilor, care imit\u0103 piatra. Placa, combinat\u0103 cu chit, reprezint\u0103 mai ales unui montaj","og_url":"https:\/\/edyceramic-shop.ro\/en\/product\/piatra-decorativa-stegu-santorini-1\/","og_site_name":"Edyceramic - magazin online","article_modified_time":"2025-08-01T11:36:35+00:00","og_image":[{"width":1920,"height":1469,"url":"https:\/\/edyceramic-shop.ro\/wp-content\/uploads\/2024\/10\/piatra-stegu-santorini-1-1.webp","type":"image\/webp"}],"twitter_card":"summary_large_image","twitter_misc":{"Price":"200,00&nbsp;lei","Availability":"In stock"},"schema":{"@context":"https:\/\/schema.org","@graph":[{"@type":"WebPage","@id":"https:\/\/edyceramic-shop.ro\/produs\/piatra-decorativa-stegu-santorini-1\/","url":"https:\/\/edyceramic-shop.ro\/produs\/piatra-decorativa-stegu-santorini-1\/","name":"Piatr\u0103 decorativ\u0103 Stegu Santorini 1 - Edyceramic - magazin online","isPartOf":{"@id":"https:\/\/edyceramic-shop.ro\/ro\/#website"},"datePublished":"2024-10-29T11:38:25+00:00","dateModified":"2025-08-01T11:36:35+00:00","breadcrumb":{"@id":"https:\/\/edyceramic-shop.ro\/produs\/piatra-decorativa-stegu-santorini-1\/#breadcrumb"},"inLanguage":"en-US","potentialAction":[{"@type":"ReadAction","target":["https:\/\/edyceramic-shop.ro\/produs\/piatra-decorativa-stegu-santorini-1\/"]}]},{"@type":"BreadcrumbList","@id":"https:\/\/edyceramic-shop.ro\/produs\/piatra-decorativa-stegu-santorini-1\/#breadcrumb","itemListElement":[{"@type":"ListItem","position":1,"name":"Home","item":"https:\/\/edyceramic-shop.ro\/"},{"@type":"ListItem","position":2,"name":"Shop","item":"https:\/\/edyceramic-shop.ro\/ro\/shop\/"},{"@type":"ListItem","position":3,"name":"Piatr\u0103 decorativ\u0103 Stegu Santorini 1"}]},{"@type":"WebSite","@id":"https:\/\/edyceramic-shop.ro\/ro\/#website","url":"https:\/\/edyceramic-shop.ro\/ro\/","name":"edyceramic.ro","description":"","publisher":{"@id":"https:\/\/edyceramic-shop.ro\/ro\/#organization"},"potentialAction":[{"@type":"SearchAction","target":{"@type":"EntryPoint","urlTemplate":"https:\/\/edyceramic-shop.ro\/ro\/?s={search_term_string}"},"query-input":"required name=search_term_string"}],"inLanguage":"en-US"},{"@type":"Organization","@id":"https:\/\/edyceramic-shop.ro\/ro\/#organization","name":"Edyceramic","url":"https:\/\/edyceramic-shop.ro\/ro\/","logo":{"@type":"ImageObject","inLanguage":"en-US","@id":"https:\/\/edyceramic-shop.ro\/ro\/#\/schema\/logo\/image\/","url":"https:\/\/edyceramic-shop.ro\/wp-content\/uploads\/2024\/02\/Logo-EdyCeramic_2021-lung.png","contentUrl":"https:\/\/edyceramic-shop.ro\/wp-content\/uploads\/2024\/02\/Logo-EdyCeramic_2021-lung.png","width":4491,"height":769,"caption":"Edyceramic"},"image":{"@id":"https:\/\/edyceramic-shop.ro\/ro\/#\/schema\/logo\/image\/"}}]},"product_price_amount":"200.00","product_price_currency":"RON","og_availability":"instock","product_availability":"instock","product_retailer_item_id":"f1bb7f05fb17","product_condition":"new"},"jetpack_sharing_enabled":true,"_links":{"self":[{"href":"https:\/\/edyceramic-shop.ro\/en\/wp-json\/wp\/v2\/product\/23978","targetHints":{"allow":["GET"]}}],"collection":[{"href":"https:\/\/edyceramic-shop.ro\/en\/wp-json\/wp\/v2\/product"}],"about":[{"href":"https:\/\/edyceramic-shop.ro\/en\/wp-json\/wp\/v2\/types\/product"}],"version-history":[{"count":1,"href":"https:\/\/edyceramic-shop.ro\/en\/wp-json\/wp\/v2\/product\/23978\/revisions"}],"predecessor-version":[{"id":23979,"href":"https:\/\/edyceramic-shop.ro\/en\/wp-json\/wp\/v2\/product\/23978\/revisions\/23979"}],"wp:featuredmedia":[{"embeddable":true,"href":"https:\/\/edyceramic-shop.ro\/en\/wp-json\/wp\/v2\/media\/23862"}],"wp:attachment":[{"href":"https:\/\/edyceramic-shop.ro\/en\/wp-json\/wp\/v2\/media?parent=23978"}],"wp:term":[{"taxonomy":"product_brand","embeddable":true,"href":"https:\/\/edyceramic-shop.ro\/en\/wp-json\/wp\/v2\/product_brand?post=23978"},{"taxonomy":"product_cat","embeddable":true,"href":"https:\/\/edyceramic-shop.ro\/en\/wp-json\/wp\/v2\/product_cat?post=23978"},{"taxonomy":"product_tag","embeddable":true,"href":"https:\/\/edyceramic-shop.ro\/en\/wp-json\/wp\/v2\/product_tag?post=23978"}],"curies":[{"name":"wp","href":"https:\/\/api.w.org\/{rel}","templated":true}]}}