{"id":22678,"date":"2024-10-14T19:13:14","date_gmt":"2024-10-14T17:13:14","guid":{"rendered":"https:\/\/edyceramic-shop.ro\/produs\/profil-inchidere-vivid-stanga-270cm-satin\/"},"modified":"2025-08-01T13:36:30","modified_gmt":"2025-08-01T11:36:30","slug":"profil-inchidere-vivid-stanga-270cm-satin","status":"publish","type":"product","link":"https:\/\/edyceramic-shop.ro\/en\/product\/profil-inchidere-vivid-stanga-270cm-satin\/","title":{"rendered":"Profil \u00eenchidere Vivid st\u00e2nga 270cm Satin"},"content":{"rendered":"<p>Profilul terminal pentru partea st\u00e2nga al panoului decorativ Vivid WP003L este necesar pentru inchiderea perfecta a panourilor montate si subliniaza elegenta si design-ul deosebit al acestora. Modelul triunghiular foarte original se potrive\u0219te perfect cu diverse stiluri de interior, d\u00e2ndu-le un caracter unic. Profilul WP003L va oferi un finisaj estetic \u0219i durabil peretelui dumneavoastr\u0103. Fabricat din material PolyForce\u00ae durabil, rezistent la zg\u00e2rieturi, impact \u0219i umezeal\u0103, folosind tehnologia inovatoare ScratchShield\u00ae, garanteaz\u0103 durabilitate pentru mul\u021bi ani de utilizare \u0219i o elegan\u021b\u0103 excep\u021bional\u0103. Este perfect pentru diverse tipuri de incaperi, inclusiv cele expuse la lumina intensa a soarelui sau contactul constant cu apa. Oferta Mardom Decor include, de asemenea, un profil dedicat pentru partea dreapta, care permite finisarea complet\u0103 a panourilor dumneavoastr\u0103.<\/p>","protected":false},"excerpt":{"rendered":"<p>Profilul terminal pentru partea st\u00e2nga al panoului decorativ Vivid WP003L este necesar pentru inchiderea perfecta a panourilor montate si subliniaza<\/p>","protected":false},"featured_media":22533,"template":"","meta":[],"product_brand":[],"product_cat":[1867],"product_tag":[],"class_list":{"0":"post-22678","1":"product","2":"type-product","3":"status-publish","4":"has-post-thumbnail","6":"product_cat-riflaje","7":"pa_culoare-alb","8":"pa_dimensiune-270x2-1x1-6cm","9":"pa_fabrica-mardom","10":"pa_finisaj-pregatit-pentru-vopsire","11":"pa_material-polimer-dur","13":"first","14":"instock","15":"purchasable","16":"product-type-simple"},"yoast_head":"<!-- This site is optimized with the Yoast SEO Premium plugin v21.6 (Yoast SEO v22.1) - https:\/\/yoast.com\/wordpress\/plugins\/seo\/ -->\n<title>Profil \u00eenchidere Vivid st\u00e2nga 270cm Satin - Edyceramic - magazin online<\/title>\n<meta name=\"robots\" content=\"index, follow, max-snippet:-1, max-image-preview:large, max-video-preview:-1\" \/>\n<link rel=\"canonical\" href=\"https:\/\/edyceramic-shop.ro\/en\/product\/profil-inchidere-vivid-stanga-270cm-satin\/\" \/>\n<meta property=\"og:locale\" content=\"en_US\" \/>\n<meta property=\"og:type\" content=\"article\" \/>\n<meta property=\"og:title\" content=\"Profil \u00eenchidere Vivid st\u00e2nga 270cm Satin\" \/>\n<meta property=\"og:description\" content=\"Profilul terminal pentru partea st\u00e2nga al panoului decorativ Vivid WP003L este necesar pentru inchiderea perfecta a panourilor montate si subliniaza\" \/>\n<meta property=\"og:url\" content=\"https:\/\/edyceramic-shop.ro\/en\/product\/profil-inchidere-vivid-stanga-270cm-satin\/\" \/>\n<meta property=\"og:site_name\" content=\"Edyceramic - magazin online\" \/>\n<meta property=\"article:modified_time\" content=\"2025-08-01T11:36:30+00:00\" \/>\n<meta property=\"og:image\" content=\"https:\/\/edyceramic-shop.ro\/wp-content\/uploads\/2024\/10\/profil-inchidere-vivid-stanga-wp003l-1.webp\" \/>\n\t<meta property=\"og:image:width\" content=\"1600\" \/>\n\t<meta property=\"og:image:height\" content=\"1066\" \/>\n\t<meta property=\"og:image:type\" content=\"image\/webp\" \/>\n<meta name=\"twitter:card\" content=\"summary_large_image\" \/>\n<meta name=\"twitter:label1\" content=\"Price\" \/>\n\t<meta name=\"twitter:data1\" content=\"43,00&nbsp;lei\" \/>\n\t<meta name=\"twitter:label2\" content=\"Availability\" \/>\n\t<meta name=\"twitter:data2\" content=\"In stock\" \/>\n<script type=\"application\/ld+json\" class=\"yoast-schema-graph\">{\"@context\":\"https:\/\/schema.org\",\"@graph\":[{\"@type\":\"WebPage\",\"@id\":\"https:\/\/edyceramic-shop.ro\/produs\/profil-inchidere-vivid-stanga-270cm-satin\/\",\"url\":\"https:\/\/edyceramic-shop.ro\/produs\/profil-inchidere-vivid-stanga-270cm-satin\/\",\"name\":\"Profil \u00eenchidere Vivid st\u00e2nga 270cm Satin - Edyceramic - magazin online\",\"isPartOf\":{\"@id\":\"https:\/\/edyceramic-shop.ro\/ro\/#website\"},\"datePublished\":\"2024-10-14T17:13:14+00:00\",\"dateModified\":\"2025-08-01T11:36:30+00:00\",\"breadcrumb\":{\"@id\":\"https:\/\/edyceramic-shop.ro\/produs\/profil-inchidere-vivid-stanga-270cm-satin\/#breadcrumb\"},\"inLanguage\":\"en-US\",\"potentialAction\":[{\"@type\":\"ReadAction\",\"target\":[\"https:\/\/edyceramic-shop.ro\/produs\/profil-inchidere-vivid-stanga-270cm-satin\/\"]}]},{\"@type\":\"BreadcrumbList\",\"@id\":\"https:\/\/edyceramic-shop.ro\/produs\/profil-inchidere-vivid-stanga-270cm-satin\/#breadcrumb\",\"itemListElement\":[{\"@type\":\"ListItem\",\"position\":1,\"name\":\"Home\",\"item\":\"https:\/\/edyceramic-shop.ro\/\"},{\"@type\":\"ListItem\",\"position\":2,\"name\":\"Shop\",\"item\":\"https:\/\/edyceramic-shop.ro\/ro\/shop\/\"},{\"@type\":\"ListItem\",\"position\":3,\"name\":\"Profil \u00eenchidere Vivid st\u00e2nga 270cm Satin\"}]},{\"@type\":\"WebSite\",\"@id\":\"https:\/\/edyceramic-shop.ro\/ro\/#website\",\"url\":\"https:\/\/edyceramic-shop.ro\/ro\/\",\"name\":\"edyceramic.ro\",\"description\":\"\",\"publisher\":{\"@id\":\"https:\/\/edyceramic-shop.ro\/ro\/#organization\"},\"potentialAction\":[{\"@type\":\"SearchAction\",\"target\":{\"@type\":\"EntryPoint\",\"urlTemplate\":\"https:\/\/edyceramic-shop.ro\/ro\/?s={search_term_string}\"},\"query-input\":\"required name=search_term_string\"}],\"inLanguage\":\"en-US\"},{\"@type\":\"Organization\",\"@id\":\"https:\/\/edyceramic-shop.ro\/ro\/#organization\",\"name\":\"Edyceramic\",\"url\":\"https:\/\/edyceramic-shop.ro\/ro\/\",\"logo\":{\"@type\":\"ImageObject\",\"inLanguage\":\"en-US\",\"@id\":\"https:\/\/edyceramic-shop.ro\/ro\/#\/schema\/logo\/image\/\",\"url\":\"https:\/\/edyceramic-shop.ro\/wp-content\/uploads\/2024\/02\/Logo-EdyCeramic_2021-lung.png\",\"contentUrl\":\"https:\/\/edyceramic-shop.ro\/wp-content\/uploads\/2024\/02\/Logo-EdyCeramic_2021-lung.png\",\"width\":4491,\"height\":769,\"caption\":\"Edyceramic\"},\"image\":{\"@id\":\"https:\/\/edyceramic-shop.ro\/ro\/#\/schema\/logo\/image\/\"}}]}<\/script>\n<meta property=\"product:price:amount\" content=\"43.00\" \/>\n<meta property=\"product:price:currency\" content=\"RON\" \/>\n<meta property=\"og:availability\" content=\"instock\" \/>\n<meta property=\"product:availability\" content=\"instock\" \/>\n<meta property=\"product:retailer_item_id\" content=\"a6825726e3f7\" \/>\n<meta property=\"product:condition\" content=\"new\" \/>\n<!-- \/ Yoast SEO Premium plugin. -->","yoast_head_json":{"title":"Profil \u00eenchidere Vivid st\u00e2nga 270cm Satin - Edyceramic - magazin online","robots":{"index":"index","follow":"follow","max-snippet":"max-snippet:-1","max-image-preview":"max-image-preview:large","max-video-preview":"max-video-preview:-1"},"canonical":"https:\/\/edyceramic-shop.ro\/en\/product\/profil-inchidere-vivid-stanga-270cm-satin\/","og_locale":"en_US","og_type":"article","og_title":"Profil \u00eenchidere Vivid st\u00e2nga 270cm Satin","og_description":"Profilul terminal pentru partea st\u00e2nga al panoului decorativ Vivid WP003L este necesar pentru inchiderea perfecta a panourilor montate si subliniaza","og_url":"https:\/\/edyceramic-shop.ro\/en\/product\/profil-inchidere-vivid-stanga-270cm-satin\/","og_site_name":"Edyceramic - magazin online","article_modified_time":"2025-08-01T11:36:30+00:00","og_image":[{"width":1600,"height":1066,"url":"https:\/\/edyceramic-shop.ro\/wp-content\/uploads\/2024\/10\/profil-inchidere-vivid-stanga-wp003l-1.webp","type":"image\/webp"}],"twitter_card":"summary_large_image","twitter_misc":{"Price":"43,00&nbsp;lei","Availability":"In stock"},"schema":{"@context":"https:\/\/schema.org","@graph":[{"@type":"WebPage","@id":"https:\/\/edyceramic-shop.ro\/produs\/profil-inchidere-vivid-stanga-270cm-satin\/","url":"https:\/\/edyceramic-shop.ro\/produs\/profil-inchidere-vivid-stanga-270cm-satin\/","name":"Profil \u00eenchidere Vivid st\u00e2nga 270cm Satin - Edyceramic - magazin online","isPartOf":{"@id":"https:\/\/edyceramic-shop.ro\/ro\/#website"},"datePublished":"2024-10-14T17:13:14+00:00","dateModified":"2025-08-01T11:36:30+00:00","breadcrumb":{"@id":"https:\/\/edyceramic-shop.ro\/produs\/profil-inchidere-vivid-stanga-270cm-satin\/#breadcrumb"},"inLanguage":"en-US","potentialAction":[{"@type":"ReadAction","target":["https:\/\/edyceramic-shop.ro\/produs\/profil-inchidere-vivid-stanga-270cm-satin\/"]}]},{"@type":"BreadcrumbList","@id":"https:\/\/edyceramic-shop.ro\/produs\/profil-inchidere-vivid-stanga-270cm-satin\/#breadcrumb","itemListElement":[{"@type":"ListItem","position":1,"name":"Home","item":"https:\/\/edyceramic-shop.ro\/"},{"@type":"ListItem","position":2,"name":"Shop","item":"https:\/\/edyceramic-shop.ro\/ro\/shop\/"},{"@type":"ListItem","position":3,"name":"Profil \u00eenchidere Vivid st\u00e2nga 270cm Satin"}]},{"@type":"WebSite","@id":"https:\/\/edyceramic-shop.ro\/ro\/#website","url":"https:\/\/edyceramic-shop.ro\/ro\/","name":"edyceramic.ro","description":"","publisher":{"@id":"https:\/\/edyceramic-shop.ro\/ro\/#organization"},"potentialAction":[{"@type":"SearchAction","target":{"@type":"EntryPoint","urlTemplate":"https:\/\/edyceramic-shop.ro\/ro\/?s={search_term_string}"},"query-input":"required name=search_term_string"}],"inLanguage":"en-US"},{"@type":"Organization","@id":"https:\/\/edyceramic-shop.ro\/ro\/#organization","name":"Edyceramic","url":"https:\/\/edyceramic-shop.ro\/ro\/","logo":{"@type":"ImageObject","inLanguage":"en-US","@id":"https:\/\/edyceramic-shop.ro\/ro\/#\/schema\/logo\/image\/","url":"https:\/\/edyceramic-shop.ro\/wp-content\/uploads\/2024\/02\/Logo-EdyCeramic_2021-lung.png","contentUrl":"https:\/\/edyceramic-shop.ro\/wp-content\/uploads\/2024\/02\/Logo-EdyCeramic_2021-lung.png","width":4491,"height":769,"caption":"Edyceramic"},"image":{"@id":"https:\/\/edyceramic-shop.ro\/ro\/#\/schema\/logo\/image\/"}}]},"product_price_amount":"43.00","product_price_currency":"RON","og_availability":"instock","product_availability":"instock","product_retailer_item_id":"a6825726e3f7","product_condition":"new"},"jetpack_sharing_enabled":true,"_links":{"self":[{"href":"https:\/\/edyceramic-shop.ro\/en\/wp-json\/wp\/v2\/product\/22678","targetHints":{"allow":["GET"]}}],"collection":[{"href":"https:\/\/edyceramic-shop.ro\/en\/wp-json\/wp\/v2\/product"}],"about":[{"href":"https:\/\/edyceramic-shop.ro\/en\/wp-json\/wp\/v2\/types\/product"}],"version-history":[{"count":1,"href":"https:\/\/edyceramic-shop.ro\/en\/wp-json\/wp\/v2\/product\/22678\/revisions"}],"predecessor-version":[{"id":22679,"href":"https:\/\/edyceramic-shop.ro\/en\/wp-json\/wp\/v2\/product\/22678\/revisions\/22679"}],"wp:featuredmedia":[{"embeddable":true,"href":"https:\/\/edyceramic-shop.ro\/en\/wp-json\/wp\/v2\/media\/22533"}],"wp:attachment":[{"href":"https:\/\/edyceramic-shop.ro\/en\/wp-json\/wp\/v2\/media?parent=22678"}],"wp:term":[{"taxonomy":"product_brand","embeddable":true,"href":"https:\/\/edyceramic-shop.ro\/en\/wp-json\/wp\/v2\/product_brand?post=22678"},{"taxonomy":"product_cat","embeddable":true,"href":"https:\/\/edyceramic-shop.ro\/en\/wp-json\/wp\/v2\/product_cat?post=22678"},{"taxonomy":"product_tag","embeddable":true,"href":"https:\/\/edyceramic-shop.ro\/en\/wp-json\/wp\/v2\/product_tag?post=22678"}],"curies":[{"name":"wp","href":"https:\/\/api.w.org\/{rel}","templated":true}]}}