{"id":22666,"date":"2024-10-14T19:12:48","date_gmt":"2024-10-14T17:12:48","guid":{"rendered":"https:\/\/edyceramic-shop.ro\/produs\/profil-inchidere-alb-stretto-stanga-270cm\/"},"modified":"2025-08-01T13:36:29","modified_gmt":"2025-08-01T11:36:29","slug":"profil-inchidere-alb-stretto-stanga-270cm","status":"publish","type":"product","link":"https:\/\/edyceramic-shop.ro\/en\/product\/profil-inchidere-alb-stretto-stanga-270cm\/","title":{"rendered":"Profil \u00eenchidere alb Stretto st\u00e2nga 270cm"},"content":{"rendered":"<p>Profilul pentru termina\u021bia din partea st\u00e2ng\u0103 a riflajelor Mardom Decor L0101L este confectionat din material PolyForce\u00ae beneficiind de tehnologia ScratchShield\u00ae, care il intareste eficient si il protejeaza impotriva deteriorarii mecanice. Drept urmare, modelul L0101L este mai dens cu p\u00e2n\u0103 la 24% dec\u00e2t produsele standard de acest tip. Acest lucru face ca \u0219i aceast\u0103 component\u0103 s\u0103 fie rezistent\u0103 la zg\u00e2rieturile de suprafa\u021b\u0103 \u0219i la toate tipurile de loviri sau ciobiri. Terminatiile dedicate st\u00e2nga \/ dreapta a riflajelor Lamelli de la Mardom Decor garanteaz\u0103, o instalare foarte rapid\u0103 \u0219i u\u0219oar\u0103.<\/p>","protected":false},"excerpt":{"rendered":"<p>Profilul pentru termina\u021bia din partea st\u00e2ng\u0103 a riflajelor Mardom Decor L0101L este confectionat din material PolyForce\u00ae beneficiind de tehnologia ScratchShield\u00ae,<\/p>","protected":false},"featured_media":22507,"template":"","meta":[],"product_brand":[],"product_cat":[1867],"product_tag":[],"class_list":{"0":"post-22666","1":"product","2":"type-product","3":"status-publish","4":"has-post-thumbnail","6":"product_cat-riflaje","7":"pa_culoare-alb","8":"pa_dimensiune-270x3-6x1-2cm","9":"pa_fabrica-mardom","10":"pa_finisaj-pregatit-pentru-vopsire","11":"pa_material-polimer-dur","13":"first","14":"instock","15":"purchasable","16":"product-type-simple"},"yoast_head":"<!-- This site is optimized with the Yoast SEO Premium plugin v21.6 (Yoast SEO v22.1) - https:\/\/yoast.com\/wordpress\/plugins\/seo\/ -->\n<title>Profil \u00eenchidere alb Stretto st\u00e2nga 270cm - Edyceramic - magazin online<\/title>\n<meta name=\"robots\" content=\"index, follow, max-snippet:-1, max-image-preview:large, max-video-preview:-1\" \/>\n<link rel=\"canonical\" href=\"https:\/\/edyceramic-shop.ro\/en\/product\/profil-inchidere-alb-stretto-stanga-270cm\/\" \/>\n<meta property=\"og:locale\" content=\"en_US\" \/>\n<meta property=\"og:type\" content=\"article\" \/>\n<meta property=\"og:title\" content=\"Profil \u00eenchidere alb Stretto st\u00e2nga 270cm\" \/>\n<meta property=\"og:description\" content=\"Profilul pentru termina\u021bia din partea st\u00e2ng\u0103 a riflajelor Mardom Decor L0101L este confectionat din material PolyForce\u00ae beneficiind de tehnologia ScratchShield\u00ae,\" \/>\n<meta property=\"og:url\" content=\"https:\/\/edyceramic-shop.ro\/en\/product\/profil-inchidere-alb-stretto-stanga-270cm\/\" \/>\n<meta property=\"og:site_name\" content=\"Edyceramic - magazin online\" \/>\n<meta property=\"article:modified_time\" content=\"2025-08-01T11:36:29+00:00\" \/>\n<meta property=\"og:image\" content=\"https:\/\/edyceramic-shop.ro\/wp-content\/uploads\/2024\/10\/profil-inchidere-alb-stretto-stanga-1.webp\" \/>\n\t<meta property=\"og:image:width\" content=\"752\" \/>\n\t<meta property=\"og:image:height\" content=\"565\" \/>\n\t<meta property=\"og:image:type\" content=\"image\/webp\" \/>\n<meta name=\"twitter:card\" content=\"summary_large_image\" \/>\n<meta name=\"twitter:label1\" content=\"Price\" \/>\n\t<meta name=\"twitter:data1\" content=\"54,00&nbsp;lei\" \/>\n\t<meta name=\"twitter:label2\" content=\"Availability\" \/>\n\t<meta name=\"twitter:data2\" content=\"In stock\" \/>\n<script type=\"application\/ld+json\" class=\"yoast-schema-graph\">{\"@context\":\"https:\/\/schema.org\",\"@graph\":[{\"@type\":\"WebPage\",\"@id\":\"https:\/\/edyceramic-shop.ro\/produs\/profil-inchidere-alb-stretto-stanga-270cm\/\",\"url\":\"https:\/\/edyceramic-shop.ro\/produs\/profil-inchidere-alb-stretto-stanga-270cm\/\",\"name\":\"Profil \u00eenchidere alb Stretto st\u00e2nga 270cm - Edyceramic - magazin online\",\"isPartOf\":{\"@id\":\"https:\/\/edyceramic-shop.ro\/ro\/#website\"},\"datePublished\":\"2024-10-14T17:12:48+00:00\",\"dateModified\":\"2025-08-01T11:36:29+00:00\",\"breadcrumb\":{\"@id\":\"https:\/\/edyceramic-shop.ro\/produs\/profil-inchidere-alb-stretto-stanga-270cm\/#breadcrumb\"},\"inLanguage\":\"en-US\",\"potentialAction\":[{\"@type\":\"ReadAction\",\"target\":[\"https:\/\/edyceramic-shop.ro\/produs\/profil-inchidere-alb-stretto-stanga-270cm\/\"]}]},{\"@type\":\"BreadcrumbList\",\"@id\":\"https:\/\/edyceramic-shop.ro\/produs\/profil-inchidere-alb-stretto-stanga-270cm\/#breadcrumb\",\"itemListElement\":[{\"@type\":\"ListItem\",\"position\":1,\"name\":\"Home\",\"item\":\"https:\/\/edyceramic-shop.ro\/\"},{\"@type\":\"ListItem\",\"position\":2,\"name\":\"Shop\",\"item\":\"https:\/\/edyceramic-shop.ro\/ro\/shop\/\"},{\"@type\":\"ListItem\",\"position\":3,\"name\":\"Profil \u00eenchidere alb Stretto st\u00e2nga 270cm\"}]},{\"@type\":\"WebSite\",\"@id\":\"https:\/\/edyceramic-shop.ro\/ro\/#website\",\"url\":\"https:\/\/edyceramic-shop.ro\/ro\/\",\"name\":\"edyceramic.ro\",\"description\":\"\",\"publisher\":{\"@id\":\"https:\/\/edyceramic-shop.ro\/ro\/#organization\"},\"potentialAction\":[{\"@type\":\"SearchAction\",\"target\":{\"@type\":\"EntryPoint\",\"urlTemplate\":\"https:\/\/edyceramic-shop.ro\/ro\/?s={search_term_string}\"},\"query-input\":\"required name=search_term_string\"}],\"inLanguage\":\"en-US\"},{\"@type\":\"Organization\",\"@id\":\"https:\/\/edyceramic-shop.ro\/ro\/#organization\",\"name\":\"Edyceramic\",\"url\":\"https:\/\/edyceramic-shop.ro\/ro\/\",\"logo\":{\"@type\":\"ImageObject\",\"inLanguage\":\"en-US\",\"@id\":\"https:\/\/edyceramic-shop.ro\/ro\/#\/schema\/logo\/image\/\",\"url\":\"https:\/\/edyceramic-shop.ro\/wp-content\/uploads\/2024\/02\/Logo-EdyCeramic_2021-lung.png\",\"contentUrl\":\"https:\/\/edyceramic-shop.ro\/wp-content\/uploads\/2024\/02\/Logo-EdyCeramic_2021-lung.png\",\"width\":4491,\"height\":769,\"caption\":\"Edyceramic\"},\"image\":{\"@id\":\"https:\/\/edyceramic-shop.ro\/ro\/#\/schema\/logo\/image\/\"}}]}<\/script>\n<meta property=\"product:price:amount\" content=\"54.00\" \/>\n<meta property=\"product:price:currency\" content=\"RON\" \/>\n<meta property=\"og:availability\" content=\"instock\" \/>\n<meta property=\"product:availability\" content=\"instock\" \/>\n<meta property=\"product:retailer_item_id\" content=\"81faf7a8e76f\" \/>\n<meta property=\"product:condition\" content=\"new\" \/>\n<!-- \/ Yoast SEO Premium plugin. -->","yoast_head_json":{"title":"Profil \u00eenchidere alb Stretto st\u00e2nga 270cm - Edyceramic - magazin online","robots":{"index":"index","follow":"follow","max-snippet":"max-snippet:-1","max-image-preview":"max-image-preview:large","max-video-preview":"max-video-preview:-1"},"canonical":"https:\/\/edyceramic-shop.ro\/en\/product\/profil-inchidere-alb-stretto-stanga-270cm\/","og_locale":"en_US","og_type":"article","og_title":"Profil \u00eenchidere alb Stretto st\u00e2nga 270cm","og_description":"Profilul pentru termina\u021bia din partea st\u00e2ng\u0103 a riflajelor Mardom Decor L0101L este confectionat din material PolyForce\u00ae beneficiind de tehnologia ScratchShield\u00ae,","og_url":"https:\/\/edyceramic-shop.ro\/en\/product\/profil-inchidere-alb-stretto-stanga-270cm\/","og_site_name":"Edyceramic - magazin online","article_modified_time":"2025-08-01T11:36:29+00:00","og_image":[{"width":752,"height":565,"url":"https:\/\/edyceramic-shop.ro\/wp-content\/uploads\/2024\/10\/profil-inchidere-alb-stretto-stanga-1.webp","type":"image\/webp"}],"twitter_card":"summary_large_image","twitter_misc":{"Price":"54,00&nbsp;lei","Availability":"In stock"},"schema":{"@context":"https:\/\/schema.org","@graph":[{"@type":"WebPage","@id":"https:\/\/edyceramic-shop.ro\/produs\/profil-inchidere-alb-stretto-stanga-270cm\/","url":"https:\/\/edyceramic-shop.ro\/produs\/profil-inchidere-alb-stretto-stanga-270cm\/","name":"Profil \u00eenchidere alb Stretto st\u00e2nga 270cm - Edyceramic - magazin online","isPartOf":{"@id":"https:\/\/edyceramic-shop.ro\/ro\/#website"},"datePublished":"2024-10-14T17:12:48+00:00","dateModified":"2025-08-01T11:36:29+00:00","breadcrumb":{"@id":"https:\/\/edyceramic-shop.ro\/produs\/profil-inchidere-alb-stretto-stanga-270cm\/#breadcrumb"},"inLanguage":"en-US","potentialAction":[{"@type":"ReadAction","target":["https:\/\/edyceramic-shop.ro\/produs\/profil-inchidere-alb-stretto-stanga-270cm\/"]}]},{"@type":"BreadcrumbList","@id":"https:\/\/edyceramic-shop.ro\/produs\/profil-inchidere-alb-stretto-stanga-270cm\/#breadcrumb","itemListElement":[{"@type":"ListItem","position":1,"name":"Home","item":"https:\/\/edyceramic-shop.ro\/"},{"@type":"ListItem","position":2,"name":"Shop","item":"https:\/\/edyceramic-shop.ro\/ro\/shop\/"},{"@type":"ListItem","position":3,"name":"Profil \u00eenchidere alb Stretto st\u00e2nga 270cm"}]},{"@type":"WebSite","@id":"https:\/\/edyceramic-shop.ro\/ro\/#website","url":"https:\/\/edyceramic-shop.ro\/ro\/","name":"edyceramic.ro","description":"","publisher":{"@id":"https:\/\/edyceramic-shop.ro\/ro\/#organization"},"potentialAction":[{"@type":"SearchAction","target":{"@type":"EntryPoint","urlTemplate":"https:\/\/edyceramic-shop.ro\/ro\/?s={search_term_string}"},"query-input":"required name=search_term_string"}],"inLanguage":"en-US"},{"@type":"Organization","@id":"https:\/\/edyceramic-shop.ro\/ro\/#organization","name":"Edyceramic","url":"https:\/\/edyceramic-shop.ro\/ro\/","logo":{"@type":"ImageObject","inLanguage":"en-US","@id":"https:\/\/edyceramic-shop.ro\/ro\/#\/schema\/logo\/image\/","url":"https:\/\/edyceramic-shop.ro\/wp-content\/uploads\/2024\/02\/Logo-EdyCeramic_2021-lung.png","contentUrl":"https:\/\/edyceramic-shop.ro\/wp-content\/uploads\/2024\/02\/Logo-EdyCeramic_2021-lung.png","width":4491,"height":769,"caption":"Edyceramic"},"image":{"@id":"https:\/\/edyceramic-shop.ro\/ro\/#\/schema\/logo\/image\/"}}]},"product_price_amount":"54.00","product_price_currency":"RON","og_availability":"instock","product_availability":"instock","product_retailer_item_id":"81faf7a8e76f","product_condition":"new"},"jetpack_sharing_enabled":true,"_links":{"self":[{"href":"https:\/\/edyceramic-shop.ro\/en\/wp-json\/wp\/v2\/product\/22666","targetHints":{"allow":["GET"]}}],"collection":[{"href":"https:\/\/edyceramic-shop.ro\/en\/wp-json\/wp\/v2\/product"}],"about":[{"href":"https:\/\/edyceramic-shop.ro\/en\/wp-json\/wp\/v2\/types\/product"}],"version-history":[{"count":1,"href":"https:\/\/edyceramic-shop.ro\/en\/wp-json\/wp\/v2\/product\/22666\/revisions"}],"predecessor-version":[{"id":22667,"href":"https:\/\/edyceramic-shop.ro\/en\/wp-json\/wp\/v2\/product\/22666\/revisions\/22667"}],"wp:featuredmedia":[{"embeddable":true,"href":"https:\/\/edyceramic-shop.ro\/en\/wp-json\/wp\/v2\/media\/22507"}],"wp:attachment":[{"href":"https:\/\/edyceramic-shop.ro\/en\/wp-json\/wp\/v2\/media?parent=22666"}],"wp:term":[{"taxonomy":"product_brand","embeddable":true,"href":"https:\/\/edyceramic-shop.ro\/en\/wp-json\/wp\/v2\/product_brand?post=22666"},{"taxonomy":"product_cat","embeddable":true,"href":"https:\/\/edyceramic-shop.ro\/en\/wp-json\/wp\/v2\/product_cat?post=22666"},{"taxonomy":"product_tag","embeddable":true,"href":"https:\/\/edyceramic-shop.ro\/en\/wp-json\/wp\/v2\/product_tag?post=22666"}],"curies":[{"name":"wp","href":"https:\/\/api.w.org\/{rel}","templated":true}]}}