{"id":22662,"date":"2024-10-14T19:12:48","date_gmt":"2024-10-14T17:12:48","guid":{"rendered":"https:\/\/edyceramic-shop.ro\/produs\/profil-inchidere-medio-dreapta-l0201r\/"},"modified":"2025-08-01T13:36:29","modified_gmt":"2025-08-01T11:36:29","slug":"profil-inchidere-medio-dreapta-l0201r","status":"publish","type":"product","link":"https:\/\/edyceramic-shop.ro\/en\/product\/profil-inchidere-medio-dreapta-l0201r\/","title":{"rendered":"Profil \u00eenchidere Medio dreapta L0201R"},"content":{"rendered":"<p>Profilul este realizat din material PolyForce\u00ae extrem de rezistent, care asigur\u0103 durabilitate pe termen lung \u0219i stabilitate dimensional\u0103. \u00cen plus tehnologia inovatoare ScratchShield\u00ae utilizat\u0103 la produsele Lamelli de la Mardom Decor \u00eent\u0103re\u0219te suplimentar suprafata, ceea ce le face s\u0103 fie foarte rezitente la zg\u00e2rieturi sau alte daune mecanice minore. Asadar riflajele Lamelli si accesoriile de finisare a marginilor pot fi montate in holuri sau spatii cu trafic intens ale companiilor, hoteluri sau restaurante, pastrandu-si pentru foarte mult timp aspectul initial. Terminatia de partea dreapta L0201R este simplu, rapid \u0219i intuitiv de instalat &#8211; trebuie doar s\u0103 aplicati adezivul pe profil \u0219i apoi s\u0103 asezati profilul pe perete de perete, \u00eemping\u00e2ndu-l sub panoul riflat in prealabil montat. Profilul este alb si pregatit pentru vopsire &#8211; \u00eei pute\u021bi da culoarea dorit\u0103 folosind orice vopsea pe baz\u0103 de ap\u0103.<\/p>","protected":false},"excerpt":{"rendered":"<p>Profilul este realizat din material PolyForce\u00ae extrem de rezistent, care asigur\u0103 durabilitate pe termen lung \u0219i stabilitate dimensional\u0103. \u00cen plus<\/p>","protected":false},"featured_media":22528,"template":"","meta":[],"product_brand":[],"product_cat":[1867],"product_tag":[],"class_list":{"0":"post-22662","1":"product","2":"type-product","3":"status-publish","4":"has-post-thumbnail","6":"product_cat-riflaje","7":"pa_culoare-alb","8":"pa_dimensiune-270x3-9x1-2cm","9":"pa_fabrica-mardom","10":"pa_finisaj-pregatit-pentru-vopsire","11":"pa_material-polimer-dur","13":"first","14":"instock","15":"purchasable","16":"product-type-simple"},"yoast_head":"<!-- This site is optimized with the Yoast SEO Premium plugin v21.6 (Yoast SEO v22.1) - https:\/\/yoast.com\/wordpress\/plugins\/seo\/ -->\n<title>Profil \u00eenchidere Medio dreapta L0201R - Edyceramic - magazin online<\/title>\n<meta name=\"robots\" content=\"index, follow, max-snippet:-1, max-image-preview:large, max-video-preview:-1\" \/>\n<link rel=\"canonical\" href=\"https:\/\/edyceramic-shop.ro\/en\/product\/profil-inchidere-medio-dreapta-l0201r\/\" \/>\n<meta property=\"og:locale\" content=\"en_US\" \/>\n<meta property=\"og:type\" content=\"article\" \/>\n<meta property=\"og:title\" content=\"Profil \u00eenchidere Medio dreapta L0201R\" \/>\n<meta property=\"og:description\" content=\"Profilul este realizat din material PolyForce\u00ae extrem de rezistent, care asigur\u0103 durabilitate pe termen lung \u0219i stabilitate dimensional\u0103. \u00cen plus\" \/>\n<meta property=\"og:url\" content=\"https:\/\/edyceramic-shop.ro\/en\/product\/profil-inchidere-medio-dreapta-l0201r\/\" \/>\n<meta property=\"og:site_name\" content=\"Edyceramic - magazin online\" \/>\n<meta property=\"article:modified_time\" content=\"2025-08-01T11:36:29+00:00\" \/>\n<meta property=\"og:image\" content=\"https:\/\/edyceramic-shop.ro\/wp-content\/uploads\/2024\/10\/profil-inchidere-medio-dreapta-lo201r.webp\" \/>\n\t<meta property=\"og:image:width\" content=\"1600\" \/>\n\t<meta property=\"og:image:height\" content=\"1066\" \/>\n\t<meta property=\"og:image:type\" content=\"image\/webp\" \/>\n<meta name=\"twitter:card\" content=\"summary_large_image\" \/>\n<meta name=\"twitter:label1\" content=\"Price\" \/>\n\t<meta name=\"twitter:data1\" content=\"57,00&nbsp;lei\" \/>\n\t<meta name=\"twitter:label2\" content=\"Availability\" \/>\n\t<meta name=\"twitter:data2\" content=\"In stock\" \/>\n<script type=\"application\/ld+json\" class=\"yoast-schema-graph\">{\"@context\":\"https:\/\/schema.org\",\"@graph\":[{\"@type\":\"WebPage\",\"@id\":\"https:\/\/edyceramic-shop.ro\/produs\/profil-inchidere-medio-dreapta-l0201r\/\",\"url\":\"https:\/\/edyceramic-shop.ro\/produs\/profil-inchidere-medio-dreapta-l0201r\/\",\"name\":\"Profil \u00eenchidere Medio dreapta L0201R - Edyceramic - magazin online\",\"isPartOf\":{\"@id\":\"https:\/\/edyceramic-shop.ro\/ro\/#website\"},\"datePublished\":\"2024-10-14T17:12:48+00:00\",\"dateModified\":\"2025-08-01T11:36:29+00:00\",\"breadcrumb\":{\"@id\":\"https:\/\/edyceramic-shop.ro\/produs\/profil-inchidere-medio-dreapta-l0201r\/#breadcrumb\"},\"inLanguage\":\"en-US\",\"potentialAction\":[{\"@type\":\"ReadAction\",\"target\":[\"https:\/\/edyceramic-shop.ro\/produs\/profil-inchidere-medio-dreapta-l0201r\/\"]}]},{\"@type\":\"BreadcrumbList\",\"@id\":\"https:\/\/edyceramic-shop.ro\/produs\/profil-inchidere-medio-dreapta-l0201r\/#breadcrumb\",\"itemListElement\":[{\"@type\":\"ListItem\",\"position\":1,\"name\":\"Home\",\"item\":\"https:\/\/edyceramic-shop.ro\/\"},{\"@type\":\"ListItem\",\"position\":2,\"name\":\"Shop\",\"item\":\"https:\/\/edyceramic-shop.ro\/ro\/shop\/\"},{\"@type\":\"ListItem\",\"position\":3,\"name\":\"Profil \u00eenchidere Medio dreapta L0201R\"}]},{\"@type\":\"WebSite\",\"@id\":\"https:\/\/edyceramic-shop.ro\/ro\/#website\",\"url\":\"https:\/\/edyceramic-shop.ro\/ro\/\",\"name\":\"edyceramic.ro\",\"description\":\"\",\"publisher\":{\"@id\":\"https:\/\/edyceramic-shop.ro\/ro\/#organization\"},\"potentialAction\":[{\"@type\":\"SearchAction\",\"target\":{\"@type\":\"EntryPoint\",\"urlTemplate\":\"https:\/\/edyceramic-shop.ro\/ro\/?s={search_term_string}\"},\"query-input\":\"required name=search_term_string\"}],\"inLanguage\":\"en-US\"},{\"@type\":\"Organization\",\"@id\":\"https:\/\/edyceramic-shop.ro\/ro\/#organization\",\"name\":\"Edyceramic\",\"url\":\"https:\/\/edyceramic-shop.ro\/ro\/\",\"logo\":{\"@type\":\"ImageObject\",\"inLanguage\":\"en-US\",\"@id\":\"https:\/\/edyceramic-shop.ro\/ro\/#\/schema\/logo\/image\/\",\"url\":\"https:\/\/edyceramic-shop.ro\/wp-content\/uploads\/2024\/02\/Logo-EdyCeramic_2021-lung.png\",\"contentUrl\":\"https:\/\/edyceramic-shop.ro\/wp-content\/uploads\/2024\/02\/Logo-EdyCeramic_2021-lung.png\",\"width\":4491,\"height\":769,\"caption\":\"Edyceramic\"},\"image\":{\"@id\":\"https:\/\/edyceramic-shop.ro\/ro\/#\/schema\/logo\/image\/\"}}]}<\/script>\n<meta property=\"product:price:amount\" content=\"57.00\" \/>\n<meta property=\"product:price:currency\" content=\"RON\" \/>\n<meta property=\"og:availability\" content=\"instock\" \/>\n<meta property=\"product:availability\" content=\"instock\" \/>\n<meta property=\"product:retailer_item_id\" content=\"0983d6e782a0\" \/>\n<meta property=\"product:condition\" content=\"new\" \/>\n<!-- \/ Yoast SEO Premium plugin. -->","yoast_head_json":{"title":"Profil \u00eenchidere Medio dreapta L0201R - Edyceramic - magazin online","robots":{"index":"index","follow":"follow","max-snippet":"max-snippet:-1","max-image-preview":"max-image-preview:large","max-video-preview":"max-video-preview:-1"},"canonical":"https:\/\/edyceramic-shop.ro\/en\/product\/profil-inchidere-medio-dreapta-l0201r\/","og_locale":"en_US","og_type":"article","og_title":"Profil \u00eenchidere Medio dreapta L0201R","og_description":"Profilul este realizat din material PolyForce\u00ae extrem de rezistent, care asigur\u0103 durabilitate pe termen lung \u0219i stabilitate dimensional\u0103. \u00cen plus","og_url":"https:\/\/edyceramic-shop.ro\/en\/product\/profil-inchidere-medio-dreapta-l0201r\/","og_site_name":"Edyceramic - magazin online","article_modified_time":"2025-08-01T11:36:29+00:00","og_image":[{"width":1600,"height":1066,"url":"https:\/\/edyceramic-shop.ro\/wp-content\/uploads\/2024\/10\/profil-inchidere-medio-dreapta-lo201r.webp","type":"image\/webp"}],"twitter_card":"summary_large_image","twitter_misc":{"Price":"57,00&nbsp;lei","Availability":"In stock"},"schema":{"@context":"https:\/\/schema.org","@graph":[{"@type":"WebPage","@id":"https:\/\/edyceramic-shop.ro\/produs\/profil-inchidere-medio-dreapta-l0201r\/","url":"https:\/\/edyceramic-shop.ro\/produs\/profil-inchidere-medio-dreapta-l0201r\/","name":"Profil \u00eenchidere Medio dreapta L0201R - Edyceramic - magazin online","isPartOf":{"@id":"https:\/\/edyceramic-shop.ro\/ro\/#website"},"datePublished":"2024-10-14T17:12:48+00:00","dateModified":"2025-08-01T11:36:29+00:00","breadcrumb":{"@id":"https:\/\/edyceramic-shop.ro\/produs\/profil-inchidere-medio-dreapta-l0201r\/#breadcrumb"},"inLanguage":"en-US","potentialAction":[{"@type":"ReadAction","target":["https:\/\/edyceramic-shop.ro\/produs\/profil-inchidere-medio-dreapta-l0201r\/"]}]},{"@type":"BreadcrumbList","@id":"https:\/\/edyceramic-shop.ro\/produs\/profil-inchidere-medio-dreapta-l0201r\/#breadcrumb","itemListElement":[{"@type":"ListItem","position":1,"name":"Home","item":"https:\/\/edyceramic-shop.ro\/"},{"@type":"ListItem","position":2,"name":"Shop","item":"https:\/\/edyceramic-shop.ro\/ro\/shop\/"},{"@type":"ListItem","position":3,"name":"Profil \u00eenchidere Medio dreapta L0201R"}]},{"@type":"WebSite","@id":"https:\/\/edyceramic-shop.ro\/ro\/#website","url":"https:\/\/edyceramic-shop.ro\/ro\/","name":"edyceramic.ro","description":"","publisher":{"@id":"https:\/\/edyceramic-shop.ro\/ro\/#organization"},"potentialAction":[{"@type":"SearchAction","target":{"@type":"EntryPoint","urlTemplate":"https:\/\/edyceramic-shop.ro\/ro\/?s={search_term_string}"},"query-input":"required name=search_term_string"}],"inLanguage":"en-US"},{"@type":"Organization","@id":"https:\/\/edyceramic-shop.ro\/ro\/#organization","name":"Edyceramic","url":"https:\/\/edyceramic-shop.ro\/ro\/","logo":{"@type":"ImageObject","inLanguage":"en-US","@id":"https:\/\/edyceramic-shop.ro\/ro\/#\/schema\/logo\/image\/","url":"https:\/\/edyceramic-shop.ro\/wp-content\/uploads\/2024\/02\/Logo-EdyCeramic_2021-lung.png","contentUrl":"https:\/\/edyceramic-shop.ro\/wp-content\/uploads\/2024\/02\/Logo-EdyCeramic_2021-lung.png","width":4491,"height":769,"caption":"Edyceramic"},"image":{"@id":"https:\/\/edyceramic-shop.ro\/ro\/#\/schema\/logo\/image\/"}}]},"product_price_amount":"57.00","product_price_currency":"RON","og_availability":"instock","product_availability":"instock","product_retailer_item_id":"0983d6e782a0","product_condition":"new"},"jetpack_sharing_enabled":true,"_links":{"self":[{"href":"https:\/\/edyceramic-shop.ro\/en\/wp-json\/wp\/v2\/product\/22662","targetHints":{"allow":["GET"]}}],"collection":[{"href":"https:\/\/edyceramic-shop.ro\/en\/wp-json\/wp\/v2\/product"}],"about":[{"href":"https:\/\/edyceramic-shop.ro\/en\/wp-json\/wp\/v2\/types\/product"}],"version-history":[{"count":1,"href":"https:\/\/edyceramic-shop.ro\/en\/wp-json\/wp\/v2\/product\/22662\/revisions"}],"predecessor-version":[{"id":22663,"href":"https:\/\/edyceramic-shop.ro\/en\/wp-json\/wp\/v2\/product\/22662\/revisions\/22663"}],"wp:featuredmedia":[{"embeddable":true,"href":"https:\/\/edyceramic-shop.ro\/en\/wp-json\/wp\/v2\/media\/22528"}],"wp:attachment":[{"href":"https:\/\/edyceramic-shop.ro\/en\/wp-json\/wp\/v2\/media?parent=22662"}],"wp:term":[{"taxonomy":"product_brand","embeddable":true,"href":"https:\/\/edyceramic-shop.ro\/en\/wp-json\/wp\/v2\/product_brand?post=22662"},{"taxonomy":"product_cat","embeddable":true,"href":"https:\/\/edyceramic-shop.ro\/en\/wp-json\/wp\/v2\/product_cat?post=22662"},{"taxonomy":"product_tag","embeddable":true,"href":"https:\/\/edyceramic-shop.ro\/en\/wp-json\/wp\/v2\/product_tag?post=22662"}],"curies":[{"name":"wp","href":"https:\/\/api.w.org\/{rel}","templated":true}]}}