{"id":22602,"date":"2024-10-14T19:12:22","date_gmt":"2024-10-14T17:12:22","guid":{"rendered":"https:\/\/edyceramic-shop.ro\/produs\/riflaje-albe-lamelli-stretto-200cm\/"},"modified":"2025-08-01T13:36:27","modified_gmt":"2025-08-01T11:36:27","slug":"riflaje-albe-lamelli-stretto-200cm","status":"publish","type":"product","link":"https:\/\/edyceramic-shop.ro\/en\/product\/riflaje-albe-lamelli-stretto-200cm\/","title":{"rendered":"Riflaje albe Lamelli Stretto 200cm"},"content":{"rendered":"<p>Panou decorativ riflat, un decor frumos care ofera un efect tridimensional pe perete, pe un panou sunt 5 lamele de 10 mm cu un spatiu de 10 mm intre ele. Datorita formei sale acest tip de decoratiune pentru pereti elimina ecoul din interior camerei astfel ca sunetul echipamentelor audio si vocile umane se vor auzi clar. Profilul este realizat din material PolyForce\u00ae 100% rezistent la apa, datorit\u0103 c\u0103rui fapt poate fi utilizat \u00een b\u0103i \u0219i \u00eenc\u0103peri expuse contactului constant cu umiditatea, de asemenea materialul are rezisten\u021b\u0103 ridicat\u0103 la radia\u021biile UV, astfel \u00eenc\u00e2t nu se decoloreaz\u0103 \u0219i nu se \u00eeng\u0103lbene\u0219te. Produsul dispune de tehnologia ScratchShield\u00ae care consta in intarirea maxima a suprafetei pentru o rezistenta ridicata la zgariere si alti factori mecanici. Panoul este alb, dar poate fi vopsit \u00een orice culoare folosind vopsele pe baza de apa. Lungimea optim\u0103 de 270 cm permite asamblarea dintr-o singur\u0103 bucat\u0103, f\u0103r\u0103 a fi nevoie de a crea \u00eembin\u0103ri inestetice. Daca suprafata pe care se aplica riflajul are laturi deschise, acestea pot fi finisate cu profile pentru inchidere dedicate &#8211; stanga si dreapta.<\/p>","protected":false},"excerpt":{"rendered":"<p>Panou decorativ riflat, un decor frumos care ofera un efect tridimensional pe perete, pe un panou sunt 5 lamele de<\/p>","protected":false},"featured_media":22553,"template":"","meta":[],"product_brand":[],"product_cat":[1867],"product_tag":[],"class_list":{"0":"post-22602","1":"product","2":"type-product","3":"status-publish","4":"has-post-thumbnail","6":"product_cat-riflaje","7":"pa_culoare-alb","8":"pa_dimensiune-200x12x1-2cm","9":"pa_fabrica-mardom","10":"pa_finisaj-mat","11":"pa_material-polimer-dur","13":"first","14":"instock","15":"purchasable","16":"product-type-simple"},"yoast_head":"<!-- This site is optimized with the Yoast SEO Premium plugin v21.6 (Yoast SEO v22.1) - https:\/\/yoast.com\/wordpress\/plugins\/seo\/ -->\n<title>Riflaje albe Lamelli Stretto 200cm - Edyceramic - magazin online<\/title>\n<meta name=\"robots\" content=\"index, follow, max-snippet:-1, max-image-preview:large, max-video-preview:-1\" \/>\n<link rel=\"canonical\" href=\"https:\/\/edyceramic-shop.ro\/en\/product\/riflaje-albe-lamelli-stretto-200cm\/\" \/>\n<meta property=\"og:locale\" content=\"en_US\" \/>\n<meta property=\"og:type\" content=\"article\" \/>\n<meta property=\"og:title\" content=\"Riflaje albe Lamelli Stretto 200cm\" \/>\n<meta property=\"og:description\" content=\"Panou decorativ riflat, un decor frumos care ofera un efect tridimensional pe perete, pe un panou sunt 5 lamele de\" \/>\n<meta property=\"og:url\" content=\"https:\/\/edyceramic-shop.ro\/en\/product\/riflaje-albe-lamelli-stretto-200cm\/\" \/>\n<meta property=\"og:site_name\" content=\"Edyceramic - magazin online\" \/>\n<meta property=\"article:modified_time\" content=\"2025-08-01T11:36:27+00:00\" \/>\n<meta property=\"og:image\" content=\"https:\/\/edyceramic-shop.ro\/wp-content\/uploads\/2024\/10\/panou-riflat-alb-stretto-231226-1.webp\" \/>\n\t<meta property=\"og:image:width\" content=\"1504\" \/>\n\t<meta property=\"og:image:height\" content=\"1130\" \/>\n\t<meta property=\"og:image:type\" content=\"image\/webp\" \/>\n<meta name=\"twitter:card\" content=\"summary_large_image\" \/>\n<meta name=\"twitter:label1\" content=\"Price\" \/>\n\t<meta name=\"twitter:data1\" content=\"113,00&nbsp;lei\" \/>\n\t<meta name=\"twitter:label2\" content=\"Availability\" \/>\n\t<meta name=\"twitter:data2\" content=\"In stock\" \/>\n<script type=\"application\/ld+json\" class=\"yoast-schema-graph\">{\"@context\":\"https:\/\/schema.org\",\"@graph\":[{\"@type\":\"WebPage\",\"@id\":\"https:\/\/edyceramic-shop.ro\/produs\/riflaje-albe-lamelli-stretto-200cm\/\",\"url\":\"https:\/\/edyceramic-shop.ro\/produs\/riflaje-albe-lamelli-stretto-200cm\/\",\"name\":\"Riflaje albe Lamelli Stretto 200cm - Edyceramic - magazin online\",\"isPartOf\":{\"@id\":\"https:\/\/edyceramic-shop.ro\/ro\/#website\"},\"datePublished\":\"2024-10-14T17:12:22+00:00\",\"dateModified\":\"2025-08-01T11:36:27+00:00\",\"breadcrumb\":{\"@id\":\"https:\/\/edyceramic-shop.ro\/produs\/riflaje-albe-lamelli-stretto-200cm\/#breadcrumb\"},\"inLanguage\":\"en-US\",\"potentialAction\":[{\"@type\":\"ReadAction\",\"target\":[\"https:\/\/edyceramic-shop.ro\/produs\/riflaje-albe-lamelli-stretto-200cm\/\"]}]},{\"@type\":\"BreadcrumbList\",\"@id\":\"https:\/\/edyceramic-shop.ro\/produs\/riflaje-albe-lamelli-stretto-200cm\/#breadcrumb\",\"itemListElement\":[{\"@type\":\"ListItem\",\"position\":1,\"name\":\"Home\",\"item\":\"https:\/\/edyceramic-shop.ro\/\"},{\"@type\":\"ListItem\",\"position\":2,\"name\":\"Shop\",\"item\":\"https:\/\/edyceramic-shop.ro\/ro\/shop\/\"},{\"@type\":\"ListItem\",\"position\":3,\"name\":\"Riflaje albe Lamelli Stretto 200cm\"}]},{\"@type\":\"WebSite\",\"@id\":\"https:\/\/edyceramic-shop.ro\/ro\/#website\",\"url\":\"https:\/\/edyceramic-shop.ro\/ro\/\",\"name\":\"edyceramic.ro\",\"description\":\"\",\"publisher\":{\"@id\":\"https:\/\/edyceramic-shop.ro\/ro\/#organization\"},\"potentialAction\":[{\"@type\":\"SearchAction\",\"target\":{\"@type\":\"EntryPoint\",\"urlTemplate\":\"https:\/\/edyceramic-shop.ro\/ro\/?s={search_term_string}\"},\"query-input\":\"required name=search_term_string\"}],\"inLanguage\":\"en-US\"},{\"@type\":\"Organization\",\"@id\":\"https:\/\/edyceramic-shop.ro\/ro\/#organization\",\"name\":\"Edyceramic\",\"url\":\"https:\/\/edyceramic-shop.ro\/ro\/\",\"logo\":{\"@type\":\"ImageObject\",\"inLanguage\":\"en-US\",\"@id\":\"https:\/\/edyceramic-shop.ro\/ro\/#\/schema\/logo\/image\/\",\"url\":\"https:\/\/edyceramic-shop.ro\/wp-content\/uploads\/2024\/02\/Logo-EdyCeramic_2021-lung.png\",\"contentUrl\":\"https:\/\/edyceramic-shop.ro\/wp-content\/uploads\/2024\/02\/Logo-EdyCeramic_2021-lung.png\",\"width\":4491,\"height\":769,\"caption\":\"Edyceramic\"},\"image\":{\"@id\":\"https:\/\/edyceramic-shop.ro\/ro\/#\/schema\/logo\/image\/\"}}]}<\/script>\n<meta property=\"product:price:amount\" content=\"113.00\" \/>\n<meta property=\"product:price:currency\" content=\"RON\" \/>\n<meta property=\"og:availability\" content=\"instock\" \/>\n<meta property=\"product:availability\" content=\"instock\" \/>\n<meta property=\"product:retailer_item_id\" content=\"f63f0c240592\" \/>\n<meta property=\"product:condition\" content=\"new\" \/>\n<!-- \/ Yoast SEO Premium plugin. -->","yoast_head_json":{"title":"Riflaje albe Lamelli Stretto 200cm - Edyceramic - magazin online","robots":{"index":"index","follow":"follow","max-snippet":"max-snippet:-1","max-image-preview":"max-image-preview:large","max-video-preview":"max-video-preview:-1"},"canonical":"https:\/\/edyceramic-shop.ro\/en\/product\/riflaje-albe-lamelli-stretto-200cm\/","og_locale":"en_US","og_type":"article","og_title":"Riflaje albe Lamelli Stretto 200cm","og_description":"Panou decorativ riflat, un decor frumos care ofera un efect tridimensional pe perete, pe un panou sunt 5 lamele de","og_url":"https:\/\/edyceramic-shop.ro\/en\/product\/riflaje-albe-lamelli-stretto-200cm\/","og_site_name":"Edyceramic - magazin online","article_modified_time":"2025-08-01T11:36:27+00:00","og_image":[{"width":1504,"height":1130,"url":"https:\/\/edyceramic-shop.ro\/wp-content\/uploads\/2024\/10\/panou-riflat-alb-stretto-231226-1.webp","type":"image\/webp"}],"twitter_card":"summary_large_image","twitter_misc":{"Price":"113,00&nbsp;lei","Availability":"In stock"},"schema":{"@context":"https:\/\/schema.org","@graph":[{"@type":"WebPage","@id":"https:\/\/edyceramic-shop.ro\/produs\/riflaje-albe-lamelli-stretto-200cm\/","url":"https:\/\/edyceramic-shop.ro\/produs\/riflaje-albe-lamelli-stretto-200cm\/","name":"Riflaje albe Lamelli Stretto 200cm - Edyceramic - magazin online","isPartOf":{"@id":"https:\/\/edyceramic-shop.ro\/ro\/#website"},"datePublished":"2024-10-14T17:12:22+00:00","dateModified":"2025-08-01T11:36:27+00:00","breadcrumb":{"@id":"https:\/\/edyceramic-shop.ro\/produs\/riflaje-albe-lamelli-stretto-200cm\/#breadcrumb"},"inLanguage":"en-US","potentialAction":[{"@type":"ReadAction","target":["https:\/\/edyceramic-shop.ro\/produs\/riflaje-albe-lamelli-stretto-200cm\/"]}]},{"@type":"BreadcrumbList","@id":"https:\/\/edyceramic-shop.ro\/produs\/riflaje-albe-lamelli-stretto-200cm\/#breadcrumb","itemListElement":[{"@type":"ListItem","position":1,"name":"Home","item":"https:\/\/edyceramic-shop.ro\/"},{"@type":"ListItem","position":2,"name":"Shop","item":"https:\/\/edyceramic-shop.ro\/ro\/shop\/"},{"@type":"ListItem","position":3,"name":"Riflaje albe Lamelli Stretto 200cm"}]},{"@type":"WebSite","@id":"https:\/\/edyceramic-shop.ro\/ro\/#website","url":"https:\/\/edyceramic-shop.ro\/ro\/","name":"edyceramic.ro","description":"","publisher":{"@id":"https:\/\/edyceramic-shop.ro\/ro\/#organization"},"potentialAction":[{"@type":"SearchAction","target":{"@type":"EntryPoint","urlTemplate":"https:\/\/edyceramic-shop.ro\/ro\/?s={search_term_string}"},"query-input":"required name=search_term_string"}],"inLanguage":"en-US"},{"@type":"Organization","@id":"https:\/\/edyceramic-shop.ro\/ro\/#organization","name":"Edyceramic","url":"https:\/\/edyceramic-shop.ro\/ro\/","logo":{"@type":"ImageObject","inLanguage":"en-US","@id":"https:\/\/edyceramic-shop.ro\/ro\/#\/schema\/logo\/image\/","url":"https:\/\/edyceramic-shop.ro\/wp-content\/uploads\/2024\/02\/Logo-EdyCeramic_2021-lung.png","contentUrl":"https:\/\/edyceramic-shop.ro\/wp-content\/uploads\/2024\/02\/Logo-EdyCeramic_2021-lung.png","width":4491,"height":769,"caption":"Edyceramic"},"image":{"@id":"https:\/\/edyceramic-shop.ro\/ro\/#\/schema\/logo\/image\/"}}]},"product_price_amount":"113.00","product_price_currency":"RON","og_availability":"instock","product_availability":"instock","product_retailer_item_id":"f63f0c240592","product_condition":"new"},"jetpack_sharing_enabled":true,"_links":{"self":[{"href":"https:\/\/edyceramic-shop.ro\/en\/wp-json\/wp\/v2\/product\/22602","targetHints":{"allow":["GET"]}}],"collection":[{"href":"https:\/\/edyceramic-shop.ro\/en\/wp-json\/wp\/v2\/product"}],"about":[{"href":"https:\/\/edyceramic-shop.ro\/en\/wp-json\/wp\/v2\/types\/product"}],"version-history":[{"count":1,"href":"https:\/\/edyceramic-shop.ro\/en\/wp-json\/wp\/v2\/product\/22602\/revisions"}],"predecessor-version":[{"id":22603,"href":"https:\/\/edyceramic-shop.ro\/en\/wp-json\/wp\/v2\/product\/22602\/revisions\/22603"}],"wp:featuredmedia":[{"embeddable":true,"href":"https:\/\/edyceramic-shop.ro\/en\/wp-json\/wp\/v2\/media\/22553"}],"wp:attachment":[{"href":"https:\/\/edyceramic-shop.ro\/en\/wp-json\/wp\/v2\/media?parent=22602"}],"wp:term":[{"taxonomy":"product_brand","embeddable":true,"href":"https:\/\/edyceramic-shop.ro\/en\/wp-json\/wp\/v2\/product_brand?post=22602"},{"taxonomy":"product_cat","embeddable":true,"href":"https:\/\/edyceramic-shop.ro\/en\/wp-json\/wp\/v2\/product_cat?post=22602"},{"taxonomy":"product_tag","embeddable":true,"href":"https:\/\/edyceramic-shop.ro\/en\/wp-json\/wp\/v2\/product_tag?post=22602"}],"curies":[{"name":"wp","href":"https:\/\/api.w.org\/{rel}","templated":true}]}}