{"id":22598,"date":"2024-10-14T19:12:22","date_gmt":"2024-10-14T17:12:22","guid":{"rendered":"https:\/\/edyceramic-shop.ro\/produs\/panou-riflat-largo-l0301\/"},"modified":"2025-08-01T13:36:27","modified_gmt":"2025-08-01T11:36:27","slug":"panou-riflat-largo-l0301","status":"publish","type":"product","link":"https:\/\/edyceramic-shop.ro\/en\/product\/panou-riflat-largo-l0301\/","title":{"rendered":"Panou riflat Largo L0301"},"content":{"rendered":"<p>Panoul decorativ L0301 este un riflaj cu model de \u0219ipc\u0103 lat\u0103 \u0219i ad\u00e2nc\u0103. Profilul este realizat din polimer dur PolyForce\u00ae avansat tehnologic, care este complet rezistent la ap\u0103 \u0219i la lumina soarelui. Datorit\u0103 acestui fapt, riflajele Lamelli pot fi instalate \u00een \u00eenc\u0103peri expuse la umiditate constant\u0103, precum b\u0103i \u0219i buc\u0103t\u0103rii. Suprafa\u021ba a fost \u00eent\u0103rit\u0103 suplimentar cu tehnologia patentat\u0103 ScratchShield\u00ae, care \u00eent\u0103re\u0219te suprafa\u021ba \u0219i protejeaz\u0103 panourile \u00eempotriva zg\u00e2rieturilor. Riflajele cu \u0219ipci late \u0219i ad\u00e2nci este perfect pentru \u00eenc\u0103perile mari. Riflajele Lamelli sunt acoperite din fabric\u0103 cu un strat protector care le confera o textura neted\u0103 \u0219i un excelent suport pentru aplicarea unei vopsele pe baza de apa &#8211; profilele albe pot fi vopsite \u00een orice culoare folosind vopsele de ap\u0103. V\u0103 recomand\u0103m s\u0103 folosi\u021bi vopsele lavabile de bun\u0103 calitate care va vor permite sa curatati ulterior suprafetele. Riflajele Lamelli au fost concepute av\u00e2nd \u00een vedere un design excep\u021bional \u0219i u\u0219urin\u021ba de asamblare. Panourile au o lungime de 270 cm, ceea ce permite aplicarea f\u0103r\u0103 \u00eembinari \u00een \u00eenc\u0103peri cu \u00een\u0103l\u021bime de p\u00e2n\u0103 la 270 cm.<\/p>","protected":false},"excerpt":{"rendered":"<p>Panoul decorativ L0301 este un riflaj cu model de \u0219ipc\u0103 lat\u0103 \u0219i ad\u00e2nc\u0103. Profilul este realizat din polimer dur PolyForce\u00ae<\/p>","protected":false},"featured_media":22481,"template":"","meta":[],"product_brand":[],"product_cat":[1867],"product_tag":[],"class_list":{"0":"post-22598","1":"product","2":"type-product","3":"status-publish","4":"has-post-thumbnail","6":"product_cat-riflaje","7":"pa_culoare-alb","8":"pa_dimensiune-270x11-5x2cm","9":"pa_fabrica-mardom","10":"pa_finisaj-pregatit-pentru-vopsire","11":"pa_material-polimer-dur","13":"first","14":"instock","15":"purchasable","16":"product-type-simple"},"yoast_head":"<!-- This site is optimized with the Yoast SEO Premium plugin v21.6 (Yoast SEO v22.1) - https:\/\/yoast.com\/wordpress\/plugins\/seo\/ -->\n<title>Panou riflat Largo L0301 - Edyceramic - magazin online<\/title>\n<meta name=\"robots\" content=\"index, follow, max-snippet:-1, max-image-preview:large, max-video-preview:-1\" \/>\n<link rel=\"canonical\" href=\"https:\/\/edyceramic-shop.ro\/en\/product\/panou-riflat-largo-l0301\/\" \/>\n<meta property=\"og:locale\" content=\"en_US\" \/>\n<meta property=\"og:type\" content=\"article\" \/>\n<meta property=\"og:title\" content=\"Panou riflat Largo L0301\" \/>\n<meta property=\"og:description\" content=\"Panoul decorativ L0301 este un riflaj cu model de \u0219ipc\u0103 lat\u0103 \u0219i ad\u00e2nc\u0103. Profilul este realizat din polimer dur PolyForce\u00ae\" \/>\n<meta property=\"og:url\" content=\"https:\/\/edyceramic-shop.ro\/en\/product\/panou-riflat-largo-l0301\/\" \/>\n<meta property=\"og:site_name\" content=\"Edyceramic - magazin online\" \/>\n<meta property=\"article:modified_time\" content=\"2025-08-01T11:36:27+00:00\" \/>\n<meta property=\"og:image\" content=\"https:\/\/edyceramic-shop.ro\/wp-content\/uploads\/2024\/10\/panou-riflat-largo-lo301-034023-1.webp\" \/>\n\t<meta property=\"og:image:width\" content=\"1600\" \/>\n\t<meta property=\"og:image:height\" content=\"1600\" \/>\n\t<meta property=\"og:image:type\" content=\"image\/webp\" \/>\n<meta name=\"twitter:card\" content=\"summary_large_image\" \/>\n<meta name=\"twitter:label1\" content=\"Price\" \/>\n\t<meta name=\"twitter:data1\" content=\"133,00&nbsp;lei\" \/>\n\t<meta name=\"twitter:label2\" content=\"Availability\" \/>\n\t<meta name=\"twitter:data2\" content=\"In stock\" \/>\n<script type=\"application\/ld+json\" class=\"yoast-schema-graph\">{\"@context\":\"https:\/\/schema.org\",\"@graph\":[{\"@type\":\"WebPage\",\"@id\":\"https:\/\/edyceramic-shop.ro\/produs\/panou-riflat-largo-l0301\/\",\"url\":\"https:\/\/edyceramic-shop.ro\/produs\/panou-riflat-largo-l0301\/\",\"name\":\"Panou riflat Largo L0301 - Edyceramic - magazin online\",\"isPartOf\":{\"@id\":\"https:\/\/edyceramic-shop.ro\/ro\/#website\"},\"datePublished\":\"2024-10-14T17:12:22+00:00\",\"dateModified\":\"2025-08-01T11:36:27+00:00\",\"breadcrumb\":{\"@id\":\"https:\/\/edyceramic-shop.ro\/produs\/panou-riflat-largo-l0301\/#breadcrumb\"},\"inLanguage\":\"en-US\",\"potentialAction\":[{\"@type\":\"ReadAction\",\"target\":[\"https:\/\/edyceramic-shop.ro\/produs\/panou-riflat-largo-l0301\/\"]}]},{\"@type\":\"BreadcrumbList\",\"@id\":\"https:\/\/edyceramic-shop.ro\/produs\/panou-riflat-largo-l0301\/#breadcrumb\",\"itemListElement\":[{\"@type\":\"ListItem\",\"position\":1,\"name\":\"Home\",\"item\":\"https:\/\/edyceramic-shop.ro\/\"},{\"@type\":\"ListItem\",\"position\":2,\"name\":\"Shop\",\"item\":\"https:\/\/edyceramic-shop.ro\/ro\/shop\/\"},{\"@type\":\"ListItem\",\"position\":3,\"name\":\"Panou riflat Largo L0301\"}]},{\"@type\":\"WebSite\",\"@id\":\"https:\/\/edyceramic-shop.ro\/ro\/#website\",\"url\":\"https:\/\/edyceramic-shop.ro\/ro\/\",\"name\":\"edyceramic.ro\",\"description\":\"\",\"publisher\":{\"@id\":\"https:\/\/edyceramic-shop.ro\/ro\/#organization\"},\"potentialAction\":[{\"@type\":\"SearchAction\",\"target\":{\"@type\":\"EntryPoint\",\"urlTemplate\":\"https:\/\/edyceramic-shop.ro\/ro\/?s={search_term_string}\"},\"query-input\":\"required name=search_term_string\"}],\"inLanguage\":\"en-US\"},{\"@type\":\"Organization\",\"@id\":\"https:\/\/edyceramic-shop.ro\/ro\/#organization\",\"name\":\"Edyceramic\",\"url\":\"https:\/\/edyceramic-shop.ro\/ro\/\",\"logo\":{\"@type\":\"ImageObject\",\"inLanguage\":\"en-US\",\"@id\":\"https:\/\/edyceramic-shop.ro\/ro\/#\/schema\/logo\/image\/\",\"url\":\"https:\/\/edyceramic-shop.ro\/wp-content\/uploads\/2024\/02\/Logo-EdyCeramic_2021-lung.png\",\"contentUrl\":\"https:\/\/edyceramic-shop.ro\/wp-content\/uploads\/2024\/02\/Logo-EdyCeramic_2021-lung.png\",\"width\":4491,\"height\":769,\"caption\":\"Edyceramic\"},\"image\":{\"@id\":\"https:\/\/edyceramic-shop.ro\/ro\/#\/schema\/logo\/image\/\"}}]}<\/script>\n<meta property=\"product:price:amount\" content=\"133.00\" \/>\n<meta property=\"product:price:currency\" content=\"RON\" \/>\n<meta property=\"og:availability\" content=\"instock\" \/>\n<meta property=\"product:availability\" content=\"instock\" \/>\n<meta property=\"product:retailer_item_id\" content=\"763f43c44de6\" \/>\n<meta property=\"product:condition\" content=\"new\" \/>\n<!-- \/ Yoast SEO Premium plugin. -->","yoast_head_json":{"title":"Panou riflat Largo L0301 - Edyceramic - magazin online","robots":{"index":"index","follow":"follow","max-snippet":"max-snippet:-1","max-image-preview":"max-image-preview:large","max-video-preview":"max-video-preview:-1"},"canonical":"https:\/\/edyceramic-shop.ro\/en\/product\/panou-riflat-largo-l0301\/","og_locale":"en_US","og_type":"article","og_title":"Panou riflat Largo L0301","og_description":"Panoul decorativ L0301 este un riflaj cu model de \u0219ipc\u0103 lat\u0103 \u0219i ad\u00e2nc\u0103. Profilul este realizat din polimer dur PolyForce\u00ae","og_url":"https:\/\/edyceramic-shop.ro\/en\/product\/panou-riflat-largo-l0301\/","og_site_name":"Edyceramic - magazin online","article_modified_time":"2025-08-01T11:36:27+00:00","og_image":[{"width":1600,"height":1600,"url":"https:\/\/edyceramic-shop.ro\/wp-content\/uploads\/2024\/10\/panou-riflat-largo-lo301-034023-1.webp","type":"image\/webp"}],"twitter_card":"summary_large_image","twitter_misc":{"Price":"133,00&nbsp;lei","Availability":"In stock"},"schema":{"@context":"https:\/\/schema.org","@graph":[{"@type":"WebPage","@id":"https:\/\/edyceramic-shop.ro\/produs\/panou-riflat-largo-l0301\/","url":"https:\/\/edyceramic-shop.ro\/produs\/panou-riflat-largo-l0301\/","name":"Panou riflat Largo L0301 - Edyceramic - magazin online","isPartOf":{"@id":"https:\/\/edyceramic-shop.ro\/ro\/#website"},"datePublished":"2024-10-14T17:12:22+00:00","dateModified":"2025-08-01T11:36:27+00:00","breadcrumb":{"@id":"https:\/\/edyceramic-shop.ro\/produs\/panou-riflat-largo-l0301\/#breadcrumb"},"inLanguage":"en-US","potentialAction":[{"@type":"ReadAction","target":["https:\/\/edyceramic-shop.ro\/produs\/panou-riflat-largo-l0301\/"]}]},{"@type":"BreadcrumbList","@id":"https:\/\/edyceramic-shop.ro\/produs\/panou-riflat-largo-l0301\/#breadcrumb","itemListElement":[{"@type":"ListItem","position":1,"name":"Home","item":"https:\/\/edyceramic-shop.ro\/"},{"@type":"ListItem","position":2,"name":"Shop","item":"https:\/\/edyceramic-shop.ro\/ro\/shop\/"},{"@type":"ListItem","position":3,"name":"Panou riflat Largo L0301"}]},{"@type":"WebSite","@id":"https:\/\/edyceramic-shop.ro\/ro\/#website","url":"https:\/\/edyceramic-shop.ro\/ro\/","name":"edyceramic.ro","description":"","publisher":{"@id":"https:\/\/edyceramic-shop.ro\/ro\/#organization"},"potentialAction":[{"@type":"SearchAction","target":{"@type":"EntryPoint","urlTemplate":"https:\/\/edyceramic-shop.ro\/ro\/?s={search_term_string}"},"query-input":"required name=search_term_string"}],"inLanguage":"en-US"},{"@type":"Organization","@id":"https:\/\/edyceramic-shop.ro\/ro\/#organization","name":"Edyceramic","url":"https:\/\/edyceramic-shop.ro\/ro\/","logo":{"@type":"ImageObject","inLanguage":"en-US","@id":"https:\/\/edyceramic-shop.ro\/ro\/#\/schema\/logo\/image\/","url":"https:\/\/edyceramic-shop.ro\/wp-content\/uploads\/2024\/02\/Logo-EdyCeramic_2021-lung.png","contentUrl":"https:\/\/edyceramic-shop.ro\/wp-content\/uploads\/2024\/02\/Logo-EdyCeramic_2021-lung.png","width":4491,"height":769,"caption":"Edyceramic"},"image":{"@id":"https:\/\/edyceramic-shop.ro\/ro\/#\/schema\/logo\/image\/"}}]},"product_price_amount":"133.00","product_price_currency":"RON","og_availability":"instock","product_availability":"instock","product_retailer_item_id":"763f43c44de6","product_condition":"new"},"jetpack_sharing_enabled":true,"_links":{"self":[{"href":"https:\/\/edyceramic-shop.ro\/en\/wp-json\/wp\/v2\/product\/22598","targetHints":{"allow":["GET"]}}],"collection":[{"href":"https:\/\/edyceramic-shop.ro\/en\/wp-json\/wp\/v2\/product"}],"about":[{"href":"https:\/\/edyceramic-shop.ro\/en\/wp-json\/wp\/v2\/types\/product"}],"version-history":[{"count":1,"href":"https:\/\/edyceramic-shop.ro\/en\/wp-json\/wp\/v2\/product\/22598\/revisions"}],"predecessor-version":[{"id":22599,"href":"https:\/\/edyceramic-shop.ro\/en\/wp-json\/wp\/v2\/product\/22598\/revisions\/22599"}],"wp:featuredmedia":[{"embeddable":true,"href":"https:\/\/edyceramic-shop.ro\/en\/wp-json\/wp\/v2\/media\/22481"}],"wp:attachment":[{"href":"https:\/\/edyceramic-shop.ro\/en\/wp-json\/wp\/v2\/media?parent=22598"}],"wp:term":[{"taxonomy":"product_brand","embeddable":true,"href":"https:\/\/edyceramic-shop.ro\/en\/wp-json\/wp\/v2\/product_brand?post=22598"},{"taxonomy":"product_cat","embeddable":true,"href":"https:\/\/edyceramic-shop.ro\/en\/wp-json\/wp\/v2\/product_cat?post=22598"},{"taxonomy":"product_tag","embeddable":true,"href":"https:\/\/edyceramic-shop.ro\/en\/wp-json\/wp\/v2\/product_tag?post=22598"}],"curies":[{"name":"wp","href":"https:\/\/api.w.org\/{rel}","templated":true}]}}