{"id":22322,"date":"2024-10-04T15:12:45","date_gmt":"2024-10-04T13:12:45","guid":{"rendered":"https:\/\/edyceramic-shop.ro\/produs\/gresie-crysta-white-lucios-60x120cm\/"},"modified":"2025-08-01T13:36:24","modified_gmt":"2025-08-01T11:36:24","slug":"gresie-crysta-white-lucios-60x120cm","status":"publish","type":"product","link":"https:\/\/edyceramic-shop.ro\/en\/product\/gresie-crysta-white-lucios-60x120cm\/","title":{"rendered":"Gresie Crysta White Lucios 60x120cm"},"content":{"rendered":"<p>Pl\u0103cile ceramice TDC Tiles, dimensiunea 60&#215;120 cm, cu finisaj lucios, se remarc\u0103 prin str\u0103lucirea lor subtil\u0103, ce adaug\u0103 un aer modern \u0219i sofisticat oric\u0103rui spa\u021biu. Acest finisaj ofer\u0103 un echilibru ideal \u00eentre elegan\u021b\u0103 \u0219i versatilitate, fiind potrivit at\u00e2t pentru decoruri clasice, c\u00e2t \u0219i contemporane. Pl\u0103cile sunt rezistente la \u00eenghe\u021b, rectificate \u0219i adecvate pentru utilizare \u00een interior \u0219i exterior. Fiecare cutie con\u021bine 1,44 m\u00b2 de pl\u0103ci de Calitatea 1.<\/p>","protected":false},"excerpt":{"rendered":"<p>Pl\u0103cile ceramice TDC Tiles, dimensiunea 60&#215;120 cm, cu finisaj lucios, se remarc\u0103 prin str\u0103lucirea lor subtil\u0103, ce adaug\u0103 un aer<\/p>","protected":false},"featured_media":22230,"template":"","meta":[],"product_brand":[],"product_cat":[301,467],"product_tag":[],"class_list":{"0":"post-22322","1":"product","2":"type-product","3":"status-publish","4":"has-post-thumbnail","6":"product_cat-gresie","7":"product_cat-gresie-si-faianta","8":"pa_ambalare-1-44m2-cutie","9":"pa_calitatea-1091","10":"pa_dimensiune-60x120cm","11":"pa_fabrica-tdc-tiles","12":"pa_finisaj-lucios","13":"pa_nr-placi-in-cutie-2673","14":"pa_rectificat-da","15":"pa_rezistent-la-inghet-da","16":"pa_utilizare-interior-exterior","18":"first","19":"instock","20":"purchasable","21":"product-type-simple"},"yoast_head":"<!-- This site is optimized with the Yoast SEO Premium plugin v21.6 (Yoast SEO v22.1) - https:\/\/yoast.com\/wordpress\/plugins\/seo\/ -->\n<title>Gresie Crysta White Lucios 60x120cm - Edyceramic - magazin online<\/title>\n<meta name=\"robots\" content=\"index, follow, max-snippet:-1, max-image-preview:large, max-video-preview:-1\" \/>\n<link rel=\"canonical\" href=\"https:\/\/edyceramic-shop.ro\/en\/product\/gresie-crysta-white-lucios-60x120cm\/\" \/>\n<meta property=\"og:locale\" content=\"en_US\" \/>\n<meta property=\"og:type\" content=\"article\" \/>\n<meta property=\"og:title\" content=\"Gresie Crysta White Lucios 60x120cm\" \/>\n<meta property=\"og:description\" content=\"Pl\u0103cile ceramice TDC Tiles, dimensiunea 60&#215;120 cm, cu finisaj lucios, se remarc\u0103 prin str\u0103lucirea lor subtil\u0103, ce adaug\u0103 un aer\" \/>\n<meta property=\"og:url\" content=\"https:\/\/edyceramic-shop.ro\/en\/product\/gresie-crysta-white-lucios-60x120cm\/\" \/>\n<meta property=\"og:site_name\" content=\"Edyceramic - magazin online\" \/>\n<meta property=\"article:modified_time\" content=\"2025-08-01T11:36:24+00:00\" \/>\n<meta property=\"og:image\" content=\"https:\/\/edyceramic-shop.ro\/wp-content\/uploads\/2024\/10\/tdc-crysta-white-lucios-1.webp\" \/>\n\t<meta property=\"og:image:width\" content=\"243\" \/>\n\t<meta property=\"og:image:height\" content=\"489\" \/>\n\t<meta property=\"og:image:type\" content=\"image\/webp\" \/>\n<meta name=\"twitter:card\" content=\"summary_large_image\" \/>\n<meta name=\"twitter:label1\" content=\"Price\" \/>\n\t<meta name=\"twitter:data1\" content=\"105,00&nbsp;lei\" \/>\n\t<meta name=\"twitter:label2\" content=\"Availability\" \/>\n\t<meta name=\"twitter:data2\" content=\"In stock\" \/>\n<script type=\"application\/ld+json\" class=\"yoast-schema-graph\">{\"@context\":\"https:\/\/schema.org\",\"@graph\":[{\"@type\":\"WebPage\",\"@id\":\"https:\/\/edyceramic-shop.ro\/produs\/gresie-crysta-white-lucios-60x120cm\/\",\"url\":\"https:\/\/edyceramic-shop.ro\/produs\/gresie-crysta-white-lucios-60x120cm\/\",\"name\":\"Gresie Crysta White Lucios 60x120cm - Edyceramic - magazin online\",\"isPartOf\":{\"@id\":\"https:\/\/edyceramic-shop.ro\/ro\/#website\"},\"datePublished\":\"2024-10-04T13:12:45+00:00\",\"dateModified\":\"2025-08-01T11:36:24+00:00\",\"breadcrumb\":{\"@id\":\"https:\/\/edyceramic-shop.ro\/produs\/gresie-crysta-white-lucios-60x120cm\/#breadcrumb\"},\"inLanguage\":\"en-US\",\"potentialAction\":[{\"@type\":\"ReadAction\",\"target\":[\"https:\/\/edyceramic-shop.ro\/produs\/gresie-crysta-white-lucios-60x120cm\/\"]}]},{\"@type\":\"BreadcrumbList\",\"@id\":\"https:\/\/edyceramic-shop.ro\/produs\/gresie-crysta-white-lucios-60x120cm\/#breadcrumb\",\"itemListElement\":[{\"@type\":\"ListItem\",\"position\":1,\"name\":\"Home\",\"item\":\"https:\/\/edyceramic-shop.ro\/\"},{\"@type\":\"ListItem\",\"position\":2,\"name\":\"Shop\",\"item\":\"https:\/\/edyceramic-shop.ro\/ro\/shop\/\"},{\"@type\":\"ListItem\",\"position\":3,\"name\":\"Gresie Crysta White Lucios 60x120cm\"}]},{\"@type\":\"WebSite\",\"@id\":\"https:\/\/edyceramic-shop.ro\/ro\/#website\",\"url\":\"https:\/\/edyceramic-shop.ro\/ro\/\",\"name\":\"edyceramic.ro\",\"description\":\"\",\"publisher\":{\"@id\":\"https:\/\/edyceramic-shop.ro\/ro\/#organization\"},\"potentialAction\":[{\"@type\":\"SearchAction\",\"target\":{\"@type\":\"EntryPoint\",\"urlTemplate\":\"https:\/\/edyceramic-shop.ro\/ro\/?s={search_term_string}\"},\"query-input\":\"required name=search_term_string\"}],\"inLanguage\":\"en-US\"},{\"@type\":\"Organization\",\"@id\":\"https:\/\/edyceramic-shop.ro\/ro\/#organization\",\"name\":\"Edyceramic\",\"url\":\"https:\/\/edyceramic-shop.ro\/ro\/\",\"logo\":{\"@type\":\"ImageObject\",\"inLanguage\":\"en-US\",\"@id\":\"https:\/\/edyceramic-shop.ro\/ro\/#\/schema\/logo\/image\/\",\"url\":\"https:\/\/edyceramic-shop.ro\/wp-content\/uploads\/2024\/02\/Logo-EdyCeramic_2021-lung.png\",\"contentUrl\":\"https:\/\/edyceramic-shop.ro\/wp-content\/uploads\/2024\/02\/Logo-EdyCeramic_2021-lung.png\",\"width\":4491,\"height\":769,\"caption\":\"Edyceramic\"},\"image\":{\"@id\":\"https:\/\/edyceramic-shop.ro\/ro\/#\/schema\/logo\/image\/\"}}]}<\/script>\n<meta property=\"product:price:amount\" content=\"105.00\" \/>\n<meta property=\"product:price:currency\" content=\"RON\" \/>\n<meta property=\"og:availability\" content=\"instock\" \/>\n<meta property=\"product:availability\" content=\"instock\" \/>\n<meta property=\"product:retailer_item_id\" content=\"f57be46c52fb\" \/>\n<meta property=\"product:condition\" content=\"new\" \/>\n<!-- \/ Yoast SEO Premium plugin. -->","yoast_head_json":{"title":"Gresie Crysta White Lucios 60x120cm - Edyceramic - magazin online","robots":{"index":"index","follow":"follow","max-snippet":"max-snippet:-1","max-image-preview":"max-image-preview:large","max-video-preview":"max-video-preview:-1"},"canonical":"https:\/\/edyceramic-shop.ro\/en\/product\/gresie-crysta-white-lucios-60x120cm\/","og_locale":"en_US","og_type":"article","og_title":"Gresie Crysta White Lucios 60x120cm","og_description":"Pl\u0103cile ceramice TDC Tiles, dimensiunea 60&#215;120 cm, cu finisaj lucios, se remarc\u0103 prin str\u0103lucirea lor subtil\u0103, ce adaug\u0103 un aer","og_url":"https:\/\/edyceramic-shop.ro\/en\/product\/gresie-crysta-white-lucios-60x120cm\/","og_site_name":"Edyceramic - magazin online","article_modified_time":"2025-08-01T11:36:24+00:00","og_image":[{"width":243,"height":489,"url":"https:\/\/edyceramic-shop.ro\/wp-content\/uploads\/2024\/10\/tdc-crysta-white-lucios-1.webp","type":"image\/webp"}],"twitter_card":"summary_large_image","twitter_misc":{"Price":"105,00&nbsp;lei","Availability":"In stock"},"schema":{"@context":"https:\/\/schema.org","@graph":[{"@type":"WebPage","@id":"https:\/\/edyceramic-shop.ro\/produs\/gresie-crysta-white-lucios-60x120cm\/","url":"https:\/\/edyceramic-shop.ro\/produs\/gresie-crysta-white-lucios-60x120cm\/","name":"Gresie Crysta White Lucios 60x120cm - Edyceramic - magazin online","isPartOf":{"@id":"https:\/\/edyceramic-shop.ro\/ro\/#website"},"datePublished":"2024-10-04T13:12:45+00:00","dateModified":"2025-08-01T11:36:24+00:00","breadcrumb":{"@id":"https:\/\/edyceramic-shop.ro\/produs\/gresie-crysta-white-lucios-60x120cm\/#breadcrumb"},"inLanguage":"en-US","potentialAction":[{"@type":"ReadAction","target":["https:\/\/edyceramic-shop.ro\/produs\/gresie-crysta-white-lucios-60x120cm\/"]}]},{"@type":"BreadcrumbList","@id":"https:\/\/edyceramic-shop.ro\/produs\/gresie-crysta-white-lucios-60x120cm\/#breadcrumb","itemListElement":[{"@type":"ListItem","position":1,"name":"Home","item":"https:\/\/edyceramic-shop.ro\/"},{"@type":"ListItem","position":2,"name":"Shop","item":"https:\/\/edyceramic-shop.ro\/ro\/shop\/"},{"@type":"ListItem","position":3,"name":"Gresie Crysta White Lucios 60x120cm"}]},{"@type":"WebSite","@id":"https:\/\/edyceramic-shop.ro\/ro\/#website","url":"https:\/\/edyceramic-shop.ro\/ro\/","name":"edyceramic.ro","description":"","publisher":{"@id":"https:\/\/edyceramic-shop.ro\/ro\/#organization"},"potentialAction":[{"@type":"SearchAction","target":{"@type":"EntryPoint","urlTemplate":"https:\/\/edyceramic-shop.ro\/ro\/?s={search_term_string}"},"query-input":"required name=search_term_string"}],"inLanguage":"en-US"},{"@type":"Organization","@id":"https:\/\/edyceramic-shop.ro\/ro\/#organization","name":"Edyceramic","url":"https:\/\/edyceramic-shop.ro\/ro\/","logo":{"@type":"ImageObject","inLanguage":"en-US","@id":"https:\/\/edyceramic-shop.ro\/ro\/#\/schema\/logo\/image\/","url":"https:\/\/edyceramic-shop.ro\/wp-content\/uploads\/2024\/02\/Logo-EdyCeramic_2021-lung.png","contentUrl":"https:\/\/edyceramic-shop.ro\/wp-content\/uploads\/2024\/02\/Logo-EdyCeramic_2021-lung.png","width":4491,"height":769,"caption":"Edyceramic"},"image":{"@id":"https:\/\/edyceramic-shop.ro\/ro\/#\/schema\/logo\/image\/"}}]},"product_price_amount":"105.00","product_price_currency":"RON","og_availability":"instock","product_availability":"instock","product_retailer_item_id":"f57be46c52fb","product_condition":"new"},"jetpack_sharing_enabled":true,"_links":{"self":[{"href":"https:\/\/edyceramic-shop.ro\/en\/wp-json\/wp\/v2\/product\/22322","targetHints":{"allow":["GET"]}}],"collection":[{"href":"https:\/\/edyceramic-shop.ro\/en\/wp-json\/wp\/v2\/product"}],"about":[{"href":"https:\/\/edyceramic-shop.ro\/en\/wp-json\/wp\/v2\/types\/product"}],"version-history":[{"count":1,"href":"https:\/\/edyceramic-shop.ro\/en\/wp-json\/wp\/v2\/product\/22322\/revisions"}],"predecessor-version":[{"id":22323,"href":"https:\/\/edyceramic-shop.ro\/en\/wp-json\/wp\/v2\/product\/22322\/revisions\/22323"}],"wp:featuredmedia":[{"embeddable":true,"href":"https:\/\/edyceramic-shop.ro\/en\/wp-json\/wp\/v2\/media\/22230"}],"wp:attachment":[{"href":"https:\/\/edyceramic-shop.ro\/en\/wp-json\/wp\/v2\/media?parent=22322"}],"wp:term":[{"taxonomy":"product_brand","embeddable":true,"href":"https:\/\/edyceramic-shop.ro\/en\/wp-json\/wp\/v2\/product_brand?post=22322"},{"taxonomy":"product_cat","embeddable":true,"href":"https:\/\/edyceramic-shop.ro\/en\/wp-json\/wp\/v2\/product_cat?post=22322"},{"taxonomy":"product_tag","embeddable":true,"href":"https:\/\/edyceramic-shop.ro\/en\/wp-json\/wp\/v2\/product_tag?post=22322"}],"curies":[{"name":"wp","href":"https:\/\/api.w.org\/{rel}","templated":true}]}}